{"id":110435,"date":"2026-03-20T19:51:53","date_gmt":"2026-03-20T19:51:53","guid":{"rendered":"https:\/\/soydeaqui.ddns.net\/pachuca\/index.php\/producto\/protector-contra-descargas-electricas-para-camaras-ptz-para-12-vcc-24-vcc-y-turbo-hd-bnc\/"},"modified":"2026-03-20T19:52:12","modified_gmt":"2026-03-20T19:52:12","slug":"protector-contra-descargas-electricas-para-camaras-ptz-para-12-vcc-24-vcc-y-turbo-hd-bnc","status":"publish","type":"product","link":"https:\/\/soydeaqui.ddns.net\/pachuca\/index.php\/producto\/protector-contra-descargas-electricas-para-camaras-ptz-para-12-vcc-24-vcc-y-turbo-hd-bnc\/","title":{"rendered":"Protector Contra Descargas El\u00e9ctricas Para C\u00e1maras PTZ Para 12 Vcc, 24 Vcc y Turbo HD BNC"},"content":{"rendered":"<div style='width: 100%; max-width: 1200px; margin: 0 auto; font-family: sans-serif; line-height: 1.6; color: inherit;'>\n<div style='display: flex; flex-wrap: wrap; gap: 30px; margin-bottom: 30px;'>\n<div style='flex: 1 1 300px; min-width: 280px;'> <img style='width: 100%; height: auto; border: 1px solid rgba(150&comma;150&comma;150&comma;0.3); border-radius: 8px;' src='http:\/\/www.transtector.com\/SiteMedia\/SiteResources\/Brands\/Transtector\/Logos\/transtector_3.png?width=268&#038;height=118&#038;ext=.png' alt='Transtector'> <\/div>\n<div style='flex: 1 1 300px; min-width: 280px;'>\n<h3 style='font-size: 22px; border-bottom: 2px solid currentColor; padding-bottom: 5px; margin-top: 0; color: inherit; opacity: 0.8;'>Protecci\u00f3n para C\u00e1maras PTZ<\/h3>\n<p style='font-size: 15px; color: inherit;'>Proteja sus c\u00e1maras en sus sistemas de video vigilancia con los protectores de Transtector. Que utilizan la m\u00e1s alta tecnolog\u00eda en sistemas de protecci\u00f3n desarrollada con <strong>diodos de avalancha de silicio (SASD)<\/strong>.<\/p>\n<p style='font-size: 15px; color: inherit;'>A diferencia de otros fabricantes de protectores que utilizan <strong>varistores de oxido de metal (MOV)<\/strong> que se van degradando con el tiempo al oponerse a los transitorios o sobretensiones de voltaje que da\u00f1an sus equipos electr\u00f3nicos. Transtector utiliza la tecnolog\u00eda de <strong>diodos de avalancha de silicio (SASD)<\/strong> que no se degrada al oponerse a las sobretensiones&comma; cuentan con la m\u00e1s r\u00e1pida respuesta y el m\u00e1s alto rendimiento en sus protectores; manteniendo as\u00ed la mejor protecci\u00f3n y minimizando los costos de reparaci\u00f3n y reemplazo de equipo electr\u00f3nico.<\/p>\n<\/p><\/div>\n<\/p><\/div>\n<div style='display: flex; flex-wrap: wrap; gap: 20px; margin-bottom: 30px;'>\n<div style='flex: 1 1 250px; border: 1px solid rgba(150&comma; 150&comma; 150&comma; 0.4); border-radius: 8px; overflow: hidden; display: flex; flex-direction: column;'>\n<div style='padding: 15px; border-bottom: 1px solid rgba(150&comma; 150&comma; 150&comma; 0.2); font-weight: bold; font-size: 18px; color: inherit;'>Caracter\u00edsticas T\u00e9cnicas<\/div>\n<div style='padding: 15px; color: inherit;'>\n<ul style='padding-left: 20px; margin: 0; font-size: 14px; list-style-type: disc;'>\n<li style='margin-bottom: 5px;'><strong>Tecnolog\u00eda:<\/strong> Diodo de Avalancha de Silicio (SASD)<\/li>\n<li style='margin-bottom: 5px;'><strong>No se degrada<\/strong> por los transitorios<\/li>\n<li style='margin-bottom: 5px;'><strong>Protecci\u00f3n bidireccional<\/strong> en carga y l\u00ednea<\/li>\n<li style='margin-bottom: 5px;'>Protege coaxial&comma; 24 Vca \/ Vcc&comma; RS-232&comma; RS-422 y RS-485<\/li>\n<li style='margin-bottom: 5px;'>Tiempo de respuesta: 5 nano segundos<\/li>\n<li style='margin-bottom: 5px;'>Voltaje de l\u00ednea: 24 Vcc<\/li>\n<li style='margin-bottom: 5px;'>Corriente continua m\u00e1xima: 150 A<\/li>\n<li style='margin-bottom: 5px;'>Conectores: BNC-Hembra<\/li>\n<li style='margin-bottom: 5px;'>Calibre de cable: 16 \u2013 22 AWG en terminales de tornillos para protecci\u00f3n CD<\/li>\n<li style='margin-bottom: 5px;'>Temperatura: -40\u00ba a 65\u00ba C<\/li>\n<\/ul><\/div>\n<\/p><\/div>\n<\/p><\/div>\n<div style='display: flex; flex-wrap: wrap; gap: 30px;'>\n<div style='flex: 1 1 300px; min-width: 280px;'>\n<p style='font-size: 15px; color: inherit;'><strong>*Pregunte por tiempo de entrega.<\/strong><\/p>\n<\/p><\/div>\n<\/p><\/div>\n<\/p><\/div>\n","protected":false},"excerpt":{"rendered":"<p>Protector Contra Descargas El\u00e9ctricas Para C\u00e1maras PTZ Para 12 Vcc, 24 Vcc y Turbo HD BNC<\/p>\n","protected":false},"featured_media":110434,"comment_status":"open","ping_status":"closed","template":"","meta":[],"product_brand":[],"product_cat":[953],"product_tag":[898,954,546],"class_list":{"0":"post-110435","1":"product","2":"type-product","3":"status-publish","4":"has-post-thumbnail","6":"product_cat-redes","7":"product_tag-proteccion-contra-descargas","8":"product_tag-redes","9":"product_tag-transtector","11":"first","12":"instock","13":"sale","14":"shipping-taxable","15":"purchasable","16":"product-type-simple"},"_links":{"self":[{"href":"https:\/\/soydeaqui.ddns.net\/pachuca\/index.php\/wp-json\/wp\/v2\/product\/110435","targetHints":{"allow":["GET"]}}],"collection":[{"href":"https:\/\/soydeaqui.ddns.net\/pachuca\/index.php\/wp-json\/wp\/v2\/product"}],"about":[{"href":"https:\/\/soydeaqui.ddns.net\/pachuca\/index.php\/wp-json\/wp\/v2\/types\/product"}],"replies":[{"embeddable":true,"href":"https:\/\/soydeaqui.ddns.net\/pachuca\/index.php\/wp-json\/wp\/v2\/comments?post=110435"}],"wp:featuredmedia":[{"embeddable":true,"href":"https:\/\/soydeaqui.ddns.net\/pachuca\/index.php\/wp-json\/wp\/v2\/media\/110434"}],"wp:attachment":[{"href":"https:\/\/soydeaqui.ddns.net\/pachuca\/index.php\/wp-json\/wp\/v2\/media?parent=110435"}],"wp:term":[{"taxonomy":"product_brand","embeddable":true,"href":"https:\/\/soydeaqui.ddns.net\/pachuca\/index.php\/wp-json\/wp\/v2\/product_brand?post=110435"},{"taxonomy":"product_cat","embeddable":true,"href":"https:\/\/soydeaqui.ddns.net\/pachuca\/index.php\/wp-json\/wp\/v2\/product_cat?post=110435"},{"taxonomy":"product_tag","embeddable":true,"href":"https:\/\/soydeaqui.ddns.net\/pachuca\/index.php\/wp-json\/wp\/v2\/product_tag?post=110435"}],"curies":[{"name":"wp","href":"https:\/\/api.w.org\/{rel}","templated":true}]}}