{"id":11040,"date":"2026-03-18T07:44:37","date_gmt":"2026-03-18T07:44:37","guid":{"rendered":"https:\/\/soydeaqui.ddns.net\/pachuca\/index.php\/producto\/cincho-de-nylon-color-negro-3-2-x-142mm-1000pzs-4200-12001\/"},"modified":"2026-03-18T07:44:37","modified_gmt":"2026-03-18T07:44:37","slug":"cincho-de-nylon-color-negro-3-2-x-142mm-1000pzs-4200-12001","status":"publish","type":"product","link":"https:\/\/soydeaqui.ddns.net\/pachuca\/index.php\/producto\/cincho-de-nylon-color-negro-3-2-x-142mm-1000pzs-4200-12001\/","title":{"rendered":"Cincho de nylon color negro, 3.2 x 142mm (1000pzs) (4200-12001)"},"content":{"rendered":"<div style='width: 100%; max-width: 1200px; margin: 0 auto; font-family: sans-serif; line-height: 1.6; color: inherit; background-color: transparent;'> <!-- Logo --> <\/p>\n<div style='text-align: center; margin: 20px 0;'> <img style='width: 412px; height: auto; border: 1px solid rgba(150&comma;150&comma;150&comma;0.3); border-radius: 8px;' src='http:\/\/ftp3.syscom.mx\/usuarios\/jdelafuente\/THORSMAN\/THORSMAN%20logo.jpg' alt=''> <\/div>\n<p> <!-- Caracter\u00edsticas --> <\/p>\n<div style='display: flex; flex-wrap: wrap; gap: 30px; margin-bottom: 30px;'>\n<div style='flex: 1 1 300px; min-width: 280px;'>\n<h3 style='font-size: 22px; border-bottom: 2px solid currentColor; padding-bottom: 5px; margin-top: 0; color: inherit; opacity: 0.8;'>Caracter\u00edsticas<\/h3>\n<ul style='padding-left: 20px; font-size: 15px; color: inherit;'>\n<li style='margin-bottom: 5px;'>Cinturones de nylon para sujetar&comma; amarrar y ordenar conductores a soportes en instalaciones u otro tipo de objetos.<\/li>\n<li style='margin-bottom: 5px;'>Temperatura de operaci\u00f3n: -40\u00b0C ~ 80\u00b0C<\/li>\n<li style='margin-bottom: 5px;'>Aprobaciones: ASTM B-117<\/li>\n<\/ul><\/div>\n<p> <!-- Materiales --> <\/p>\n<div style='flex: 1 1 300px; min-width: 280px;'>\n<h3 style='font-size: 22px; border-bottom: 2px solid currentColor; padding-bottom: 5px; margin-top: 0; color: inherit; opacity: 0.8;'>Materiales<\/h3>\n<ul style='padding-left: 20px; font-size: 15px; color: inherit;'>\n<li style='margin-bottom: 5px;'>Color negro<\/li>\n<li style='margin-bottom: 5px;'>Fabricado en Poliamida (Nylon 66)<\/li>\n<li style='margin-bottom: 5px;'>Grado de flamabilidad UL 94 V-2<\/li>\n<\/ul>\n<div style='text-align: center; margin: 15px 0;'> <img style='width: 79px; height: auto; border: 1px solid rgba(150&comma;150&comma;150&comma;0.3); border-radius: 8px;' src='http:\/\/ftp3.syscom.mx\/usuarios\/egomez\/Hecho%20en%20Mexico.jpg' alt=''> <\/div>\n<\/p><\/div>\n<\/p><\/div>\n<p> <!-- Dimensiones --> <\/p>\n<div style='margin-bottom: 30px;'>\n<h3 style='font-size: 22px; border-bottom: 2px solid currentColor; padding-bottom: 5px; margin-top: 0; color: inherit; opacity: 0.8;'>Dimensiones (Acotaci\u00f3n en mm)<\/h3>\n<div style='display: flex; flex-wrap: wrap; gap: 15px; justify-content: center; margin: 15px 0;'> <img style='width: 100%; max-width: 600px; height: auto; border: 1px solid rgba(150&comma;150&comma;150&comma;0.3); border-radius: 8px;' src='http:\/\/ftp3.syscom.mx\/usuarios\/jdelafuente\/THORSMAN\/Productos\/FIJACION\/TH140.PNG' alt=''> <img style='width: 100%; max-width: 600px; height: auto; border: 1px solid rgba(150&comma;150&comma;150&comma;0.3); border-radius: 8px;' src='http:\/\/ftp3.syscom.mx\/usuarios\/jdelafuente\/THORSMAN\/Productos\/FIJACION\/TH100%20INST.PNG' alt=''> <\/div>\n<\/p><\/div>\n<p> <!-- Im\u00e1genes adicionales --> <\/p>\n<div style='display: flex; flex-wrap: wrap; gap: 15px; justify-content: center; margin-bottom: 30px;'> <img style='width: 100%; max-width: 590px; height: auto; border: 1px solid rgba(150&comma;150&comma;150&comma;0.3); border-radius: 8px;' src='https:\/\/ftp3.syscom.mx\/usuarios\/ftp\/single_page\/thorsman\/Thorsman1-02.jpg' alt=''> <img style='width: 100%; max-width: 590px; height: auto; border: 1px solid rgba(150&comma;150&comma;150&comma;0.3); border-radius: 8px;' src='https:\/\/ftp3.syscom.mx\/usuarios\/ftp\/single_page\/thorsman\/Thorsman1-01.jpg' alt=''> <\/div>\n<p> <!-- Banner destacado --> <\/p>\n<div style='margin-bottom: 30px;'>\n<div style='color: white; background-image: linear-gradient(90deg&comma; #2a397a 50%&comma; #0080ff 100%); text-align: center; padding: 20px 0; border-radius: 8px;'>\n<h1 style='font-size: 22px; font-family: roboto; font-weight: 300; margin: 0; padding: 0;'>Thorsman es la Marca L\u00edder en M\u00e9xico Reconocida por Productos de Canalizaci\u00f3n y Fijaci\u00f3n<\/h1>\n<\/p><\/div>\n<\/p><\/div>\n<p> <!-- Contenido con imagen y texto --> <\/p>\n<div style='display: flex; flex-wrap: wrap; margin-bottom: 30px;'>\n<div style='flex: 1 1 40%; min-width: 280px; padding: 15px;'> <img style='width: 100%; height: auto; border: 1px solid rgba(150&comma;150&comma;150&comma;0.3); border-radius: 8px;' src='https:\/\/ftp3.syscom.mx\/usuarios\/ftp\/single_page\/thorsman\/thorsman1-04.png' alt=''> <\/div>\n<div style='flex: 1 1 60%; min-width: 280px; padding: 15px;'>\n<h4 style='font-size: 18px; font-family: roboto; font-weight: 300; line-height: 1.4; color: inherit;'> Cuenta con amplia gama de soluciones para instalaciones el\u00e9ctricas y de cableado estructurado&comma; voz y datos; brindan funcionalidad&comma; distribuci\u00f3n&comma; protecci\u00f3n y est\u00e9tica&comma; tambi\u00e9n lo puede encontrar como: mesa de capacidades para eletrocalhas&comma; capacidad de carga de canaletas aparentes. <\/h4>\n<\/p><\/div>\n<\/p><\/div>\n<p> <!-- Banner de sistemas --> <\/p>\n<div style='margin-bottom: 30px;'>\n<div style='color: white; background-color: #2a397a; padding: 20px; border-radius: 8px;'>\n<h3 style='text-align: center; margin-top: 0;'>Sistemas que cubren todas las necesidades<\/h3>\n<div style='display: flex; flex-wrap: wrap; justify-content: center; gap: 20px; margin-top: 20px;'>\n<div style='flex: 1 1 150px; text-align: center;'> <img style='width: 80px; height: auto; border: none;' src='https:\/\/ftp3.syscom.mx\/usuarios\/ftp\/single_page\/thorsman\/thorsman1-09.png' alt=''> <\/p>\n<p style='margin-top: 10px; color: inherit;'>Hospital<\/p>\n<\/p><\/div>\n<div style='flex: 1 1 150px; text-align: center;'> <img style='width: 80px; height: auto; border: none;' src='https:\/\/ftp3.syscom.mx\/usuarios\/ftp\/single_page\/thorsman\/thorsman1-08.png' alt=''> <\/p>\n<p style='margin-top: 10px; color: inherit;'>Hogar<\/p>\n<\/p><\/div>\n<div style='flex: 1 1 150px; text-align: center;'> <img style='width: 80px; height: auto; border: none;' src='https:\/\/ftp3.syscom.mx\/usuarios\/ftp\/single_page\/thorsman\/thorsman1-10.png' alt=''> <\/p>\n<p style='margin-top: 10px; color: inherit;'>Industria<\/p>\n<\/p><\/div>\n<div style='flex: 1 1 150px; text-align: center;'> <img style='width: 80px; height: auto; border: none;' src='https:\/\/ftp3.syscom.mx\/usuarios\/ftp\/single_page\/thorsman\/thorsman1-11.png' alt=''> <\/p>\n<p style='margin-top: 10px; color: inherit;'>Oficina<\/p>\n<\/p><\/div>\n<\/p><\/div>\n<\/p><\/div>\n<\/p><\/div>\n<p> <!-- Secci\u00f3n de aplicaciones --> <\/p>\n<div style='display: flex; flex-wrap: wrap; gap: 20px; justify-content: center; margin-bottom: 30px;'>\n<div style='flex: 1 1 350px; min-width: 280px;'> <img style='width: 100%; height: auto; border: 1px solid rgba(150&comma;150&comma;150&comma;0.3); border-radius: 8px;' src='https:\/\/ftp3.syscom.mx\/usuarios\/ftp\/single_page\/thorsman\/thorsman1-05.png' alt=''> <\/p>\n<p style='font-size: 14px; margin-top: 10px; color: inherit;'> El 40% de la capacidad es la m\u00e1xima recomendada por EIA\/TIA-569-A para dise\u00f1ar sistemas de cableado estructurado. <\/p>\n<\/p><\/div>\n<div style='flex: 1 1 350px; min-width: 280px;'> <img style='width: 100%; height: auto; border: 1px solid rgba(150&comma;150&comma;150&comma;0.3); border-radius: 8px;' src='https:\/\/ftp3.syscom.mx\/usuarios\/ftp\/single_page\/thorsman\/thorsman1-06.png' alt=''> <\/p>\n<p style='font-size: 14px; margin-top: 10px; color: inherit;'> Encuentre los sistemas de fijaci\u00f3n de Thorsman&comma; como las grapas para cable&comma; fleje&comma; cinchos de nylon y acero inoxidable&comma; que son fundamentales para la seguridad en cualquier instalaci\u00f3n. <\/p>\n<\/p><\/div>\n<div style='flex: 1 1 350px; min-width: 280px;'> <img style='width: 100%; height: auto; border: 1px solid rgba(150&comma;150&comma;150&comma;0.3); border-radius: 8px;' src='https:\/\/ftp3.syscom.mx\/usuarios\/ftp\/single_page\/thorsman\/thorsman1-07.png' alt=''> <\/p>\n<p style='font-size: 14px; margin-top: 10px; color: inherit;'> Los sistemas thelecom de Thorsman&comma; como las mini cajas de piso de energ\u00eda y voz\/datos&comma; as\u00ed como las cajas de piso de 2 y 4 m\u00f3dulos configurables&comma; brindan la soluci\u00f3n completa en conectividad para centros de entretenimiento como lo son casinos&comma; ferias&comma; museos&comma; plazas comerciales&comma; entre otros. <\/p>\n<\/p><\/div>\n<\/p><\/div>\n<\/p><\/div>\n","protected":false},"excerpt":{"rendered":"<p>Cincho de nylon color negro, 3.2 x 142mm (1000pzs) (4200-12001)<\/p>\n","protected":false},"featured_media":11039,"comment_status":"open","ping_status":"closed","template":"","meta":[],"product_brand":[],"product_cat":[574],"product_tag":[572,575,583],"class_list":{"0":"post-11040","1":"product","2":"type-product","3":"status-publish","4":"has-post-thumbnail","6":"product_cat-fijacion","7":"product_tag-canalizacion","8":"product_tag-fijacion","9":"product_tag-thorsman","11":"first","12":"outofstock","13":"sale","14":"shipping-taxable","15":"purchasable","16":"product-type-simple"},"_links":{"self":[{"href":"https:\/\/soydeaqui.ddns.net\/pachuca\/index.php\/wp-json\/wp\/v2\/product\/11040","targetHints":{"allow":["GET"]}}],"collection":[{"href":"https:\/\/soydeaqui.ddns.net\/pachuca\/index.php\/wp-json\/wp\/v2\/product"}],"about":[{"href":"https:\/\/soydeaqui.ddns.net\/pachuca\/index.php\/wp-json\/wp\/v2\/types\/product"}],"replies":[{"embeddable":true,"href":"https:\/\/soydeaqui.ddns.net\/pachuca\/index.php\/wp-json\/wp\/v2\/comments?post=11040"}],"wp:featuredmedia":[{"embeddable":true,"href":"https:\/\/soydeaqui.ddns.net\/pachuca\/index.php\/wp-json\/wp\/v2\/media\/11039"}],"wp:attachment":[{"href":"https:\/\/soydeaqui.ddns.net\/pachuca\/index.php\/wp-json\/wp\/v2\/media?parent=11040"}],"wp:term":[{"taxonomy":"product_brand","embeddable":true,"href":"https:\/\/soydeaqui.ddns.net\/pachuca\/index.php\/wp-json\/wp\/v2\/product_brand?post=11040"},{"taxonomy":"product_cat","embeddable":true,"href":"https:\/\/soydeaqui.ddns.net\/pachuca\/index.php\/wp-json\/wp\/v2\/product_cat?post=11040"},{"taxonomy":"product_tag","embeddable":true,"href":"https:\/\/soydeaqui.ddns.net\/pachuca\/index.php\/wp-json\/wp\/v2\/product_tag?post=11040"}],"curies":[{"name":"wp","href":"https:\/\/api.w.org\/{rel}","templated":true}]}}