{"id":110326,"date":"2026-03-20T19:45:57","date_gmt":"2026-03-20T19:45:57","guid":{"rendered":"https:\/\/soydeaqui.ddns.net\/pachuca\/index.php\/producto\/ups-de-550-va-275-w-topologia-linea-interactiva-entrada-120-vca-nema-5-15p-y-8-salidas-nema-5-15r-con-regulador-de-voltaje-avr\/"},"modified":"2026-03-20T19:46:06","modified_gmt":"2026-03-20T19:46:06","slug":"ups-de-550-va-275-w-topologia-linea-interactiva-entrada-120-vca-nema-5-15p-y-8-salidas-nema-5-15r-con-regulador-de-voltaje-avr","status":"publish","type":"product","link":"https:\/\/soydeaqui.ddns.net\/pachuca\/index.php\/producto\/ups-de-550-va-275-w-topologia-linea-interactiva-entrada-120-vca-nema-5-15p-y-8-salidas-nema-5-15r-con-regulador-de-voltaje-avr\/","title":{"rendered":"UPS de 550 VA\/275 W, Topolog\u00eda L\u00ednea Interactiva, Entrada 120 Vca NEMA 5-15P, y 8 Salidas NEMA 5-15R, Con Regulador de Voltaje (AVR)"},"content":{"rendered":"<div style='width: 100%; max-width: 1200px; margin: 0 auto; font-family: sans-serif; line-height: 1.6; color: inherit; background-color: transparent;'>\n<div style='display: flex; flex-wrap: wrap; gap: 30px; margin-bottom: 30px;'>\n<div style='flex: 1 1 300px; min-width: 280px;'>\n<h3 style='font-size: 22px; border-bottom: 2px solid currentColor; padding-bottom: 5px; margin-top: 0; color: inherit; opacity: 0.8;'>Aplicaciones<\/h3>\n<p style='font-size: 15px; color: inherit; margin-top: 10px; margin-bottom: 10px;'>CyberPower UT550G garantiza la protecci\u00f3n de energ\u00eda para equipos de TI como computadoras&comma; NAS y dispositivos de almacenamiento. El producto adopta una topolog\u00eda de l\u00ednea interactiva con funci\u00f3n de Regulaci\u00f3n autom\u00e1tica de voltaje (AVR) para ofrecer una salida de potencia de CA estabilizada. El consumo de energ\u00eda reduce los costos de energ\u00eda y permite una temperatura de operaci\u00f3n m\u00e1s baja que prolonga la vida \u00fatil de la bater\u00eda.<\/p>\n<p style='font-size: 15px; color: inherit; margin-top: 10px; margin-bottom: 10px;'>El indicador LED muestra la utilidad&comma; la bater\u00eda y el estado de funcionamiento del UPS. Tambi\u00e9n es compatible con generadores para extender la continuidad de energ\u00eda. Otras caracter\u00edsticas incluyen protecci\u00f3n contra sobrecargas&comma; filtro EMI y alarma configurable para proteger sus dispositivos. Su dise\u00f1o de torre permite a los usuarios colocarlo f\u00e1cilmente en escritorios u otros espacios reducidos.<\/p>\n<\/p><\/div>\n<\/p><\/div>\n<div style='display: flex; flex-wrap: wrap; gap: 30px; margin-bottom: 30px;'>\n<div style='flex: 1 1 300px; min-width: 280px;'>\n<h3 style='font-size: 22px; border-bottom: 2px solid currentColor; padding-bottom: 5px; margin-top: 0; color: inherit; opacity: 0.8;'>Caracter\u00edsticas<\/h3>\n<ul style='padding-left: 20px; font-size: 15px; color: inherit; margin-top: 10px; margin-bottom: 10px;'>\n<li style='margin-bottom: 5px;'>Topolog\u00eda de L\u00ednea Interactiva<\/li>\n<li style='margin-bottom: 5px;'>Tecnolog\u00eda de Ahorro de Energ\u00eda<\/li>\n<li style='margin-bottom: 5px;'>Regulaci\u00f3n Autom\u00e1tica de Voltaje (AVR)<\/li>\n<li style='margin-bottom: 5px;'>Compatible con Generadores<\/li>\n<li style='margin-bottom: 5px;'>Indicador LED de estado<\/li>\n<li style='margin-bottom: 5px;'>Protecci\u00f3n por sobrecarga<\/li>\n<li style='margin-bottom: 5px;'>Protecci\u00f3n contra picos y sobretensiones<\/li>\n<li style='margin-bottom: 5px;'>Filtro EMI y RFI<\/li>\n<\/ul><\/div>\n<\/p><\/div>\n<div style='display: flex; flex-wrap: wrap; gap: 30px; margin-bottom: 30px;'>\n<div style='flex: 1 1 300px; min-width: 280px;'>\n<h3 style='font-size: 22px; border-bottom: 2px solid currentColor; padding-bottom: 5px; margin-top: 0; color: inherit; opacity: 0.8;'>Especificaciones T\u00e9cnicas<\/h3>\n<ul style='padding-left: 20px; font-size: 15px; color: inherit; margin-top: 10px; margin-bottom: 10px;'>\n<li style='margin-bottom: 5px;'><strong>Capacidad:<\/strong> 550 VA \/ 275 W<\/li>\n<li style='margin-bottom: 5px;'><strong>Forma de onda:<\/strong> simulada<\/li>\n<li style='margin-bottom: 5px;'><strong>Voltaje:<\/strong> 120 \u00b1 10%<\/li>\n<li style='margin-bottom: 5px;'><strong>Frecuencia:<\/strong> 60 \u00b1 1%<\/li>\n<li style='margin-bottom: 5px;'><strong>Regulaci\u00f3n autom\u00e1tica de voltaje (AVR):<\/strong> 86 &#8211; 148 Vca<\/li>\n<li style='margin-bottom: 5px;'><strong>Tipo de Conector de Entrada:<\/strong> NEMA 5-15P <img style='width: 40px; height: 40px; vertical-align: middle; margin-left: 5px;' src='https:\/\/www.cyberpower.com\/mx\/es\/File\/GetImageByDocId\/GeneralAttribute-235' alt=''> <\/li>\n<li style='margin-bottom: 5px;'><strong>Total de Tomas:<\/strong> NEMA 5-15R (8) <img style='width: 40px; height: 40px; vertical-align: middle; margin-left: 5px;' src='https:\/\/www.cyberpower.com\/mx\/es\/File\/GetImageByDocId\/GeneralAttribute-238' alt=''> <\/li>\n<li style='margin-bottom: 5px;'><strong>Protecci\u00f3n de sobrecarga:<\/strong> Disyuntor<\/li>\n<li style='margin-bottom: 5px;'><strong>Dimensiones:<\/strong> 84 x 174 x 280 mm (Ancho x Alto x Profundidad)<\/li>\n<li style='margin-bottom: 5px;'><strong>Certificaciones:<\/strong> RoHS y NOM<\/li>\n<li style='margin-bottom: 5px;'><strong>Incluye bater\u00eda<\/strong><\/li>\n<li style='margin-bottom: 5px;'><strong>No compatible:<\/strong> Generador de energ\u00eda (plantas de respaldo)<\/li>\n<\/ul><\/div>\n<\/p><\/div>\n<div style='display: flex; flex-wrap: wrap; gap: 30px; margin-bottom: 30px;'>\n<div style='flex: 1 1 300px; min-width: 280px;'>\n<h3 style='font-size: 22px; border-bottom: 2px solid currentColor; padding-bottom: 5px; margin-top: 0; color: inherit; opacity: 0.8;'>Logotipo<\/h3>\n<p> <img style='width: 100%; height: auto; border: 1px solid rgba(150&comma;150&comma;150&comma;0.3); border-radius: 8px; margin-top: 10px;' src='https:\/\/ftp3.syscom.mx\/usuarios\/fotos\/logotipos\/cyberpower.png' alt=''> <\/div>\n<\/p><\/div>\n<div style='display: flex; flex-wrap: wrap; gap: 30px; margin-bottom: 30px;'>\n<div style='flex: 1 1 300px; min-width: 280px;'>\n<h3 style='font-size: 22px; border-bottom: 2px solid currentColor; padding-bottom: 5px; margin-top: 0; color: inherit; opacity: 0.8;'>Video<\/h3>\n<div style='position: relative; padding-bottom: 56.25%; height: 0; overflow: hidden; margin-top: 10px;'>   <\/div>\n<\/p><\/div>\n<\/p><\/div>\n<\/p><\/div>\n","protected":false},"excerpt":{"rendered":"<p>UPS de 550 VA\/275 W, Topolog\u00eda L\u00ednea Interactiva, Entrada 120 Vca NEMA 5-15P, y 8 Salidas NEMA 5-15R, Con Regulador de Voltaje (AVR)<\/p>\n","protected":false},"featured_media":110325,"comment_status":"open","ping_status":"closed","template":"","meta":[],"product_brand":[],"product_cat":[1231],"product_tag":[677,142,1232],"class_list":{"0":"post-110326","1":"product","2":"type-product","3":"status-publish","4":"has-post-thumbnail","6":"product_cat-ups-no-break-energia-videovigilancia","7":"product_tag-cyberpower","8":"product_tag-energia","9":"product_tag-ups-no-break-2","11":"first","12":"outofstock","13":"sale","14":"shipping-taxable","15":"purchasable","16":"product-type-simple"},"_links":{"self":[{"href":"https:\/\/soydeaqui.ddns.net\/pachuca\/index.php\/wp-json\/wp\/v2\/product\/110326","targetHints":{"allow":["GET"]}}],"collection":[{"href":"https:\/\/soydeaqui.ddns.net\/pachuca\/index.php\/wp-json\/wp\/v2\/product"}],"about":[{"href":"https:\/\/soydeaqui.ddns.net\/pachuca\/index.php\/wp-json\/wp\/v2\/types\/product"}],"replies":[{"embeddable":true,"href":"https:\/\/soydeaqui.ddns.net\/pachuca\/index.php\/wp-json\/wp\/v2\/comments?post=110326"}],"wp:featuredmedia":[{"embeddable":true,"href":"https:\/\/soydeaqui.ddns.net\/pachuca\/index.php\/wp-json\/wp\/v2\/media\/110325"}],"wp:attachment":[{"href":"https:\/\/soydeaqui.ddns.net\/pachuca\/index.php\/wp-json\/wp\/v2\/media?parent=110326"}],"wp:term":[{"taxonomy":"product_brand","embeddable":true,"href":"https:\/\/soydeaqui.ddns.net\/pachuca\/index.php\/wp-json\/wp\/v2\/product_brand?post=110326"},{"taxonomy":"product_cat","embeddable":true,"href":"https:\/\/soydeaqui.ddns.net\/pachuca\/index.php\/wp-json\/wp\/v2\/product_cat?post=110326"},{"taxonomy":"product_tag","embeddable":true,"href":"https:\/\/soydeaqui.ddns.net\/pachuca\/index.php\/wp-json\/wp\/v2\/product_tag?post=110326"}],"curies":[{"name":"wp","href":"https:\/\/api.w.org\/{rel}","templated":true}]}}