{"id":110314,"date":"2026-03-20T19:45:17","date_gmt":"2026-03-20T19:45:17","guid":{"rendered":"https:\/\/soydeaqui.ddns.net\/pachuca\/index.php\/producto\/pdu-basico-para-distribucion-de-energia-entrada-200-230-vca-nema-l6-30p-con-16-tomas-c13-y-4-c19-de-instalacion-vertical-30-amp-220-vca\/"},"modified":"2026-03-20T19:45:20","modified_gmt":"2026-03-20T19:45:20","slug":"pdu-basico-para-distribucion-de-energia-entrada-200-230-vca-nema-l6-30p-con-16-tomas-c13-y-4-c19-de-instalacion-vertical-30-amp-220-vca","status":"publish","type":"product","link":"https:\/\/soydeaqui.ddns.net\/pachuca\/index.php\/producto\/pdu-basico-para-distribucion-de-energia-entrada-200-230-vca-nema-l6-30p-con-16-tomas-c13-y-4-c19-de-instalacion-vertical-30-amp-220-vca\/","title":{"rendered":"PDU B\u00e1sico para Distribuci\u00f3n de Energ\u00eda, Entrada 200-230 Vca NEMA L6-30P, Con 16 Tomas C13 y 4 C19, de Instalaci\u00f3n Vertical, 30 Amp, 220 Vca"},"content":{"rendered":"<div style='width: 100%; max-width: 1200px; margin: 0 auto; font-family: sans-serif; line-height: 1.6; color: inherit; background-color: transparent;'>\n<div style='display: flex; flex-wrap: wrap; gap: 30px; margin-bottom: 30px;'>\n<div style='flex: 1 1 300px; min-width: 280px;'>\n<h3 style='font-size: 22px; border-bottom: 2px solid currentColor; padding-bottom: 5px; margin-top: 0; color: inherit; opacity: 0.8;'>Descripci\u00f3n<\/h3>\n<div style='font-size: 15px; color: inherit;'>\n<p>Una unidad b\u00e1sica de distribuci\u00f3n de energ\u00eda (PDU) vertical de montaje en rack de 0U y 20 salidas (frontales). Proporciona una salida de 200\/230 Vca a 30Amp. Distribuye energ\u00eda a 16 recept\u00e1culos IEC-320 C13&comma; 4 recept\u00e1culos IEC-320 C19 desde un solo enchufe de bloqueo por vuelta NEMA L6-30P con paso el\u00e9ctrico sin filtro. Dise\u00f1ado para centros de datos y otras aplicaciones el\u00e9ctricamente exigentes&comma; tiene una carcasa met\u00e1lica resistente de grado industrial y un cable de alimentaci\u00f3n de 3 metros. Admite la instalaci\u00f3n vertical&comma; horizontal y de montaje en pared&comma; incluye una bandeja de retenci\u00f3n de cable y tiene certificaci\u00f3n ETL\/RoHS. Una garant\u00eda limitada de por vida cubre defectos en materiales y mano de obra en el producto bajo condiciones y uso normales.<\/p>\n<\/p><\/div>\n<\/p><\/div>\n<div style='flex: 1 1 300px; min-width: 280px;'> <img style='width: 100%; height: auto; border: 1px solid rgba(150&comma;150&comma;150&comma;0.3); border-radius: 8px;' src='http:\/\/ftp3.syscom.mx\/usuarios\/fotos\/CP1500AVRLCD\/80784-cyber-power.jpg' alt=''> <\/div>\n<\/p><\/div>\n<div style='display: flex; flex-wrap: wrap; gap: 20px; margin-bottom: 30px;'>\n<div style='flex: 1 1 250px; border: 1px solid rgba(150&comma; 150&comma; 150&comma; 0.4); border-radius: 8px; overflow: hidden; display: flex; flex-direction: column;'>\n<div style='padding: 15px; border-bottom: 1px solid rgba(150&comma; 150&comma; 150&comma; 0.2); font-weight: bold; font-size: 18px; color: inherit;'>Especificaciones T\u00e9cnicas<\/div>\n<div style='padding: 15px; color: inherit;'>\n<ul style='padding-left: 20px; margin: 0; font-size: 14px; list-style-type: disc;'>\n<li style='margin-bottom: 5px;'><strong>Fase:<\/strong> 1 fase<\/li>\n<li style='margin-bottom: 5px;'><strong>Amperaje:<\/strong> 30 Amp<\/li>\n<li style='margin-bottom: 5px;'><strong>Voltaje de entrada:<\/strong> 200-230 Vca<\/li>\n<li style='margin-bottom: 5px;'><strong>Frecuencia:<\/strong> 50Hz\/60Hz<\/li>\n<li style='margin-bottom: 5px;'><strong>Tipo de enchufe de entrada:<\/strong> NEMA L6-30P<\/li>\n<li style='margin-bottom: 5px;'><strong>Longitud de cable de entrada:<\/strong> 3 metros<\/li>\n<li style='margin-bottom: 5px;'><strong>Tipos de tomas de salida:<\/strong> (16) IEC-320 C13 y (4) IEC-320 C19<\/li>\n<li style='margin-bottom: 5px;'><strong>Lugar de las tomas:<\/strong> Frontales<\/li>\n<li style='margin-bottom: 5px;'><strong>Tama\u00f1o:<\/strong> 0U de Rack (Instalaci\u00f3n vertical)<\/li>\n<li style='margin-bottom: 5px;'><strong>Dimensiones:<\/strong> 45.45 x 914.4 x 38.1 mm (Ancho x Alto x Profundidad)<\/li>\n<li style='margin-bottom: 5px;'><strong>Peso:<\/strong> 3.63 Kg<\/li>\n<\/ul><\/div>\n<\/p><\/div>\n<\/p><\/div>\n<\/p><\/div>\n","protected":false},"excerpt":{"rendered":"<p>PDU B\u00e1sico para Distribuci\u00f3n de Energ\u00eda, Entrada 200-230 Vca NEMA L6-30P, Con 16 Tomas C13 y 4 C19, de Instalaci\u00f3n Vertical, 30 Amp, 220 Vca<\/p>\n","protected":false},"featured_media":110313,"comment_status":"open","ping_status":"closed","template":"","meta":[],"product_brand":[],"product_cat":[604],"product_tag":[606,677,605],"class_list":{"0":"post-110314","1":"product","2":"type-product","3":"status-publish","4":"has-post-thumbnail","6":"product_cat-accesorios-para-racks-y-gabinetes","7":"product_tag-accesorios-para-racks-y-gabinetes","8":"product_tag-cyberpower","9":"product_tag-racks-y-gabinetes","11":"first","12":"outofstock","13":"sale","14":"shipping-taxable","15":"purchasable","16":"product-type-simple"},"_links":{"self":[{"href":"https:\/\/soydeaqui.ddns.net\/pachuca\/index.php\/wp-json\/wp\/v2\/product\/110314","targetHints":{"allow":["GET"]}}],"collection":[{"href":"https:\/\/soydeaqui.ddns.net\/pachuca\/index.php\/wp-json\/wp\/v2\/product"}],"about":[{"href":"https:\/\/soydeaqui.ddns.net\/pachuca\/index.php\/wp-json\/wp\/v2\/types\/product"}],"replies":[{"embeddable":true,"href":"https:\/\/soydeaqui.ddns.net\/pachuca\/index.php\/wp-json\/wp\/v2\/comments?post=110314"}],"wp:featuredmedia":[{"embeddable":true,"href":"https:\/\/soydeaqui.ddns.net\/pachuca\/index.php\/wp-json\/wp\/v2\/media\/110313"}],"wp:attachment":[{"href":"https:\/\/soydeaqui.ddns.net\/pachuca\/index.php\/wp-json\/wp\/v2\/media?parent=110314"}],"wp:term":[{"taxonomy":"product_brand","embeddable":true,"href":"https:\/\/soydeaqui.ddns.net\/pachuca\/index.php\/wp-json\/wp\/v2\/product_brand?post=110314"},{"taxonomy":"product_cat","embeddable":true,"href":"https:\/\/soydeaqui.ddns.net\/pachuca\/index.php\/wp-json\/wp\/v2\/product_cat?post=110314"},{"taxonomy":"product_tag","embeddable":true,"href":"https:\/\/soydeaqui.ddns.net\/pachuca\/index.php\/wp-json\/wp\/v2\/product_tag?post=110314"}],"curies":[{"name":"wp","href":"https:\/\/api.w.org\/{rel}","templated":true}]}}