{"id":110291,"date":"2026-03-20T19:44:02","date_gmt":"2026-03-20T19:44:02","guid":{"rendered":"https:\/\/soydeaqui.ddns.net\/pachuca\/index.php\/producto\/unidad-de-expansion-sas-para-cvr-24-hdd-288-tb-en-total-compatible-con-ds-a81016s-y-ds-a80624s-simple-controlador\/"},"modified":"2026-03-20T19:44:07","modified_gmt":"2026-03-20T19:44:07","slug":"unidad-de-expansion-sas-para-cvr-24-hdd-288-tb-en-total-compatible-con-ds-a81016s-y-ds-a80624s-simple-controlador","status":"publish","type":"product","link":"https:\/\/soydeaqui.ddns.net\/pachuca\/index.php\/producto\/unidad-de-expansion-sas-para-cvr-24-hdd-288-tb-en-total-compatible-con-ds-a81016s-y-ds-a80624s-simple-controlador\/","title":{"rendered":"Unidad de Expansi\u00f3n SAS para CVR \/ 24 HDD \/ 288 TB en total \/ Compatible con DS-A81016S y DS-A80624S \/ Simple Controlador"},"content":{"rendered":"<div style='width: 100%; max-width: 1200px; margin: 0 auto; font-family: sans-serif; line-height: 1.6; color: inherit; background-color: transparent;'>\n<p style='text-align: center; margin: 0 0 15px 0;'><img style='width: 100%; max-width: 400px; height: auto; border: 1px solid rgba(150&comma;150&comma;150&comma;0.3); border-radius: 8px;' src='https:\/\/ftp3.syscom.mx\/usuarios\/jsosa\/HIKVISION\/imagenes\/logo\/hikvision%20see%20far.png' alt='Logo Hikvision'><\/p>\n<div style='display: flex; flex-wrap: wrap; gap: 30px; margin-bottom: 30px;'>\n<div style='flex: 1 1 300px; min-width: 280px;'>\n<h3 style='font-size: 22px; border-bottom: 2px solid currentColor; padding-bottom: 5px; margin-top: 0; color: inherit; opacity: 0.8;'>Caracter\u00edsticas principales<\/h3>\n<ul style='padding-left: 20px; font-size: 15px; color: inherit;'>\n<li style='margin-bottom: 5px;'>Compatible con DS-A81016S y DS-A80624S<\/li>\n<li style='margin-bottom: 5px;'>Soporta hasta 24 HDD internos de hasta 12 TB c\/u (288 TB en total)<\/li>\n<li style='margin-bottom: 5px;'>Soporta Hot Swap<\/li>\n<li style='margin-bottom: 5px;'>Cuenta con dos poderosas tarjetas de red Gigabit<\/li>\n<li style='margin-bottom: 5px;'>Cuenta con fuente de alimentaci\u00f3n redundante y ventilador redundante<\/li>\n<\/ul><\/div>\n<div style='flex: 1 1 300px; min-width: 280px;'>\n<h3 style='font-size: 22px; border-bottom: 2px solid currentColor; padding-bottom: 5px; margin-top: 0; color: inherit; opacity: 0.8;'>Caracter\u00edsticas F\u00edsicas y El\u00e9ctricas<\/h3>\n<ul style='padding-left: 20px; font-size: 15px; color: inherit;'>\n<li style='margin-bottom: 5px;'>Dimensiones: 486 x 173 x 760 mm<\/li>\n<li style='margin-bottom: 5px;'>Peso: 40 Kg (sin HDD)<\/li>\n<li style='margin-bottom: 5px;'>Ocupa 4 unidades de rack (19&#8242;)<\/li>\n<li style='margin-bottom: 5px;'>Alimentaci\u00f3n: 550 W<\/li>\n<\/ul><\/div>\n<\/p><\/div>\n<div style='margin: 30px 0;'>\n<p style='font-size: 15px; color: inherit; margin: 0 0 15px 0;'>La serie DS-AJ es una unidad de almacenamiento de expansi\u00f3n para los modelos DS-A81016S y DS-A80624S. Soporta hasta 24 HDD de 8 TB por unidad.<\/p>\n<\/p><\/div>\n<div style='margin: 30px 0;'> <img style='width: 100%; height: auto; border: 1px solid rgba(150&comma;150&comma;150&comma;0.3); border-radius: 8px;' src='http:\/\/ftp3.syscom.mx\/usuarios\/emendoza\/elesbanmch\/HIKVISON\/IMAGENES\/04-10-2017%2011-09-49.jpg' alt='Unidad de Expansi\u00f3n SAS'> <\/div>\n<\/p><\/div>\n","protected":false},"excerpt":{"rendered":"<p>Unidad de Expansi\u00f3n SAS para CVR \/ 24 HDD \/ 288 TB en total \/ Compatible con DS-A81016S y DS-A80624S \/ Simple Controlador<\/p>\n","protected":false},"featured_media":110290,"comment_status":"open","ping_status":"closed","template":"","meta":[],"product_brand":[],"product_cat":[2064],"product_tag":[2066,54,2065],"class_list":{"0":"post-110291","1":"product","2":"type-product","3":"status-publish","4":"has-post-thumbnail","6":"product_cat-almacenamiento-nas-san-esata","7":"product_tag-almacenamiento-nas-san-esata","8":"product_tag-hikvision","9":"product_tag-servidores-almacenamiento","11":"first","12":"outofstock","13":"sale","14":"shipping-taxable","15":"purchasable","16":"product-type-simple"},"_links":{"self":[{"href":"https:\/\/soydeaqui.ddns.net\/pachuca\/index.php\/wp-json\/wp\/v2\/product\/110291","targetHints":{"allow":["GET"]}}],"collection":[{"href":"https:\/\/soydeaqui.ddns.net\/pachuca\/index.php\/wp-json\/wp\/v2\/product"}],"about":[{"href":"https:\/\/soydeaqui.ddns.net\/pachuca\/index.php\/wp-json\/wp\/v2\/types\/product"}],"replies":[{"embeddable":true,"href":"https:\/\/soydeaqui.ddns.net\/pachuca\/index.php\/wp-json\/wp\/v2\/comments?post=110291"}],"wp:featuredmedia":[{"embeddable":true,"href":"https:\/\/soydeaqui.ddns.net\/pachuca\/index.php\/wp-json\/wp\/v2\/media\/110290"}],"wp:attachment":[{"href":"https:\/\/soydeaqui.ddns.net\/pachuca\/index.php\/wp-json\/wp\/v2\/media?parent=110291"}],"wp:term":[{"taxonomy":"product_brand","embeddable":true,"href":"https:\/\/soydeaqui.ddns.net\/pachuca\/index.php\/wp-json\/wp\/v2\/product_brand?post=110291"},{"taxonomy":"product_cat","embeddable":true,"href":"https:\/\/soydeaqui.ddns.net\/pachuca\/index.php\/wp-json\/wp\/v2\/product_cat?post=110291"},{"taxonomy":"product_tag","embeddable":true,"href":"https:\/\/soydeaqui.ddns.net\/pachuca\/index.php\/wp-json\/wp\/v2\/product_tag?post=110291"}],"curies":[{"name":"wp","href":"https:\/\/api.w.org\/{rel}","templated":true}]}}