{"id":110289,"date":"2026-03-20T19:43:56","date_gmt":"2026-03-20T19:43:56","guid":{"rendered":"https:\/\/soydeaqui.ddns.net\/pachuca\/index.php\/producto\/tarjeta-de-2-puertos-ethernet-10gbase-t-nbase-t-para-servidores-synology\/"},"modified":"2026-03-20T19:43:58","modified_gmt":"2026-03-20T19:43:58","slug":"tarjeta-de-2-puertos-ethernet-10gbase-t-nbase-t-para-servidores-synology","status":"publish","type":"product","link":"https:\/\/soydeaqui.ddns.net\/pachuca\/index.php\/producto\/tarjeta-de-2-puertos-ethernet-10gbase-t-nbase-t-para-servidores-synology\/","title":{"rendered":"Tarjeta de 2 puertos Ethernet 10GBASE-T\/NBASE-T para servidores Synology"},"content":{"rendered":"<div style='width: 100%; max-width: 1200px; margin: 0 auto; font-family: sans-serif; line-height: 1.6; color: inherit; background-color: transparent;'>\n<div style='display: flex; flex-wrap: wrap; gap: 30px; margin-bottom: 30px;'>\n<div style='flex: 1 1 300px; min-width: 280px;'>\n<p style='font-size: 15px; color: inherit;'> <a href='https:\/\/ftp3.syscom.mx\/usuarios\/ftp\/2018\/10\/17\/be9cb\/PROCEDIMIENTO%20GARANTIA%20SYNOLOGY.pdf' download='true'> <img style='width: 100%; height: auto; border: 1px solid rgba(150&comma;150&comma;150&comma;0.3); border-radius: 8px;' src='https:\/\/ftp3.syscom.mx\/usuarios\/nortega\/synology\/imagenes\/cintillo%20garantia.jpg' alt='' \/> <\/a> <br \/> Disfrute de una migraci\u00f3n sin problemas a Ethernet de alta velocidad de 10 GB\/s. E10G18-T2 ofrece un magn\u00edfico rendimiento de transmisi\u00f3n con la capacidad de liberar procesamiento de paquetes y recursos de la CPU para otras tareas. Es compatible con el est\u00e1ndar IEEE 802.3an\/ab (10GBASE-T\/1000BASE-T) y 802.3x con dos conectores RJ-45&comma; y proporciona una velocidad de datos total de 20 GB\/s con conexiones por cable del est\u00e1ndar CAT6 o UTP superiores. Caracter\u00edsticas como Link Aggregation&comma; Jumbo Frame&comma; TSO y descarga de suma de comprobaci\u00f3n TCP\/UDP\/IP satisfacen las demandas de la alta computaci\u00f3n&comma; lo que convierte a la E10G18-T2 en una soluci\u00f3n ideal y econ\u00f3mica para la adopci\u00f3n de red de 10 GB\/s. <\/p>\n<\/p><\/div>\n<\/p><\/div>\n<div style='display: flex; flex-wrap: wrap; gap: 20px; margin-bottom: 30px;'>\n<div style='flex: 1 1 250px; border: 1px solid rgba(150&comma; 150&comma; 150&comma; 0.4); border-radius: 8px; overflow: hidden; display: flex; flex-direction: column;'>\n<div style='padding: 15px; border-bottom: 1px solid rgba(150&comma; 150&comma; 150&comma; 0.2); font-weight: bold; font-size: 18px; color: inherit;'>Estandares<\/div>\n<div style='padding: 15px; color: inherit;'>\n<ul style='padding-left: 20px; margin: 0; font-size: 14px; list-style-type: disc;'>\n<li style='margin-bottom: 5px;'>Ethernet IEEE 802.3an 10 Gbps<\/li>\n<li style='margin-bottom: 5px;'>Ethernet IEEE 802.3ab Gigabit<\/li>\n<li style='margin-bottom: 5px;'>IEEE 802.3ad Link Aggregation<\/li>\n<li style='margin-bottom: 5px;'>Control de flujo IEEE 802.3x<\/li>\n<\/ul><\/div>\n<\/p><\/div>\n<div style='flex: 1 1 250px; border: 1px solid rgba(150&comma; 150&comma; 150&comma; 0.4); border-radius: 8px; overflow: hidden; display: flex; flex-direction: column;'>\n<div style='padding: 15px; border-bottom: 1px solid rgba(150&comma; 150&comma; 150&comma; 0.2); font-weight: bold; font-size: 18px; color: inherit;'>Especificaciones de Hardware<\/div>\n<div style='padding: 15px; color: inherit;'>\n<ul style='padding-left: 20px; margin: 0; font-size: 14px; list-style-type: disc;'>\n<li style='margin-bottom: 5px;'><strong>Interfaz:<\/strong> PCIe 3.0 x8<\/li>\n<li style='margin-bottom: 5px;'><strong>Altura de soporte:<\/strong> Perfil bajo y altura completa<\/li>\n<li style='margin-bottom: 5px;'><strong>Tama\u00f1o:<\/strong> 170.6 \u00d7 68.9 \u00d7 13.6 mm<\/li>\n<li style='margin-bottom: 5px;'><strong>Temp. operativa:<\/strong> de 0\u00b0C a 40\u00b0C<\/li>\n<li style='margin-bottom: 5px;'><strong>Garant\u00eda:<\/strong> 5 a\u00f1os<\/li>\n<\/ul><\/div>\n<\/p><\/div>\n<\/p><\/div>\n<div style='margin-bottom: 30px;'>\n<p style='text-align: center; margin: 0;'> <a href='https:\/\/www.synology.com\/es-es\/products\/E10G18-T2#specs' target='_blank' rel='noopener' style='color: inherit; text-decoration: underline;'> Verifique modelos compatibles <\/a> <\/p>\n<\/p><\/div>\n<hr style='border: 0; border-top: 1px solid rgba(150&comma; 150&comma; 150&comma; 0.3); margin: 30px 0;'> <\/div>\n","protected":false},"excerpt":{"rendered":"<p>Tarjeta de 2 puertos Ethernet 10GBASE-T\/NBASE-T para servidores Synology<\/p>\n","protected":false},"featured_media":110288,"comment_status":"open","ping_status":"closed","template":"","meta":[],"product_brand":[],"product_cat":[2315],"product_tag":[93,2065,1976],"class_list":{"0":"post-110289","1":"product","2":"type-product","3":"status-publish","4":"has-post-thumbnail","6":"product_cat-accesorios-servidores-almacenamiento","7":"product_tag-accesorios","8":"product_tag-servidores-almacenamiento","9":"product_tag-synology","11":"first","12":"outofstock","13":"sale","14":"shipping-taxable","15":"purchasable","16":"product-type-simple"},"_links":{"self":[{"href":"https:\/\/soydeaqui.ddns.net\/pachuca\/index.php\/wp-json\/wp\/v2\/product\/110289","targetHints":{"allow":["GET"]}}],"collection":[{"href":"https:\/\/soydeaqui.ddns.net\/pachuca\/index.php\/wp-json\/wp\/v2\/product"}],"about":[{"href":"https:\/\/soydeaqui.ddns.net\/pachuca\/index.php\/wp-json\/wp\/v2\/types\/product"}],"replies":[{"embeddable":true,"href":"https:\/\/soydeaqui.ddns.net\/pachuca\/index.php\/wp-json\/wp\/v2\/comments?post=110289"}],"wp:featuredmedia":[{"embeddable":true,"href":"https:\/\/soydeaqui.ddns.net\/pachuca\/index.php\/wp-json\/wp\/v2\/media\/110288"}],"wp:attachment":[{"href":"https:\/\/soydeaqui.ddns.net\/pachuca\/index.php\/wp-json\/wp\/v2\/media?parent=110289"}],"wp:term":[{"taxonomy":"product_brand","embeddable":true,"href":"https:\/\/soydeaqui.ddns.net\/pachuca\/index.php\/wp-json\/wp\/v2\/product_brand?post=110289"},{"taxonomy":"product_cat","embeddable":true,"href":"https:\/\/soydeaqui.ddns.net\/pachuca\/index.php\/wp-json\/wp\/v2\/product_cat?post=110289"},{"taxonomy":"product_tag","embeddable":true,"href":"https:\/\/soydeaqui.ddns.net\/pachuca\/index.php\/wp-json\/wp\/v2\/product_tag?post=110289"}],"curies":[{"name":"wp","href":"https:\/\/api.w.org\/{rel}","templated":true}]}}