{"id":110275,"date":"2026-03-20T19:43:08","date_gmt":"2026-03-20T19:43:08","guid":{"rendered":"https:\/\/soydeaqui.ddns.net\/pachuca\/index.php\/producto\/adaptador-hdmi-para-amplificar-o-repetir-la-senal-de-los-cables-hdmi-booster-a-una-distancia-de-40-metros-soporta-resoluciones-4k-x-2k\/"},"modified":"2026-03-20T19:43:24","modified_gmt":"2026-03-20T19:43:24","slug":"adaptador-hdmi-para-amplificar-o-repetir-la-senal-de-los-cables-hdmi-booster-a-una-distancia-de-40-metros-soporta-resoluciones-4k-x-2k","status":"publish","type":"product","link":"https:\/\/soydeaqui.ddns.net\/pachuca\/index.php\/producto\/adaptador-hdmi-para-amplificar-o-repetir-la-senal-de-los-cables-hdmi-booster-a-una-distancia-de-40-metros-soporta-resoluciones-4k-x-2k\/","title":{"rendered":"Adaptador HDMI para Amplificar o Repetir la se\u00f1al de los cables HDMI (Booster) a una distancia de 40 metros \/ Soporta resoluciones  4K x 2K."},"content":{"rendered":"<div style='width: 100%; max-width: 1200px; margin: 0 auto; font-family: sans-serif; line-height: 1.6; color: inherit; background-color: transparent;'>\n<div style='text-align: center; margin-bottom: 30px;'>\n<h1 style='font-size: 28px; color: inherit; margin: 0 0 10px 0;'><strong>TT168-4K<\/strong><\/h1>\n<h3 style='color: inherit; opacity: 0.7; margin: 0 0 20px 0;'>Amplificador y repetidor HDMI hasta 40 metros<\/h3>\n<p style='font-size: 15px; color: inherit; margin: 0 70px;'>Este mini repetidor HDMI utiliza la \u00faltima tecnolog\u00eda para regenerar de nuevo la Se\u00f1al HDMI est\u00e1ndar mediante decodificaci\u00f3n y recodificaci\u00f3n. El regenerado La se\u00f1al HDMI se transmite a largas distancias sin ninguna p\u00e9rdida&comma; hasta 25m cuando 4Kx2K @ 60Hz&comma; 30m cuando 4Kx2K @ 30Hz y 40m cuando 1080p@60Hz. Es realmente una buena soluci\u00f3n para la transmisi\u00f3n AV en Aplicaciones de sistema de conferencia &comma; video&comma; multimedia&comma; sistema educativo&comma; entretenimiento dom\u00e9stico etc.<\/p>\n<\/p><\/div>\n<div style='display: flex; flex-wrap: wrap; gap: 30px; margin-bottom: 30px;'>\n<div style='flex: 1 1 300px; min-width: 280px;'>\n<div style='border: 1px solid rgba(150&comma;150&comma;150&comma;0.3); border-radius: 8px; overflow: hidden; display: flex; flex-direction: column;'>\n<div style='background-color: #eee; padding: 0;'> <img style='width: 100%; height: auto; border: none; border-radius: 0;' src='http:\/\/ftp3.syscom.mx\/usuarios\/hallende\/EPCOM%20Titanium\/TT-168-4K\/TT1684K-1.png' alt=''> <\/div>\n<div style='padding: 15px; border-top: 5px solid #165DF5;'>\n<h3 style='font-size: 20px; border-bottom: 2px solid currentColor; padding-bottom: 5px; margin-top: 0; color: inherit; opacity: 0.8;'>Caracter\u00edsticas Principales:<\/h3>\n<ul style='padding-left: 20px; font-size: 14px; color: inherit; list-style-type: disc;'>\n<li style='margin-bottom: 8px;'><strong>Permite amplificar los cables HDMI a 40 metros de distancia<\/strong><\/li>\n<li style='margin-bottom: 8px;'><strong>Admite HDMI2.0&comma; HDCP2.2&comma; compatible con HDCP1.4<\/strong><\/li>\n<li style='margin-bottom: 8px;'>Distancia de transmisi\u00f3n<\/li>\n<li style='margin-bottom: 8px;'><strong>4Kx2K@60Hz 25m (AWG22 Cable HDMI est\u00e1ndar)<\/strong><\/li>\n<li style='margin-bottom: 8px;'>4Kx2K@30Hz 30m (AWG22 Cable HDMI est\u00e1ndar)<\/li>\n<li style='margin-bottom: 8px;'><strong>1080P@60Hz 40m (AWG22 Cable HDMI est\u00e1ndar)<\/strong><\/li>\n<li style='margin-bottom: 8px;'><strong>Alimentado por la misma se\u00f1al de HDMI<\/strong><\/li>\n<\/ul><\/div>\n<\/p><\/div>\n<\/p><\/div>\n<div style='flex: 1 1 300px; min-width: 280px;'>\n<div style='border: 1px solid rgba(150&comma;150&comma;150&comma;0.3); border-radius: 8px; overflow: hidden; display: flex; flex-direction: column;'>\n<div style='background-color: #eee; padding: 0;'> <img style='width: 100%; height: auto; border: none; border-radius: 0;' src='http:\/\/ftp3.syscom.mx\/usuarios\/hallende\/EPCOM%20Titanium\/TT-168-4K\/TT1684K-2.png' alt=''> <\/div>\n<div style='padding: 15px; border-top: 5px solid #165DF5;'>\n<h3 style='font-size: 20px; border-bottom: 2px solid currentColor; padding-bottom: 5px; margin-top: 0; color: inherit; opacity: 0.8;'>Caracter\u00edsticas F\u00edsicas y El\u00e9ctricas:<\/h3>\n<ul style='padding-left: 20px; font-size: 14px; color: inherit; list-style-type: disc;'>\n<li style='margin-bottom: 8px;'><strong>Cable de Alimentaci\u00f3n incluido&comma; con entrada micro-usb<\/strong>\n<div style='color: blue; margin-top: 5px;'>No incluye adaptador USB (5Vcc \/ 1A)<\/div>\n<\/li>\n<li style='margin-bottom: 8px;'>Potencia de consumo 2.5 W<\/li>\n<li style='margin-bottom: 8px;'>Dimensiones 53.0 mm (L) x 25.9 mm (W) x 12.7 mm (H)<\/li>\n<li style='margin-bottom: 8px;'>Peso 37g<\/li>\n<li style='margin-bottom: 8px;'>Temperatura de operaci\u00f3n 0~50\u00b0<\/li>\n<li style='margin-bottom: 8px;'>Temperatura de almacenamiento -10~70\u00b0C<\/li>\n<li style='margin-bottom: 8px;'>Color Negro<\/li>\n<li style='margin-bottom: 8px;'><strong>1 A\u00f1o de Garant\u00eda por defectos de f\u00e1brica<\/strong><\/li>\n<\/ul><\/div>\n<\/p><\/div>\n<\/p><\/div>\n<div style='flex: 1 1 300px; min-width: 280px;'>\n<div style='border: 1px solid rgba(150&comma;150&comma;150&comma;0.3); border-radius: 8px; overflow: hidden; display: flex; flex-direction: column;'>\n<div style='background-color: #eee; padding: 0;'> <img style='width: 100%; height: auto; border: none; border-radius: 0;' src='http:\/\/ftp3.syscom.mx\/usuarios\/hallende\/EPCOM%20Titanium\/TT-168-4K\/TT1684K-3.png' alt=''> <\/div>\n<div style='padding: 15px; border-top: 5px solid #165DF5;'>\n<h3 style='font-size: 20px; border-bottom: 2px solid currentColor; padding-bottom: 5px; margin-top: 0; color: inherit; opacity: 0.8;'>Caracter\u00edsticas Destacadas:<\/h3>\n<ul style='padding-left: 20px; font-size: 14px; color: inherit; list-style-type: disc;'>\n<li style='margin-bottom: 8px;'><strong>Aumenta tu se\u00f1al HDMI: utiliza este repetidor para amplificar tu se\u00f1al HDMI 4K y extenderla hasta 40m usando cables HDMI certificados<\/strong><\/li>\n<li style='margin-bottom: 8px;'><strong>Este amplificador HDMI es f\u00e1cil de instalar y se puede ocultar para una instalaci\u00f3n discreta.<\/strong><\/li>\n<li style='margin-bottom: 8px;'>Dise\u00f1o de carcasa de aleaci\u00f3n de aluminio&comma; estable y duradero<\/li>\n<li style='margin-bottom: 8px;'>Protecci\u00f3n contra rayos&comma; protecci\u00f3n contra sobretensiones&comma; protecci\u00f3n ESD.<\/li>\n<li style='margin-bottom: 8px;'>\n<div style='color: red;'>Puede ser alimentado por una fuente externa USB cuando la transmisi\u00f3n \/ conexi\u00f3n no es estable&comma; o la salida no es fluida<\/div>\n<\/li>\n<\/ul><\/div>\n<\/p><\/div>\n<\/p><\/div>\n<\/p><\/div>\n<div style='margin-bottom: 30px;'> <img style='width: 100%; height: auto; border: 1px solid rgba(150&comma;150&comma;150&comma;0.3); border-radius: 8px;' src='http:\/\/ftp3.syscom.mx\/usuarios\/hallende\/EPCOM%20Titanium\/TT-168-4K\/TT168-4K%20Esp.jpg' alt=''> <\/div>\n<div style='position: relative; padding-bottom: 56.25%; height: 0; overflow: hidden; margin-bottom: 30px;'>   <\/div>\n<\/p><\/div>\n","protected":false},"excerpt":{"rendered":"<p>Adaptador HDMI para Amplificar o Repetir la se\u00f1al de los cables HDMI (Booster) a una distancia de 40 metros \/ Soporta resoluciones  4K x 2K.<\/p>\n","protected":false},"featured_media":110274,"comment_status":"open","ping_status":"closed","template":"","meta":[],"product_brand":[],"product_cat":[2073,2074,2077,2075,2072,2076],"product_tag":[417,2079,2080,2083,507,2081,2078,2082],"class_list":{"0":"post-110275","1":"product","2":"type-product","3":"status-publish","4":"has-post-thumbnail","6":"product_cat-convertidores","7":"product_cat-divisores","8":"product_cat-dvi","9":"product_cat-hdmi","10":"product_cat-kits-extensores","11":"product_cat-vga","12":"product_tag-accesorios-generales","13":"product_tag-convertidores","14":"product_tag-divisores","15":"product_tag-dvi","16":"product_tag-epcom-titanium","17":"product_tag-hdmi","18":"product_tag-kits-extensores","19":"product_tag-vga","21":"first","22":"instock","23":"sale","24":"shipping-taxable","25":"purchasable","26":"product-type-simple"},"_links":{"self":[{"href":"https:\/\/soydeaqui.ddns.net\/pachuca\/index.php\/wp-json\/wp\/v2\/product\/110275","targetHints":{"allow":["GET"]}}],"collection":[{"href":"https:\/\/soydeaqui.ddns.net\/pachuca\/index.php\/wp-json\/wp\/v2\/product"}],"about":[{"href":"https:\/\/soydeaqui.ddns.net\/pachuca\/index.php\/wp-json\/wp\/v2\/types\/product"}],"replies":[{"embeddable":true,"href":"https:\/\/soydeaqui.ddns.net\/pachuca\/index.php\/wp-json\/wp\/v2\/comments?post=110275"}],"wp:featuredmedia":[{"embeddable":true,"href":"https:\/\/soydeaqui.ddns.net\/pachuca\/index.php\/wp-json\/wp\/v2\/media\/110274"}],"wp:attachment":[{"href":"https:\/\/soydeaqui.ddns.net\/pachuca\/index.php\/wp-json\/wp\/v2\/media?parent=110275"}],"wp:term":[{"taxonomy":"product_brand","embeddable":true,"href":"https:\/\/soydeaqui.ddns.net\/pachuca\/index.php\/wp-json\/wp\/v2\/product_brand?post=110275"},{"taxonomy":"product_cat","embeddable":true,"href":"https:\/\/soydeaqui.ddns.net\/pachuca\/index.php\/wp-json\/wp\/v2\/product_cat?post=110275"},{"taxonomy":"product_tag","embeddable":true,"href":"https:\/\/soydeaqui.ddns.net\/pachuca\/index.php\/wp-json\/wp\/v2\/product_tag?post=110275"}],"curies":[{"name":"wp","href":"https:\/\/api.w.org\/{rel}","templated":true}]}}