{"id":110219,"date":"2026-03-20T19:40:02","date_gmt":"2026-03-20T19:40:02","guid":{"rendered":"https:\/\/soydeaqui.ddns.net\/pachuca\/index.php\/producto\/eyeball-turbohd-4k-8-megapixel-lente-mot-2-7-a-13-5-mm-ir-exir-60-mts-exterior-ip67-dwdr-tvi-ahd-cvi-cvbs-9-a-15-vcc\/"},"modified":"2026-03-20T19:40:14","modified_gmt":"2026-03-20T19:40:14","slug":"eyeball-turbohd-4k-8-megapixel-lente-mot-2-7-a-13-5-mm-ir-exir-60-mts-exterior-ip67-dwdr-tvi-ahd-cvi-cvbs-9-a-15-vcc","status":"publish","type":"product","link":"https:\/\/soydeaqui.ddns.net\/pachuca\/index.php\/producto\/eyeball-turbohd-4k-8-megapixel-lente-mot-2-7-a-13-5-mm-ir-exir-60-mts-exterior-ip67-dwdr-tvi-ahd-cvi-cvbs-9-a-15-vcc\/","title":{"rendered":"Eyeball TURBOHD 4K (8 Megapixel) \/ Lente Mot. 2.7 a 13.5 mm \/ IR EXIR 60 mts \/ Exterior IP67 \/ dWDR \/ TVI-AHD-CVI-CVBS \/ 9 a 15 Vcc"},"content":{"rendered":"<div style='width: 100%; max-width: 1200px; margin: 0 auto; font-family: sans-serif; line-height: 1.6; color: inherit; background-color: transparent;'> <!-- Logo HIKVISION --> <\/p>\n<div style='width: 100%; margin: 20px 0;'> <img style='width: 100%; height: auto; border: 1px solid rgba(150&comma;150&comma;150&comma;0.3); border-radius: 8px;' src='http:\/\/ftp3.syscom.mx\/usuarios\/jdelafuente\/HIKVISION\/hikvision%20logo%20complete.png' alt='Logo HIKVISION'> <\/div>\n<p> <!-- Video YouTube --> <\/p>\n<div style='position: relative; padding-bottom: 56.25%; height: 0; overflow: hidden; margin: 30px 0;'>   <\/div>\n<p> <!-- Caracter\u00edsticas principales --> <\/p>\n<div style='display: flex; flex-wrap: wrap; gap: 30px; margin-bottom: 30px;'>\n<div style='flex: 1 1 300px; min-width: 280px;'>\n<h3 style='font-size: 22px; border-bottom: 2px solid currentColor; padding-bottom: 5px; margin-top: 0; color: inherit; opacity: 0.8;'>Caracter\u00edsticas principales<\/h3>\n<ul style='padding-left: 20px; font-size: 15px; color: inherit;'>\n<li style='margin-bottom: 5px;'>Resoluci\u00f3n m\u00e1xima: 8.29 Megapixel (3840 x 2160).<\/li>\n<li style='margin-bottom: 5px;'>Sensor CMOS scan progresivo.<\/li>\n<li style='margin-bottom: 5px;'>Lente Motorizado: 2.7 &#8211; 13.5 mm (\u00e1ngulo de visi\u00f3n 108.1 a 45.6\u00b0).<\/li>\n<li style='margin-bottom: 5px;'>60 mts IR EXIR.<\/li>\n<li style='margin-bottom: 5px;'>Permite seleccionar la resoluci\u00f3n entre 8 Megapixel \/ 5 Megapixel \/ 4 Megapixel \/ 2 Megapixel.<\/li>\n<li style='margin-bottom: 5px;'>Funciones: dWDR \/ BLC \/ DNR \/ Mirror.<\/li>\n<\/ul><\/div>\n<p> <!-- Caracter\u00edsticas F\u00edsicas y El\u00e9ctricas --> <\/p>\n<div style='flex: 1 1 300px; min-width: 280px;'>\n<h3 style='font-size: 22px; border-bottom: 2px solid currentColor; padding-bottom: 5px; margin-top: 0; color: inherit; opacity: 0.8;'>Caracter\u00edsticas F\u00edsicas y El\u00e9ctricas<\/h3>\n<ul style='padding-left: 20px; font-size: 15px; color: inherit;'>\n<li style='margin-bottom: 5px;'>Temperatura de operaci\u00f3n: -40\u00baC a 60\u00baC.<\/li>\n<li style='margin-bottom: 5px;'>Alimentaci\u00f3n: 9 a 15 Vcc \/ 8.6 Watts.<\/li>\n<li style='margin-bottom: 5px;'>Protecci\u00f3n: IP67.<\/li>\n<li style='margin-bottom: 5px;'>Fabricado en metal.<\/li>\n<li style='margin-bottom: 5px;'>Dimensiones: 134.3 x 123.86 x 110.24mm<\/li>\n<li style='margin-bottom: 5px;'>Peso: 580 grs.<\/li>\n<\/ul><\/div>\n<\/p><\/div>\n<p> <!-- Accesorios --> <\/p>\n<div style='margin-bottom: 30px;'>\n<h3 style='font-size: 22px; border-bottom: 2px solid currentColor; padding-bottom: 5px; margin-top: 0; color: inherit; opacity: 0.8;'>Accesorios<\/h3>\n<ul style='padding-left: 20px; font-size: 15px; color: inherit;'>\n<li style='margin-bottom: 5px;'><strong>Montaje de pared&comma; modelo:<\/strong> <a href='https:\/\/www.syscom.mx\/producto\/DS-1273ZJ-130TRL-HIKVISION-75317.html' style='color: #0091ff; text-decoration: none;'>DS-1273ZJ-130-TRL<\/a><\/li>\n<li style='margin-bottom: 5px;'><strong>Montaje de poste vertical&comma; modelo:<\/strong> <a href='https:\/\/www.syscom.mx\/producto\/DS-1275ZJ-SUS-HIKVISION-156172.html' style='color: #0091ff; text-decoration: none;'>DS-1275ZJ-SUS<\/a><\/li>\n<li style='margin-bottom: 5px;'><strong>Montaje de esquina&comma; modelo:<\/strong> <a href='https:\/\/www.syscom.mx\/producto\/DS-1276ZJ-SUS-HIKVISION-156173.html' style='color: #0091ff; text-decoration: none;'>DS-1276ZJ-SUS<\/a><\/li>\n<li style='margin-bottom: 5px;'><strong>Caja de conexiones&comma; modelo:<\/strong> <a href='https:\/\/www.syscom.mx\/producto\/DS-1280ZJ-M-HIKVISION-84934.html' style='color: #0091ff; text-decoration: none;'>DS-1280ZJ-M<\/a><\/li>\n<li style='margin-bottom: 5px;'><strong>Montaje de techo inclinado&comma; modelo:<\/strong> <a href='https:\/\/www.syscom.mx\/producto\/DS-1281ZJ-M-HIKVISION-84935.html' style='color: #0091ff; text-decoration: none;'>DS-1281ZJ-M<\/a><\/li>\n<\/ul><\/div>\n<p> <!-- Separador --> <\/p>\n<hr style='border: 0; border-top: 1px solid rgba(150&comma; 150&comma; 150&comma; 0.3); margin: 30px 0;'> <!-- Imagen 4K --> <\/p>\n<div style='width: 100%; margin: 20px 0;'> <img style='width: 100%; height: auto; border: 1px solid rgba(150&comma;150&comma;150&comma;0.3); border-radius: 8px;' src='https:\/\/ftp3.syscom.mx\/usuarios\/jsosa\/GIF\/4Ka.jpg' alt='Imagen 4K'> <\/div>\n<\/p><\/div>\n","protected":false},"excerpt":{"rendered":"<p>Eyeball TURBOHD 4K (8 Megapixel) \/ Lente Mot. 2.7 a 13.5 mm \/ IR EXIR 60 mts \/ Exterior IP67 \/ dWDR \/ TVI-AHD-CVI-CVBS \/ 9 a 15 Vcc<\/p>\n","protected":false},"featured_media":110218,"comment_status":"open","ping_status":"closed","template":"","meta":[],"product_brand":[],"product_cat":[2269],"product_tag":[2255,2057,54],"class_list":{"0":"post-110219","1":"product","2":"type-product","3":"status-publish","4":"has-post-thumbnail","6":"product_cat-domo-eyeball-turret-camaras-y-dvrs-hd-turbohd-ahd-hd-tvi","7":"product_tag-camaras-y-dvrs-hd-turbohd-ahd-hd-tvi","8":"product_tag-domo-eyeball-turret","9":"product_tag-hikvision","11":"first","12":"instock","13":"sale","14":"shipping-taxable","15":"purchasable","16":"product-type-simple"},"_links":{"self":[{"href":"https:\/\/soydeaqui.ddns.net\/pachuca\/index.php\/wp-json\/wp\/v2\/product\/110219","targetHints":{"allow":["GET"]}}],"collection":[{"href":"https:\/\/soydeaqui.ddns.net\/pachuca\/index.php\/wp-json\/wp\/v2\/product"}],"about":[{"href":"https:\/\/soydeaqui.ddns.net\/pachuca\/index.php\/wp-json\/wp\/v2\/types\/product"}],"replies":[{"embeddable":true,"href":"https:\/\/soydeaqui.ddns.net\/pachuca\/index.php\/wp-json\/wp\/v2\/comments?post=110219"}],"wp:featuredmedia":[{"embeddable":true,"href":"https:\/\/soydeaqui.ddns.net\/pachuca\/index.php\/wp-json\/wp\/v2\/media\/110218"}],"wp:attachment":[{"href":"https:\/\/soydeaqui.ddns.net\/pachuca\/index.php\/wp-json\/wp\/v2\/media?parent=110219"}],"wp:term":[{"taxonomy":"product_brand","embeddable":true,"href":"https:\/\/soydeaqui.ddns.net\/pachuca\/index.php\/wp-json\/wp\/v2\/product_brand?post=110219"},{"taxonomy":"product_cat","embeddable":true,"href":"https:\/\/soydeaqui.ddns.net\/pachuca\/index.php\/wp-json\/wp\/v2\/product_cat?post=110219"},{"taxonomy":"product_tag","embeddable":true,"href":"https:\/\/soydeaqui.ddns.net\/pachuca\/index.php\/wp-json\/wp\/v2\/product_tag?post=110219"}],"curies":[{"name":"wp","href":"https:\/\/api.w.org\/{rel}","templated":true}]}}