{"id":110193,"date":"2026-03-20T19:38:40","date_gmt":"2026-03-20T19:38:40","guid":{"rendered":"https:\/\/soydeaqui.ddns.net\/pachuca\/index.php\/producto\/extensor-ultra-poe-de-65-watts-con-4-puertos-gigabit-de-salida-802-3-af-at\/"},"modified":"2026-03-20T19:38:52","modified_gmt":"2026-03-20T19:38:52","slug":"extensor-ultra-poe-de-65-watts-con-4-puertos-gigabit-de-salida-802-3-af-at","status":"publish","type":"product","link":"https:\/\/soydeaqui.ddns.net\/pachuca\/index.php\/producto\/extensor-ultra-poe-de-65-watts-con-4-puertos-gigabit-de-salida-802-3-af-at\/","title":{"rendered":"Extensor Ultra PoE de 65 Watts Con 4 Puertos Gigabit de Salida 802.3 af\/at"},"content":{"rendered":"<div style='width: 100%; max-width: 1200px; margin: 0 auto; font-family: sans-serif; line-height: 1.6; color: inherit; background-color: transparent;'> <!-- Im\u00e1genes de iconos --> <\/p>\n<div style='display: flex; flex-wrap: wrap; gap: 15px; justify-content: center; margin-bottom: 30px;'> <img style='width: auto; height: 40px; border: 1px solid rgba(150&comma;150&comma;150&comma;0.3); border-radius: 8px;' src='https:\/\/www.planet.com.tw\/storage\/icons\/623\/4icon_95W_PoE++.png' alt=''> <img style='width: auto; height: 40px; border: 1px solid rgba(150&comma;150&comma;150&comma;0.3); border-radius: 8px;' src='https:\/\/www.planet.com.tw\/storage\/icons\/8icon_802.3at_802.3af_End-span.png' alt=''> <img style='width: auto; height: 40px; border: 1px solid rgba(150&comma;150&comma;150&comma;0.3); border-radius: 8px;' src='https:\/\/www.planet.com.tw\/storage\/icons\/7icon_10M_100M_1000M.png' alt=''> <img style='width: auto; height: 40px; border: 1px solid rgba(150&comma;150&comma;150&comma;0.3); border-radius: 8px;' src='https:\/\/www.planet.com.tw\/storage\/icons\/6icon_Wall-Mount.png' alt=''> <img style='width: auto; height: 40px; border: 1px solid rgba(150&comma;150&comma;150&comma;0.3); border-radius: 8px;' src='https:\/\/www.planet.com.tw\/storage\/icons\/4icon_plug_play.png' alt=''> <img style='width: auto; height: 40px; border: 1px solid rgba(150&comma;150&comma;150&comma;0.3); border-radius: 8px;' src='https:\/\/www.planet.com.tw\/storage\/icons\/7icon_Metal-Housing.png' alt=''> <\/div>\n<p> <!-- Imagen principal y descripci\u00f3n --> <\/p>\n<div style='display: flex; flex-wrap: wrap; gap: 30px; margin-bottom: 30px;'>\n<div style='flex: 1 1 300px; min-width: 280px;'> <img style='width: 100%; height: auto; border: 1px solid rgba(150&comma;150&comma;150&comma;0.3); border-radius: 8px;' src='https:\/\/www.planet.com.tw\/storage\/products\/49296\/edm_POE-E304_v2.jpg' alt=''> <\/div>\n<div style='flex: 1 1 300px; min-width: 280px;'> <img style='width: 100%; height: auto; border: 1px solid rgba(150&comma;150&comma;150&comma;0.3); border-radius: 8px;' src='https:\/\/ftp3.syscom.mx\/usuarios\/fotos\/POEE304\/161445-poe-e304-4_l.png' alt=''> <\/p>\n<h3 style='font-size: 22px; border-bottom: 2px solid currentColor; padding-bottom: 5px; margin-top: 20px; margin-bottom: 15px; color: inherit; opacity: 0.8;'>Instalaci\u00f3n Plug and Play<\/h3>\n<p style='font-size: 15px; color: inherit; margin-bottom: 15px;'>El POE-E304 Se utiliza entre el equipo de alimentaci\u00f3n (PSE) y un dispositivo alimentado (PD) ofreciendo una soluci\u00f3n rentable y r\u00e1pida para duplicar el rango est\u00e1ndar de PoE de 100 a 200 metros.<\/p>\n<\/p><\/div>\n<\/p><\/div>\n<p> <!-- Especificaciones F\u00edsicas --> <\/p>\n<div style='display: flex; flex-wrap: wrap; gap: 20px; margin-bottom: 30px;'>\n<div style='flex: 1 1 250px; border: 1px solid rgba(150&comma; 150&comma; 150&comma; 0.4); border-radius: 8px; overflow: hidden; display: flex; flex-direction: column;'>\n<div style='padding: 15px; border-bottom: 1px solid rgba(150&comma; 150&comma; 150&comma; 0.2); font-weight: bold; font-size: 18px; color: inherit; background-color: #7f9cd3; color: #ffffff;'>Especificaciones Fisicas<\/div>\n<div style='padding: 15px; color: inherit;'>\n<ul style='padding-left: 20px; margin: 0; font-size: 14px; list-style-type: disc;'>\n<li style='margin-bottom: 5px;'><strong>Puertos de Red:<\/strong> 1 x 10\/100\/1000BASE-T Ethernet with Ultra PoE &#8216;Data + DC&#8217; in&comma; auto MDI\/MDI-X&comma; auto-negotiation RJ45 connector. 4 x 10\/100\/1000BASE-T Ethernet with IEEE 802.3at\/802.3af PoE &#8216;Data + DC&#8217; out&comma; auto MDI\/MDI-X&comma; auto-negotiation RJ45 connector<\/li>\n<li style='margin-bottom: 5px;'><strong>Negociaci\u00f3n:<\/strong> 10\/100\/1000Mbps<\/li>\n<li style='margin-bottom: 5px;'><strong>Switch:<\/strong> Store-and-Forward<\/li>\n<li style='margin-bottom: 5px;'><strong>Tabla MAC Address:<\/strong> 2K<\/li>\n<li style='margin-bottom: 5px;'><strong>Data Buffer:<\/strong> 2Mbits<\/li>\n<li style='margin-bottom: 5px;'><strong>Switch Fabric:<\/strong> 10Gbps<\/li>\n<li style='margin-bottom: 5px;'><strong>Switch Throughput:<\/strong> 7.44Mpps @ 64 bytes<\/li>\n<li style='margin-bottom: 5px;'><strong>Jumbo Frame:<\/strong> 9K<\/li>\n<li style='margin-bottom: 5px;'><strong>Flow Control:<\/strong> IEEE 802.3x pause frame for full duplex&comma; Back pressure for half duplex<\/li>\n<li style='margin-bottom: 5px;'><strong>LED Indicators:<\/strong> PoE In Port: 10\/100 LNK\/ACT (Orange)&comma; 1000 LNK\/ACT (Green). PoE Out Port 1 to Port 4: 10\/100 LNK\/ACT (Orange)&comma; 1000 LNK\/ACT (Green)&comma; PoE-in-Use (Orange)&comma; PoE Max. (Orange)<\/li>\n<li style='margin-bottom: 5px;'><strong>Protecci\u00f3n:<\/strong> ESD (Ethernet): 6KV&comma; Surge (EFT for power): 2KV<\/li>\n<li style='margin-bottom: 5px;'><strong>Enclosure:<\/strong> Metal<\/li>\n<li style='margin-bottom: 5px;'><strong>Instalaci\u00f3n:<\/strong> Desktop\/Wall mountable<\/li>\n<li style='margin-bottom: 5px;'><strong>Dimensiones (W x D x H):<\/strong> 160 x 92.5 x 28 mm<\/li>\n<li style='margin-bottom: 5px;'><strong>Peso:<\/strong> 370g<\/li>\n<li style='margin-bottom: 5px;'><strong>Requerimientos Energeticos:<\/strong> PoE In: IEEE 802.3bt or 4-pair 802.3at PoE+ compliant with voltage within 50V-56V DC. External DC: 50~56V DC<\/li>\n<li style='margin-bottom: 5px;'><strong>Consumo Energetico:<\/strong> 4 watts\/13.7BTU (System on with PoE input)&comma; 6 watts\/20.6BTU (Ethernet full loading without PoE function)&comma; 60 watts\/205.9BTU (Full loading with PoE function)<\/li>\n<li style='margin-bottom: 5px;'><strong>Cableado:<\/strong> 10BASE-T: 4-pair UTP Cat5 up to 100m (328ft)&comma; 100BASE-TX: 4-pair UTP Cat5 up to 100m (328ft)&comma; 1000BASE-T: 4-pair UTP Cat5e&comma; 6&comma; up to 100m (328ft)&comma; EIA\/TIA-568 100-ohm STP (100m&comma; 328ft)<\/li>\n<\/ul><\/div>\n<\/p><\/div>\n<\/p><\/div>\n<p> <!-- Power over Ethernet --> <\/p>\n<div style='display: flex; flex-wrap: wrap; gap: 20px; margin-bottom: 30px;'>\n<div style='flex: 1 1 250px; border: 1px solid rgba(150&comma; 150&comma; 150&comma; 0.4); border-radius: 8px; overflow: hidden; display: flex; flex-direction: column;'>\n<div style='padding: 15px; border-bottom: 1px solid rgba(150&comma; 150&comma; 150&comma; 0.2); font-weight: bold; font-size: 18px; color: inherit; background-color: #7f9cd3; color: #ffffff;'>Power over Ethernet<\/div>\n<div style='padding: 15px; color: inherit;'>\n<ul style='padding-left: 20px; margin: 0; font-size: 14px; list-style-type: disc;'>\n<li style='margin-bottom: 5px;'><strong>PoE:<\/strong> PoE In Port: Ultra Power over Ethernet end-span\/mid-span PD class 4 PD. Per PoE Out Port: IEEE 802.3at Power over Ethernet Plus end-span PSE&comma; IEEE 802.3af Power over Ethernet end-span PSE<\/li>\n<li style='margin-bottom: 5px;'><strong>Alimentaci\u00f3n PoE:<\/strong> PoE In Port: 50~56V DC&comma; max. 60 watts. Per PoE Out Port: 44~55V DC&comma; max. 30.8 watts. <span style='color: #e67e23; font-weight: bold;'>No incluye Fuente de voltaje<\/span><\/li>\n<li style='margin-bottom: 5px;'><strong>Configuraci\u00f3n de Pines:<\/strong> PoE In Port: 1\/2 (+)&comma; 3\/6 (-); 4\/5 (+)&comma; 7\/8 (-) or 1\/2(-)&comma; 3\/6(+); 4\/5(+)&comma; 7\/8(-). Per PoE Out Port: 1\/2 (+)&comma; 3\/6 (-)&comma; end-span (Type A)<\/li>\n<li style='margin-bottom: 5px;'><strong>Presupuesto de Alimentaci\u00f3n PoE:<\/strong> 50 watts (max.) @ Ultra PoE input&comma; 20 watts (max.) @ IEEE 802.3at PoE+ input<\/li>\n<\/ul><\/div>\n<\/p><\/div>\n<\/p><\/div>\n<p> <!-- Standard Conformance --> <\/p>\n<div style='display: flex; flex-wrap: wrap; gap: 20px; margin-bottom: 30px;'>\n<div style='flex: 1 1 250px; border: 1px solid rgba(150&comma; 150&comma; 150&comma; 0.4); border-radius: 8px; overflow: hidden; display: flex; flex-direction: column;'>\n<div style='padding: 15px; border-bottom: 1px solid rgba(150&comma; 150&comma; 150&comma; 0.2); font-weight: bold; font-size: 18px; color: inherit; background-color: #7f9cd3; color: #ffffff;'>Standard Conformance<\/div>\n<div style='padding: 15px; color: inherit;'>\n<ul style='padding-left: 20px; margin: 0; font-size: 14px; list-style-type: disc;'>\n<li style='margin-bottom: 5px;'><strong>Regulatory Compliance:<\/strong> FCC Part 15 Class A&comma; CE<\/li>\n<li style='margin-bottom: 5px;'><strong>Standard Compliance:<\/strong> IEEE 802.3 10BASE-T Ethernet&comma; IEEE 802.3u 100BASE-TX Fast Ethernet&comma; IEEE 802.3ab 1000BASE-T Gigabit Ethernet&comma; IEEE 802.3af Power over Ethernet&comma; IEEE 802.3at Power over Ethernet Plus&comma; IEEE 802.3x Flow Control<\/li>\n<\/ul><\/div>\n<\/p><\/div>\n<\/p><\/div>\n<p> <!-- Environment --> <\/p>\n<div style='display: flex; flex-wrap: wrap; gap: 20px;'>\n<div style='flex: 1 1 250px; border: 1px solid rgba(150&comma; 150&comma; 150&comma; 0.4); border-radius: 8px; overflow: hidden; display: flex; flex-direction: column;'>\n<div style='padding: 15px; border-bottom: 1px solid rgba(150&comma; 150&comma; 150&comma; 0.2); font-weight: bold; font-size: 18px; color: inherit; background-color: #7f9cd3; color: #ffffff;'>Environment<\/div>\n<div style='padding: 15px; color: inherit;'>\n<ul style='padding-left: 20px; margin: 0; font-size: 14px; list-style-type: disc;'>\n<li style='margin-bottom: 5px;'><strong>Operaci\u00f3n:<\/strong> Temperature: 0 ~ 50 degrees C&comma; Relative Humidity: 5 ~ 95% (non-condensing)<\/li>\n<li style='margin-bottom: 5px;'><strong>Almacenamiento:<\/strong> Temperature: -10 ~ 70 degrees C&comma; Relative Humidity: 5 ~ 95% (non-condensing)<\/li>\n<\/ul><\/div>\n<\/p><\/div>\n<\/p><\/div>\n<\/p><\/div>\n","protected":false},"excerpt":{"rendered":"<p>Extensor Ultra PoE de 65 Watts Con 4 Puertos Gigabit de Salida 802.3 af\/at<\/p>\n","protected":false},"featured_media":110192,"comment_status":"open","ping_status":"closed","template":"","meta":[],"product_brand":[],"product_cat":[1322],"product_tag":[664,2033,1323],"class_list":{"0":"post-110193","1":"product","2":"type-product","3":"status-publish","4":"has-post-thumbnail","6":"product_cat-poe-de-largo-alcance","7":"product_tag-networking","8":"product_tag-planet","9":"product_tag-poe-de-largo-alcance","11":"first","12":"instock","13":"sale","14":"shipping-taxable","15":"purchasable","16":"product-type-simple"},"_links":{"self":[{"href":"https:\/\/soydeaqui.ddns.net\/pachuca\/index.php\/wp-json\/wp\/v2\/product\/110193","targetHints":{"allow":["GET"]}}],"collection":[{"href":"https:\/\/soydeaqui.ddns.net\/pachuca\/index.php\/wp-json\/wp\/v2\/product"}],"about":[{"href":"https:\/\/soydeaqui.ddns.net\/pachuca\/index.php\/wp-json\/wp\/v2\/types\/product"}],"replies":[{"embeddable":true,"href":"https:\/\/soydeaqui.ddns.net\/pachuca\/index.php\/wp-json\/wp\/v2\/comments?post=110193"}],"wp:featuredmedia":[{"embeddable":true,"href":"https:\/\/soydeaqui.ddns.net\/pachuca\/index.php\/wp-json\/wp\/v2\/media\/110192"}],"wp:attachment":[{"href":"https:\/\/soydeaqui.ddns.net\/pachuca\/index.php\/wp-json\/wp\/v2\/media?parent=110193"}],"wp:term":[{"taxonomy":"product_brand","embeddable":true,"href":"https:\/\/soydeaqui.ddns.net\/pachuca\/index.php\/wp-json\/wp\/v2\/product_brand?post=110193"},{"taxonomy":"product_cat","embeddable":true,"href":"https:\/\/soydeaqui.ddns.net\/pachuca\/index.php\/wp-json\/wp\/v2\/product_cat?post=110193"},{"taxonomy":"product_tag","embeddable":true,"href":"https:\/\/soydeaqui.ddns.net\/pachuca\/index.php\/wp-json\/wp\/v2\/product_tag?post=110193"}],"curies":[{"name":"wp","href":"https:\/\/api.w.org\/{rel}","templated":true}]}}