{"id":110184,"date":"2026-03-20T19:38:10","date_gmt":"2026-03-20T19:38:10","guid":{"rendered":"https:\/\/soydeaqui.ddns.net\/pachuca\/index.php\/producto\/monitor-7-tft-lcd-ideal-para-colocar-en-vehiculos-o-dvr-nvr-entradas-de-video-hdmi-vga-y-rca-cvbs\/"},"modified":"2026-03-20T19:38:30","modified_gmt":"2026-03-20T19:38:30","slug":"monitor-7-tft-lcd-ideal-para-colocar-en-vehiculos-o-dvr-nvr-entradas-de-video-hdmi-vga-y-rca-cvbs","status":"publish","type":"product","link":"https:\/\/soydeaqui.ddns.net\/pachuca\/index.php\/producto\/monitor-7-tft-lcd-ideal-para-colocar-en-vehiculos-o-dvr-nvr-entradas-de-video-hdmi-vga-y-rca-cvbs\/","title":{"rendered":"Monitor 7&#8243; TFT-LCD ideal para colocar en veh\u00edculos o DVR\/NVR.  Entradas de video HDMI, VGA y RCA (CVBS)"},"content":{"rendered":"<div style='width: 100%; max-width: 1200px; margin: 0 auto; font-family: sans-serif; line-height: 1.6; color: inherit; background-color: transparent;'> <img style='width: 100%; height: auto; border: 1px solid rgba(150&comma;150&comma;150&comma;0.3); border-radius: 8px;' src='https:\/\/ftp3.syscom.mx\/usuarios\/anavarrete\/Monitores\/syscom-monitor%20%281%29.jpg' alt=''> <\/p>\n<p style='font-size: 15px; color: inherit; margin: 20px 0;'>Excelente monitor port\u00e1til de m\u00faltiples funciones como equipo de pruebas&comma; para ajustar c\u00e1maras&comma; instalaciones m\u00f3viles o simplemente para oficinas. Muy discretos y elegantes.<\/p>\n<div style='display: flex; flex-wrap: wrap; gap: 30px; margin-bottom: 30px;'>\n<div style='flex: 1 1 300px; min-width: 280px;'>\n<h3 style='font-size: 22px; border-bottom: 2px solid currentColor; padding-bottom: 5px; margin-top: 0; color: inherit; opacity: 0.8;'>Caracter\u00edsticas principales<\/h3>\n<ul style='padding-left: 20px; font-size: 15px; color: inherit;'>\n<li style='margin-bottom: 5px;'><strong>Tama\u00f1o:<\/strong> 7&#8242; TFT-LCD<\/li>\n<li style='margin-bottom: 5px;'><strong>Relaci\u00f3n de aspecto:<\/strong> 16:9<\/li>\n<li style='margin-bottom: 5px;'><strong>Brillo t\u00edpico:<\/strong> 300 cd\/m\u00b2<\/li>\n<li style='margin-bottom: 5px;'><strong>Resoluci\u00f3n:<\/strong> 1024 x 600 pix.<\/li>\n<\/ul><\/div>\n<div style='flex: 1 1 300px; min-width: 280px;'>\n<h3 style='font-size: 22px; border-bottom: 2px solid currentColor; padding-bottom: 5px; margin-top: 0; color: inherit; opacity: 0.8;'>Caracter\u00edsticas generales<\/h3>\n<ul style='padding-left: 20px; font-size: 15px; color: inherit;'>\n<li style='margin-bottom: 5px;'><strong>Entrada de Video:<\/strong> RCA(CVBS)\/HDMI\/VGA<\/li>\n<li style='margin-bottom: 5px;'><strong>Color:<\/strong> Negro<\/li>\n<li style='margin-bottom: 5px;'><strong>Montaje:<\/strong> Incluido<\/li>\n<li style='margin-bottom: 5px;'><strong>Control Remoto:<\/strong> Incluido<\/li>\n<li style='margin-bottom: 5px;'><strong>Men\u00fa:<\/strong> En pantalla<\/li>\n<\/ul><\/div>\n<div style='flex: 1 1 300px; min-width: 280px;'>\n<h3 style='font-size: 22px; border-bottom: 2px solid currentColor; padding-bottom: 5px; margin-top: 0; color: inherit; opacity: 0.8;'>Caracter\u00edsticas f\u00edsicas y el\u00e9ctricas<\/h3>\n<ul style='padding-left: 20px; font-size: 15px; color: inherit;'>\n<li style='margin-bottom: 5px;'><strong>Temperatura de operaci\u00f3n:<\/strong> -20 a 70 \u00b0C<\/li>\n<li style='margin-bottom: 5px;'><strong>Alimentaci\u00f3n:<\/strong> 12Vcc \/ 6W (No incluido&comma; ver adaptadores de pared)<\/li>\n<li style='margin-bottom: 5px;'><strong>Dimensiones:<\/strong> 173 x 113.7 x 35 mm.<\/li>\n<li style='margin-bottom: 5px;'><strong>Peso:<\/strong> 470 g.<\/li>\n<\/ul><\/div>\n<\/p><\/div>\n<div style='display: flex; flex-wrap: wrap; gap: 15px; margin-top: 30px;'>\n<div style='flex: 1 1 49%; min-width: 300px;'>\n<div style='position: relative; padding-bottom: 56.25%; height: 0; overflow: hidden; margin-bottom: 30px;'>   <\/div>\n<\/p><\/div>\n<div style='flex: 1 1 49%; min-width: 300px;'>\n<div style='position: relative; padding-bottom: 56.25%; height: 0; overflow: hidden; margin-bottom: 30px;'>   <\/div>\n<\/p><\/div>\n<\/p><\/div>\n<hr style='border: 0; border-top: 1px solid rgba(150&comma; 150&comma; 150&comma; 0.3); margin: 30px 0;'> <\/div>\n","protected":false},"excerpt":{"rendered":"<p>Monitor 7&#8243; TFT-LCD ideal para colocar en veh\u00edculos o DVR\/NVR.  Entradas de video HDMI, VGA y RCA (CVBS)<\/p>\n","protected":false},"featured_media":110183,"comment_status":"open","ping_status":"closed","template":"","meta":[],"product_brand":[],"product_cat":[2191],"product_tag":[2089,2192,63],"class_list":{"0":"post-110184","1":"product","2":"type-product","3":"status-publish","4":"has-post-thumbnail","6":"product_cat-pantallas-monitores-monitores-pantallas-y-mobiliario","7":"product_tag-monitores-pantallas-y-mobiliario","8":"product_tag-pantallas-monitores-2","9":"product_tag-syscom","11":"first","12":"outofstock","13":"sale","14":"shipping-taxable","15":"purchasable","16":"product-type-simple"},"_links":{"self":[{"href":"https:\/\/soydeaqui.ddns.net\/pachuca\/index.php\/wp-json\/wp\/v2\/product\/110184","targetHints":{"allow":["GET"]}}],"collection":[{"href":"https:\/\/soydeaqui.ddns.net\/pachuca\/index.php\/wp-json\/wp\/v2\/product"}],"about":[{"href":"https:\/\/soydeaqui.ddns.net\/pachuca\/index.php\/wp-json\/wp\/v2\/types\/product"}],"replies":[{"embeddable":true,"href":"https:\/\/soydeaqui.ddns.net\/pachuca\/index.php\/wp-json\/wp\/v2\/comments?post=110184"}],"wp:featuredmedia":[{"embeddable":true,"href":"https:\/\/soydeaqui.ddns.net\/pachuca\/index.php\/wp-json\/wp\/v2\/media\/110183"}],"wp:attachment":[{"href":"https:\/\/soydeaqui.ddns.net\/pachuca\/index.php\/wp-json\/wp\/v2\/media?parent=110184"}],"wp:term":[{"taxonomy":"product_brand","embeddable":true,"href":"https:\/\/soydeaqui.ddns.net\/pachuca\/index.php\/wp-json\/wp\/v2\/product_brand?post=110184"},{"taxonomy":"product_cat","embeddable":true,"href":"https:\/\/soydeaqui.ddns.net\/pachuca\/index.php\/wp-json\/wp\/v2\/product_cat?post=110184"},{"taxonomy":"product_tag","embeddable":true,"href":"https:\/\/soydeaqui.ddns.net\/pachuca\/index.php\/wp-json\/wp\/v2\/product_tag?post=110184"}],"curies":[{"name":"wp","href":"https:\/\/api.w.org\/{rel}","templated":true}]}}