{"id":110170,"date":"2026-03-20T19:37:23","date_gmt":"2026-03-20T19:37:23","guid":{"rendered":"https:\/\/soydeaqui.ddns.net\/pachuca\/index.php\/producto\/switch-administrable-l3-24-puertos-10-100-1000-mbps-c-ultra-poe-400-watts-4-puertos-10g-sfp\/"},"modified":"2026-03-20T19:37:26","modified_gmt":"2026-03-20T19:37:26","slug":"switch-administrable-l3-24-puertos-10-100-1000-mbps-c-ultra-poe-400-watts-4-puertos-10g-sfp","status":"publish","type":"product","link":"https:\/\/soydeaqui.ddns.net\/pachuca\/index.php\/producto\/switch-administrable-l3-24-puertos-10-100-1000-mbps-c-ultra-poe-400-watts-4-puertos-10g-sfp\/","title":{"rendered":"Switch Administrable L3 24 puertos 10\/100\/1000 Mbps c\/Ultra PoE 400 Watts, 4 Puertos 10G SFP+"},"content":{"rendered":"<div style='width: 100%; max-width: 1200px; margin: 0 auto; font-family: sans-serif; line-height: 1.6; color: inherit; background-color: transparent;'>\n<div style='display: flex; flex-wrap: wrap; gap: 30px; margin-bottom: 30px;'>\n<div style='flex: 1 1 300px; min-width: 280px;'>\n<h3 style='font-size: 22px; border-bottom: 2px solid currentColor; padding-bottom: 5px; margin-top: 0; color: inherit; opacity: 0.8;'>Caracter\u00edsticas<\/h3>\n<ul style='padding-left: 20px; font-size: 15px; color: inherit;'>\n<li style='margin-bottom: 5px;'>Switch administrable L3 con 24 puertos 10\/100\/1000 Mbps con Ultra PoE<\/li>\n<li style='margin-bottom: 5px;'>4 puertos 10G SFP+<\/li>\n<li style='margin-bottom: 5px;'>Presupuesto de potencia PoE de 400W<\/li>\n<li style='margin-bottom: 5px;'>Soporta IPv6\/IPv4 gesti\u00f3n dual stack<\/li>\n<li style='margin-bottom: 5px;'>Arquitectura de conmutaci\u00f3n almacenamiento y reenv\u00edo<\/li>\n<li style='margin-bottom: 5px;'>Soporta VLAN&comma; QoS&comma; IGMP Snooping&comma; MLD Snooping<\/li>\n<\/ul><\/div>\n<\/p><\/div>\n<div style='display: flex; flex-wrap: wrap; gap: 20px; margin-bottom: 30px;'>\n<div style='flex: 1 1 250px; border: 1px solid rgba(150&comma; 150&comma; 150&comma; 0.4); border-radius: 8px; overflow: hidden; display: flex; flex-direction: column;'>\n<div style='padding: 15px; border-bottom: 1px solid rgba(150&comma; 150&comma; 150&comma; 0.2); font-weight: bold; font-size: 18px; color: inherit;'>Especificaciones de hardware<\/div>\n<div style='padding: 15px; color: inherit;'>\n<ul style='padding-left: 20px; margin: 0; font-size: 14px; list-style-type: disc;'>\n<li style='margin-bottom: 5px;'><strong>Puertos:<\/strong> 24 puertos 10\/100\/1000BASE-T RJ45<\/li>\n<li style='margin-bottom: 5px;'><strong>Combinados SFP:<\/strong> 4 interfaces 100\/1000BASE-X SFP<\/li>\n<li style='margin-bottom: 5px;'><strong>SFP+:<\/strong> 4 interfaces 10GbASE-SR\/LR SFP+<\/li>\n<li style='margin-bottom: 5px;'><strong>Arquitectura:<\/strong> Almacenamiento y reenv\u00edo<\/li>\n<li style='margin-bottom: 5px;'><strong>Tel\u00e9fono:<\/strong> 128 Gbps<\/li>\n<li style='margin-bottom: 5px;'><strong>Rendimiento:<\/strong> 95.23Mpps@64Bytes<\/li>\n<li style='margin-bottom: 5px;'><strong>Memoria:<\/strong> 32M bits<\/li>\n<li style='margin-bottom: 5px;'><strong>Dimensiones:<\/strong> 440 x 300 x 44.5 mm<\/li>\n<li style='margin-bottom: 5px;'><strong>Peso:<\/strong> 4551g (GS-5220-24UP4X)&comma; 4588g (GS-5220-24UP4XR)<\/li>\n<\/ul><\/div>\n<\/p><\/div>\n<div style='flex: 1 1 250px; border: 1px solid rgba(150&comma; 150&comma; 150&comma; 0.4); border-radius: 8px; overflow: hidden; display: flex; flex-direction: column;'>\n<div style='padding: 15px; border-bottom: 1px solid rgba(150&comma; 150&comma; 150&comma; 0.2); font-weight: bold; font-size: 18px; color: inherit;'>Especificaciones PoE<\/div>\n<div style='padding: 15px; color: inherit;'>\n<ul style='padding-left: 20px; margin: 0; font-size: 14px; list-style-type: disc;'>\n<li style='margin-bottom: 5px;'><strong>Estandar:<\/strong> IEEE 802.3af \/ 802.3at \/ 802.3bt<\/li>\n<li style='margin-bottom: 5px;'><strong>Modo:<\/strong> End-span \/ Mid-span \/ UPoE<\/li>\n<li style='margin-bottom: 5px;'><strong>Potencia por puerto:<\/strong> Hasta 75W<\/li>\n<li style='margin-bottom: 5px;'><strong>Presupuesto total:<\/strong> 400W<\/li>\n<li style='margin-bottom: 5px;'><strong>Capacidad:<\/strong> 24 dispositivos @ 15W&comma; 13 @ 30W&comma; 6 @ 60W<\/li>\n<\/ul><\/div>\n<\/p><\/div>\n<div style='flex: 1 1 250px; border: 1px solid rgba(150&comma; 150&comma; 150&comma; 0.4); border-radius: 8px; overflow: hidden; display: flex; flex-direction: column;'>\n<div style='padding: 15px; border-bottom: 1px solid rgba(150&comma; 150&comma; 150&comma; 0.2); font-weight: bold; font-size: 18px; color: inherit;'>Caracter\u00edsticas adicionales<\/div>\n<div style='padding: 15px; color: inherit;'>\n<ul style='padding-left: 20px; margin: 0; font-size: 14px; list-style-type: disc;'>\n<li style='margin-bottom: 5px;'>Control de flujo IEEE 802.3x para d\u00faplex completo<\/li>\n<li style='margin-bottom: 5px;'>Marco Jumbo 10K bytes<\/li>\n<li style='margin-bottom: 5px;'>3 ventiladores inteligentes<\/li>\n<li style='margin-bottom: 5px;'>Protecci\u00f3n ESD de 6KV DC<\/li>\n<li style='margin-bottom: 5px;'>Bot\u00f3n de reinicio (reset)<\/li>\n<li style='margin-bottom: 5px;'>Interfaz de consola RS232 a RJ45<\/li>\n<\/ul><\/div>\n<\/p><\/div>\n<\/p><\/div>\n<div style='display: flex; flex-wrap: wrap; gap: 30px; margin-bottom: 30px;'>\n<div style='flex: 1 1 300px; min-width: 280px;'>\n<h3 style='font-size: 22px; border-bottom: 2px solid currentColor; padding-bottom: 5px; margin-top: 0; color: inherit; opacity: 0.8;'>Ultra PoE de 4 pares<\/h3>\n<p style='font-size: 15px; color: inherit;'>El GS-5220-24UP4X soporta PoE de 4 pares seg\u00fan el est\u00e1ndar IEEE 802.3bt. Esto permite entregar hasta 75W por puerto PoE&comma; lo que lo hace ideal para dispositivos de alta potencia como domos PTZ&comma; clientes livianos&comma; pantallas de se\u00f1alizaci\u00f3n digital y PC t\u00e1ctiles todo en uno.<\/p>\n<p style='font-size: 15px; color: inherit;'>El sistema de 4 pares utiliza dos controladores PSE para alimentar tanto los pares de datos como los pares de repuesto&comma; permitiendo una mayor flexibilidad y capacidad de alimentaci\u00f3n.<\/p>\n<\/p><\/div>\n<\/p><\/div>\n<div style='display: flex; flex-wrap: wrap; gap: 30px; margin-bottom: 30px;'>\n<div style='flex: 1 1 300px; min-width: 280px;'>\n<h3 style='font-size: 22px; border-bottom: 2px solid currentColor; padding-bottom: 5px; margin-top: 0; color: inherit; opacity: 0.8;'>Funciones de gesti\u00f3n<\/h3>\n<ul style='padding-left: 20px; font-size: 15px; color: inherit;'>\n<li style='margin-bottom: 5px;'>Configuraci\u00f3n de puerto (deshabilitar\/habilitar&comma; velocidad&comma; d\u00faplex&comma; control de flujo)<\/li>\n<li style='margin-bottom: 5px;'>VLAN (802.1Q&comma; Q-in-Q&comma; VLAN privada&comma; VLAN basada en MAC&comma; protocolo&comma; IP&comma; voz)<\/li>\n<li style='margin-bottom: 5px;'>Link Aggregation (LACP&comma; trunk est\u00e1tico&comma; 14 grupos con 8 puertos por tronco)<\/li>\n<li style='margin-bottom: 5px;'>Spanning Tree (STP&comma; RSTP&comma; MSTP)<\/li>\n<li style='margin-bottom: 5px;'>QoS con 8 niveles de prioridad (basado en puerto&comma; 802.1p&comma; VLAN&comma; DSCP)<\/li>\n<li style='margin-bottom: 5px;'>IGMP Snooping (v1\/v2\/v3) con hasta 255 grupos<\/li>\n<li style='margin-bottom: 5px;'>MLD Snooping (v1\/v2) con hasta 255 grupos<\/li>\n<li style='margin-bottom: 5px;'>Listas de control de acceso (ACL) basadas en MAC e IP<\/li>\n<li style='margin-bottom: 5px;'>Control de ancho de banda (100Kbps ~ 1000Mbps)<\/li>\n<\/ul><\/div>\n<\/p><\/div>\n<div style='display: flex; flex-wrap: wrap; gap: 30px; margin-bottom: 30px;'>\n<div style='flex: 1 1 300px; min-width: 280px;'>\n<h3 style='font-size: 22px; border-bottom: 2px solid currentColor; padding-bottom: 5px; margin-top: 0; color: inherit; opacity: 0.8;'>Aplicaciones<\/h3>\n<ul style='padding-left: 20px; font-size: 15px; color: inherit;'>\n<li style='margin-bottom: 5px;'>Redes empresariales con dispositivos PoE de alta potencia<\/li>\n<li style='margin-bottom: 5px;'>Sistemas de videovigilancia con c\u00e1maras IP PTZ<\/li>\n<li style='margin-bottom: 5px;'>Pantallas de se\u00f1alizaci\u00f3n digital<\/li>\n<li style='margin-bottom: 5px;'>Puntos de acceso inal\u00e1mbricos de alta densidad<\/li>\n<li style='margin-bottom: 5px;'>Entornos industriales con necesidades de PoE extendido<\/li>\n<\/ul><\/div>\n<\/p><\/div>\n<div style='display: flex; flex-wrap: wrap; gap: 30px; margin-bottom: 30px;'>\n<div style='flex: 1 1 300px; min-width: 280px;'>\n<h3 style='font-size: 22px; border-bottom: 2px solid currentColor; padding-bottom: 5px; margin-top: 0; color: inherit; opacity: 0.8;'>Im\u00e1genes del producto<\/h3>\n<div style='display: flex; flex-wrap: wrap; gap: 15px;'>\n<div style='flex: 1 1 45%; min-width: 200px;'> <img style='width: 100%; height: auto; border: 1px solid rgba(150&comma;150&comma;150&comma;0.3); border-radius: 8px;' src='https:\/\/ftp3.syscom.mx\/usuarios\/fotos\/GS522024UP4X\/161508-gs-5220-24up4x_front-panel-introducton_l.png' alt='Panel frontal del GS-5220-24UP4X'> <\/div>\n<div style='flex: 1 1 45%; min-width: 200px;'> <img style='width: 100%; height: auto; border: 1px solid rgba(150&comma;150&comma;150&comma;0.3); border-radius: 8px;' src='https:\/\/ftp3.syscom.mx\/usuarios\/fotos\/GS522024UP4X\/161508-gs-5220-24up4x-1_l.png' alt='Detalles del GS-5220-24UP4X'> <\/div>\n<\/p><\/div>\n<\/p><\/div>\n<\/p><\/div>\n<hr style='border: 0; border-top: 1px solid rgba(150&comma; 150&comma; 150&comma; 0.3); margin: 30px 0;'> <\/div>\n","protected":false},"excerpt":{"rendered":"<p>Switch Administrable L3 24 puertos 10\/100\/1000 Mbps c\/Ultra PoE 400 Watts, 4 Puertos 10G SFP+<\/p>\n","protected":false},"featured_media":110169,"comment_status":"open","ping_status":"closed","template":"","meta":[],"product_brand":[],"product_cat":[1986],"product_tag":[664,2033,1987],"class_list":{"0":"post-110170","1":"product","2":"type-product","3":"status-publish","4":"has-post-thumbnail","6":"product_cat-switches-poe","7":"product_tag-networking","8":"product_tag-planet","9":"product_tag-switches-poe","11":"first","12":"outofstock","13":"sale","14":"shipping-taxable","15":"purchasable","16":"product-type-simple"},"_links":{"self":[{"href":"https:\/\/soydeaqui.ddns.net\/pachuca\/index.php\/wp-json\/wp\/v2\/product\/110170","targetHints":{"allow":["GET"]}}],"collection":[{"href":"https:\/\/soydeaqui.ddns.net\/pachuca\/index.php\/wp-json\/wp\/v2\/product"}],"about":[{"href":"https:\/\/soydeaqui.ddns.net\/pachuca\/index.php\/wp-json\/wp\/v2\/types\/product"}],"replies":[{"embeddable":true,"href":"https:\/\/soydeaqui.ddns.net\/pachuca\/index.php\/wp-json\/wp\/v2\/comments?post=110170"}],"wp:featuredmedia":[{"embeddable":true,"href":"https:\/\/soydeaqui.ddns.net\/pachuca\/index.php\/wp-json\/wp\/v2\/media\/110169"}],"wp:attachment":[{"href":"https:\/\/soydeaqui.ddns.net\/pachuca\/index.php\/wp-json\/wp\/v2\/media?parent=110170"}],"wp:term":[{"taxonomy":"product_brand","embeddable":true,"href":"https:\/\/soydeaqui.ddns.net\/pachuca\/index.php\/wp-json\/wp\/v2\/product_brand?post=110170"},{"taxonomy":"product_cat","embeddable":true,"href":"https:\/\/soydeaqui.ddns.net\/pachuca\/index.php\/wp-json\/wp\/v2\/product_cat?post=110170"},{"taxonomy":"product_tag","embeddable":true,"href":"https:\/\/soydeaqui.ddns.net\/pachuca\/index.php\/wp-json\/wp\/v2\/product_tag?post=110170"}],"curies":[{"name":"wp","href":"https:\/\/api.w.org\/{rel}","templated":true}]}}