{"id":110141,"date":"2026-03-20T19:35:53","date_gmt":"2026-03-20T19:35:53","guid":{"rendered":"https:\/\/soydeaqui.ddns.net\/pachuca\/index.php\/producto\/lector-de-placas-vehiculares-4-metros-de-alcance-alta-seguridad-anpr-2\/"},"modified":"2026-03-20T19:36:00","modified_gmt":"2026-03-20T19:36:00","slug":"lector-de-placas-vehiculares-4-metros-de-alcance-alta-seguridad-anpr-2","status":"publish","type":"product","link":"https:\/\/soydeaqui.ddns.net\/pachuca\/index.php\/producto\/lector-de-placas-vehiculares-4-metros-de-alcance-alta-seguridad-anpr-2\/","title":{"rendered":"Lector de Placas Vehiculares \/ 4 Metros de Alcance \/ ALTA SEGURIDAD \/ ANPR"},"content":{"rendered":"<div style='width: 100%; max-width: 1200px; margin: 0 auto; font-family: sans-serif; line-height: 1.6; color: inherit; background-color: transparent;'> <!-- Descripci\u00f3n principal --> <\/p>\n<div style='margin-bottom: 30px;'>\n<p style='margin: 0 0 15px;'>La c\u00e1mara ANPR es un lector de placa de matr\u00edcula con opci\u00f3n de comunicaci\u00f3n Wiegand (opcional con M\u00f3dulo aparte)<\/p>\n<p style='margin: 0 0 15px;'>El lector de matr\u00edculas Nedap es una c\u00e1mara todo-en-uno que incluye la c\u00e1mara&comma; analizador y el iluminador IR. El lector ANPR ha incorporado el software de procesamiento a bordo. El lector de matr\u00edculas es por defecto ofrecido con un RS485 y la comunicaci\u00f3n Ethernet.<\/p>\n<p style='margin: 0 0 15px;'>El lector Nedap ANPR cubre casi todos los pa\u00edses europeos y tiene una amplia lista de pa\u00edses de todo el mundo que soportan una amplia gama de placas de matr\u00edcula IR-reflectante.<\/p>\n<\/p><\/div>\n<p> <!-- Imagen --> <\/p>\n<div style='margin-bottom: 30px;'> <img style='width: 100%; height: auto; border: 1px solid rgba(150&comma;150&comma;150&comma;0.3); border-radius: 8px;' src='http:\/\/ftp3.syscom.mx\/usuarios\/gjimenez\/NEDAP\/imagen\/ANPR%20tabla.jpg' alt='Tabla de especificaciones ANPR'> <\/div>\n<p> <!-- Caracter\u00edsticas principales --> <\/p>\n<div style='margin-bottom: 30px;'>\n<h3 style='font-size: 22px; border-bottom: 2px solid currentColor; padding-bottom: 5px; margin-top: 0; color: inherit; opacity: 0.8;'>Caracter\u00edsticas principales:<\/h3>\n<ul style='padding-left: 20px; font-size: 15px; color: inherit;'>\n<li style='margin-bottom: 5px;'>Lectura autom\u00e1tica de matr\u00edculas.<\/li>\n<li style='margin-bottom: 5px;'>Todo en un sistema&comma; analizador de la c\u00e1mara&comma; iluminador de infrarrojos.<\/li>\n<li style='margin-bottom: 5px;'>Lista blanca y lista Negra de Matr\u00edculas<\/li>\n<li style='margin-bottom: 5px;'>Pa\u00edses de todo el mundo disponibles.<\/li>\n<li style='margin-bottom: 5px;'>Rango de acci\u00f3n de 4 a 6 metros.<\/li>\n<li style='margin-bottom: 5px;'>Salida de relevador<\/li>\n<li style='margin-bottom: 5px;'>Compatible con m\u00f3dulo <a style='color: inherit; text-decoration: underline;' href='https:\/\/www.syscom.mx\/principal\/searchcont?route=WIM9958789-NEDAP-91263&#038;autodetect=anpr'>9958789<\/a> para tener salida wiegand y conectarla a un panel de control de acceso (compatible con ROSSLARE; SUPREMA; HID)<\/li>\n<li style='margin-bottom: 5px;'>F\u00e1cil configuraci\u00f3n de usuario.<\/li>\n<\/ul><\/div>\n<p> <!-- Videos --> <\/p>\n<div style='display: flex; flex-wrap: wrap; gap: 30px; margin-bottom: 30px;'>\n<div style='flex: 1 1 560px; min-width: 300px;'>\n<div style='position: relative; padding-bottom: 56.25%; height: 0; overflow: hidden;'>   <\/div>\n<\/p><\/div>\n<div style='flex: 1 1 560px; min-width: 300px;'>\n<div style='position: relative; padding-bottom: 56.25%; height: 0; overflow: hidden;'>   <\/div>\n<\/p><\/div>\n<\/p><\/div>\n<p> <!-- Separador --> <\/p>\n<hr style='border: 0; border-top: 1px solid rgba(150&comma; 150&comma; 150&comma; 0.3); margin: 30px 0;'> <!-- Especificaciones --> <\/p>\n<div style='margin-bottom: 30px;'>\n<h3 style='font-size: 22px; border-bottom: 2px solid currentColor; padding-bottom: 5px; margin-top: 0; color: inherit; opacity: 0.8;'>Especificaciones<\/h3>\n<ul style='padding-left: 20px; font-size: 15px; color: inherit;'>\n<li style='margin-bottom: 5px;'>Lectura de n\u00famero de Placa Autom\u00e1tico<\/li>\n<li style='margin-bottom: 5px;'>Rango de acci\u00f3n de lectura de 3 &#8211; 6 metros (10 &#8211; 18 feet)<\/li>\n<li style='margin-bottom: 5px;'>Para todos los pa\u00edses<\/li>\n<li style='margin-bottom: 5px;'>Todo en Uno<\/li>\n<li style='margin-bottom: 5px;'>Sencilla configuraci\u00f3n<\/li>\n<li style='margin-bottom: 5px;'>Compatible con m\u00f3dulo de salida wiegand 9958789<\/li>\n<li style='margin-bottom: 5px;'>Dimensiones: 100 X 200 X 120 mm<\/li>\n<li style='margin-bottom: 5px;'>Peso de 3.5 Kg<\/li>\n<li style='margin-bottom: 5px;'>2 a\u00f1os de garant\u00eda<\/li>\n<\/ul><\/div>\n<\/p><\/div>\n","protected":false},"excerpt":{"rendered":"<p>Lector de Placas Vehiculares \/ 4 Metros de Alcance \/ ALTA SEGURIDAD \/ ANPR<\/p>\n","protected":false},"featured_media":110140,"comment_status":"open","ping_status":"closed","template":"","meta":[],"product_brand":[],"product_cat":[777],"product_tag":[401,93,858],"class_list":{"0":"post-110141","1":"product","2":"type-product","3":"status-publish","4":"has-post-thumbnail","6":"product_cat-accesorios-acceso-vehicular","7":"product_tag-acceso-vehicular","8":"product_tag-accesorios","9":"product_tag-nedap","11":"first","12":"outofstock","13":"sale","14":"shipping-taxable","15":"purchasable","16":"product-type-simple"},"_links":{"self":[{"href":"https:\/\/soydeaqui.ddns.net\/pachuca\/index.php\/wp-json\/wp\/v2\/product\/110141","targetHints":{"allow":["GET"]}}],"collection":[{"href":"https:\/\/soydeaqui.ddns.net\/pachuca\/index.php\/wp-json\/wp\/v2\/product"}],"about":[{"href":"https:\/\/soydeaqui.ddns.net\/pachuca\/index.php\/wp-json\/wp\/v2\/types\/product"}],"replies":[{"embeddable":true,"href":"https:\/\/soydeaqui.ddns.net\/pachuca\/index.php\/wp-json\/wp\/v2\/comments?post=110141"}],"wp:featuredmedia":[{"embeddable":true,"href":"https:\/\/soydeaqui.ddns.net\/pachuca\/index.php\/wp-json\/wp\/v2\/media\/110140"}],"wp:attachment":[{"href":"https:\/\/soydeaqui.ddns.net\/pachuca\/index.php\/wp-json\/wp\/v2\/media?parent=110141"}],"wp:term":[{"taxonomy":"product_brand","embeddable":true,"href":"https:\/\/soydeaqui.ddns.net\/pachuca\/index.php\/wp-json\/wp\/v2\/product_brand?post=110141"},{"taxonomy":"product_cat","embeddable":true,"href":"https:\/\/soydeaqui.ddns.net\/pachuca\/index.php\/wp-json\/wp\/v2\/product_cat?post=110141"},{"taxonomy":"product_tag","embeddable":true,"href":"https:\/\/soydeaqui.ddns.net\/pachuca\/index.php\/wp-json\/wp\/v2\/product_tag?post=110141"}],"curies":[{"name":"wp","href":"https:\/\/api.w.org\/{rel}","templated":true}]}}