{"id":110133,"date":"2026-03-20T19:35:28","date_gmt":"2026-03-20T19:35:28","guid":{"rendered":"https:\/\/soydeaqui.ddns.net\/pachuca\/index.php\/producto\/turret-turbohd-2-megapixel-1080p-lente-2-8-mm-20-mts-ir-exir-4-tecnologias-tvi-ahd-cvi-cvbs-uso-en-interior\/"},"modified":"2026-03-20T19:35:43","modified_gmt":"2026-03-20T19:35:43","slug":"turret-turbohd-2-megapixel-1080p-lente-2-8-mm-20-mts-ir-exir-4-tecnologias-tvi-ahd-cvi-cvbs-uso-en-interior","status":"publish","type":"product","link":"https:\/\/soydeaqui.ddns.net\/pachuca\/index.php\/producto\/turret-turbohd-2-megapixel-1080p-lente-2-8-mm-20-mts-ir-exir-4-tecnologias-tvi-ahd-cvi-cvbs-uso-en-interior\/","title":{"rendered":"Turret TURBOHD 2 Megap\u00edxel (1080p) \/ Lente 2.8 mm \/ 20 mts IR EXIR \/ 4 Tecnolog\u00edas (TVI \/ AHD \/ CVI \/ CVBS) \/ Uso en Interior"},"content":{"rendered":"<div style='width: 100%; max-width: 1200px; margin: 0 auto; font-family: sans-serif; line-height: 1.6; color: inherit; background-color: transparent;'> <!-- Im\u00e1genes principales --> <\/p>\n<div style='display: flex; flex-wrap: wrap; gap: 15px; justify-content: center; margin-bottom: 30px;'> <img style='width: 100%; max-width: 400px; height: auto; border: 1px solid rgba(150&comma;150&comma;150&comma;0.3); border-radius: 8px;' src='https:\/\/ftp3.syscom.mx\/usuarios\/fotos\/IPCB120\/143291-hilook.png' alt=''> <img style='width: 100%; max-width: 400px; height: auto; border: 1px solid rgba(150&comma;150&comma;150&comma;0.3); border-radius: 8px;' src='http:\/\/ftp3.syscom.mx\/usuarios\/anavarrete\/Noe\/imagen1.png' alt=''> <\/div>\n<p> <!-- Videos --> <\/p>\n<div style='display: flex; flex-wrap: wrap; gap: 30px; margin-bottom: 30px;'>\n<div style='flex: 1 1 500px; min-width: 300px;'>\n<div style='position: relative; padding-bottom: 56.25%; height: 0; overflow: hidden; margin-bottom: 30px;'>   <\/div>\n<\/p><\/div>\n<div style='flex: 1 1 500px; min-width: 300px;'>\n<div style='position: relative; padding-bottom: 56.25%; height: 0; overflow: hidden; margin-bottom: 30px;'>   <\/div>\n<\/p><\/div>\n<\/p><\/div>\n<p> <!-- Tarjetas de especificaciones --> <\/p>\n<div style='display: flex; flex-wrap: wrap; gap: 20px; margin-bottom: 30px;'>\n<div style='flex: 1 1 300px; border: 1px solid rgba(150&comma; 150&comma; 150&comma; 0.4); border-radius: 8px; overflow: hidden; display: flex; flex-direction: column;'>\n<div style='padding: 15px; border-bottom: 1px solid rgba(150&comma; 150&comma; 150&comma; 0.2); font-weight: bold; font-size: 18px; color: inherit; background-color: #266ca9; color: white;'>Caracter\u00edsticas Principales<\/div>\n<div style='padding: 15px; color: inherit; flex-grow: 1;'>\n<ul style='padding-left: 20px; margin: 0; font-size: 14px; list-style-type: disc;'>\n<li style='margin-bottom: 5px;'>Resoluci\u00f3n m\u00e1xima: 1920 x 1080 (2 Megap\u00edxel)<\/li>\n<li style='margin-bottom: 5px;'>Iluminaci\u00f3n m\u00ednima: 0.01 Lux @ (F1.2&comma; AGC ON)&comma; 0 Lux con IR.<\/li>\n<li style='margin-bottom: 5px;'>Lente fijo: 2.8 mm (\u00e1ngulo de apertura 103\u00ba).<\/li>\n<li style='margin-bottom: 5px;'>20 mts IR EXIR (visi\u00f3n nocturna).<\/li>\n<li style='margin-bottom: 5px;'>Soporta 4 tecnolog\u00edas seleccionables (TVI \/ AHD \/ CVI \/ CVBS).<\/li>\n<li style='margin-bottom: 5px;'>Funciones: dWDR \/ BLC \/ AGC.<\/li>\n<li style='margin-bottom: 5px;'>El cambio de tecnolog\u00eda (TVI-AHD-CVBS-CVI) se puede realizar \u00fanicamente cuando la c\u00e1mara est\u00e1 en su resoluci\u00f3n m\u00e1xima&comma; no se puede cambiar la tecnolog\u00eda si la c\u00e1mara no est\u00e1 en su resoluci\u00f3n m\u00e1xima.<\/li>\n<\/ul><\/div>\n<\/p><\/div>\n<div style='flex: 1 1 300px; border: 1px solid rgba(150&comma; 150&comma; 150&comma; 0.4); border-radius: 8px; overflow: hidden; display: flex; flex-direction: column;'>\n<div style='padding: 15px; border-bottom: 1px solid rgba(150&comma; 150&comma; 150&comma; 0.2); font-weight: bold; font-size: 18px; color: inherit; background-color: #266ca9; color: white;'>Caracter\u00edsticas F\u00edsicas y El\u00e9ctricas<\/div>\n<div style='padding: 15px; color: inherit; flex-grow: 1;'>\n<ul style='padding-left: 20px; margin: 0; font-size: 14px; list-style-type: disc;'>\n<li style='margin-bottom: 5px;'>Temperatura de operaci\u00f3n: -40\u00baC a 60\u00baC.<\/li>\n<li style='margin-bottom: 5px;'>Alimentaci\u00f3n: 12 Vcc \/ 4 watts.<\/li>\n<li style='margin-bottom: 5px;'>Protecci\u00f3n: Uso en interior.<\/li>\n<li style='margin-bottom: 5px;'>Fabricado en material de policarbonato.<\/li>\n<li style='margin-bottom: 5px;'>Dimensiones: 85.4 x 76.12 mm.<\/li>\n<li style='margin-bottom: 5px;'>Peso: 130 grs<\/li>\n<\/ul><\/div>\n<div style='padding: 15px; border-bottom: 1px solid rgba(150&comma; 150&comma; 150&comma; 0.2); font-weight: bold; font-size: 18px; color: inherit; background-color: #266ca9; color: white;'>Accesorios Opcionales<\/div>\n<div style='padding: 15px; color: inherit; flex-grow: 1; min-height: 165px;'>\n<ul style='padding-left: 20px; margin: 0; font-size: 14px; list-style-type: disc;'>\n<li style='margin-bottom: 5px;'>Montaje de pared&comma; modelo: <a href='https:\/\/www.syscom.mx\/producto\/DS-1272ZJ-110-TRS-HIKVISION-139817.html' target='_blank' rel='noopener' style='color: inherit; text-decoration: underline;'>DS-1272ZJ-110-TRS<\/a><\/li>\n<li style='margin-bottom: 5px;'>Montaje de esquina&comma; modelo: <a href='https:\/\/www.syscom.mx\/producto\/DS-1276ZJ-SUS-HIKVISION-156173.html' target='_blank' rel='noopener' style='color: inherit; text-decoration: underline;'>DS-1276ZJ-SUS<\/a><\/li>\n<li style='margin-bottom: 5px;'>Caja de conexiones&comma; modelo: <a href='https:\/\/www.syscom.mx\/producto\/DS-1280ZJ-XS-HIKVISION-84491.html' target='_blank' rel='noopener' style='color: inherit; text-decoration: underline;'>DS-1280ZJ-XS<\/a><\/li>\n<\/ul><\/div>\n<\/p><\/div>\n<\/p><\/div>\n<p> <!-- Informaci\u00f3n de marca --> <\/p>\n<div style='text-align: center; margin: 30px 0;'>\n<h2 style='margin: 0; font-size: 60px;'> <span style='color: #a38f84;'>Hi-<\/span> <span style='color: #3d8eb9;'>Look<\/span> <\/h2>\n<\/p><\/div>\n<div style='margin-bottom: 30px;'>\n<p style='font-size: 24px; text-align: center; margin: 0 0 20px 0;'>Es una marca desarrollada y manufacturada por Hikvision&comma; enfocada en otorgar productos de alta calidad. Cuenta con los dispositivos ideales para ofrecer una soluci\u00f3n integral en tecnolog\u00eda anal\u00f3gica (TurboHD) e IP.<\/p>\n<\/p><\/div>\n<p> <!-- Secci\u00f3n EXIR --> <\/p>\n<div style='display: flex; flex-wrap: wrap; gap: 30px; margin-bottom: 30px;'>\n<div style='flex: 1 1 300px;'>\n<h3 style='font-size: 22px; border-bottom: 2px solid currentColor; padding-bottom: 5px; margin-top: 0; color: inherit; opacity: 0.8;'>Infrarrojo EXIR<\/h3>\n<p style='font-size: 24px; margin-top: 0;'>Las c\u00e1maras HiLook&comma; comparten la patente de la marca Hikvision &#8216;EXIR&#8217;&comma; el cual le otorga una visi\u00f3n nocturna m\u00e1s efectiva por su dise\u00f1o&comma; composici\u00f3n y efecto umbral de luz. Esto le permitir\u00e1 tener mucho mejor detalle en la noche&comma; y una visi\u00f3n nocturna uniforme.<\/p>\n<\/p><\/div>\n<div style='flex: 1 1 300px; display: flex; flex-direction: column; align-items: center; justify-content: center;'> <img style='width: 100%; max-width: 314px; height: auto; border: 1px solid rgba(150&comma;150&comma;150&comma;0.3); border-radius: 8px;' src='https:\/\/ftp3.syscom.mx\/usuarios\/jsosa\/HIKVISION\/imagenes\/exirir.png' alt=''> <\/div>\n<\/p><\/div>\n<p> <!-- Imagen final --> <\/p>\n<div style='margin-bottom: 30px;'> <img style='width: 100%; height: auto; border: 1px solid rgba(150&comma;150&comma;150&comma;0.3); border-radius: 8px;' src='https:\/\/ftp3.syscom.mx\/usuarios\/yvalenzuela\/Hilook\/hiklook.jpg' alt=''> <\/div>\n<p> <!-- Imagen comparativa IR vs EXIR --> <\/p>\n<div style='margin-bottom: 30px;'> <img style='width: 100%; height: auto; border: 1px solid rgba(150&comma;150&comma;150&comma;0.3); border-radius: 8px;' src='https:\/\/ftp3.syscom.mx\/usuarios\/jsosa\/HIKVISION\/imagenes\/irvsir.png' alt=''> <\/div>\n<\/p><\/div>\n","protected":false},"excerpt":{"rendered":"<p>Turret TURBOHD 2 Megap\u00edxel (1080p) \/ Lente 2.8 mm \/ 20 mts IR EXIR \/ 4 Tecnolog\u00edas (TVI \/ AHD \/ CVI \/ CVBS) \/ Uso en Interior<\/p>\n","protected":false},"featured_media":110132,"comment_status":"open","ping_status":"closed","template":"","meta":[],"product_brand":[],"product_cat":[2269],"product_tag":[2255,2057,715],"class_list":{"0":"post-110133","1":"product","2":"type-product","3":"status-publish","4":"has-post-thumbnail","6":"product_cat-domo-eyeball-turret-camaras-y-dvrs-hd-turbohd-ahd-hd-tvi","7":"product_tag-camaras-y-dvrs-hd-turbohd-ahd-hd-tvi","8":"product_tag-domo-eyeball-turret","9":"product_tag-hilook-by-hikvision","11":"first","12":"instock","13":"sale","14":"shipping-taxable","15":"purchasable","16":"product-type-simple"},"_links":{"self":[{"href":"https:\/\/soydeaqui.ddns.net\/pachuca\/index.php\/wp-json\/wp\/v2\/product\/110133","targetHints":{"allow":["GET"]}}],"collection":[{"href":"https:\/\/soydeaqui.ddns.net\/pachuca\/index.php\/wp-json\/wp\/v2\/product"}],"about":[{"href":"https:\/\/soydeaqui.ddns.net\/pachuca\/index.php\/wp-json\/wp\/v2\/types\/product"}],"replies":[{"embeddable":true,"href":"https:\/\/soydeaqui.ddns.net\/pachuca\/index.php\/wp-json\/wp\/v2\/comments?post=110133"}],"wp:featuredmedia":[{"embeddable":true,"href":"https:\/\/soydeaqui.ddns.net\/pachuca\/index.php\/wp-json\/wp\/v2\/media\/110132"}],"wp:attachment":[{"href":"https:\/\/soydeaqui.ddns.net\/pachuca\/index.php\/wp-json\/wp\/v2\/media?parent=110133"}],"wp:term":[{"taxonomy":"product_brand","embeddable":true,"href":"https:\/\/soydeaqui.ddns.net\/pachuca\/index.php\/wp-json\/wp\/v2\/product_brand?post=110133"},{"taxonomy":"product_cat","embeddable":true,"href":"https:\/\/soydeaqui.ddns.net\/pachuca\/index.php\/wp-json\/wp\/v2\/product_cat?post=110133"},{"taxonomy":"product_tag","embeddable":true,"href":"https:\/\/soydeaqui.ddns.net\/pachuca\/index.php\/wp-json\/wp\/v2\/product_tag?post=110133"}],"curies":[{"name":"wp","href":"https:\/\/api.w.org\/{rel}","templated":true}]}}