{"id":110073,"date":"2026-03-20T19:32:02","date_gmt":"2026-03-20T19:32:02","guid":{"rendered":"https:\/\/soydeaqui.ddns.net\/pachuca\/index.php\/producto\/inyector-poe-802-3bt-95-watts-gigabit-c-fuente-interna\/"},"modified":"2026-03-20T19:32:14","modified_gmt":"2026-03-20T19:32:14","slug":"inyector-poe-802-3bt-95-watts-gigabit-c-fuente-interna","status":"publish","type":"product","link":"https:\/\/soydeaqui.ddns.net\/pachuca\/index.php\/producto\/inyector-poe-802-3bt-95-watts-gigabit-c-fuente-interna\/","title":{"rendered":"Inyector PoE 802.3bt 95 Watts Gigabit c\/Fuente Interna"},"content":{"rendered":"<div style='width: 100%; max-width: 1200px; margin: 0 auto; font-family: sans-serif; line-height: 1.6; color: inherit; background-color: transparent;'>\n<div style='display: flex; flex-direction: column; gap: 20px;'>\n<div>\n<h3 style='font-size: 22px; border-bottom: 2px solid currentColor; padding-bottom: 5px; margin-top: 0; color: inherit; opacity: 0.8;'>Soluci\u00f3n de red Ultra PoE avanzada 802.3bt<\/h3>\n<p style='margin: 0; padding: 0; margin-bottom: 15px; font-size: 15px; color: inherit;'>PLANETA POE-175-95 es un solo puerto&comma; inyector de alimentaci\u00f3n a trav\u00e9s de Ethernet 802.3bt&comma; con un m\u00e1ximo de hasta 95 vatios de potencia de salida durante los cables Ethernet.<\/p>\n<\/p><\/div>\n<div>\n<h3 style='font-size: 22px; border-bottom: 2px solid currentColor; padding-bottom: 5px; margin-top: 0; color: inherit; opacity: 0.8;'>Aplicaciones recomendadas<\/h3>\n<ul style='padding-left: 20px; font-size: 15px; color: inherit;'>\n<li style='margin-bottom: 5px;'>C\u00e1mara domo de velocidad PTZ<\/li>\n<li style='margin-bottom: 5px;'>PC t\u00e1ctil todo en uno<\/li>\n<li style='margin-bottom: 5px;'>Pantalla de se\u00f1alizaci\u00f3n digital remota<\/li>\n<li style='margin-bottom: 5px;'>Otros dispositivos de red que necesitan mayor potencia para funcionar normalmente<\/li>\n<\/ul><\/div>\n<div> <img style='width: 100%; height: auto; border: 1px solid rgba(150&comma;150&comma;150&comma;0.3); border-radius: 8px;' src='https:\/\/ftp3.syscom.mx\/usuarios\/fotos\/POE17595\/162075-poe-171a-95-2_l.png' alt=''> <\/div>\n<div>\n<p style='margin: 0; padding: 0; margin-bottom: 15px; font-size: 15px; color: inherit;'>El POE-175-95 entrega los datos digitales de Ethernet con una potencia de CC de 54V a trav\u00e9s de los cables de par trenzado como un inyector de alimentaci\u00f3n sobre Ethernet de 95 vatios&comma; y el divisor de poder sobre Ethernet conectado&comma; el POE-172S&comma; separar\u00e1 los datos digitales y la potencia en tres salidas opcionales (12V \/ 19V \/ 24V DC) con una distancia de hasta 100 metros.<\/p>\n<\/p><\/div>\n<div>\n<h3 style='font-size: 22px; border-bottom: 2px solid currentColor; padding-bottom: 5px; margin-top: 0; color: inherit; opacity: 0.8;'>95 vatios de potencia sobre UTP de 4 pares<\/h3>\n<p style='margin: 0; padding: 0; margin-bottom: 15px; font-size: 15px; color: inherit;'>Las soluciones POE-175-95 y POE-172S Ultra PoE usan el mismo est\u00e1ndar de cableado como IEEE 802.3af \/ at PoE. En lugar de entregar potencia sobre UTP trenzado de 2 pares&comma; ya sea de final de carrera (Pins 1&comma; 2&comma; 3 y 6) o mid-span (Pins 4&comma; 5&comma; 7 y 8)&comma; proporciona la capacidad de obtener hasta 95 vatios de potencia mediante el uso de los cuatro pares de Cat 5e \/ Cat. 6 Cableado de Ethernet.<\/p>\n<\/p><\/div>\n<div> <img style='width: 100%; height: auto; border: 1px solid rgba(150&comma;150&comma;150&comma;0.3); border-radius: 8px;' src='https:\/\/ftp3.syscom.mx\/usuarios\/fotos\/POE17595\/162075-poe-175-95-4.png' alt=''> <\/div>\n<div>\n<div style='overflow-x: auto;'>\n<table style='width: 100%; border-collapse: collapse; margin: 15px 0; border: 1px solid rgba(150&comma;150&comma;150&comma;0.3);'>\n<thead>\n<tr>\n<th style='background-color: #7f9cd3; color: #ffffff; padding: 12px; border: 1px solid rgba(150&comma;150&comma;150&comma;0.3); font-weight: bold; text-align: center;'>Est\u00e1ndar PoE<\/th>\n<th style='background-color: #7f9cd3; color: #ffffff; padding: 12px; border: 1px solid rgba(150&comma;150&comma;150&comma;0.3); font-weight: bold; text-align: center;'>IEEE 802.3af<br \/>(802.3at tipo 1)<\/th>\n<th style='background-color: #7f9cd3; color: #ffffff; padding: 12px; border: 1px solid rgba(150&comma;150&comma;150&comma;0.3); font-weight: bold; text-align: center;'>IEEE 802.3at<br \/>(802.3at tipo 2)<\/th>\n<th style='background-color: #7f9cd3; color: #ffffff; padding: 12px; border: 1px solid rgba(150&comma;150&comma;150&comma;0.3); font-weight: bold; text-align: center;'>IEEE 802.3bt<br \/>(802.3bt tipo 3)<\/th>\n<th style='background-color: #7f9cd3; color: #ffffff; padding: 12px; border: 1px solid rgba(150&comma;150&comma;150&comma;0.3); font-weight: bold; text-align: center;'>IEEE 802.3bt<br \/>(802.3bt tipo 4)<\/th>\n<th style='background-color: #7f9cd3; color: #ffffff; padding: 12px; border: 1px solid rgba(150&comma;150&comma;150&comma;0.3); font-weight: bold; text-align: center;'>PoH<br \/>(Poder sobre HD-BASE-T)<\/th>\n<\/tr>\n<\/thead>\n<tbody>\n<tr>\n<td style='background-color: #ffffff; padding: 10px; border: 1px solid rgba(150&comma;150&comma;150&comma;0.3); font-weight: bold; text-align: center;'>Potencia m\u00e1xima entregada por PSE<\/td>\n<td style='background-color: #ffffff; padding: 10px; border: 1px solid rgba(150&comma;150&comma;150&comma;0.3); text-align: center;'>15.4 vatios<\/td>\n<td style='background-color: #ffffff; padding: 10px; border: 1px solid rgba(150&comma;150&comma;150&comma;0.3); text-align: center;'>30 vatios<\/td>\n<td style='background-color: #ffffff; padding: 10px; border: 1px solid rgba(150&comma;150&comma;150&comma;0.3); text-align: center;'>60 vatios<\/td>\n<td style='background-color: #ffffff; padding: 10px; border: 1px solid rgba(150&comma;150&comma;150&comma;0.3); font-weight: bold; text-align: center;'>90 vatios<\/td>\n<td style='background-color: #ffffff; padding: 10px; border: 1px solid rgba(150&comma;150&comma;150&comma;0.3); font-weight: bold; text-align: center;'>95 vatios<\/td>\n<\/tr>\n<tr>\n<td style='background-color: #edf0f7; padding: 10px; border: 1px solid rgba(150&comma;150&comma;150&comma;0.3); font-weight: bold; text-align: center;'>Potencia disponible en PD<\/td>\n<td style='background-color: #edf0f7; padding: 10px; border: 1px solid rgba(150&comma;150&comma;150&comma;0.3); text-align: center;'>12.95 vatios<\/td>\n<td style='background-color: #edf0f7; padding: 10px; border: 1px solid rgba(150&comma;150&comma;150&comma;0.3); text-align: center;'>25.5 vatios<\/td>\n<td style='background-color: #edf0f7; padding: 10px; border: 1px solid rgba(150&comma;150&comma;150&comma;0.3); text-align: center;'>51 vatios<\/td>\n<td style='background-color: #edf0f7; padding: 10px; border: 1px solid rgba(150&comma;150&comma;150&comma;0.3); font-weight: bold; text-align: center;'>71 vatios<\/td>\n<td style='background-color: #edf0f7; padding: 10px; border: 1px solid rgba(150&comma;150&comma;150&comma;0.3); font-weight: bold; text-align: center;'>72 vatios<\/td>\n<\/tr>\n<tr>\n<td style='background-color: #ffffff; padding: 10px; border: 1px solid rgba(150&comma;150&comma;150&comma;0.3); font-weight: bold; text-align: center;'>Rango de voltaje<\/td>\n<td style='background-color: #ffffff; padding: 10px; border: 1px solid rgba(150&comma;150&comma;150&comma;0.3); text-align: center;'>48V<\/td>\n<td style='background-color: #ffffff; padding: 10px; border: 1px solid rgba(150&comma;150&comma;150&comma;0.3); text-align: center;'>50 ~ 57V<\/td>\n<td style='background-color: #ffffff; padding: 10px; border: 1px solid rgba(150&comma;150&comma;150&comma;0.3); text-align: center;'>50 ~ 57V<\/td>\n<td style='background-color: #ffffff; padding: 10px; border: 1px solid rgba(150&comma;150&comma;150&comma;0.3); font-weight: bold; text-align: center;'>52 ~ 57V<\/td>\n<td style='background-color: #ffffff; padding: 10px; border: 1px solid rgba(150&comma;150&comma;150&comma;0.3); font-weight: bold; text-align: center;'>52 ~ 57V<\/td>\n<\/tr>\n<tr>\n<td style='background-color: #edf0f7; padding: 10px; border: 1px solid rgba(150&comma;150&comma;150&comma;0.3); font-weight: bold; text-align: center;'>Par trenzado usado<\/td>\n<td style='background-color: #edf0f7; padding: 10px; border: 1px solid rgba(150&comma;150&comma;150&comma;0.3); text-align: center;' colspan='2'>2 pares<\/td>\n<td style='background-color: #edf0f7; padding: 10px; border: 1px solid rgba(150&comma;150&comma;150&comma;0.3); text-align: center;'>4 pares<\/td>\n<td style='background-color: #edf0f7; padding: 10px; border: 1px solid rgba(150&comma;150&comma;150&comma;0.3); font-weight: bold; text-align: center;'>4 pares<\/td>\n<td style='background-color: #edf0f7; padding: 10px; border: 1px solid rgba(150&comma;150&comma;150&comma;0.3); font-weight: bold; text-align: center;'>4 pares<\/td>\n<\/tr>\n<tr>\n<td style='background-color: #ffffff; padding: 10px; border: 1px solid rgba(150&comma;150&comma;150&comma;0.3); font-weight: bold; text-align: center;'>Modos admitidos<\/td>\n<td style='background-color: #ffffff; padding: 10px; border: 1px solid rgba(150&comma;150&comma;150&comma;0.3); text-align: center;' colspan='2'>End-span o mid-span<\/td>\n<td style='background-color: #ffffff; padding: 10px; border: 1px solid rgba(150&comma;150&comma;150&comma;0.3); text-align: center;'>End-span + Mid-span<\/td>\n<td style='background-color: #ffffff; padding: 10px; border: 1px solid rgba(150&comma;150&comma;150&comma;0.3); font-weight: bold; text-align: center;'>End-span + Mid-span<\/td>\n<td style='background-color: #ffffff; padding: 10px; border: 1px solid rgba(150&comma;150&comma;150&comma;0.3); font-weight: bold; text-align: center;'>End-span + Mid-span<\/td>\n<\/tr>\n<tr>\n<td style='background-color: #edf0f7; padding: 10px; border: 1px solid rgba(150&comma;150&comma;150&comma;0.3); font-weight: bold; text-align: center;'>Cableado compatible<\/td>\n<td style='background-color: #edf0f7; padding: 10px; border: 1px solid rgba(150&comma;150&comma;150&comma;0.3); text-align: center;' colspan='2'>Cat. 3\/5 \/ 5e \/ 6<\/td>\n<td style='background-color: #edf0f7; padding: 10px; border: 1px solid rgba(150&comma;150&comma;150&comma;0.3); text-align: center;'>Cat. 5e \/ 6<\/td>\n<td style='background-color: #edf0f7; padding: 10px; border: 1px solid rgba(150&comma;150&comma;150&comma;0.3); font-weight: bold; text-align: center;'>Cat. 5e \/ 6<\/td>\n<td style='background-color: #edf0f7; padding: 10px; border: 1px solid rgba(150&comma;150&comma;150&comma;0.3); font-weight: bold; text-align: center;'>Cat. 5e \/ 6<\/td>\n<\/tr>\n<\/tbody>\n<\/table><\/div>\n<\/p><\/div>\n<div>\n<h3 style='font-size: 22px; border-bottom: 2px solid currentColor; padding-bottom: 5px; margin-top: 0; color: inherit; opacity: 0.8;'>Indicador LED inteligente para el uso de PoE en tiempo real<\/h3>\n<p style='margin: 0; padding: 0; margin-bottom: 15px; font-size: 15px; color: inherit;'>El POE-175-95 ayuda a los usuarios a monitorear el estado actual del uso de energ\u00eda PoE de manera f\u00e1cil y eficiente a trav\u00e9s de su avanzada indicaci\u00f3n LED. El &#8216;Uso de alimentaci\u00f3n PoE&#8217; que se muestra en el panel frontal del POE-175-95 tiene tres indicadores LED de diferentes usos de energ\u00eda. A trav\u00e9s del LED de uso de energ\u00eda&comma; el POE-175-95 permite al administrador monitorear el estado del uso de energ\u00eda de las PD conectadas en tiempo real.<\/p>\n<\/p><\/div>\n<div> <img style='width: 100%; height: auto; border: 1px solid rgba(150&comma;150&comma;150&comma;0.3); border-radius: 8px;' src='https:\/\/ftp3.syscom.mx\/usuarios\/fotos\/POE17595\/162075-poe-175-95-5.png' alt=''> <\/div>\n<div>\n<h3 style='font-size: 22px; border-bottom: 2px solid currentColor; padding-bottom: 5px; margin-top: 0; color: inherit; opacity: 0.8;'>Dise\u00f1o de tama\u00f1o compacto y todo en uno<\/h3>\n<p style='margin: 0; padding: 0; margin-bottom: 15px; font-size: 15px; color: inherit;'>Es f\u00e1cil instalar el inyector PoE a trav\u00e9s de Plug and Play y viene con una soluci\u00f3n de problemas simple&comma; lo que facilita que los usuarios comerciales y dom\u00e9sticos lo posean. Adem\u00e1s&comma; el POE-175-95 viene en una carcasa compacta y tiene una fuente de alimentaci\u00f3n interna incorporada. En el panel lateral del POE-175-95 se encuentra un z\u00f3calo de entrada de CA de 100-240 V&comma; LED en tiempo real (LED de alimentaci\u00f3n&comma; LED de uso de PoE y LED de 2\/4 pares) y dos puertos RJ45: puerto Ethernet y Ethernet + Puerto DC. Simplemente conecte los cables Ethernet y el cable de alimentaci\u00f3n de CA&comma; y el POE-175-95 estar\u00e1 listo para proporcionar una comunicaci\u00f3n de red de alta velocidad y las funciones del inyector 802.3bt PoE ++ simult\u00e1neamente sin necesidad de configurar el software.<\/p>\n<\/p><\/div>\n<div>\n<h3 style='font-size: 22px; border-bottom: 2px solid currentColor; padding-bottom: 5px; margin-top: 0; color: inherit; opacity: 0.8;'>Instalaci\u00f3n de cableado r\u00e1pido y f\u00e1cil para la implementaci\u00f3n de red PoE<\/h3>\n<p style='margin: 0; padding: 0; margin-bottom: 15px; font-size: 15px; color: inherit;'>Compatible con versiones anteriores de ambos est\u00e1ndares 802.3af \/ PoE&comma; el POE-175-95 permite a los usuarios implementar de manera flexible dispositivos est\u00e1ndar y de alta potencia para transferir datos y energ\u00eda simult\u00e1neamente a trav\u00e9s de un cable Ethernet de hasta 100 metros. El POE-175-95 libera la c\u00e1mara IP de seguridad y el despliegue de AP inal\u00e1mbrico de las restricciones de las ubicaciones de las tomas de corriente y el cableado de CA adicional. Reduce as\u00ed los cables y elimina la necesidad de enchufes el\u00e9ctricos en la pared&comma; techo o cualquier lugar inalcanzable&comma; y m\u00e1s que nada&comma; reduce el tiempo de instalaci\u00f3n.<\/p>\n<\/p><\/div>\n<\/p><\/div>\n<\/p><\/div>\n","protected":false},"excerpt":{"rendered":"<p>Inyector PoE 802.3bt 95 Watts Gigabit c\/Fuente Interna<\/p>\n","protected":false},"featured_media":110072,"comment_status":"open","ping_status":"closed","template":"","meta":[],"product_brand":[],"product_cat":[1260],"product_tag":[1261,664,2033],"class_list":{"0":"post-110073","1":"product","2":"type-product","3":"status-publish","4":"has-post-thumbnail","6":"product_cat-inyectores-poe","7":"product_tag-inyectores-poe","8":"product_tag-networking","9":"product_tag-planet","11":"first","12":"instock","13":"sale","14":"shipping-taxable","15":"purchasable","16":"product-type-simple"},"_links":{"self":[{"href":"https:\/\/soydeaqui.ddns.net\/pachuca\/index.php\/wp-json\/wp\/v2\/product\/110073","targetHints":{"allow":["GET"]}}],"collection":[{"href":"https:\/\/soydeaqui.ddns.net\/pachuca\/index.php\/wp-json\/wp\/v2\/product"}],"about":[{"href":"https:\/\/soydeaqui.ddns.net\/pachuca\/index.php\/wp-json\/wp\/v2\/types\/product"}],"replies":[{"embeddable":true,"href":"https:\/\/soydeaqui.ddns.net\/pachuca\/index.php\/wp-json\/wp\/v2\/comments?post=110073"}],"wp:featuredmedia":[{"embeddable":true,"href":"https:\/\/soydeaqui.ddns.net\/pachuca\/index.php\/wp-json\/wp\/v2\/media\/110072"}],"wp:attachment":[{"href":"https:\/\/soydeaqui.ddns.net\/pachuca\/index.php\/wp-json\/wp\/v2\/media?parent=110073"}],"wp:term":[{"taxonomy":"product_brand","embeddable":true,"href":"https:\/\/soydeaqui.ddns.net\/pachuca\/index.php\/wp-json\/wp\/v2\/product_brand?post=110073"},{"taxonomy":"product_cat","embeddable":true,"href":"https:\/\/soydeaqui.ddns.net\/pachuca\/index.php\/wp-json\/wp\/v2\/product_cat?post=110073"},{"taxonomy":"product_tag","embeddable":true,"href":"https:\/\/soydeaqui.ddns.net\/pachuca\/index.php\/wp-json\/wp\/v2\/product_tag?post=110073"}],"curies":[{"name":"wp","href":"https:\/\/api.w.org\/{rel}","templated":true}]}}