{"id":110068,"date":"2026-03-20T19:31:43","date_gmt":"2026-03-20T19:31:43","guid":{"rendered":"https:\/\/soydeaqui.ddns.net\/pachuca\/index.php\/producto\/inyector-poe-802-3af-at-bt-hasta-95-watts-puerto-gigabit-con-fuente-externa\/"},"modified":"2026-03-20T19:31:56","modified_gmt":"2026-03-20T19:31:56","slug":"inyector-poe-802-3af-at-bt-hasta-95-watts-puerto-gigabit-con-fuente-externa","status":"publish","type":"product","link":"https:\/\/soydeaqui.ddns.net\/pachuca\/index.php\/producto\/inyector-poe-802-3af-at-bt-hasta-95-watts-puerto-gigabit-con-fuente-externa\/","title":{"rendered":"Inyector PoE 802.3af\/at\/bt , Hasta 95 Watts, Puerto Gigabit con Fuente Externa"},"content":{"rendered":"<div style='width: 100%; max-width: 1200px; margin: 0 auto; font-family: sans-serif; line-height: 1.6; color: inherit; background-color: transparent;'> <!-- Secci\u00f3n de contenido con flex\/grid --> <\/p>\n<div style='display: flex; flex-wrap: wrap; gap: 30px; margin-bottom: 30px;'>\n<div style='flex: 1 1 300px; min-width: 280px;'>\n<h3 style='font-size: 22px; border-bottom: 2px solid currentColor; padding-bottom: 5px; margin-top: 0; color: inherit; opacity: 0.8;'>Soluci\u00f3n de red Ultra PoE avanzada 802.3bt<\/h3>\n<p style='font-size: 15px; color: inherit; margin-bottom: 15px;'>PLANET POE171A95 es un inyector de alimentaci\u00f3n a trav\u00e9s de Ethernet 802.3bt de un puerto con un m\u00e1ximo de hasta 95 vatios de salida de potencia a trav\u00e9s de cables Ethernet.<\/p>\n<p style='font-size: 15px; color: inherit; margin-bottom: 15px;'>Est\u00e1 dise\u00f1ado espec\u00edficamente para satisfacer la demanda de equipos de red de mayor potencia y creciente&comma; tales como:<\/p>\n<ul style='padding-left: 20px; font-size: 15px; color: inherit;'>\n<li style='margin-bottom: 5px;'>C\u00e1mara domo de velocidad PTZ<\/li>\n<li style='margin-bottom: 5px;'>PC t\u00e1ctil todo en uno<\/li>\n<li style='margin-bottom: 5px;'>Pantalla de se\u00f1alizaci\u00f3n digital remota<\/li>\n<li style='margin-bottom: 5px;'>Otros dispositivos de red que necesitan mayor potencia para funcionar normalmente<\/li>\n<\/ul><\/div>\n<\/p><\/div>\n<p> <!-- Secci\u00f3n de caracter\u00edsticas --> <\/p>\n<div style='display: flex; flex-wrap: wrap; gap: 30px; margin-bottom: 30px;'>\n<div style='flex: 1 1 300px; min-width: 280px;'>\n<h3 style='font-size: 22px; border-bottom: 2px solid currentColor; padding-bottom: 5px; margin-top: 0; color: inherit; opacity: 0.8;'>95 vatios de potencia sobre UTP de 4 pares<\/h3>\n<p style='font-size: 15px; color: inherit; margin-bottom: 15px;'>Las soluciones POE171A95 y POE172S Ultra PoE usan el mismo est\u00e1ndar de cableado como IEEE 802.3af \/ at PoE. En lugar de entregar potencia sobre UTP trenzado de 2 pares&comma; ya sea de final de carrera (Pins 1&comma; 2&comma; 3 y 6) o mid-span (Pins 4&comma; 5&comma; 7 y 8)&comma; proporciona la capacidad de obtener hasta 95 vatios de potencia mediante el uso de los cuatro pares de Cat 5e \/ Cat. 6 Cableado de Ethernet. En el nuevo sistema de 4 pares&comma; se usar\u00e1n dos controladores PSE para alimentar tanto los pares de datos como los pares de repuesto.<\/p>\n<\/p><\/div>\n<\/p><\/div>\n<p> <!-- Imagen --> <\/p>\n<div style='display: flex; flex-wrap: wrap; gap: 30px; margin-bottom: 30px;'>\n<div style='flex: 1 1 100%; min-width: 280px;'> <img style='width: 100%; height: auto; border: 1px solid rgba(150&comma;150&comma;150&comma;0.3); border-radius: 8px;' src='https:\/\/ftp3.syscom.mx\/usuarios\/fotos\/POE171A95\/162074-poe-171a-95-3_l.png' alt=''> <\/div>\n<\/p><\/div>\n<p> <!-- Tabla de especificaciones --> <\/p>\n<div style='display: flex; flex-wrap: wrap; gap: 30px; margin-bottom: 30px;'>\n<div style='flex: 1 1 100%; min-width: 280px;'>\n<div style='border: 1px solid rgba(150&comma; 150&comma; 150&comma; 0.4); border-radius: 8px; overflow: hidden;'>\n<div style='padding: 15px; background-color: #7f9cd3; color: white; font-weight: bold; font-size: 18px;'>Comparaci\u00f3n de est\u00e1ndares PoE<\/div>\n<div style='padding: 15px; color: inherit;'>\n<table style='width: 100%; border-collapse: collapse; font-size: 14px;'>\n<thead>\n<tr>\n<th style='background-color: #7f9cd3; color: white; padding: 10px; border: 1px solid rgba(150&comma; 150&comma; 150&comma; 0.3); text-align: center;'>Caracter\u00edstica<\/th>\n<th style='background-color: #7f9cd3; color: white; padding: 10px; border: 1px solid rgba(150&comma; 150&comma; 150&comma; 0.3); text-align: center;'>IEEE 802.3af<br \/>(802.3at tipo 1)<\/th>\n<th style='background-color: #7f9cd3; color: white; padding: 10px; border: 1px solid rgba(150&comma; 150&comma; 150&comma; 0.3); text-align: center;'>IEEE 802.3at<br \/>(802.3at tipo 2)<\/th>\n<th style='background-color: #7f9cd3; color: white; padding: 10px; border: 1px solid rgba(150&comma; 150&comma; 150&comma; 0.3); text-align: center;'>IEEE 802.3bt<br \/>(POE171A95)<\/th>\n<\/tr>\n<\/thead>\n<tbody>\n<tr>\n<td style='background-color: white; padding: 10px; border: 1px solid rgba(150&comma; 150&comma; 150&comma; 0.3); font-weight: bold; text-align: center;'>Potencia m\u00e1xima entregada por PSE<\/td>\n<td style='background-color: white; padding: 10px; border: 1px solid rgba(150&comma; 150&comma; 150&comma; 0.3); text-align: center;'>15.4 vatios<\/td>\n<td style='background-color: white; padding: 10px; border: 1px solid rgba(150&comma; 150&comma; 150&comma; 0.3); text-align: center;'>30 vatios<\/td>\n<td style='background-color: white; padding: 10px; border: 1px solid rgba(150&comma; 150&comma; 150&comma; 0.3); font-weight: bold; text-align: center;'>95 vatios<\/td>\n<\/tr>\n<tr>\n<td style='background-color: #edf0f7; padding: 10px; border: 1px solid rgba(150&comma; 150&comma; 150&comma; 0.3); font-weight: bold; text-align: center;'>Potencia disponible en PD<\/td>\n<td style='background-color: #edf0f7; padding: 10px; border: 1px solid rgba(150&comma; 150&comma; 150&comma; 0.3); text-align: center;'>12.95 vatios<\/td>\n<td style='background-color: #edf0f7; padding: 10px; border: 1px solid rgba(150&comma; 150&comma; 150&comma; 0.3); text-align: center;'>25.5 vatios<\/td>\n<td style='background-color: #edf0f7; padding: 10px; border: 1px solid rgba(150&comma; 150&comma; 150&comma; 0.3); font-weight: bold; text-align: center;'>71 vatios<\/td>\n<\/tr>\n<tr>\n<td style='background-color: white; padding: 10px; border: 1px solid rgba(150&comma; 150&comma; 150&comma; 0.3); font-weight: bold; text-align: center;'>Rango de voltaje<\/td>\n<td style='background-color: white; padding: 10px; border: 1px solid rgba(150&comma; 150&comma; 150&comma; 0.3); text-align: center;'>48V<\/td>\n<td style='background-color: white; padding: 10px; border: 1px solid rgba(150&comma; 150&comma; 150&comma; 0.3); text-align: center;'>50 ~ 57V<\/td>\n<td style='background-color: white; padding: 10px; border: 1px solid rgba(150&comma; 150&comma; 150&comma; 0.3); font-weight: bold; text-align: center;'>52 ~ 56V<\/td>\n<\/tr>\n<tr>\n<td style='background-color: #edf0f7; padding: 10px; border: 1px solid rgba(150&comma; 150&comma; 150&comma; 0.3); font-weight: bold; text-align: center;'>Par trenzado usado<\/td>\n<td style='background-color: #edf0f7; padding: 10px; border: 1px solid rgba(150&comma; 150&comma; 150&comma; 0.3); text-align: center;' colspan='2'>2 pares<\/td>\n<td style='background-color: #edf0f7; padding: 10px; border: 1px solid rgba(150&comma; 150&comma; 150&comma; 0.3); font-weight: bold; text-align: center;'>4 pares<\/td>\n<\/tr>\n<tr>\n<td style='background-color: white; padding: 10px; border: 1px solid rgba(150&comma; 150&comma; 150&comma; 0.3); font-weight: bold; text-align: center;'>Modos admitidos<\/td>\n<td style='background-color: white; padding: 10px; border: 1px solid rgba(150&comma; 150&comma; 150&comma; 0.3); text-align: center;' colspan='2'>End-span o mid-span<\/td>\n<td style='background-color: white; padding: 10px; border: 1px solid rgba(150&comma; 150&comma; 150&comma; 0.3); font-weight: bold; text-align: center;'>End-span + Mid-span<\/td>\n<\/tr>\n<tr>\n<td style='background-color: #edf0f7; padding: 10px; border: 1px solid rgba(150&comma; 150&comma; 150&comma; 0.3); font-weight: bold; text-align: center;'>Cableado compatible<\/td>\n<td style='background-color: #edf0f7; padding: 10px; border: 1px solid rgba(150&comma; 150&comma; 150&comma; 0.3); text-align: center;' colspan='2'>Cat. 3\/5 \/ 5e \/ 6<\/td>\n<td style='background-color: #edf0f7; padding: 10px; border: 1px solid rgba(150&comma; 150&comma; 150&comma; 0.3); font-weight: bold; text-align: center;'>Cat. 5e \/ 6<\/td>\n<\/tr>\n<\/tbody>\n<\/table><\/div>\n<\/p><\/div>\n<\/p><\/div>\n<\/p><\/div>\n<p> <!-- Imagen --> <\/p>\n<div style='display: flex; flex-wrap: wrap; gap: 30px; margin-bottom: 30px;'>\n<div style='flex: 1 1 100%; min-width: 280px;'> <img style='width: 100%; height: auto; border: 1px solid rgba(150&comma;150&comma;150&comma;0.3); border-radius: 8px;' src='https:\/\/ftp3.syscom.mx\/usuarios\/fotos\/POE171A95\/162074-poe-171a-95-4_l.png' alt=''> <\/div>\n<\/p><\/div>\n<p> <!-- Separador --> <\/p>\n<hr style='border: 0; border-top: 1px solid rgba(150&comma; 150&comma; 150&comma; 0.3); margin: 30px 0;'> <\/div>\n","protected":false},"excerpt":{"rendered":"<p>Inyector PoE 802.3af\/at\/bt , Hasta 95 Watts, Puerto Gigabit con Fuente Externa<\/p>\n","protected":false},"featured_media":110067,"comment_status":"open","ping_status":"closed","template":"","meta":[],"product_brand":[],"product_cat":[1260],"product_tag":[1261,664,2033],"class_list":{"0":"post-110068","1":"product","2":"type-product","3":"status-publish","4":"has-post-thumbnail","6":"product_cat-inyectores-poe","7":"product_tag-inyectores-poe","8":"product_tag-networking","9":"product_tag-planet","11":"first","12":"instock","13":"sale","14":"shipping-taxable","15":"purchasable","16":"product-type-simple"},"_links":{"self":[{"href":"https:\/\/soydeaqui.ddns.net\/pachuca\/index.php\/wp-json\/wp\/v2\/product\/110068","targetHints":{"allow":["GET"]}}],"collection":[{"href":"https:\/\/soydeaqui.ddns.net\/pachuca\/index.php\/wp-json\/wp\/v2\/product"}],"about":[{"href":"https:\/\/soydeaqui.ddns.net\/pachuca\/index.php\/wp-json\/wp\/v2\/types\/product"}],"replies":[{"embeddable":true,"href":"https:\/\/soydeaqui.ddns.net\/pachuca\/index.php\/wp-json\/wp\/v2\/comments?post=110068"}],"wp:featuredmedia":[{"embeddable":true,"href":"https:\/\/soydeaqui.ddns.net\/pachuca\/index.php\/wp-json\/wp\/v2\/media\/110067"}],"wp:attachment":[{"href":"https:\/\/soydeaqui.ddns.net\/pachuca\/index.php\/wp-json\/wp\/v2\/media?parent=110068"}],"wp:term":[{"taxonomy":"product_brand","embeddable":true,"href":"https:\/\/soydeaqui.ddns.net\/pachuca\/index.php\/wp-json\/wp\/v2\/product_brand?post=110068"},{"taxonomy":"product_cat","embeddable":true,"href":"https:\/\/soydeaqui.ddns.net\/pachuca\/index.php\/wp-json\/wp\/v2\/product_cat?post=110068"},{"taxonomy":"product_tag","embeddable":true,"href":"https:\/\/soydeaqui.ddns.net\/pachuca\/index.php\/wp-json\/wp\/v2\/product_tag?post=110068"}],"curies":[{"name":"wp","href":"https:\/\/api.w.org\/{rel}","templated":true}]}}