{"id":110065,"date":"2026-03-20T19:31:35","date_gmt":"2026-03-20T19:31:35","guid":{"rendered":"https:\/\/soydeaqui.ddns.net\/pachuca\/index.php\/producto\/dvr-8-megapixel-soporta-16-canales-4k-turbohd-con-firmware-16-canales-ip-2-bahia-de-disco-duro-4-canales-de-audio-16-entradas-de-alarma-videoanalisis\/"},"modified":"2026-03-20T19:31:40","modified_gmt":"2026-03-20T19:31:40","slug":"dvr-8-megapixel-soporta-16-canales-4k-turbohd-con-firmware-16-canales-ip-2-bahia-de-disco-duro-4-canales-de-audio-16-entradas-de-alarma-videoanalisis","status":"publish","type":"product","link":"https:\/\/soydeaqui.ddns.net\/pachuca\/index.php\/producto\/dvr-8-megapixel-soporta-16-canales-4k-turbohd-con-firmware-16-canales-ip-2-bahia-de-disco-duro-4-canales-de-audio-16-entradas-de-alarma-videoanalisis\/","title":{"rendered":"DVR 8 Megapixel \/ Soporta 16 Canales 4K TURBOHD (Con Firmware) + 16 Canales IP \/ 2 Bah\u00eda de Disco Duro \/ 4 Canales de Audio \/ 16 Entradas de alarma \/ V\u00eddeoan\u00e1lisis"},"content":{"rendered":"<div style='width: 100%; max-width: 1200px; margin: 0 auto; font-family: sans-serif; line-height: 1.6; color: inherit; background-color: transparent;'> <!-- Imagen inicial --> <\/p>\n<div style='width: 100%; margin-bottom: 30px;'> <a href='https:\/\/www.syscomblog.com\/2018\/11\/por-que-epcom.html' target='_blank' rel='noopener' style='display: block;'> <img style='width: 100%; height: auto; border: 1px solid rgba(150&comma;150&comma;150&comma;0.3); border-radius: 8px;' src='https:\/\/ftp3.syscom.mx\/usuarios\/emendoza\/elesbanmch\/HIKVISON\/IMAGENES\/epcom.png' alt='Logo EPCOM'> <\/a> <\/div>\n<p> <!-- Video YouTube --> <\/p>\n<div style='position: relative; padding-bottom: 56.25%; height: 0; overflow: hidden; margin-bottom: 30px;'>   <\/div>\n<p> <!-- Imagen principal --> <\/p>\n<div style='width: 100%; margin-bottom: 30px;'> <img style='width: 100%; height: auto; border: 1px solid rgba(150&comma;150&comma;150&comma;0.3); border-radius: 8px;' src='https:\/\/ftp3.syscom.mx\/usuarios\/fotos\/DS7208HQHIK1\/97560-pentahi.jpg' alt='DVR Pentahybrid'> <\/div>\n<p> <!-- Secci\u00f3n de App m\u00f3vil --> <\/p>\n<div style='margin-bottom: 30px; padding: 0 15px;'>\n<h3 style='font-size: 22px; border-bottom: 2px solid currentColor; padding-bottom: 5px; margin-top: 0; color: inherit; opacity: 0.8;'>Mejor App de la Industria para Android \/ iPhone<\/h3>\n<p style='font-size: 15px; color: inherit; margin-bottom: 15px;'> V\u00eddeo fluido&comma; manejo r\u00e1pido&comma; <a href='https:\/\/www.syscomblog.com\/2018\/07\/nuevo-acceso-movil-en-segundos.html' target='_blank' rel='noopener' style='color: #2baadf; text-decoration: none;'>acceso m\u00f3vil en segundos y \u00fanico con opci\u00f3n segura para compartir equipos<\/a> (asegure que nadie puede acceder a su equipo). <\/p>\n<\/p><\/div>\n<p> <!-- Imagen IVMS4200 --> <\/p>\n<div style='width: 100%; margin-bottom: 30px;'> <img style='width: 100%; height: auto; border: 1px solid rgba(150&comma;150&comma;150&comma;0.3); border-radius: 8px;' src='https:\/\/ftp3.syscom.mx\/usuarios\/fotos\/EV4016TURBO\/97555-ivms4200.jpg' alt='IVMS4200 Lite'> <\/div>\n<p> <!-- Secci\u00f3n IVMS4200 --> <\/p>\n<div style='margin-bottom: 30px; padding: 0 15px;'>\n<h3 style='font-size: 22px; border-bottom: 2px solid currentColor; padding-bottom: 5px; margin-top: 0; color: inherit; opacity: 0.8;'>Administraci\u00f3n R\u00e1pida de M\u00faltiples Ubicaciones<\/h3>\n<p style='font-size: 15px; color: inherit; margin-bottom: 15px;'> El <a href='https:\/\/www.syscom.mx\/producto\/IVMS-4200-HIKVISION-76556.html' target='_blank' rel='noopener' style='color: #2baadf; text-decoration: none;'>nuevo IVMS4200 Lite<\/a> permite trabajar v\u00eddeo Megapixel con mucho menores recursos&comma; v\u00eddeo m\u00e1s fluido y operaci\u00f3n r\u00e1pida. <\/p>\n<\/p><\/div>\n<p> <!-- Caracter\u00edsticas principales --> <\/p>\n<div style='display: flex; flex-wrap: wrap; gap: 30px; margin-bottom: 30px;'>\n<div style='flex: 1 1 300px; min-width: 280px;'>\n<h3 style='font-size: 22px; border-bottom: 2px solid currentColor; padding-bottom: 5px; margin-top: 0; color: inherit; opacity: 0.8;'>Caracter\u00edsticas principales<\/h3>\n<ul style='padding-left: 20px; font-size: 15px; color: inherit;'>\n<li style='margin-bottom: 5px;'>Tecnolog\u00eda TURBO HD 8 Megapixel (4K) Ver 4.0<\/li>\n<li style='margin-bottom: 5px;'>Grabador PENTAHIBRIDO: HD-TVI&comma; HD-CVI&comma; AHD&comma; IP&comma; Analogico.<\/li>\n<li style='margin-bottom: 5px;'>Permite apagar canales anal\u00f3gicos TURBOHD y poder colocar c\u00e1maras IP en todos sus canales&comma; podemos colocar hasta 32 c\u00e1maras IP en total. Por cada canal anal\u00f3gico TURBOHD que se apague se genera un canal IP adicional. Favor de seguir el procedimiento: <a href='http:\/\/soporte.syscom.mx\/es\/articles\/2528077-hikvision-habilitar-mas-canales-ip-en-dvr-s-turbohd-4-0-compatible-con-epcom-hikvision' target='_blank' rel='noopener' style='color: #2baadf; text-decoration: none;'>http:\/\/soporte.syscom.mx\/es\/articles\/2528077-hikvision-habilitar-mas-canales-ip-en-dvr-s-turbohd-4-0-compatible-con-epcom-hikvision<\/a><\/li>\n<li style='margin-bottom: 5px;'>Acceso remoto: PC&comma; Smart phone (iPhone&comma; iPad&comma; Android)<\/li>\n<li style='margin-bottom: 5px;'>Compatibilidad multi-navegador.<\/li>\n<li style='margin-bottom: 5px;'>Visualizaci\u00f3n remota f\u00e1cil y r\u00e1pida con HIK-CONNECT.<\/li>\n<li style='margin-bottom: 5px;'>Funciones avanzadas: Detecci\u00f3n por cruce de l\u00ednea&comma; Intrusi\u00f3n<\/li>\n<\/ul><\/div>\n<\/p><\/div>\n<p> <!-- Compresi\u00f3n y resoluci\u00f3n --> <\/p>\n<div style='display: flex; flex-wrap: wrap; gap: 30px; margin-bottom: 30px;'>\n<div style='flex: 1 1 300px; min-width: 280px;'>\n<h3 style='font-size: 22px; border-bottom: 2px solid currentColor; padding-bottom: 5px; margin-top: 0; color: inherit; opacity: 0.8;'>Compresi\u00f3n y resoluci\u00f3n<\/h3>\n<ul style='padding-left: 20px; font-size: 15px; color: inherit;'>\n<li style='margin-bottom: 5px;'>H.264&comma; H.264+&comma; H.265&comma; H.265+.<\/li>\n<li style='margin-bottom: 5px;'>Soporta 16 canales TurboHD \/ Analogicos + 16 IP = 32 canales en total. <a href='http:\/\/soporte.syscom.mx\/es\/articles\/2554985-hikvision-configuracion-para-activar-videoanaliticos-en-todos-los-canales-de-los-dvr' target='_blank' rel='noopener' style='color: #2baadf; text-decoration: none;'>(Ver procedimiento)<\/a><\/li>\n<ul style='padding-left: 30px; margin-top: 10px; margin-bottom: 10px;'>\n<li style='margin-bottom: 5px;'>HD-TVI: 8 MP @ 8 fps \/ 5 MP @ 12 fps<\/li>\n<li style='margin-bottom: 5px;'>HD-CVI 1080p @ 30 fps<\/li>\n<li style='margin-bottom: 5px;'>ANAL\u00d3GICO: PAL\/NTSC<\/li>\n<li style='margin-bottom: 5px;'>AHD: 1080p @ 30 fps<\/li>\n<li style='margin-bottom: 5px;'>IP: 8 MP @ 10 fps<\/li>\n<\/ul>\n<li style='margin-bottom: 5px;'>Audio: G711.<\/li>\n<\/ul><\/div>\n<\/p><\/div>\n<p> <!-- Funciones de Grabaci\u00f3n y Visualizaci\u00f3n --> <\/p>\n<div style='display: flex; flex-wrap: wrap; gap: 30px; margin-bottom: 30px;'>\n<div style='flex: 1 1 300px; min-width: 280px;'>\n<h3 style='font-size: 22px; border-bottom: 2px solid currentColor; padding-bottom: 5px; margin-top: 0; color: inherit; opacity: 0.8;'>Funciones de Grabaci\u00f3n y Visualizaci\u00f3n<\/h3>\n<ul style='padding-left: 20px; font-size: 15px; color: inherit;'>\n<li style='margin-bottom: 5px;'>Detecci\u00f3n de movimiento multi zona.<\/li>\n<li style='margin-bottom: 5px;'>Zoom digital en visualizaci\u00f3n y grabaci\u00f3n<\/li>\n<li style='margin-bottom: 5px;'>Soporta m\u00faltiples tipos de grabaci\u00f3n<\/li>\n<ul style='padding-left: 30px; margin-top: 10px; margin-bottom: 10px;'>\n<li style='margin-bottom: 5px;'>Tiempo real<\/li>\n<li style='margin-bottom: 5px;'>Grabaci\u00f3n por alarma<\/li>\n<li style='margin-bottom: 5px;'>Movimiento<\/li>\n<li style='margin-bottom: 5px;'>Movimiento &#038; Alarma<\/li>\n<li style='margin-bottom: 5px;'>Movimiento \/ Alarma<\/li>\n<\/ul>\n<li style='margin-bottom: 5px;'>B\u00fasquedas de evidencia inteligente.<\/li>\n<li style='margin-bottom: 5px;'>Grabaci\u00f3n con sobre-escritura.<\/li>\n<li style='margin-bottom: 5px;'>Main stream: 8MP@fps \/ 5MP@12fps \/ 4MP@15fps \/ 3MP@18fps \/ 1080P@30fps<\/li>\n<li style='margin-bottom: 5px;'>Sub: stream: WD1 \/ 4CIF \/ VGA \/ CIF<\/li>\n<\/ul><\/div>\n<\/p><\/div>\n<p> <!-- Interfaces Entrada \/ Salidas --> <\/p>\n<div style='display: flex; flex-wrap: wrap; gap: 30px; margin-bottom: 30px;'>\n<div style='flex: 1 1 300px; min-width: 280px;'>\n<h3 style='font-size: 22px; border-bottom: 2px solid currentColor; padding-bottom: 5px; margin-top: 0; color: inherit; opacity: 0.8;'>Interfaces Entrada \/ Salidas<\/h3>\n<ul style='padding-left: 20px; font-size: 15px; color: inherit;'>\n<li style='margin-bottom: 5px;'>HDMI: 4K (3840\u00d72160)&comma; 2K (2560\u00d71440)&comma; 1920\u00d71080&comma; 1280\u00d71024&comma; 1280\u00d7720&comma; 1024\u00d7768<\/li>\n<li style='margin-bottom: 5px;'>VGA: 1920\u00d71080&comma; 1280\u00d71024&comma; 1280\u00d7720&comma; 1024\u00d7768.<\/li>\n<li style='margin-bottom: 5px;'>Entrada de v\u00eddeo 16 ch.<\/li>\n<li style='margin-bottom: 5px;'>Salida de v\u00eddeo: HDMI@1080p.\/ VGA \/CVBS aux<\/li>\n<li style='margin-bottom: 5px;'>Entrada de audio: 4(RCA&comma; 2.0 Vp-p 1K\u03a9).<\/li>\n<li style='margin-bottom: 5px;'>Salida de audio: 1(RCA&comma; 2.0 Vp-p 1K\u03a9).<\/li>\n<li style='margin-bottom: 5px;'>Entrada de Alarma: 16 (Block de terminales).<\/li>\n<li style='margin-bottom: 5px;'>Salida de Alarma: 4 (Block de terminales).<\/li>\n<li style='margin-bottom: 5px;'>Interfaz serial: RS-485 (HIKVISION C COAXITRON&comma; PELCO-D&comma; PELCO-P&comma; etc..)<\/li>\n<li style='margin-bottom: 5px;'>Interfaz USB: 1 puerto versi\u00f3n 2.0 adelante \/ 1 puerto 3.0 atras<\/li>\n<li style='margin-bottom: 5px;'>Interfaz red: 1 puerto RJ45 10M\/100M\/1000M<\/li>\n<li style='margin-bottom: 5px;'>Capacidad de almacenamiento HDD: 2 @ 10 TB<\/li>\n<\/ul><\/div>\n<\/p><\/div>\n<p> <!-- Funciones de red --> <\/p>\n<div style='display: flex; flex-wrap: wrap; gap: 30px; margin-bottom: 30px;'>\n<div style='flex: 1 1 300px; min-width: 280px;'>\n<h3 style='font-size: 22px; border-bottom: 2px solid currentColor; padding-bottom: 5px; margin-top: 0; color: inherit; opacity: 0.8;'>Funciones de red<\/h3>\n<ul style='padding-left: 20px; font-size: 15px; color: inherit;'>\n<li style='margin-bottom: 5px;'>Protocolos: TCP\/IP&comma; PPPoE&comma; DHCP&comma; Hik-Connect&comma; DNS&comma; DDNS&comma; NTP&comma; SADP&comma; NFS&comma; iSCSI&comma; UPnP&comma; HTTPS&comma; ONVIF.<\/li>\n<li style='margin-bottom: 5px;'>Soporta 2 streams.<\/li>\n<\/ul><\/div>\n<\/p><\/div>\n<p> <!-- Caracter\u00edsticas f\u00edsicas y el\u00e9ctricas --> <\/p>\n<div style='display: flex; flex-wrap: wrap; gap: 30px; margin-bottom: 30px;'>\n<div style='flex: 1 1 300px; min-width: 280px;'>\n<h3 style='font-size: 22px; border-bottom: 2px solid currentColor; padding-bottom: 5px; margin-top: 0; color: inherit; opacity: 0.8;'>Caracter\u00edsticas f\u00edsicas y el\u00e9ctricas<\/h3>\n<p style='font-size: 15px; color: inherit; margin-bottom: 15px;'> Nota: Se recomienda el uso de fuente independiente como recomendaci\u00f3n el modelo PLK12DC6CH&comma; solo en 8 MP para aplicaci\u00f3n en 4 MP el uso de fuente de poder profesional. <\/p>\n<ul style='padding-left: 20px; font-size: 15px; color: inherit;'>\n<li style='margin-bottom: 5px;'>Alimentaci\u00f3n: 12 Vcc (Fuente incluida pines)<\/li>\n<li style='margin-bottom: 5px;'>Consumo sin HDD 25 W.<\/li>\n<li style='margin-bottom: 5px;'>Temperatura de operaci\u00f3n -10\u00b0C a 55\u00b0C<\/li>\n<li style='margin-bottom: 5px;'>Dimensiones: 380 x 320 x 48 mm (W x D x H)<\/li>\n<li style='margin-bottom: 5px;'>Peso: 2Kg sin HDD<\/li>\n<li style='margin-bottom: 5px;'>Garant\u00eda: 4 a\u00f1os.<\/li>\n<li style='margin-bottom: 5px;'>Compatible con gabinete met\u00e1lico GAB-VID2-R2.<\/li>\n<\/ul><\/div>\n<\/p><\/div>\n<\/p><\/div>\n","protected":false},"excerpt":{"rendered":"<p>DVR 8 Megapixel \/ Soporta 16 Canales 4K TURBOHD (Con Firmware) + 16 Canales IP \/ 2 Bah\u00eda de Disco Duro \/ 4 Canales de Audio \/ 16 Entradas de alarma \/ V\u00eddeoan\u00e1lisis<\/p>\n","protected":false},"featured_media":110064,"comment_status":"open","ping_status":"closed","template":"","meta":[],"product_brand":[],"product_cat":[2254],"product_tag":[2255,935,2256],"class_list":{"0":"post-110065","1":"product","2":"type-product","3":"status-publish","4":"has-post-thumbnail","6":"product_cat-videograbadoras-analogicas-turbohd-tvi-ahd-cvi","7":"product_tag-camaras-y-dvrs-hd-turbohd-ahd-hd-tvi","8":"product_tag-epcom","9":"product_tag-videograbadoras-analogicas-turbohd-tvi-ahd-cvi","11":"first","12":"outofstock","13":"sale","14":"shipping-taxable","15":"purchasable","16":"product-type-simple"},"_links":{"self":[{"href":"https:\/\/soydeaqui.ddns.net\/pachuca\/index.php\/wp-json\/wp\/v2\/product\/110065","targetHints":{"allow":["GET"]}}],"collection":[{"href":"https:\/\/soydeaqui.ddns.net\/pachuca\/index.php\/wp-json\/wp\/v2\/product"}],"about":[{"href":"https:\/\/soydeaqui.ddns.net\/pachuca\/index.php\/wp-json\/wp\/v2\/types\/product"}],"replies":[{"embeddable":true,"href":"https:\/\/soydeaqui.ddns.net\/pachuca\/index.php\/wp-json\/wp\/v2\/comments?post=110065"}],"wp:featuredmedia":[{"embeddable":true,"href":"https:\/\/soydeaqui.ddns.net\/pachuca\/index.php\/wp-json\/wp\/v2\/media\/110064"}],"wp:attachment":[{"href":"https:\/\/soydeaqui.ddns.net\/pachuca\/index.php\/wp-json\/wp\/v2\/media?parent=110065"}],"wp:term":[{"taxonomy":"product_brand","embeddable":true,"href":"https:\/\/soydeaqui.ddns.net\/pachuca\/index.php\/wp-json\/wp\/v2\/product_brand?post=110065"},{"taxonomy":"product_cat","embeddable":true,"href":"https:\/\/soydeaqui.ddns.net\/pachuca\/index.php\/wp-json\/wp\/v2\/product_cat?post=110065"},{"taxonomy":"product_tag","embeddable":true,"href":"https:\/\/soydeaqui.ddns.net\/pachuca\/index.php\/wp-json\/wp\/v2\/product_tag?post=110065"}],"curies":[{"name":"wp","href":"https:\/\/api.w.org\/{rel}","templated":true}]}}