{"id":109992,"date":"2026-03-20T19:27:38","date_gmt":"2026-03-20T19:27:38","guid":{"rendered":"https:\/\/soydeaqui.ddns.net\/pachuca\/index.php\/producto\/failover-para-nvr-idis-4k-uhd-64ch-h-265-failover-transmision-con-2-puertos-de-fibra-optica-inter-construido\/"},"modified":"2026-03-20T19:27:58","modified_gmt":"2026-03-20T19:27:58","slug":"failover-para-nvr-idis-4k-uhd-64ch-h-265-failover-transmision-con-2-puertos-de-fibra-optica-inter-construido","status":"publish","type":"product","link":"https:\/\/soydeaqui.ddns.net\/pachuca\/index.php\/producto\/failover-para-nvr-idis-4k-uhd-64ch-h-265-failover-transmision-con-2-puertos-de-fibra-optica-inter-construido\/","title":{"rendered":"FAILOVER para NVR IDIS 4K UHD | 64CH H.265 | FailOver | Transmisi\u00f3n con 2 Puertos de Fibra Optica inter-construido |"},"content":{"rendered":"<div style='width: 100%; max-width: 1200px; margin: 0 auto; font-family: sans-serif; line-height: 1.6; color: inherit; background-color: transparent;'> <!-- Im\u00e1genes iniciales --> <\/p>\n<div style='display: flex; flex-direction: column; gap: 15px; margin-bottom: 30px;'> <img style='width: 100%; height: auto; border: 1px solid rgba(150&comma;150&comma;150&comma;0.3); border-radius: 8px;' src='https:\/\/ftp3.syscom.mx\/usuarios\/fotos\/DCT4831HRXA\/196150-baner-proyectos.jpg' alt=''> <img style='width: 50%; height: auto; border: 1px solid rgba(150&comma;150&comma;150&comma;0.3); border-radius: 8px; margin: 0 auto;' src='https:\/\/ftp3.syscom.mx\/usuarios\/luis.vargas\/IDIS\/Imagenes\/logo.png' alt=''> <\/div>\n<p> <!-- Descripci\u00f3n general --> <\/p>\n<div style='margin-bottom: 30px;'>\n<h1 style='font-size: 28px; text-align: center; color: inherit; margin-bottom: 10px;'><strong>DR-8364F<\/strong><\/h1>\n<h3 style='font-size: 22px; text-align: center; color: #147e82; margin-bottom: 20px;'><strong>IDIS<\/strong><\/h3>\n<p style='text-align: center; margin: 0 auto 30px auto; max-width: 800px; font-size: 15px; color: inherit;'>El Networking Video Recorder (NVR) traducido al espa\u00f1ol como grabador de video de red&comma; son dispositivos inteligentes que le permiten a las empresas que cuentan con seguridad electr\u00f3nica grabar video y poder operar diferentes c\u00e1maras IP o inal\u00e1mbricas configuradas a una red.<\/p>\n<\/p><\/div>\n<p> <!-- Secci\u00f3n de caracter\u00edsticas --> <\/p>\n<div style='display: flex; flex-wrap: wrap; gap: 30px; margin-bottom: 30px;'>\n<div style='flex: 1 1 300px; min-width: 280px;'>\n<h3 style='font-size: 22px; border-bottom: 2px solid currentColor; padding-bottom: 5px; margin-top: 0; color: inherit; opacity: 0.8;'>Caracter\u00edsticas<\/h3>\n<ul style='padding-left: 20px; font-size: 15px; color: inherit;'>\n<li style='margin-bottom: 5px;'>Rendimiento entrante total 900 Mbps<\/li>\n<li style='margin-bottom: 5px;'>Grabaci\u00f3n en tiempo real Full HD de hasta 1920ips<\/li>\n<li style='margin-bottom: 5px;'>Admite c\u00f3dec H.265 \/ H.264<\/li>\n<li style='margin-bottom: 5px;'>F\u00e1cil de instalar&comma; configurar y jugar con c\u00e1maras DirectIP<\/li>\n<li style='margin-bottom: 5px;'>Ampliable hasta 240 TB mediante almacenamiento eSATA<\/li>\n<li style='margin-bottom: 5px;'>Soporta RAID 1&comma; 5&comma; 10<\/li>\n<li style='margin-bottom: 5px;'>Soporta energ\u00eda redundante<\/li>\n<li style='margin-bottom: 5px;'>Admite la configuraci\u00f3n de red con un clic a trav\u00e9s del servicio FEN<\/li>\n<li style='margin-bottom: 5px;'>Admite c\u00e1maras de terceros (Axis&comma; Panasonic&comma; ONVIF)<\/li>\n<li style='margin-bottom: 5px;'>Establezca un sistema de conmutaci\u00f3n por error NVR con DR-8364F (D) en espera<\/li>\n<li style='margin-bottom: 5px;'><strong>Funciona solo como failover&comma; requiere DR-8364D para hacer la funcion.<\/strong><\/li>\n<\/ul><\/div>\n<div style='flex: 1 1 300px; min-width: 280px;'> <img style='width: 100%; height: auto; border: 1px solid rgba(150&comma;150&comma;150&comma;0.3); border-radius: 8px; margin-bottom: 15px;' src='https:\/\/ftp3.syscom.mx\/usuarios\/pnunez\/IDIS\/Imagenes%20ERP\/dr8364dfrente.png' alt=''> <\/p>\n<h3 style='font-size: 22px; border-bottom: 2px solid currentColor; padding-bottom: 5px; margin-top: 0; color: inherit; opacity: 0.8;'>Caracter\u00edsticas F\u00edsicas y El\u00e9ctricas<\/h3>\n<ul style='padding-left: 20px; font-size: 15px; color: inherit;'>\n<li style='margin-bottom: 5px;'>Alimentacion: 100-240Vca~&comma; 50\/60Hz&comma; 2.0-1.0A&comma; 120W<\/li>\n<li style='margin-bottom: 5px;'>Certificacion: FCC&comma; UL&comma; CE&comma; CB&comma; KC&comma; PSE<\/li>\n<li style='margin-bottom: 5px;'>Temperatura de trabajo: 0\u00b0C a 40\u00b0C<\/li>\n<li style='margin-bottom: 5px;'>Humedad Ambiental: 0% &#8211; 90%<\/li>\n<\/ul><\/div>\n<div style='flex: 1 1 300px; min-width: 280px;'> <img style='width: 100%; height: auto; border: 1px solid rgba(150&comma;150&comma;150&comma;0.3); border-radius: 8px; margin-bottom: 15px;' src='https:\/\/ftp3.syscom.mx\/usuarios\/pnunez\/IDIS\/Imagenes%20ERP\/dr8364fatras.png' alt=''> <\/p>\n<h3 style='font-size: 22px; border-bottom: 2px solid currentColor; padding-bottom: 5px; margin-top: 0; color: inherit; opacity: 0.8;'>Caracter\u00edsticas Generales<\/h3>\n<ul style='padding-left: 20px; font-size: 15px; color: inherit;'>\n<li style='margin-bottom: 5px;'>Dimensiones: 48.26 cm x 8.8 cm x 52.33 cm<\/li>\n<li style='margin-bottom: 5px;'>Peso: 10.9 Kg<\/li>\n<li style='margin-bottom: 5px;'>Audio: Local (NVR): 1 RCA \/ 1 RCA + 1 HDMI \/ C\u00e1mara IP: 64\/64 (seg\u00fan la c\u00e1mara IP)<\/li>\n<li style='margin-bottom: 5px;'>Alarma: Local (NVR): 4\/1 \/ C\u00e1mara IP: 64\/64 (seg\u00fan la c\u00e1mara IP)<\/li>\n<\/ul><\/div>\n<\/p><\/div>\n<p> <!-- Imagen de puertos --> <img style='width: 80%; height: auto; border: 1px solid rgba(150&comma;150&comma;150&comma;0.3); border-radius: 8px; margin: 0 auto 30px; display: block;' src='https:\/\/ftp3.syscom.mx\/usuarios\/pnunez\/IDIS\/Imagenes%20ERP\/dr8364fpuertos.PNG' alt=''> <!-- Videos de YouTube --> <\/p>\n<div style='display: flex; flex-wrap: wrap; gap: 20px; justify-content: center; margin-bottom: 30px;'>\n<div style='position: relative; padding-bottom: 56.25%; height: 0; overflow: hidden; flex: 1 1 300px; min-width: 280px;'>   <\/div>\n<div style='position: relative; padding-bottom: 56.25%; height: 0; overflow: hidden; flex: 1 1 300px; min-width: 280px;'>   <\/div>\n<div style='position: relative; padding-bottom: 56.25%; height: 0; overflow: hidden; flex: 1 1 300px; min-width: 280px;'>   <\/div>\n<\/p><\/div>\n<\/p><\/div>\n","protected":false},"excerpt":{"rendered":"<p>FAILOVER para NVR IDIS 4K UHD | 64CH H.265 | FailOver | Transmisi\u00f3n con 2 Puertos de Fibra Optica inter-construido |<\/p>\n","protected":false},"featured_media":109991,"comment_status":"open","ping_status":"closed","template":"","meta":[],"product_brand":[],"product_cat":[2234],"product_tag":[122,2276,2235],"class_list":{"0":"post-109992","1":"product","2":"type-product","3":"status-publish","4":"has-post-thumbnail","6":"product_cat-nvrs-network-video-recorders","7":"product_tag-camaras-ip-y-nvrs","8":"product_tag-idis","9":"product_tag-nvrs-network-video-recorders","11":"first","12":"outofstock","13":"sale","14":"shipping-taxable","15":"purchasable","16":"product-type-simple"},"_links":{"self":[{"href":"https:\/\/soydeaqui.ddns.net\/pachuca\/index.php\/wp-json\/wp\/v2\/product\/109992","targetHints":{"allow":["GET"]}}],"collection":[{"href":"https:\/\/soydeaqui.ddns.net\/pachuca\/index.php\/wp-json\/wp\/v2\/product"}],"about":[{"href":"https:\/\/soydeaqui.ddns.net\/pachuca\/index.php\/wp-json\/wp\/v2\/types\/product"}],"replies":[{"embeddable":true,"href":"https:\/\/soydeaqui.ddns.net\/pachuca\/index.php\/wp-json\/wp\/v2\/comments?post=109992"}],"wp:featuredmedia":[{"embeddable":true,"href":"https:\/\/soydeaqui.ddns.net\/pachuca\/index.php\/wp-json\/wp\/v2\/media\/109991"}],"wp:attachment":[{"href":"https:\/\/soydeaqui.ddns.net\/pachuca\/index.php\/wp-json\/wp\/v2\/media?parent=109992"}],"wp:term":[{"taxonomy":"product_brand","embeddable":true,"href":"https:\/\/soydeaqui.ddns.net\/pachuca\/index.php\/wp-json\/wp\/v2\/product_brand?post=109992"},{"taxonomy":"product_cat","embeddable":true,"href":"https:\/\/soydeaqui.ddns.net\/pachuca\/index.php\/wp-json\/wp\/v2\/product_cat?post=109992"},{"taxonomy":"product_tag","embeddable":true,"href":"https:\/\/soydeaqui.ddns.net\/pachuca\/index.php\/wp-json\/wp\/v2\/product_tag?post=109992"}],"curies":[{"name":"wp","href":"https:\/\/api.w.org\/{rel}","templated":true}]}}