{"id":109987,"date":"2026-03-20T19:27:22","date_gmt":"2026-03-20T19:27:22","guid":{"rendered":"https:\/\/soydeaqui.ddns.net\/pachuca\/index.php\/producto\/ultra-mini-turret-turbo-2-megapixeles-1080p-gran-angular-lente-2-8-mm-20-mts-ir-exir-exterior-ip67-4-tecnologias-tvi-ahd-cvbs-dwdr-color-negro\/"},"modified":"2026-03-20T19:27:34","modified_gmt":"2026-03-20T19:27:34","slug":"ultra-mini-turret-turbo-2-megapixeles-1080p-gran-angular-lente-2-8-mm-20-mts-ir-exir-exterior-ip67-4-tecnologias-tvi-ahd-cvbs-dwdr-color-negro","status":"publish","type":"product","link":"https:\/\/soydeaqui.ddns.net\/pachuca\/index.php\/producto\/ultra-mini-turret-turbo-2-megapixeles-1080p-gran-angular-lente-2-8-mm-20-mts-ir-exir-exterior-ip67-4-tecnologias-tvi-ahd-cvbs-dwdr-color-negro\/","title":{"rendered":"Ultra Mini Turret TURBO 2 Megapixeles (1080p) \/ Gran Angular \/ Lente 2.8 mm \/ 20 mts IR EXIR \/ Exterior IP67 \/ 4 Tecnolog\u00edas (TVI \/ AHD \/ CVBS) \/ dWDR \/ Color Negro"},"content":{"rendered":"<div style='width: 100%; max-width: 1200px; margin: 0 auto; font-family: sans-serif; line-height: 1.6; color: inherit; background-color: transparent;'>\n<div style='text-align: center;'>\n<h1 style='margin: 0; padding: 0;'><img style='width: 100%; max-width: 583.203px; height: auto; border: 1px solid rgba(150&comma;150&comma;150&comma;0.3); border-radius: 8px;' src='https:\/\/ftp3.syscom.mx\/usuarios\/jsosa\/HIKVISION\/imagenes\/logo\/hikvision%20see%20far.png' alt='Logo Hikvision' \/><\/h1>\n<\/p><\/div>\n<p> <!-- Video Secci\u00f3n --> <\/p>\n<div style='margin: 30px 0;'>\n<div style='position: relative; padding-bottom: 56.25%; height: 0; overflow: hidden;'>   <\/div>\n<\/p><\/div>\n<p> <!-- Secci\u00f3n de caracter\u00edsticas --> <\/p>\n<div style='display: flex; flex-wrap: wrap; gap: 30px; margin-bottom: 30px;'>\n<div style='flex: 1 1 300px; min-width: 280px; border: 1px solid rgba(150&comma;150&comma;150&comma;0.4); border-radius: 8px; overflow: hidden;'>\n<div style='padding: 15px; border-bottom: 1px solid rgba(150&comma;150&comma;150&comma;0.2); font-weight: bold; font-size: 18px; background-color: #df001e; color: white; border-bottom: 1px solid #a80000;'>Caracter\u00edsticas Principales:<\/div>\n<ul style='padding: 15px; margin: 0; font-size: 14px; color: inherit;'>\n<li style='margin-bottom: 5px;'><strong>Resoluci\u00f3n m\u00e1xima:<\/strong> 2 Megapixel (1920 x 1080)<\/li>\n<li style='margin-bottom: 5px;'><strong>Lente fijo:<\/strong> 2.8 mm (106\u00b0 angulo de visi\u00f3n)<\/li>\n<li style='margin-bottom: 5px;'><strong>20 mts Smart IR EXIR:<\/strong> visi\u00f3n nocturna<\/li>\n<li style='margin-bottom: 5px;'><strong>Tecnolog\u00edas:<\/strong> TVI \/ AHD \/ CVI \/ CVBS<\/li>\n<li style='margin-bottom: 5px;'><strong>Funciones:<\/strong> dWDR \/ AGC \/ 2D DNR<\/li>\n<li style='margin-bottom: 5px;'><strong>Soporte:<\/strong> coaxitron<\/li>\n<\/ul><\/div>\n<div style='flex: 1 1 300px; min-width: 280px; border: 1px solid rgba(150&comma;150&comma;150&comma;0.4); border-radius: 8px; overflow: hidden;'>\n<div style='padding: 15px; border-bottom: 1px solid rgba(150&comma;150&comma;150&comma;0.2); font-weight: bold; font-size: 18px; background-color: #df001e; color: white; border-bottom: 1px solid #a80000;'>Caracter\u00edsticas F\u00edsicas y El\u00e9ctricas<\/div>\n<ul style='padding: 15px; margin: 0; font-size: 14px; color: inherit;'>\n<li style='margin-bottom: 5px;'><strong>Alimentaci\u00f3n:<\/strong> 12 Vcc \/ 3.6 Watts<\/li>\n<li style='margin-bottom: 5px;'><strong>Material:<\/strong> Metal<\/li>\n<li style='margin-bottom: 5px;'><strong>Dimensiones:<\/strong> 61.12 x 60 mm<\/li>\n<li style='margin-bottom: 5px;'><strong>Peso:<\/strong> 160 gr<\/li>\n<\/ul><\/div>\n<\/p><\/div>\n<p> <!-- Caracter\u00edsticas Destacadas --> <\/p>\n<div style='border: 1px solid rgba(150&comma;150&comma;150&comma;0.4); border-radius: 8px; overflow: hidden; margin-bottom: 30px;'>\n<div style='padding: 15px; border-bottom: 1px solid rgba(150&comma;150&comma;150&comma;0.2); font-weight: bold; font-size: 18px; background-color: #df001e; color: white; border-bottom: 1px solid #a80000;'>Caracter\u00edsticas Destacadas:<\/div>\n<div style='padding: 15px; font-size: 14px; color: inherit;'>\n<ul style='padding-left: 20px; margin: 0;'>\n<li style='margin-bottom: 10px;'>Su dise\u00f1o compacto permite colocarse en lugares donde quieren c\u00e1maras discretas o donde no quieren que sea muy grande la c\u00e1mara para guardar un poco de discreci\u00f3n o simplemente por est\u00e9tica.<\/li>\n<li style='margin-bottom: 10px;'>Compatible con cualquier DVR de 1080p Lite o superior&comma; inclusive de la competencia.<\/li>\n<\/ul><\/div>\n<\/p><\/div>\n<p> <!-- Imagen final --> <\/p>\n<div style='margin: 30px 0;'> <img style='width: 100%; height: auto; border: 1px solid rgba(150&comma;150&comma;150&comma;0.3); border-radius: 8px;' src='https:\/\/ftp3.syscom.mx\/usuarios\/jsosa\/HIKVISION\/imagenes\/banners\/solution%20complete.png' alt='Soluci\u00f3n completa' \/> <\/div>\n<\/p><\/div>\n","protected":false},"excerpt":{"rendered":"<p>Ultra Mini Turret TURBO 2 Megapixeles (1080p) \/ Gran Angular \/ Lente 2.8 mm \/ 20 mts IR EXIR \/ Exterior IP67 \/ 4 Tecnolog\u00edas (TVI \/ AHD \/ CVBS) \/ dWDR \/ Color Negro<\/p>\n","protected":false},"featured_media":109986,"comment_status":"open","ping_status":"closed","template":"","meta":[],"product_brand":[],"product_cat":[2269],"product_tag":[2255,2057,54],"class_list":{"0":"post-109987","1":"product","2":"type-product","3":"status-publish","4":"has-post-thumbnail","6":"product_cat-domo-eyeball-turret-camaras-y-dvrs-hd-turbohd-ahd-hd-tvi","7":"product_tag-camaras-y-dvrs-hd-turbohd-ahd-hd-tvi","8":"product_tag-domo-eyeball-turret","9":"product_tag-hikvision","11":"first","12":"instock","13":"sale","14":"shipping-taxable","15":"purchasable","16":"product-type-simple"},"_links":{"self":[{"href":"https:\/\/soydeaqui.ddns.net\/pachuca\/index.php\/wp-json\/wp\/v2\/product\/109987","targetHints":{"allow":["GET"]}}],"collection":[{"href":"https:\/\/soydeaqui.ddns.net\/pachuca\/index.php\/wp-json\/wp\/v2\/product"}],"about":[{"href":"https:\/\/soydeaqui.ddns.net\/pachuca\/index.php\/wp-json\/wp\/v2\/types\/product"}],"replies":[{"embeddable":true,"href":"https:\/\/soydeaqui.ddns.net\/pachuca\/index.php\/wp-json\/wp\/v2\/comments?post=109987"}],"wp:featuredmedia":[{"embeddable":true,"href":"https:\/\/soydeaqui.ddns.net\/pachuca\/index.php\/wp-json\/wp\/v2\/media\/109986"}],"wp:attachment":[{"href":"https:\/\/soydeaqui.ddns.net\/pachuca\/index.php\/wp-json\/wp\/v2\/media?parent=109987"}],"wp:term":[{"taxonomy":"product_brand","embeddable":true,"href":"https:\/\/soydeaqui.ddns.net\/pachuca\/index.php\/wp-json\/wp\/v2\/product_brand?post=109987"},{"taxonomy":"product_cat","embeddable":true,"href":"https:\/\/soydeaqui.ddns.net\/pachuca\/index.php\/wp-json\/wp\/v2\/product_cat?post=109987"},{"taxonomy":"product_tag","embeddable":true,"href":"https:\/\/soydeaqui.ddns.net\/pachuca\/index.php\/wp-json\/wp\/v2\/product_tag?post=109987"}],"curies":[{"name":"wp","href":"https:\/\/api.w.org\/{rel}","templated":true}]}}