{"id":109936,"date":"2026-03-20T19:24:35","date_gmt":"2026-03-20T19:24:35","guid":{"rendered":"https:\/\/soydeaqui.ddns.net\/pachuca\/index.php\/producto\/lector-de-placas-vehiculares-4-metros-de-alcance-alta-seguridad-anpr\/"},"modified":"2026-03-20T19:24:38","modified_gmt":"2026-03-20T19:24:38","slug":"lector-de-placas-vehiculares-4-metros-de-alcance-alta-seguridad-anpr","status":"publish","type":"product","link":"https:\/\/soydeaqui.ddns.net\/pachuca\/index.php\/producto\/lector-de-placas-vehiculares-4-metros-de-alcance-alta-seguridad-anpr\/","title":{"rendered":"Lector de Placas Vehiculares \/ 4 Metros de Alcance \/ ALTA SEGURIDAD \/ ANPR"},"content":{"rendered":"<div style='width: 100%; max-width: 1200px; margin: 0 auto; font-family: sans-serif; line-height: 1.6; color: inherit; background-color: transparent;'>\n<div style='display: flex; flex-direction: column; gap: 30px;'>\n<div style='display: flex; flex-direction: column; gap: 15px;'>\n<p style='margin: 0; color: inherit; font-size: 16px;'> La c\u00e1mara ANPR es un lector de placa de matr\u00edcula con opci\u00f3n de comunicaci\u00f3n Wiegand (opcional con M\u00f3dulo aparte) <\/p>\n<p style='margin: 0; color: inherit; font-size: 16px;'> El lector de matr\u00edculas Nedap es una c\u00e1mara todo-en-uno que incluye la c\u00e1mara&comma; analizador y el iluminador IR. El lector ANPR ha incorporado el software de procesamiento a bordo. El lector de matr\u00edculas es por defecto ofrecido con un RS485 y la comunicaci\u00f3n Ethernet. <\/p>\n<p style='margin: 0; color: inherit; font-size: 16px;'> El lector Nedap ANPR cubre casi todos los pa\u00edses europeos y tiene una amplia lista de pa\u00edses de todo el mundo que soportan una amplia gama de placas de matr\u00edcula IR-reflectante. <\/p>\n<\/p><\/div>\n<p> <img style='width: 100%; height: auto; border: 1px solid rgba(150&comma;150&comma;150&comma;0.3); border-radius: 8px;' src='http:\/\/ftp3.syscom.mx\/usuarios\/gjimenez\/NEDAP\/imagen\/ANPR%20tabla.jpg' alt='Tabla de especificaciones ANPR'> <\/p>\n<div style='display: flex; flex-direction: column; gap: 15px;'>\n<h3 style='font-size: 22px; border-bottom: 2px solid currentColor; padding-bottom: 5px; margin-top: 0; color: inherit; opacity: 0.8;'>Caracter\u00edsticas principales<\/h3>\n<ul style='padding-left: 20px; font-size: 15px; color: inherit; list-style-type: disc;'>\n<li style='margin-bottom: 5px;'>Lectura autom\u00e1tica de matr\u00edculas<\/li>\n<li style='margin-bottom: 5px;'>Todo en un sistema&comma; analizador de la c\u00e1mara&comma; iluminador de infrarrojos<\/li>\n<li style='margin-bottom: 5px;'>Lista blanca y lista Negra de Matr\u00edculas<\/li>\n<li style='margin-bottom: 5px;'>Pa\u00edses de todo el mundo disponibles<\/li>\n<li style='margin-bottom: 5px;'>Rango de acci\u00f3n de 4 a 6 metros<\/li>\n<li style='margin-bottom: 5px;'>Salida de relevador<\/li>\n<li style='margin-bottom: 5px;'>Compatible con m\u00f3dulo <a href='https:\/\/www.syscom.mx\/principal\/searchcont?route=WIM9958789-NEDAP-91263&#038;autodetect=anpr' style='color: inherit; text-decoration: underline;' target='_blank'>9958789<\/a> para tener salida Wiegand y conectarla a un panel de control de acceso (compatible con ROSSLARE; SUPREMA; HID)<\/li>\n<li style='margin-bottom: 5px;'>F\u00e1cil configuraci\u00f3n de usuario<\/li>\n<\/ul><\/div>\n<div style='display: flex; flex-wrap: wrap; gap: 30px;'>\n<div style='flex: 1 1 48%; min-width: 300px;'>\n<div style='display: flex; flex-direction: column; gap: 15px;'>\n<h3 style='font-size: 22px; border-bottom: 2px solid currentColor; padding-bottom: 5px; margin-top: 0; color: inherit; opacity: 0.8;'>Especificaciones<\/h3>\n<ul style='padding-left: 20px; font-size: 15px; color: inherit; list-style-type: disc;'>\n<li style='margin-bottom: 5px;'><strong>Lectura:<\/strong> N\u00famero de Placa Autom\u00e1tico<\/li>\n<li style='margin-bottom: 5px;'><strong>Rango de acci\u00f3n:<\/strong> 3 &#8211; 6 metros (10 &#8211; 18 feet)<\/li>\n<li style='margin-bottom: 5px;'><strong>Pa\u00edses:<\/strong> Soporte para todos los pa\u00edses<\/li>\n<li style='margin-bottom: 5px;'><strong>Funcionalidad:<\/strong> Todo en Uno<\/li>\n<li style='margin-bottom: 5px;'><strong>Configuraci\u00f3n:<\/strong> Sencilla<\/li>\n<li style='margin-bottom: 5px;'><strong>Compatibilidad:<\/strong> M\u00f3dulo de salida Wiegand 9958789<\/li>\n<li style='margin-bottom: 5px;'><strong>Dimensiones:<\/strong> 100 x 200 x 120 mm<\/li>\n<li style='margin-bottom: 5px;'><strong>Peso:<\/strong> 3.5 Kg<\/li>\n<li style='margin-bottom: 5px;'><strong>Garant\u00eda:<\/strong> 2 a\u00f1os<\/li>\n<\/ul><\/div>\n<\/p><\/div>\n<div style='flex: 1 1 48%; min-width: 300px; display: flex; flex-direction: column; gap: 15px;'>\n<h3 style='font-size: 22px; border-bottom: 2px solid currentColor; padding-bottom: 5px; margin-top: 0; color: inherit; opacity: 0.8;'>V\u00eddeos<\/h3>\n<div style='position: relative; padding-bottom: 56.25%; height: 0; overflow: hidden; margin-bottom: 30px;'>   <\/div>\n<div style='position: relative; padding-bottom: 56.25%; height: 0; overflow: hidden; margin-bottom: 30px;'>   <\/div>\n<\/p><\/div>\n<\/p><\/div>\n<\/p><\/div>\n<\/p><\/div>\n","protected":false},"excerpt":{"rendered":"<p>Lector de Placas Vehiculares \/ 4 Metros de Alcance \/ ALTA SEGURIDAD \/ ANPR<\/p>\n","protected":false},"featured_media":109935,"comment_status":"open","ping_status":"closed","template":"","meta":[],"product_brand":[],"product_cat":[777],"product_tag":[401,93,858],"class_list":{"0":"post-109936","1":"product","2":"type-product","3":"status-publish","4":"has-post-thumbnail","6":"product_cat-accesorios-acceso-vehicular","7":"product_tag-acceso-vehicular","8":"product_tag-accesorios","9":"product_tag-nedap","11":"first","12":"outofstock","13":"sale","14":"shipping-taxable","15":"purchasable","16":"product-type-simple"},"_links":{"self":[{"href":"https:\/\/soydeaqui.ddns.net\/pachuca\/index.php\/wp-json\/wp\/v2\/product\/109936","targetHints":{"allow":["GET"]}}],"collection":[{"href":"https:\/\/soydeaqui.ddns.net\/pachuca\/index.php\/wp-json\/wp\/v2\/product"}],"about":[{"href":"https:\/\/soydeaqui.ddns.net\/pachuca\/index.php\/wp-json\/wp\/v2\/types\/product"}],"replies":[{"embeddable":true,"href":"https:\/\/soydeaqui.ddns.net\/pachuca\/index.php\/wp-json\/wp\/v2\/comments?post=109936"}],"wp:featuredmedia":[{"embeddable":true,"href":"https:\/\/soydeaqui.ddns.net\/pachuca\/index.php\/wp-json\/wp\/v2\/media\/109935"}],"wp:attachment":[{"href":"https:\/\/soydeaqui.ddns.net\/pachuca\/index.php\/wp-json\/wp\/v2\/media?parent=109936"}],"wp:term":[{"taxonomy":"product_brand","embeddable":true,"href":"https:\/\/soydeaqui.ddns.net\/pachuca\/index.php\/wp-json\/wp\/v2\/product_brand?post=109936"},{"taxonomy":"product_cat","embeddable":true,"href":"https:\/\/soydeaqui.ddns.net\/pachuca\/index.php\/wp-json\/wp\/v2\/product_cat?post=109936"},{"taxonomy":"product_tag","embeddable":true,"href":"https:\/\/soydeaqui.ddns.net\/pachuca\/index.php\/wp-json\/wp\/v2\/product_tag?post=109936"}],"curies":[{"name":"wp","href":"https:\/\/api.w.org\/{rel}","templated":true}]}}