{"id":109885,"date":"2026-03-20T19:21:51","date_gmt":"2026-03-20T19:21:51","guid":{"rendered":"https:\/\/soydeaqui.ddns.net\/pachuca\/index.php\/producto\/extractor-de-audio-de-hdmi-a-hdmi-audio-salida-de-audio-digital-o-analoga-spdif-toslink-auxiliar-3-5mm-estereo-salida-hdmi-solo-video-soporta-arc-hdr-hdcp-separa-el-audio-del-con\/"},"modified":"2026-03-20T19:22:03","modified_gmt":"2026-03-20T19:22:03","slug":"extractor-de-audio-de-hdmi-a-hdmi-audio-salida-de-audio-digital-o-analoga-spdif-toslink-auxiliar-3-5mm-estereo-salida-hdmi-solo-video-soporta-arc-hdr-hdcp-separa-el-audio-del-con","status":"publish","type":"product","link":"https:\/\/soydeaqui.ddns.net\/pachuca\/index.php\/producto\/extractor-de-audio-de-hdmi-a-hdmi-audio-salida-de-audio-digital-o-analoga-spdif-toslink-auxiliar-3-5mm-estereo-salida-hdmi-solo-video-soporta-arc-hdr-hdcp-separa-el-audio-del-con\/","title":{"rendered":"Extractor de Audio de HDMI a HDMI + Audio \/ Salida de Audio Digital o An\u00e1loga \/ SPDIF \/ Toslink \/ Auxiliar 3.5mm (Est\u00e9reo) \/ Salida HDMI solo video \/ Soporta ARC \/ HDR \/ HDCP \/ Separa el Audio del Contenido HDMI ."},"content":{"rendered":"<div style='width: 100%; max-width: 1200px; margin: 0 auto; font-family: sans-serif; line-height: 1.6; color: inherit; background-color: transparent;'>\n<div style='display: flex; flex-direction: column; align-items: center; text-align: center; margin-bottom: 30px;'>\n<h1 style='font-size: 28px; color: inherit; margin: 0;'>TT-3061<\/h1>\n<h3 style='color: inherit; opacity: 0.7; margin: 10px 0;'>Separa el audio del contenido HDMI y disfruta sonido con m\u00e1s potencia<\/h3>\n<p style='margin: 10px 70px 50px 70px; font-size: 15px; color: inherit;'>Este dispositivo es la soluci\u00f3n ideal&comma; si lo que quieres es disfrutar contenido de video digital HDMI con sonido separado; solo con\u00e9ctalo a un amplificador o componente&comma; para que el audio tenga mayor potencia. Est\u00e1 dise\u00f1ado para tomar una se\u00f1al digital HDMI y separar el audio en 3 diferentes salidas&comma; as\u00ed podr\u00e1s elegir la que necesites (SPDIF + R\/L (3.5 mm) + COAXIAL.). Adem\u00e1s&comma; conserva una salida HDMI para que conectes normalmente un dispositivo de reproducci\u00f3n de video como DVD&comma; Blu-Ray o decodificador de TV de paga a tu pantalla. Admite convertir HDCP1.4 a HDCP2.2&comma; HDCP2.2 a HDCP1.4&comma; soporta resoluciones hasta 4K. El gabinete est\u00e1 fabricado de cerramiento metalico y tiene tama\u00f1o compacto&comma; as\u00ed que puede instalarse de forma discreta&comma; ya que ocupa poco espacio.<\/p>\n<\/p><\/div>\n<div style='display: flex; flex-wrap: wrap; gap: 30px; margin-bottom: 30px;'>\n<div style='flex: 1 1 300px; min-width: 280px;'>\n<h3 style='font-size: 22px; border-bottom: 2px solid currentColor; padding-bottom: 5px; margin-top: 0; color: inherit; opacity: 0.8;'>Caracter\u00edsticas Principales<\/h3>\n<ul style='padding-left: 20px; font-size: 15px; color: inherit;'>\n<li style='margin-bottom: 5px;'>Convierte una se\u00f1al de entrada HDMI a una salida de video HDMI + salidas de audio SPDIF + R\/L + COAXIAL.<\/li>\n<li style='margin-bottom: 5px;'>1 entrada HDMI para conexi\u00f3n de equipos como Blu-Ray&comma; decodificadores de TV de paga&comma; consolas de videojuegos&comma; etc.<\/li>\n<li style='margin-bottom: 5px;'>1 salida digital de audio SPDIF \/Toslink<\/li>\n<li style='margin-bottom: 5px;'>1 salida an\u00e1loga de audio coaxial<\/li>\n<li style='margin-bottom: 5px;'>1 salida HDMI para la conexi\u00f3n a la pantalla<\/li>\n<li style='margin-bottom: 5px;'>La resoluci\u00f3n admitida es de hasta 4Kx2K@60Hz ultra HD.<\/li>\n<li style='margin-bottom: 5px;'>Soporte para convertir HDCP1.4 a HDCP2.2&comma; HDCP2.2 a HDCP1.4<\/li>\n<\/ul><\/div>\n<div style='flex: 1 1 300px; min-width: 280px;'>\n<h3 style='font-size: 22px; border-bottom: 2px solid currentColor; padding-bottom: 5px; margin-top: 0; color: inherit; opacity: 0.8;'>Caracter\u00edsticas F\u00edsicas y El\u00e9ctricas<\/h3>\n<ul style='padding-left: 20px; font-size: 15px; color: inherit;'>\n<li style='margin-bottom: 5px;'>Alimentaci\u00f3n incluida de 5 Vcc&comma; 1 A (Fuente de alimentaci\u00f3n incluida).<\/li>\n<li style='margin-bottom: 5px;'>Potencia de consumo 2 W.<\/li>\n<li style='margin-bottom: 5px;'>Dimensiones 53.0 mm (L) x 25.9 mm (W) x 12.7 mm (H).<\/li>\n<li style='margin-bottom: 5px;'>Peso 175g.<\/li>\n<li style='margin-bottom: 5px;'>Temperatura de operaci\u00f3n 0~60\u00b0.<\/li>\n<li style='margin-bottom: 5px;'>Temperatura de almacenamiento -20~70\u00b0C.<\/li>\n<li style='margin-bottom: 5px;'>Color Negro.<\/li>\n<li style='margin-bottom: 5px;'>1 A\u00f1o de Garant\u00eda por defectos de f\u00e1brica.<\/li>\n<\/ul><\/div>\n<div style='flex: 1 1 300px; min-width: 280px;'>\n<h3 style='font-size: 22px; border-bottom: 2px solid currentColor; padding-bottom: 5px; margin-top: 0; color: inherit; opacity: 0.8;'>Caracter\u00edsticas Destacadas<\/h3>\n<ul style='padding-left: 20px; font-size: 15px; color: inherit;'>\n<li style='margin-bottom: 5px;'>Admite HDMI 2&comma;0&comma; HDCP2.2&comma; HDCP1.4.<\/li>\n<li style='margin-bottom: 5px;'>Admite formato de video 3D.<\/li>\n<li style='margin-bottom: 5px;'>Admite la funci\u00f3n ARC.<\/li>\n<li style='margin-bottom: 5px;'>Soporta HDR.<\/li>\n<li style='margin-bottom: 5px;'>Transmisi\u00f3n sin p\u00e9rdidas.<\/li>\n<li style='margin-bottom: 5px;'>Plug and Play y f\u00e1cil instalaci\u00f3n.<\/li>\n<li style='margin-bottom: 5px;'>Dise\u00f1o de carcasa de aleaci\u00f3n de aluminio&comma; estable y duradero.<\/li>\n<li style='margin-bottom: 5px;'>Protecci\u00f3n contra rayos&comma; protecci\u00f3n contra sobretensiones&comma; protecci\u00f3n ESD.<\/li>\n<li style='margin-bottom: 5px; color: #e74c3c;'>La salida de audio \u00f3ptica SPDIF y la salida de audio COAXIAL no se pueden usar simult\u00e1neamente. La salida est\u00e9reo R\/L no est\u00e1 disponible cuando se usa la funci\u00f3n ARC.<\/li>\n<\/ul><\/div>\n<\/p><\/div>\n<div style='display: flex; flex-wrap: wrap; gap: 30px; margin-bottom: 30px;'>\n<div style='flex: 1 1 300px; min-width: 280px;'> <img style='width: 100%; height: auto; border: 1px solid rgba(150&comma;150&comma;150&comma;0.3); border-radius: 8px;' src='http:\/\/ftp3.syscom.mx\/usuarios\/hallende\/EPCOM%20Titanium\/TT3061\/2021-01-21600a773e7f816.jpg' alt=''> <\/div>\n<div style='flex: 1 1 300px; min-width: 280px;'> <img style='width: 100%; height: auto; border: 1px solid rgba(150&comma;150&comma;150&comma;0.3); border-radius: 8px;' src='http:\/\/ftp3.syscom.mx\/usuarios\/hallende\/EPCOM%20Titanium\/TT3061\/2021-01-21600a773e97091.jpg' alt=''> <\/div>\n<div style='flex: 1 1 300px; min-width: 280px;'> <img style='width: 100%; height: auto; border: 1px solid rgba(150&comma;150&comma;150&comma;0.3); border-radius: 8px;' src='http:\/\/ftp3.syscom.mx\/usuarios\/hallende\/EPCOM%20Titanium\/TT3061\/2021-01-21600a773e9ca06.jpg' alt=''> <\/div>\n<\/p><\/div>\n<div style='margin-bottom: 30px;'> <img style='width: 100%; height: auto; border: 1px solid rgba(150&comma;150&comma;150&comma;0.3); border-radius: 8px;' src='http:\/\/ftp3.syscom.mx\/usuarios\/hallende\/EPCOM%20Titanium\/TT3061\/TT3061.jpg' alt=''> <\/div>\n<div style='position: relative; padding-bottom: 56.25%; height: 0; overflow: hidden; margin-bottom: 30px;'>   <\/div>\n<hr style='border: 0; border-top: 1px solid rgba(150&comma; 150&comma; 150&comma; 0.3); margin: 30px 0;'> <\/div>\n","protected":false},"excerpt":{"rendered":"<p>Extractor de Audio de HDMI a HDMI + Audio \/ Salida de Audio Digital o An\u00e1loga \/ SPDIF \/ Toslink \/ Auxiliar 3.5mm (Est\u00e9reo) \/ Salida HDMI solo video \/ Soporta ARC \/ HDR \/ HDCP \/ Separa el Audio del Contenido HDMI .<\/p>\n","protected":false},"featured_media":109884,"comment_status":"open","ping_status":"closed","template":"","meta":[],"product_brand":[],"product_cat":[2073,2074,2077,2075,2072,2076],"product_tag":[417,2079,2080,2083,507,2081,2078,2082],"class_list":{"0":"post-109885","1":"product","2":"type-product","3":"status-publish","4":"has-post-thumbnail","6":"product_cat-convertidores","7":"product_cat-divisores","8":"product_cat-dvi","9":"product_cat-hdmi","10":"product_cat-kits-extensores","11":"product_cat-vga","12":"product_tag-accesorios-generales","13":"product_tag-convertidores","14":"product_tag-divisores","15":"product_tag-dvi","16":"product_tag-epcom-titanium","17":"product_tag-hdmi","18":"product_tag-kits-extensores","19":"product_tag-vga","21":"first","22":"instock","23":"sale","24":"shipping-taxable","25":"purchasable","26":"product-type-simple"},"_links":{"self":[{"href":"https:\/\/soydeaqui.ddns.net\/pachuca\/index.php\/wp-json\/wp\/v2\/product\/109885","targetHints":{"allow":["GET"]}}],"collection":[{"href":"https:\/\/soydeaqui.ddns.net\/pachuca\/index.php\/wp-json\/wp\/v2\/product"}],"about":[{"href":"https:\/\/soydeaqui.ddns.net\/pachuca\/index.php\/wp-json\/wp\/v2\/types\/product"}],"replies":[{"embeddable":true,"href":"https:\/\/soydeaqui.ddns.net\/pachuca\/index.php\/wp-json\/wp\/v2\/comments?post=109885"}],"wp:featuredmedia":[{"embeddable":true,"href":"https:\/\/soydeaqui.ddns.net\/pachuca\/index.php\/wp-json\/wp\/v2\/media\/109884"}],"wp:attachment":[{"href":"https:\/\/soydeaqui.ddns.net\/pachuca\/index.php\/wp-json\/wp\/v2\/media?parent=109885"}],"wp:term":[{"taxonomy":"product_brand","embeddable":true,"href":"https:\/\/soydeaqui.ddns.net\/pachuca\/index.php\/wp-json\/wp\/v2\/product_brand?post=109885"},{"taxonomy":"product_cat","embeddable":true,"href":"https:\/\/soydeaqui.ddns.net\/pachuca\/index.php\/wp-json\/wp\/v2\/product_cat?post=109885"},{"taxonomy":"product_tag","embeddable":true,"href":"https:\/\/soydeaqui.ddns.net\/pachuca\/index.php\/wp-json\/wp\/v2\/product_tag?post=109885"}],"curies":[{"name":"wp","href":"https:\/\/api.w.org\/{rel}","templated":true}]}}