{"id":109879,"date":"2026-03-20T19:21:33","date_gmt":"2026-03-20T19:21:33","guid":{"rendered":"https:\/\/soydeaqui.ddns.net\/pachuca\/index.php\/producto\/divisor-splitter-hdmi-4k-de-1-entrada-a-8-salidas-simultaneas-soporta-4kx2k-ajuste-de-resoluciones-edid-hdr-hdmi-2-0-hdcp-2-2-permite-mezclar-pantallas-en-4k-y-1080p\/"},"modified":"2026-03-20T19:21:48","modified_gmt":"2026-03-20T19:21:48","slug":"divisor-splitter-hdmi-4k-de-1-entrada-a-8-salidas-simultaneas-soporta-4kx2k-ajuste-de-resoluciones-edid-hdr-hdmi-2-0-hdcp-2-2-permite-mezclar-pantallas-en-4k-y-1080p","status":"publish","type":"product","link":"https:\/\/soydeaqui.ddns.net\/pachuca\/index.php\/producto\/divisor-splitter-hdmi-4k-de-1-entrada-a-8-salidas-simultaneas-soporta-4kx2k-ajuste-de-resoluciones-edid-hdr-hdmi-2-0-hdcp-2-2-permite-mezclar-pantallas-en-4k-y-1080p\/","title":{"rendered":"Divisor (Splitter) HDMI 4K de 1 Entrada a 8 Salidas (Simultaneas) \/ Soporta 4K\u00d72K \/ Ajuste de resoluciones EDID \/ HDR \/ HDMI 2.0 \/  HDCP 2.2  \/ Permite mezclar pantallas en 4K y 1080P"},"content":{"rendered":"<div style='width: 100%; max-width: 1200px; margin: 0 auto; font-family: sans-serif; line-height: 1.6; color: inherit; background-color: transparent;'>\n<div style='width: 100%; max-width: 1200px; margin: 0 auto;'>\n<h1 style='color: inherit; text-align: center; font-size: 24px; margin: 0 0 10px 0;'><strong>TT-318HDR-V2.0<\/strong><\/h1>\n<h3 style='color: inherit; text-align: center; font-size: 18px; margin: 0 0 20px 0;'>Divisor HDMI 1 a 8 \/ Salida 4K x 2K @ 60Hz &#038; HDR \/ Compatible con HDMI2.0&comma;HDCP2.0 \/ Soporta entrada de 10m y salida hasta 10m.<\/h3>\n<p style='text-align: center; margin: 10px 70px 50px 70px; font-size: 15px;'>El objetivo del HDR es obtener un mayor contraste entre colores oscuros y brillantes&comma; algo que es m\u00e1s que perceptible cuando comprobamos la diferencia entre im\u00e1genes que no hacen uso de esta tecnolog\u00eda y las que por el contrario si la incluyen. Los colores con HDR se ven m\u00e1s vivos&comma; m\u00e1s intensos&comma; debido sobre todo al mayor contraste que encontramos y a una mayor presencia de colores&comma; pues el HDR ampl\u00eda la gama de color de la pantalla. Por ejemplo&comma; en una televisi\u00f3n 1080p o 4K sin HDR encontramos 10 tonos entre un color y otro mientras que en un modelo que cuente con HDR vamos a poder experimentar hasta 1.000 tonos que enriquecen sobremanera la imagen. Por lo tanto y en resumen se trata de ofrecer m\u00e1s contraste. Negros m\u00e1s negros. Blancos m\u00e1s luminosos. Algo as\u00ed como un contraste hipervitaminado que da a las im\u00e1genes un realismo mayor que el que nos han ofrecido hasta ahora.<\/p>\n<\/p><\/div>\n<div style='display: flex; flex-wrap: wrap; gap: 30px; margin-bottom: 30px;'>\n<div style='flex: 1 1 300px; min-width: 280px;'>\n<h3 style='font-size: 22px; border-bottom: 2px solid currentColor; padding-bottom: 5px; margin-top: 0; color: inherit; opacity: 0.8;'>Caracter\u00edsticas principales:<\/h3>\n<ul style='padding-left: 20px; font-size: 15px; color: inherit;'>\n<li style='margin-bottom: 5px;'>Distribuye 1 se\u00f1al HDMI a 8 monitores HDMI<\/li>\n<li style='margin-bottom: 5px;'>Soporte de resoluci\u00f3n: 4K\u00d72K@24\/25\/30\/60Hz<\/li>\n<li style='margin-bottom: 5px;'>Se\u00f1al HDMI compatible con HDCP<\/li>\n<li style='margin-bottom: 5px;'>Soporta el mayor ancho de banda hasta 18 Gbps<\/li>\n<li style='margin-bottom: 5px;'>Soporte HDM1.4&comma; HDMI2.0<\/li>\n<li style='margin-bottom: 5px;'>Soporte HDCP 1.4&comma; HDCP 2.2<\/li>\n<li style='margin-bottom: 5px;'>Soporte YUV 4:4:4.<\/li>\n<li style='margin-bottom: 5px;'>Permite la conexi\u00f3n de hasta 4 equipos en cascada.<\/li>\n<\/ul>\n<p> <img style='width: 100%; height: auto; border: 1px solid rgba(150&comma;150&comma;150&comma;0.3); border-radius: 8px;' src='http:\/\/ftp3.syscom.mx\/usuarios\/hallende\/EPCOM%20Titanium\/TT-318HDR-V2.0\/TT318HDRV2.0-AD-1-h.png' alt=''> <\/div>\n<div style='flex: 1 1 300px; min-width: 280px;'>\n<h3 style='font-size: 22px; border-bottom: 2px solid currentColor; padding-bottom: 5px; margin-top: 0; color: inherit; opacity: 0.8;'>Caracter\u00edsticas F\u00edsicas y El\u00e9ctricas:<\/h3>\n<ul style='padding-left: 20px; font-size: 15px; color: inherit;'>\n<li style='margin-bottom: 5px;'>Alimentaci\u00f3n incluida de 12 Vcc&comma; 1 A<\/li>\n<li style='margin-bottom: 5px;'>Dimensiones 262 (largo) x 81&comma;6 (ancho) x 26&comma;2 (alto) mm<\/li>\n<li style='margin-bottom: 5px;'>Peso neto 453 g<\/li>\n<li style='margin-bottom: 5px;'>Potencia de consumo < 8 W<\/li>\n<li style='margin-bottom: 5px;'>Temperatura de operaci\u00f3n 0~60\u00b0<\/li>\n<li style='margin-bottom: 5px;'>Temperatura de almacenamiento -20~70\u00b0<\/li>\n<li style='margin-bottom: 5px;'>Humedad relativa 0~95 % (sin condensaci\u00f3n)<\/li>\n<li style='margin-bottom: 5px;'>Color negro<\/li>\n<\/ul>\n<p> <img style='width: 100%; height: auto; border: 1px solid rgba(150&comma;150&comma;150&comma;0.3); border-radius: 8px;' src='http:\/\/ftp3.syscom.mx\/usuarios\/hallende\/EPCOM%20Titanium\/TT-318HDR-V2.0\/TT318HDRV2.0-h.png' alt=''> <\/div>\n<div style='flex: 1 1 300px; min-width: 280px;'>\n<h3 style='font-size: 22px; border-bottom: 2px solid currentColor; padding-bottom: 5px; margin-top: 0; color: inherit; opacity: 0.8;'>Caracter\u00edsticas Destacadas:<\/h3>\n<ul style='padding-left: 20px; font-size: 15px; color: inherit;'>\n<li style='margin-bottom: 5px;'>Longitud del cable de entrada \u226410m<\/li>\n<li style='margin-bottom: 5px;'>Longitud del cable de salida \u226410m<\/li>\n<li style='margin-bottom: 5px;'>Soporta formatos de audio 7.1\/5.1\/2.1 CH Dolby Digital&comma;DTS-HD y Dolby TrueHD Auido<\/li>\n<li style='margin-bottom: 5px;'>Configura la resoluci\u00f3n de video autom\u00e1ticamente de acuerdo a las capacidades de cada monitor conectado&comma; permite salidas simult\u00e1neas de pantalla 4K y 1080p.<\/li>\n<li style='margin-bottom: 5px;'>1 A\u00f1o de Garant\u00eda.<\/li>\n<\/ul>\n<p> <img style='width: 100%; height: auto; border: 1px solid rgba(150&comma;150&comma;150&comma;0.3); border-radius: 8px;' src='http:\/\/ftp3.syscom.mx\/usuarios\/hallende\/EPCOM%20Titanium\/TT-318HDR-V2.0\/TT318HDRV2.0-AD-1-h.png' alt=''> <\/div>\n<\/p><\/div>\n<div style='width: 100%; margin: 30px 0;'> <img style='width: 100%; height: auto; border: 1px solid rgba(150&comma;150&comma;150&comma;0.3); border-radius: 8px;' src='http:\/\/ftp3.syscom.mx\/usuarios\/hallende\/EPCOM%20Titanium\/TT-318HDR-V2.0\/TT318HDRV2.0%20Esp..jpg' alt=''> <\/div>\n<div style='position: relative; padding-bottom: 56.25%; height: 0; overflow: hidden; margin-bottom: 30px;'>   <\/div>\n<\/p><\/div>\n","protected":false},"excerpt":{"rendered":"<p>Divisor (Splitter) HDMI 4K de 1 Entrada a 8 Salidas (Simultaneas) \/ Soporta 4K\u00d72K \/ Ajuste de resoluciones EDID \/ HDR \/ HDMI 2.0 \/  HDCP 2.2  \/ Permite mezclar pantallas en 4K y 1080P<\/p>\n","protected":false},"featured_media":109878,"comment_status":"open","ping_status":"closed","template":"","meta":[],"product_brand":[],"product_cat":[2073,2074,2077,2075,2072,2076],"product_tag":[417,2079,2080,2083,507,2081,2078,2082],"class_list":{"0":"post-109879","1":"product","2":"type-product","3":"status-publish","4":"has-post-thumbnail","6":"product_cat-convertidores","7":"product_cat-divisores","8":"product_cat-dvi","9":"product_cat-hdmi","10":"product_cat-kits-extensores","11":"product_cat-vga","12":"product_tag-accesorios-generales","13":"product_tag-convertidores","14":"product_tag-divisores","15":"product_tag-dvi","16":"product_tag-epcom-titanium","17":"product_tag-hdmi","18":"product_tag-kits-extensores","19":"product_tag-vga","21":"first","22":"instock","23":"sale","24":"shipping-taxable","25":"purchasable","26":"product-type-simple"},"_links":{"self":[{"href":"https:\/\/soydeaqui.ddns.net\/pachuca\/index.php\/wp-json\/wp\/v2\/product\/109879","targetHints":{"allow":["GET"]}}],"collection":[{"href":"https:\/\/soydeaqui.ddns.net\/pachuca\/index.php\/wp-json\/wp\/v2\/product"}],"about":[{"href":"https:\/\/soydeaqui.ddns.net\/pachuca\/index.php\/wp-json\/wp\/v2\/types\/product"}],"replies":[{"embeddable":true,"href":"https:\/\/soydeaqui.ddns.net\/pachuca\/index.php\/wp-json\/wp\/v2\/comments?post=109879"}],"wp:featuredmedia":[{"embeddable":true,"href":"https:\/\/soydeaqui.ddns.net\/pachuca\/index.php\/wp-json\/wp\/v2\/media\/109878"}],"wp:attachment":[{"href":"https:\/\/soydeaqui.ddns.net\/pachuca\/index.php\/wp-json\/wp\/v2\/media?parent=109879"}],"wp:term":[{"taxonomy":"product_brand","embeddable":true,"href":"https:\/\/soydeaqui.ddns.net\/pachuca\/index.php\/wp-json\/wp\/v2\/product_brand?post=109879"},{"taxonomy":"product_cat","embeddable":true,"href":"https:\/\/soydeaqui.ddns.net\/pachuca\/index.php\/wp-json\/wp\/v2\/product_cat?post=109879"},{"taxonomy":"product_tag","embeddable":true,"href":"https:\/\/soydeaqui.ddns.net\/pachuca\/index.php\/wp-json\/wp\/v2\/product_tag?post=109879"}],"curies":[{"name":"wp","href":"https:\/\/api.w.org\/{rel}","templated":true}]}}