{"id":109862,"date":"2026-03-20T19:20:33","date_gmt":"2026-03-20T19:20:33","guid":{"rendered":"https:\/\/soydeaqui.ddns.net\/pachuca\/index.php\/producto\/atornillador-reversible-broquero-1-4-de-220-rpm-con-cargador-usb-incluye-81-puntas\/"},"modified":"2026-03-20T19:20:49","modified_gmt":"2026-03-20T19:20:49","slug":"atornillador-reversible-broquero-1-4-de-220-rpm-con-cargador-usb-incluye-81-puntas","status":"publish","type":"product","link":"https:\/\/soydeaqui.ddns.net\/pachuca\/index.php\/producto\/atornillador-reversible-broquero-1-4-de-220-rpm-con-cargador-usb-incluye-81-puntas\/","title":{"rendered":"Atornillador Reversible (Broquero 1\/4) de 220 RPM con Cargador USB (Incluye 81 Puntas)."},"content":{"rendered":"<div style='width: 100%; max-width: 1200px; margin: 0 auto; font-family: sans-serif; line-height: 1.6; color: inherit; background-color: transparent;'> <!-- Logo MAKITA --> <\/p>\n<div style='width: 100%; margin-bottom: 30px;'> <img style='width: 100%; height: auto; border: 1px solid rgba(150&comma;150&comma;150&comma;0.3); border-radius: 8px;' src='https:\/\/ftp3.syscom.mx\/usuarios\/nortega\/makita\/imagenes\/makita.png' alt='Logo MAKITA'> <\/div>\n<p> <!-- Caracter\u00edsticas destacadas --> <\/p>\n<div style='display: flex; flex-wrap: wrap; gap: 30px; margin-bottom: 30px;'>\n<div style='flex: 1 1 300px; min-width: 280px;'>\n<h3 style='font-size: 22px; border-bottom: 2px solid currentColor; padding-bottom: 5px; margin-top: 0; color: inherit; opacity: 0.8;'>Caracter\u00edsticas destacadas<\/h3>\n<ul style='padding-left: 20px; font-size: 15px; color: inherit;'>\n<li style='margin-bottom: 5px;'>Atornillador recto a bater\u00eda de 3&comma;6V&comma; ideal para trabajos dom\u00e9sticos y trabajos en lugares de dif\u00edcil acceso.<\/li>\n<li style='margin-bottom: 5px;'>Con posibilidad de trabajar como atornillador recto o modo pistola&comma; gracias a su mango con dos posiciones.<\/li>\n<li style='margin-bottom: 5px;'>Presentado en un malet\u00edn de PVC con 81 piezas para atornillar con diferentes tipos de puntas.<\/li>\n<li style='margin-bottom: 5px;'>Luz LED para mejor visibilidad en lugares con baja luminiscencia.<\/li>\n<li style='margin-bottom: 5px;'>Protegido con goma y elast\u00f3mero para un mejor agarre&comma; proporcionando a su vez protecci\u00f3n para la maquina.<\/li>\n<\/ul><\/div>\n<\/p><\/div>\n<p> <!-- Especificaciones --> <\/p>\n<div style='display: flex; flex-wrap: wrap; gap: 20px; margin-bottom: 30px;'>\n<div style='flex: 1 1 250px; border: 1px solid rgba(150&comma; 150&comma; 150&comma; 0.4); border-radius: 8px; overflow: hidden; display: flex; flex-direction: column;'>\n<div style='padding: 15px; border-bottom: 1px solid rgba(150&comma; 150&comma; 150&comma; 0.2); font-weight: bold; font-size: 18px; color: inherit;'>Especificaciones<\/div>\n<div style='padding: 15px; color: inherit;'>\n<ul style='padding-left: 20px; margin: 0; font-size: 14px; list-style-type: disc;'>\n<li style='margin-bottom: 5px;'><strong>Capacidad de sujeci\u00f3n:<\/strong> Tornillo para madera: 3.8 x 32 mm<\/li>\n<li style='margin-bottom: 5px;'><strong>Velocidad sin carga:<\/strong> 220 RPM<\/li>\n<li style='margin-bottom: 5px;'><strong>Torque m\u00e1ximo:<\/strong> Fuerte \/ Suave: 4.0 \/ 3.0 N.m (35 \/ 27 lb.in)<\/li>\n<li style='margin-bottom: 5px;'><strong>Max. Torque de bloqueo:<\/strong> 6.0 N.m (53 lb.in)<\/li>\n<li style='margin-bottom: 5px;'><strong>Tiempo de carga:<\/strong> 3 &#8211; 5 hrs.<\/li>\n<li style='margin-bottom: 5px;'><strong>Dimensiones:<\/strong><\/li>\n<ul style='padding-left: 30px; margin: 5px 0; font-size: 14px;'>\n<li style='margin-bottom: 3px;'>Forma Recta: 287 x 47 x 51 mm (11-1\/4&#8242; x 1-7\/8&#8242; x 2&#8242;)<\/li>\n<li style='margin-bottom: 3px;'>Forma Pistola: 205 x 47 x 51 mm (8-1\/8&#8242; x 1-7\/8&#8242; x 2&#8242;)<\/li>\n<\/ul>\n<li style='margin-bottom: 5px;'><strong>Peso Neto:<\/strong> 0.36 Kg (0.79 lb)<\/li>\n<li style='margin-bottom: 5px;'><strong>Voltaje de bater\u00eda:<\/strong> 3.6 Vcc<\/li>\n<li style='margin-bottom: 5px;'><strong>Tipo de bater\u00eda:<\/strong> Litio-Ion<\/li>\n<li style='margin-bottom: 5px;'><strong>Entrada:<\/strong> 1\/4&#8242; hex.<\/li>\n<\/ul><\/div>\n<\/p><\/div>\n<\/p><\/div>\n<p> <!-- Incluye --> <\/p>\n<div style='display: flex; flex-wrap: wrap; gap: 20px; margin-bottom: 30px;'>\n<div style='flex: 1 1 250px; border: 1px solid rgba(150&comma; 150&comma; 150&comma; 0.4); border-radius: 8px; overflow: hidden; display: flex; flex-direction: column;'>\n<div style='padding: 15px; border-bottom: 1px solid rgba(150&comma; 150&comma; 150&comma; 0.2); font-weight: bold; font-size: 18px; color: inherit;'>Incluye<\/div>\n<div style='padding: 15px; color: inherit;'>\n<ul style='padding-left: 20px; margin: 0; font-size: 14px; list-style-type: disc;'>\n<li style='margin-bottom: 5px;'>Destornillador<\/li>\n<li style='margin-bottom: 5px;'>Estuche<\/li>\n<li style='margin-bottom: 5px;'>Cable USB<\/li>\n<li style='margin-bottom: 5px;'>Adaptador con entrada a 110 Vca<\/li>\n<li style='margin-bottom: 5px;'>Juego de 81 piezas para diferentes funciones:<\/li>\n<ul style='padding-left: 30px; margin: 5px 0; font-size: 14px;'>\n<li style='margin-bottom: 3px;'>Puntas 25 mm PZ : 0&comma; 1&comma; 2&comma; 3 (3 de cada una)<\/li>\n<li style='margin-bottom: 3px;'>Hex : 2&comma; 2.5&comma; 3&comma; 4&comma; 5&comma; 6 (2 de cada una)<\/li>\n<li style='margin-bottom: 3px;'>T : 10&comma; 15&comma; 20&comma; 25&comma; 27&comma; 30&comma; 40 (3 de cada una)<\/li>\n<li style='margin-bottom: 3px;'>SL : 0.5&#215;3&comma; 0.5&#215;4&comma; 0.6&#215;4.5&comma; 0.8&#215;5.5&comma; 1.0&#215;5.5&comma; 1.2&#215;6.5 (2 de cada una)<\/li>\n<li style='margin-bottom: 3px;'>PH : 0&comma; 1&comma; 2 (3 de cada)&comma; 3 (2 de cada una)<\/li>\n<li style='margin-bottom: 3px;'>Puntas 50mm T : 20&comma; 25&comma; 30 (1 de cada una)<\/li>\n<li style='margin-bottom: 3px;'>PH : 1&comma; 2&comma; 3 (1 de cada una)<\/li>\n<li style='margin-bottom: 3px;'>Llaves de vaso 5&comma; 6&comma; 7&comma; 8&comma; 9&comma; 10mm (1 de cada una)<\/li>\n<\/ul>\n<\/ul><\/div>\n<\/p><\/div>\n<\/p><\/div>\n<p> <!-- Separador --> <\/p>\n<hr style='border: 0; border-top: 1px solid rgba(150&comma; 150&comma; 150&comma; 0.3); margin: 30px 0;'> <\/div>\n","protected":false},"excerpt":{"rendered":"<p>Atornillador Reversible (Broquero 1\/4) de 220 RPM con Cargador USB (Incluye 81 Puntas).<\/p>\n","protected":false},"featured_media":109861,"comment_status":"open","ping_status":"closed","template":"","meta":[],"product_brand":[],"product_cat":[130],"product_tag":[25,131,252],"class_list":{"0":"post-109862","1":"product","2":"type-product","3":"status-publish","4":"has-post-thumbnail","6":"product_cat-herramientas-electricas","7":"product_tag-herramientas","8":"product_tag-herramientas-electricas","9":"product_tag-makita","11":"first","12":"instock","13":"sale","14":"shipping-taxable","15":"purchasable","16":"product-type-simple"},"_links":{"self":[{"href":"https:\/\/soydeaqui.ddns.net\/pachuca\/index.php\/wp-json\/wp\/v2\/product\/109862","targetHints":{"allow":["GET"]}}],"collection":[{"href":"https:\/\/soydeaqui.ddns.net\/pachuca\/index.php\/wp-json\/wp\/v2\/product"}],"about":[{"href":"https:\/\/soydeaqui.ddns.net\/pachuca\/index.php\/wp-json\/wp\/v2\/types\/product"}],"replies":[{"embeddable":true,"href":"https:\/\/soydeaqui.ddns.net\/pachuca\/index.php\/wp-json\/wp\/v2\/comments?post=109862"}],"wp:featuredmedia":[{"embeddable":true,"href":"https:\/\/soydeaqui.ddns.net\/pachuca\/index.php\/wp-json\/wp\/v2\/media\/109861"}],"wp:attachment":[{"href":"https:\/\/soydeaqui.ddns.net\/pachuca\/index.php\/wp-json\/wp\/v2\/media?parent=109862"}],"wp:term":[{"taxonomy":"product_brand","embeddable":true,"href":"https:\/\/soydeaqui.ddns.net\/pachuca\/index.php\/wp-json\/wp\/v2\/product_brand?post=109862"},{"taxonomy":"product_cat","embeddable":true,"href":"https:\/\/soydeaqui.ddns.net\/pachuca\/index.php\/wp-json\/wp\/v2\/product_cat?post=109862"},{"taxonomy":"product_tag","embeddable":true,"href":"https:\/\/soydeaqui.ddns.net\/pachuca\/index.php\/wp-json\/wp\/v2\/product_tag?post=109862"}],"curies":[{"name":"wp","href":"https:\/\/api.w.org\/{rel}","templated":true}]}}