{"id":109811,"date":"2026-03-20T19:17:46","date_gmt":"2026-03-20T19:17:46","guid":{"rendered":"https:\/\/soydeaqui.ddns.net\/pachuca\/index.php\/producto\/lampara-de-trabajo-de-mano-con-bateria-recargable-y-montaje-magnetico-ip67\/"},"modified":"2026-03-20T19:17:58","modified_gmt":"2026-03-20T19:17:58","slug":"lampara-de-trabajo-de-mano-con-bateria-recargable-y-montaje-magnetico-ip67","status":"publish","type":"product","link":"https:\/\/soydeaqui.ddns.net\/pachuca\/index.php\/producto\/lampara-de-trabajo-de-mano-con-bateria-recargable-y-montaje-magnetico-ip67\/","title":{"rendered":"L\u00e1mpara de trabajo de mano, con bater\u00eda recargable y montaje magn\u00e9tico, IP67"},"content":{"rendered":"<div style='width: 100%; max-width: 1200px; margin: 0 auto; font-family: sans-serif; line-height: 1.6; color: inherit; background-color: transparent;'>\n<div style='display: flex; flex-wrap: wrap; gap: 30px; margin-bottom: 30px;'>\n<div style='flex: 1 1 300px; min-width: 280px;'>\n<h3 style='font-size: 22px; border-bottom: 2px solid currentColor; padding-bottom: 5px; margin-top: 0; color: inherit; opacity: 0.8;'>CARACTER\u00cdSTICAS<\/h3>\n<ul style='padding-left: 20px; font-size: 15px; color: inherit;'>\n<li style='margin-bottom: 5px;'>Luz de trabajo de alta intensidad con tres modos de funcionamiento: 100% de intensidad&comma; 30% de intensidad y parpadeo SOS<\/li>\n<li style='margin-bottom: 5px;'>Alimentaci\u00f3n mediante bater\u00eda recargable de litio de larga duraci\u00f3n<\/li>\n<li style='margin-bottom: 5px;'>Duraci\u00f3n de la bater\u00eda: 3 a 4 horas<\/li>\n<li style='margin-bottom: 5px;'>Incluye cable de carga micro USB<\/li>\n<li style='margin-bottom: 5px;'>Dise\u00f1o compacto y resistente<\/li>\n<li style='margin-bottom: 5px;'>Montaje magn\u00e9tico para mayor versatilidad<\/li>\n<li style='margin-bottom: 5px;'>Clasificaci\u00f3n de protecci\u00f3n IP67<\/li>\n<\/ul><\/div>\n<\/p><\/div>\n<div style='display: flex; flex-wrap: wrap; gap: 20px; margin-bottom: 30px;'>\n<div style='flex: 1 1 250px; border: 1px solid rgba(150&comma; 150&comma; 150&comma; 0.4); border-radius: 8px; overflow: hidden; display: flex; flex-direction: column;'>\n<div style='padding: 15px; border-bottom: 1px solid rgba(150&comma; 150&comma; 150&comma; 0.2); font-weight: bold; font-size: 18px; color: inherit;'>ESPECIFICACIONES<\/div>\n<div style='padding: 15px; color: inherit;'>\n<ul style='padding-left: 20px; margin: 0; font-size: 14px; list-style-type: disc;'>\n<li style='margin-bottom: 5px;'><strong>COLOR:<\/strong> BLANCO<\/li>\n<li style='margin-bottom: 5px;'><strong>MONTAJE:<\/strong> MAGN\u00c9TICO<\/li>\n<li style='margin-bottom: 5px;'><strong>LUMENES:<\/strong> 650<\/li>\n<li style='margin-bottom: 5px;'><strong>CERTIFICACIONES:<\/strong> ROHS&comma; UN\/DOT 38.3<\/li>\n<li style='margin-bottom: 5px;'><strong>DIMENSIONES:<\/strong> 7.7&#8242; (H) x 4.5&#8242; (L) x 3.9&#8242; (P)<\/li>\n<li style='margin-bottom: 5px;'><strong>GARANT\u00cdA:<\/strong> 1 A\u00d1O<\/li>\n<li style='margin-bottom: 5px;'><strong>VOLTAJE:<\/strong> 12 V<\/li>\n<\/ul><\/div>\n<\/p><\/div>\n<\/p><\/div>\n<hr style='border: 0; border-top: 1px solid rgba(150&comma; 150&comma; 150&comma; 0.3); margin: 30px 0;'> <\/div>\n","protected":false},"excerpt":{"rendered":"<p>L\u00e1mpara de trabajo de mano, con bater\u00eda recargable y montaje magn\u00e9tico, IP67<\/p>\n","protected":false},"featured_media":109810,"comment_status":"open","ping_status":"closed","template":"","meta":[],"product_brand":[],"product_cat":[130],"product_tag":[502,25,131],"class_list":{"0":"post-109811","1":"product","2":"type-product","3":"status-publish","4":"has-post-thumbnail","6":"product_cat-herramientas-electricas","7":"product_tag-ecco","8":"product_tag-herramientas","9":"product_tag-herramientas-electricas","11":"first","12":"instock","13":"sale","14":"shipping-taxable","15":"purchasable","16":"product-type-simple"},"_links":{"self":[{"href":"https:\/\/soydeaqui.ddns.net\/pachuca\/index.php\/wp-json\/wp\/v2\/product\/109811","targetHints":{"allow":["GET"]}}],"collection":[{"href":"https:\/\/soydeaqui.ddns.net\/pachuca\/index.php\/wp-json\/wp\/v2\/product"}],"about":[{"href":"https:\/\/soydeaqui.ddns.net\/pachuca\/index.php\/wp-json\/wp\/v2\/types\/product"}],"replies":[{"embeddable":true,"href":"https:\/\/soydeaqui.ddns.net\/pachuca\/index.php\/wp-json\/wp\/v2\/comments?post=109811"}],"wp:featuredmedia":[{"embeddable":true,"href":"https:\/\/soydeaqui.ddns.net\/pachuca\/index.php\/wp-json\/wp\/v2\/media\/109810"}],"wp:attachment":[{"href":"https:\/\/soydeaqui.ddns.net\/pachuca\/index.php\/wp-json\/wp\/v2\/media?parent=109811"}],"wp:term":[{"taxonomy":"product_brand","embeddable":true,"href":"https:\/\/soydeaqui.ddns.net\/pachuca\/index.php\/wp-json\/wp\/v2\/product_brand?post=109811"},{"taxonomy":"product_cat","embeddable":true,"href":"https:\/\/soydeaqui.ddns.net\/pachuca\/index.php\/wp-json\/wp\/v2\/product_cat?post=109811"},{"taxonomy":"product_tag","embeddable":true,"href":"https:\/\/soydeaqui.ddns.net\/pachuca\/index.php\/wp-json\/wp\/v2\/product_tag?post=109811"}],"curies":[{"name":"wp","href":"https:\/\/api.w.org\/{rel}","templated":true}]}}