{"id":109784,"date":"2026-03-20T19:16:13","date_gmt":"2026-03-20T19:16:13","guid":{"rendered":"https:\/\/soydeaqui.ddns.net\/pachuca\/index.php\/producto\/carrete-de-fibra-ptica-monomodo-con-conectores-sc-sc-duplex-reforzada-con-kevlar-de-50-metros-164-04-pies-para-instalaciones-subterrneas-por-tubera\/"},"modified":"2026-03-20T19:16:18","modified_gmt":"2026-03-20T19:16:18","slug":"carrete-de-fibra-ptica-monomodo-con-conectores-sc-sc-duplex-reforzada-con-kevlar-de-50-metros-164-04-pies-para-instalaciones-subterrneas-por-tubera","status":"publish","type":"product","link":"https:\/\/soydeaqui.ddns.net\/pachuca\/index.php\/producto\/carrete-de-fibra-ptica-monomodo-con-conectores-sc-sc-duplex-reforzada-con-kevlar-de-50-metros-164-04-pies-para-instalaciones-subterrneas-por-tubera\/","title":{"rendered":"Carrete de Fibra ?ptica Monomodo con Conectores SC-SC Duplex, Reforzada con Kevlar, de 50 Metros (164.04 Pies), Para Instalaciones Subterr?neas por Tuber?a"},"content":{"rendered":"<div style='width: 100%; max-width: 1200px; margin: 0 auto; font-family: sans-serif; line-height: 1.6; color: inherit;'>\n<div style='display: flex; flex-wrap: wrap; gap: 30px; margin-bottom: 30px;'>\n<div style='flex: 1 1 300px; min-width: 280px;'>\n<h3 style='font-size: 22px; border-bottom: 2px solid currentColor; padding-bottom: 5px; margin-top: 0; color: inherit; opacity: 0.8;'>Descripci\u00f3n<\/h3>\n<p style='margin-top: 0; font-size: 15px; color: inherit;'>Soluci\u00f3n de Fibra \u00d3ptica con conexiones mec\u00e1nicas.<\/p>\n<\/p><\/div>\n<\/p><\/div>\n<div style='display: flex; flex-wrap: wrap; gap: 20px; margin-bottom: 30px;'>\n<div style='flex: 1 1 250px; border: 1px solid rgba(150&comma; 150&comma; 150&comma; 0.4); border-radius: 8px; overflow: hidden; display: flex; flex-direction: column;'>\n<div style='padding: 15px; border-bottom: 1px solid rgba(150&comma; 150&comma; 150&comma; 0.2); font-weight: bold; font-size: 18px; color: inherit;'>Caracter\u00edsticas<\/div>\n<div style='padding: 15px; color: inherit;'>\n<ul style='padding-left: 20px; margin: 0; font-size: 14px; list-style-type: disc;'>\n<li style='margin-bottom: 5px; color: inherit;'><strong>Tipo de Fibra:<\/strong> Monomodo 9\/125<\/li>\n<li style='margin-bottom: 5px; color: inherit;'><strong>Conectores:<\/strong> SC\/SC Duplex<\/li>\n<li style='margin-bottom: 5px; color: inherit;'><strong>Carrete:<\/strong> 50 metros<\/li>\n<li style='margin-bottom: 5px; color: inherit;'><strong>Uniones:<\/strong> 4 m\u00e1ximo combinando cualquier distancia (se requieren 2 EF-UNION-SC por cada uni\u00f3n)<\/li>\n<\/ul><\/div>\n<\/p><\/div>\n<\/p><\/div>\n<div style='margin: 30px 0;'>\n<h3 style='font-size: 22px; border-bottom: 2px solid currentColor; padding-bottom: 5px; margin-top: 0; margin-bottom: 20px; color: inherit; opacity: 0.8;'>Video: Conectorizaci\u00f3n de carretes de Fibra \u00d3ptica con EFUNION<\/h3>\n<div style='position: relative; padding-bottom: 56.25%; height: 0; overflow: hidden; margin-bottom: 30px;'>   <\/div>\n<\/p><\/div>\n<div style='display: flex; flex-wrap: wrap; gap: 20px; margin-bottom: 30px;'>\n<div style='flex: 1 1 300px; min-width: 280px;'> <img style='width: 100%; height: auto; border: 1px solid rgba(150&comma;150&comma;150&comma;0.3); border-radius: 8px;' src='http:\/\/ftp3.syscom.mx\/usuarios\/ftp\/single_page\/fibra_optica_ezfiber\/linked-switch.jpg' alt='linked-switch'> <\/div>\n<div style='flex: 1 1 300px; min-width: 280px;'> <img style='width: 100%; height: auto; border: 1px solid rgba(150&comma;150&comma;150&comma;0.3); border-radius: 8px;' src='http:\/\/ftp3.syscom.mx\/usuarios\/ftp\/single_page\/fibra_optica_ezfiber\/linked-convertidor.jpg' alt='linked-convertidor'> <\/div>\n<\/p><\/div>\n<div style='margin: 30px 0; text-align: center;'> <a style='font-size: 16px; text-align: center; box-sizing: border-box; color: #3598db; text-decoration-line: none; font-family: Satoshi-Variable&comma; sans-serif; background-color: #ffffff;' href='https:\/\/soporte.syscom.mx\/es\/articles\/6945916-fibra-optica-conoce-como-hacer-un-enlace-punto-a-punto-con-convertidores-de-medios-utilizando-fibra-optica-conectorizada'> <span style='box-sizing: border-box; font-size: 14pt;'> <span style='box-sizing: border-box; font-weight: bolder;'>Conoce como Hacer un Enlace Punto a Punto con Convertidores de Medios Utilizando Fibra \u00d3ptica Conectorizada<\/span> <\/span> <\/a> <\/div>\n<\/p><\/div>\n","protected":false},"excerpt":{"rendered":"<p>Carrete de Fibra ?ptica Monomodo con Conectores SC-SC Duplex, Reforzada con Kevlar, de 50 Metros (164.04 Pies), Para Instalaciones Subterr?neas por Tuber?a<\/p>\n","protected":false},"featured_media":109783,"comment_status":"open","ping_status":"closed","template":"","meta":[],"product_brand":[],"product_cat":[625],"product_tag":[488,611,435],"class_list":{"0":"post-109784","1":"product","2":"type-product","3":"status-publish","4":"has-post-thumbnail","6":"product_cat-fibra-optica-cables-y-conectores","7":"product_tag-cables-y-conectores","8":"product_tag-fibra-optica","9":"product_tag-linkedpro-by-epcom","11":"first","12":"instock","13":"sale","14":"shipping-taxable","15":"purchasable","16":"product-type-simple"},"_links":{"self":[{"href":"https:\/\/soydeaqui.ddns.net\/pachuca\/index.php\/wp-json\/wp\/v2\/product\/109784","targetHints":{"allow":["GET"]}}],"collection":[{"href":"https:\/\/soydeaqui.ddns.net\/pachuca\/index.php\/wp-json\/wp\/v2\/product"}],"about":[{"href":"https:\/\/soydeaqui.ddns.net\/pachuca\/index.php\/wp-json\/wp\/v2\/types\/product"}],"replies":[{"embeddable":true,"href":"https:\/\/soydeaqui.ddns.net\/pachuca\/index.php\/wp-json\/wp\/v2\/comments?post=109784"}],"wp:featuredmedia":[{"embeddable":true,"href":"https:\/\/soydeaqui.ddns.net\/pachuca\/index.php\/wp-json\/wp\/v2\/media\/109783"}],"wp:attachment":[{"href":"https:\/\/soydeaqui.ddns.net\/pachuca\/index.php\/wp-json\/wp\/v2\/media?parent=109784"}],"wp:term":[{"taxonomy":"product_brand","embeddable":true,"href":"https:\/\/soydeaqui.ddns.net\/pachuca\/index.php\/wp-json\/wp\/v2\/product_brand?post=109784"},{"taxonomy":"product_cat","embeddable":true,"href":"https:\/\/soydeaqui.ddns.net\/pachuca\/index.php\/wp-json\/wp\/v2\/product_cat?post=109784"},{"taxonomy":"product_tag","embeddable":true,"href":"https:\/\/soydeaqui.ddns.net\/pachuca\/index.php\/wp-json\/wp\/v2\/product_tag?post=109784"}],"curies":[{"name":"wp","href":"https:\/\/api.w.org\/{rel}","templated":true}]}}