{"id":109772,"date":"2026-03-20T19:15:35","date_gmt":"2026-03-20T19:15:35","guid":{"rendered":"https:\/\/soydeaqui.ddns.net\/pachuca\/index.php\/producto\/lampara-de-trabajo-de-mano-con-bateria-recargable-y-montaje-magnetico\/"},"modified":"2026-03-20T19:15:50","modified_gmt":"2026-03-20T19:15:50","slug":"lampara-de-trabajo-de-mano-con-bateria-recargable-y-montaje-magnetico","status":"publish","type":"product","link":"https:\/\/soydeaqui.ddns.net\/pachuca\/index.php\/producto\/lampara-de-trabajo-de-mano-con-bateria-recargable-y-montaje-magnetico\/","title":{"rendered":"L\u00e1mpara de trabajo de mano con bater\u00eda recargable y montaje magn\u00e9tico"},"content":{"rendered":"<div style='width: 100%; max-width: 1200px; margin: 0 auto; font-family: sans-serif; line-height: 1.6; color: inherit; background-color: transparent;'> <!-- Descripci\u00f3n principal --> <\/p>\n<div style='margin-bottom: 30px;'>\n<h2 style='font-size: 22px; margin-top: 0; margin-bottom: 15px; color: inherit; opacity: 0.8; border-bottom: 2px solid currentColor; padding-bottom: 5px; text-transform: uppercase;'>CARACTER\u00cdSTICAS PRINCIPALES<\/h2>\n<p style='font-size: 15px; margin-bottom: 15px; color: inherit;'> Con un haz de luz de alta intensidad y tres modos de funcionamiento (100 % de intensidad&comma; 30 % de intensidad y parpadeo SOS)&comma; esta luz de trabajo alimentada por bater\u00eda de alta resistencia combina movilidad con alto rendimiento y un dise\u00f1o compacto. La bater\u00eda recargable de litio de larga duraci\u00f3n permite que la luz de trabajo funcione durante 3 a 4 horas antes de que sea necesario recargarla. Se suministra con un cable de carga micro USB. <\/p>\n<\/p><\/div>\n<p> <!-- Especificaciones --> <\/p>\n<div style='display: flex; flex-wrap: wrap; gap: 20px; margin-bottom: 30px;'>\n<div style='flex: 1 1 250px; border: 1px solid rgba(150&comma; 150&comma; 150&comma; 0.4); border-radius: 8px; overflow: hidden; display: flex; flex-direction: column;'>\n<div style='padding: 15px; border-bottom: 1px solid rgba(150&comma; 150&comma; 150&comma; 0.2); font-weight: bold; font-size: 18px; color: inherit; background-color: rgba(200&comma; 200&comma; 200&comma; 0.05);'>ESPECIFICACIONES<\/div>\n<div style='padding: 15px; color: inherit;'>\n<ul style='padding-left: 20px; margin: 0; font-size: 14px; list-style-type: disc;'>\n<li style='margin-bottom: 5px;'><strong>Color:<\/strong> Blanco<\/li>\n<li style='margin-bottom: 5px;'><strong>Montaje:<\/strong> Magn\u00e9tico<\/li>\n<li style='margin-bottom: 5px;'><strong>L\u00famenes:<\/strong> 650<\/li>\n<li style='margin-bottom: 5px;'><strong>Certificaciones:<\/strong> ROHS&comma; UN\/DOT 38.3<\/li>\n<li style='margin-bottom: 5px;'><strong>Altura:<\/strong> 7.7&#8242;<\/li>\n<li style='margin-bottom: 5px;'><strong>Largo\/Ancho:<\/strong> 4.5&#8242;<\/li>\n<li style='margin-bottom: 5px;'><strong>Profundidad:<\/strong> 3.9&#8242;<\/li>\n<li style='margin-bottom: 5px;'><strong>Garant\u00eda:<\/strong> 1 A\u00d1O<\/li>\n<li style='margin-bottom: 5px;'><strong>Voltaje:<\/strong> 12 V<\/li>\n<\/ul><\/div>\n<\/p><\/div>\n<\/p><\/div>\n<p> <!-- Separador --> <\/p>\n<hr style='border: 0; border-top: 1px solid rgba(150&comma; 150&comma; 150&comma; 0.3); margin: 30px 0;'> <\/div>\n","protected":false},"excerpt":{"rendered":"<p>L\u00e1mpara de trabajo de mano con bater\u00eda recargable y montaje magn\u00e9tico<\/p>\n","protected":false},"featured_media":109771,"comment_status":"open","ping_status":"closed","template":"","meta":[],"product_brand":[],"product_cat":[2291],"product_tag":[417,502,2292],"class_list":{"0":"post-109772","1":"product","2":"type-product","3":"status-publish","4":"has-post-thumbnail","6":"product_cat-partes-o-refacciones","7":"product_tag-accesorios-generales","8":"product_tag-ecco","9":"product_tag-partes-o-refacciones","11":"first","12":"instock","13":"sale","14":"shipping-taxable","15":"purchasable","16":"product-type-simple"},"_links":{"self":[{"href":"https:\/\/soydeaqui.ddns.net\/pachuca\/index.php\/wp-json\/wp\/v2\/product\/109772","targetHints":{"allow":["GET"]}}],"collection":[{"href":"https:\/\/soydeaqui.ddns.net\/pachuca\/index.php\/wp-json\/wp\/v2\/product"}],"about":[{"href":"https:\/\/soydeaqui.ddns.net\/pachuca\/index.php\/wp-json\/wp\/v2\/types\/product"}],"replies":[{"embeddable":true,"href":"https:\/\/soydeaqui.ddns.net\/pachuca\/index.php\/wp-json\/wp\/v2\/comments?post=109772"}],"wp:featuredmedia":[{"embeddable":true,"href":"https:\/\/soydeaqui.ddns.net\/pachuca\/index.php\/wp-json\/wp\/v2\/media\/109771"}],"wp:attachment":[{"href":"https:\/\/soydeaqui.ddns.net\/pachuca\/index.php\/wp-json\/wp\/v2\/media?parent=109772"}],"wp:term":[{"taxonomy":"product_brand","embeddable":true,"href":"https:\/\/soydeaqui.ddns.net\/pachuca\/index.php\/wp-json\/wp\/v2\/product_brand?post=109772"},{"taxonomy":"product_cat","embeddable":true,"href":"https:\/\/soydeaqui.ddns.net\/pachuca\/index.php\/wp-json\/wp\/v2\/product_cat?post=109772"},{"taxonomy":"product_tag","embeddable":true,"href":"https:\/\/soydeaqui.ddns.net\/pachuca\/index.php\/wp-json\/wp\/v2\/product_tag?post=109772"}],"curies":[{"name":"wp","href":"https:\/\/api.w.org\/{rel}","templated":true}]}}