{"id":109770,"date":"2026-03-20T19:15:30","date_gmt":"2026-03-20T19:15:30","guid":{"rendered":"https:\/\/soydeaqui.ddns.net\/pachuca\/index.php\/producto\/carrete-de-fibra-ptica-monomodo-con-conectores-sc-sc-duplex-reforzada-con-kevlar-de-100-metros-328-08-pies\/"},"modified":"2026-03-20T19:15:32","modified_gmt":"2026-03-20T19:15:32","slug":"carrete-de-fibra-ptica-monomodo-con-conectores-sc-sc-duplex-reforzada-con-kevlar-de-100-metros-328-08-pies","status":"publish","type":"product","link":"https:\/\/soydeaqui.ddns.net\/pachuca\/index.php\/producto\/carrete-de-fibra-ptica-monomodo-con-conectores-sc-sc-duplex-reforzada-con-kevlar-de-100-metros-328-08-pies\/","title":{"rendered":"Carrete de Fibra ?ptica Monomodo con Conectores SC-SC Duplex, Reforzada con Kevlar, de 100 Metros (328.08 Pies)"},"content":{"rendered":"<div style='width: 100%; max-width: 1200px; margin: 0 auto; font-family: sans-serif; line-height: 1.6; color: inherit; background-color: transparent;'> <!-- Secci\u00f3n de descripci\u00f3n principal --> <\/p>\n<div style='margin-bottom: 30px;'>\n<p style='font-size: 16px; margin: 0 0 15px; color: inherit;'> <strong style='color: inherit; opacity: 0.9;'>Soluci\u00f3n de Fibra \u00d3ptica con conexiones mec\u00e1nicas.<\/strong> <\/p>\n<\/p><\/div>\n<p> <!-- Secci\u00f3n de caracter\u00edsticas --> <\/p>\n<div style='display: flex; flex-wrap: wrap; gap: 30px; margin-bottom: 30px;'>\n<div style='flex: 1 1 300px; min-width: 280px;'>\n<h3 style='font-size: 22px; border-bottom: 2px solid currentColor; padding-bottom: 5px; margin-top: 0; color: inherit; opacity: 0.8;'>Caracter\u00edsticas principales<\/h3>\n<ul style='padding-left: 20px; font-size: 15px; color: inherit;'>\n<li style='margin-bottom: 5px;'>Tipo de Fibra: Monomodo 9\/125<\/li>\n<li style='margin-bottom: 5px;'>Conectores: SC\/SC Duplex<\/li>\n<li style='margin-bottom: 5px;'>Carrete de 100 metros<\/li>\n<li style='margin-bottom: 5px;'>4 uniones m\u00e1ximo combinando cualquier distancia (se requieren 2 EF-UNION-SC por cada uni\u00f3n)<\/li>\n<\/ul><\/div>\n<\/p><\/div>\n<p> <!-- Secci\u00f3n de video --> <\/p>\n<div style='margin-bottom: 30px;'>\n<div style='position: relative; padding-bottom: 56.25%; height: 0; overflow: hidden;'>   <\/div>\n<\/p><\/div>\n<p> <!-- Secci\u00f3n de enlace --> <\/p>\n<div style='margin-bottom: 30px;'>\n<p style='text-align: center; margin: 0; padding: 15px; background-color: rgba(53&comma; 152&comma; 219&comma; 0.05); border: 1px solid rgba(53&comma; 152&comma; 219&comma; 0.2); border-radius: 8px;'> <a style='color: #3598db; text-decoration: none; font-weight: bold; font-size: 14px;' href='https:\/\/soporte.syscom.mx\/es\/articles\/6945916-fibra-optica-conoce-como-hacer-un-enlace-punto-a-punto-con-convertidores-de-medios-utilizando-fibra-optica-conectorizada'> Conoce como Hacer un Enlace Punto a Punto con Convertidores de Medios Utilizando Fibra \u00d3ptica Conectorizada <\/a> <\/p>\n<\/p><\/div>\n<p> <!-- Separador --> <\/p>\n<hr style='border: 0; border-top: 1px solid rgba(150&comma; 150&comma; 150&comma; 0.3); margin: 30px 0;'> <\/div>\n","protected":false},"excerpt":{"rendered":"<p>Carrete de Fibra ?ptica Monomodo con Conectores SC-SC Duplex, Reforzada con Kevlar, de 100 Metros (328.08 Pies)<\/p>\n","protected":false},"featured_media":109769,"comment_status":"open","ping_status":"closed","template":"","meta":[],"product_brand":[],"product_cat":[625],"product_tag":[488,611,435],"class_list":{"0":"post-109770","1":"product","2":"type-product","3":"status-publish","4":"has-post-thumbnail","6":"product_cat-fibra-optica-cables-y-conectores","7":"product_tag-cables-y-conectores","8":"product_tag-fibra-optica","9":"product_tag-linkedpro-by-epcom","11":"first","12":"instock","13":"sale","14":"shipping-taxable","15":"purchasable","16":"product-type-simple"},"_links":{"self":[{"href":"https:\/\/soydeaqui.ddns.net\/pachuca\/index.php\/wp-json\/wp\/v2\/product\/109770","targetHints":{"allow":["GET"]}}],"collection":[{"href":"https:\/\/soydeaqui.ddns.net\/pachuca\/index.php\/wp-json\/wp\/v2\/product"}],"about":[{"href":"https:\/\/soydeaqui.ddns.net\/pachuca\/index.php\/wp-json\/wp\/v2\/types\/product"}],"replies":[{"embeddable":true,"href":"https:\/\/soydeaqui.ddns.net\/pachuca\/index.php\/wp-json\/wp\/v2\/comments?post=109770"}],"wp:featuredmedia":[{"embeddable":true,"href":"https:\/\/soydeaqui.ddns.net\/pachuca\/index.php\/wp-json\/wp\/v2\/media\/109769"}],"wp:attachment":[{"href":"https:\/\/soydeaqui.ddns.net\/pachuca\/index.php\/wp-json\/wp\/v2\/media?parent=109770"}],"wp:term":[{"taxonomy":"product_brand","embeddable":true,"href":"https:\/\/soydeaqui.ddns.net\/pachuca\/index.php\/wp-json\/wp\/v2\/product_brand?post=109770"},{"taxonomy":"product_cat","embeddable":true,"href":"https:\/\/soydeaqui.ddns.net\/pachuca\/index.php\/wp-json\/wp\/v2\/product_cat?post=109770"},{"taxonomy":"product_tag","embeddable":true,"href":"https:\/\/soydeaqui.ddns.net\/pachuca\/index.php\/wp-json\/wp\/v2\/product_tag?post=109770"}],"curies":[{"name":"wp","href":"https:\/\/api.w.org\/{rel}","templated":true}]}}