{"id":109763,"date":"2026-03-20T19:15:07","date_gmt":"2026-03-20T19:15:07","guid":{"rendered":"https:\/\/soydeaqui.ddns.net\/pachuca\/index.php\/producto\/matricial-y-extensor-de-video-hdmi-4-x-4-4-entradas-hdmi-4-salidas-hdmi-loop-4-salidas-rj45-para-extender-la-senal-40-metros-por-salida-1080-60hz-conmutacion-por-rs232-control-remoto-o\/"},"modified":"2026-03-20T19:15:25","modified_gmt":"2026-03-20T19:15:25","slug":"matricial-y-extensor-de-video-hdmi-4-x-4-4-entradas-hdmi-4-salidas-hdmi-loop-4-salidas-rj45-para-extender-la-senal-40-metros-por-salida-1080-60hz-conmutacion-por-rs232-control-remoto-o","status":"publish","type":"product","link":"https:\/\/soydeaqui.ddns.net\/pachuca\/index.php\/producto\/matricial-y-extensor-de-video-hdmi-4-x-4-4-entradas-hdmi-4-salidas-hdmi-loop-4-salidas-rj45-para-extender-la-senal-40-metros-por-salida-1080-60hz-conmutacion-por-rs232-control-remoto-o\/","title":{"rendered":"MATRICIAL Y EXTENSOR DE VIDEO HDMI 4 x 4 \/ 4 Entradas HDMI \/ 4 Salidas HDMI Loop \/ 4 Salidas RJ45 para Extender la se\u00f1al 40 metros por salida  \/  1080 @ 60Hz \/ Conmutaci\u00f3n por RS232, Control Remoto o Ethernet."},"content":{"rendered":"<div style='width: 100%; max-width: 1200px; margin: 0 auto; font-family: sans-serif; line-height: 1.6; color: inherit; background-color: transparent;'>\n<div style='width: 100%; margin-bottom: 30px;'>\n<h1 style='font-size: 28px; text-align: center; margin: 0 0 10px 0; color: inherit;'><strong>TT-744<\/strong><\/h1>\n<h3 style='font-size: 18px; text-align: center; margin: 0 0 20px 0; color: inherit; opacity: 0.8;'>Kit de distribuidor matricial 4&#215;4&comma; 4 Entradas HDMI a 4 salidas RJ45 mas 4 salidas Loop&comma; resoluci\u00f3n 1080P@60Hz sobre CAT6\/6A\/7 a 40 metros.<\/h3>\n<p style='text-align: center; margin: 0 70px; font-size: 15px; color: inherit;'>El kit extensor matricial TT744 transmite se\u00f1ales a 1080P 4&#215;4 sobre cable de red hasta 40 m CAT6 100% Cobre&comma; es compatible con la transmisi\u00f3n de se\u00f1ales a control remoto por infrarrojos&comma; control RS232 y RJ45&comma; el control hace que el cambio de la entrada y la salida sea f\u00e1cil&comma; adem\u00e1s con la tecnolog\u00eda EDID permite adaptar la imagen transmitida a las capacidades del monitor o pantalla&comma; sus 4 salida Loop HDMI en el transmisor nos permite colocar 4 pantallas de manera local para la funci\u00f3n de monitoreo&comma; gracias a la tecnolog\u00eda PoC solo requiere alimentaci\u00f3n el equipo transmisor.<\/p>\n<\/p><\/div>\n<div style='display: flex; flex-wrap: wrap; gap: 30px;'>\n<div style='flex: 1 1 300px; min-width: 280px;'>\n<div style='background-color: rgba(238&comma; 238&comma; 238&comma; 0.8); border: 1px solid rgba(150&comma; 150&comma; 150&comma; 0.3); border-radius: 8px; overflow: hidden;'> <img style='width: 100%; height: auto; border: 1px solid rgba(150&comma;150&comma;150&comma;0.3); border-radius: 8px;' src='http:\/\/ftp3.syscom.mx\/usuarios\/hallende\/EPCOM%20Titanium\/TT-744\/TT744-1..png' alt=''> <\/p>\n<div style='padding: 15px; background-color: rgba(22&comma; 93&comma; 245&comma; 0.1); border-top: 5px solid #165DF5;'>\n<h3 style='font-size: 22px; border-bottom: 2px solid currentColor; padding-bottom: 5px; margin-top: 0; color: inherit; opacity: 0.8;'>Caracter\u00edsticas Principales:<\/h3>\n<ul style='padding-left: 20px; font-size: 15px; color: inherit; list-style-type: disc;'>\n<li style='margin-bottom: 5px;'><strong>Distribuye y extiende 4 fuentes HDMI a 4 pantallas HDMI a trav\u00e9s del cable de red simult\u00e1neamente.<\/strong><\/li>\n<li style='margin-bottom: 5px;'><strong>La distancia de transmisi\u00f3n es de hasta 40 m \/ 131 pies.<\/strong><\/li>\n<li style='margin-bottom: 5px;'><strong>El KIT contiene el concentrador + 4 receptores<\/strong><\/li>\n<li style='margin-bottom: 5px;'>El kit incluye 4 receptores<\/li>\n<li style='margin-bottom: 5px;'>Compatible con cables de red CAT6 \/ 6a \/ 7.<\/li>\n<li style='margin-bottom: 5px;'>Soporta resoluci\u00f3n 1080P @ 60Hz.<\/li>\n<li style='margin-bottom: 5px;'>Soporta HDCP 1.4&comma; HDMI 1.3<\/li>\n<li style='margin-bottom: 5px;'><strong>4 salidas de lazo (Loop) HDMI para visualizaci\u00f3n local o funci\u00f3n de supervisi\u00f3n en el TX.<\/strong><\/li>\n<li style='margin-bottom: 5px;'><strong><span style='color: #c0392b; font-family: 'arial black'&comma; sans-serif;'>No es<\/span> compatible con <\/strong><span style='color: inherit; font-family: 'arial black'&comma; sans-serif; font-size: 16px; background-color: rgba(255&comma;255&comma;255&comma;0.1);'>TT372EDIDRX<\/span><\/li>\n<\/ul><\/div>\n<\/p><\/div>\n<\/p><\/div>\n<div style='flex: 1 1 300px; min-width: 280px;'>\n<div style='background-color: rgba(238&comma; 238&comma; 238&comma; 0.8); border: 1px solid rgba(150&comma; 150&comma; 150&comma; 0.3); border-radius: 8px; overflow: hidden;'> <img style='width: 100%; height: auto; border: 1px solid rgba(150&comma;150&comma;150&comma;0.3); border-radius: 8px;' src='http:\/\/ftp3.syscom.mx\/usuarios\/hallende\/EPCOM%20Titanium\/TT-744\/TT744-2..png' alt=''> <\/p>\n<div style='padding: 15px; background-color: rgba(22&comma; 93&comma; 245&comma; 0.1); border-top: 5px solid #165DF5;'>\n<h3 style='font-size: 22px; border-bottom: 2px solid currentColor; padding-bottom: 5px; margin-top: 0; color: inherit; opacity: 0.8;'>Caracter\u00edsticas F\u00edsicas y El\u00e9ctricas:<\/h3>\n<ul style='padding-left: 20px; font-size: 15px; color: inherit; list-style-type: disc;'>\n<li style='margin-bottom: 5px;'><strong>Alimentaci\u00f3n incluida de 12 Vcc&comma; 3 A.<\/strong>\n<div style='color: #3498db; font-size: 14px; margin-top: 3px;'>Solo se alimenta el Transmisor<\/div>\n<\/li>\n<li style='margin-bottom: 5px;'>RXs alimentados por TX<\/li>\n<li style='margin-bottom: 5px;'>Potencia: TX: 23W ; RX: 3W<\/li>\n<li style='margin-bottom: 5px;'>Dimensiones TX: 411.0 mm (L) x 146.0 mm (W) x 31.5 mm (H) mm ; RX: 71.6 mm (L) x 66.6 mm (W) x 22.6 mm (H)<\/li>\n<li style='margin-bottom: 5px;'>Peso TX: 1530g X 1 Pcs ; RX: 80g X 4 Pcs<\/li>\n<li style='margin-bottom: 5px;'><strong>1 A\u00f1o de Garant\u00eda por defectos de fabrica.<\/strong><\/li>\n<li style='margin-bottom: 5px;'><strong>Nota.-<\/strong>El control remoto&comma; no incluye la bater\u00eda&comma; el modelo sugerido es: <strong>CR2025<\/strong><\/li>\n<\/ul><\/div>\n<\/p><\/div>\n<\/p><\/div>\n<div style='flex: 1 1 300px; min-width: 280px;'>\n<div style='background-color: rgba(238&comma; 238&comma; 238&comma; 0.8); border: 1px solid rgba(150&comma; 150&comma; 150&comma; 0.3); border-radius: 8px; overflow: hidden;'> <img style='width: 100%; height: auto; border: 1px solid rgba(150&comma;150&comma;150&comma;0.3); border-radius: 8px;' src='http:\/\/ftp3.syscom.mx\/usuarios\/hallende\/EPCOM%20Titanium\/TT-744\/TT744-3..png' alt=''> <\/p>\n<div style='padding: 15px; background-color: rgba(22&comma; 93&comma; 245&comma; 0.1); border-top: 5px solid #165DF5;'>\n<h3 style='font-size: 22px; border-bottom: 2px solid currentColor; padding-bottom: 5px; margin-top: 0; color: inherit; opacity: 0.8;'>Caracter\u00edsticas Destacadas:<\/h3>\n<ul style='padding-left: 20px; font-size: 15px; color: inherit; list-style-type: disc;'>\n<li style='margin-bottom: 5px;'>Cuenta con interruptor EDID para configurar el formato de se\u00f1al HDMI<\/li>\n<li style='margin-bottom: 5px;'>Admite PoC&comma; solo se requiere alimentar el transmisor para suministrar energ\u00eda<\/li>\n<li style='margin-bottom: 5px;'><strong>Admite control de comando RS-232&comma; Ethernet y Control Remoto<\/strong><\/li>\n<li style='margin-bottom: 5px;'><strong>Protecci\u00f3n contra sobretensiones&comma; protecci\u00f3n contra rayos&comma; protecci\u00f3n ESD.<\/strong><\/li>\n<li style='margin-bottom: 5px;'>Funci\u00f3n de passback para control remoto (del equipo fuente) IR 20~60Hz<\/li>\n<li style='margin-bottom: 5px;'><strong>No requiere software o controlador.<\/strong><\/li>\n<\/ul><\/div>\n<\/p><\/div>\n<\/p><\/div>\n<\/p><\/div>\n<div style='width: 100%; margin: 40px 0;'> <img style='width: 100%; height: auto; border: 1px solid rgba(150&comma;150&comma;150&comma;0.3); border-radius: 8px;' src='http:\/\/ftp3.syscom.mx\/usuarios\/hallende\/EPCOM%20Titanium\/TT-744\/TT744%20Esp..jpg' alt=''> <\/div>\n<div style='position: relative; padding-bottom: 56.25%; height: 0; overflow: hidden; margin-bottom: 30px;'>   <\/div>\n<\/p><\/div>\n","protected":false},"excerpt":{"rendered":"<p>MATRICIAL Y EXTENSOR DE VIDEO HDMI 4 x 4 \/ 4 Entradas HDMI \/ 4 Salidas HDMI Loop \/ 4 Salidas RJ45 para Extender la se\u00f1al 40 metros por salida  \/  1080 @ 60Hz \/ Conmutaci\u00f3n por RS232, Control Remoto o Ethernet.<\/p>\n","protected":false},"featured_media":109762,"comment_status":"open","ping_status":"closed","template":"","meta":[],"product_brand":[],"product_cat":[2073,2074,2077,2075,2072,2076],"product_tag":[417,2079,2080,2083,507,2081,2078,2082],"class_list":{"0":"post-109763","1":"product","2":"type-product","3":"status-publish","4":"has-post-thumbnail","6":"product_cat-convertidores","7":"product_cat-divisores","8":"product_cat-dvi","9":"product_cat-hdmi","10":"product_cat-kits-extensores","11":"product_cat-vga","12":"product_tag-accesorios-generales","13":"product_tag-convertidores","14":"product_tag-divisores","15":"product_tag-dvi","16":"product_tag-epcom-titanium","17":"product_tag-hdmi","18":"product_tag-kits-extensores","19":"product_tag-vga","21":"first","22":"outofstock","23":"sale","24":"shipping-taxable","25":"purchasable","26":"product-type-simple"},"_links":{"self":[{"href":"https:\/\/soydeaqui.ddns.net\/pachuca\/index.php\/wp-json\/wp\/v2\/product\/109763","targetHints":{"allow":["GET"]}}],"collection":[{"href":"https:\/\/soydeaqui.ddns.net\/pachuca\/index.php\/wp-json\/wp\/v2\/product"}],"about":[{"href":"https:\/\/soydeaqui.ddns.net\/pachuca\/index.php\/wp-json\/wp\/v2\/types\/product"}],"replies":[{"embeddable":true,"href":"https:\/\/soydeaqui.ddns.net\/pachuca\/index.php\/wp-json\/wp\/v2\/comments?post=109763"}],"wp:featuredmedia":[{"embeddable":true,"href":"https:\/\/soydeaqui.ddns.net\/pachuca\/index.php\/wp-json\/wp\/v2\/media\/109762"}],"wp:attachment":[{"href":"https:\/\/soydeaqui.ddns.net\/pachuca\/index.php\/wp-json\/wp\/v2\/media?parent=109763"}],"wp:term":[{"taxonomy":"product_brand","embeddable":true,"href":"https:\/\/soydeaqui.ddns.net\/pachuca\/index.php\/wp-json\/wp\/v2\/product_brand?post=109763"},{"taxonomy":"product_cat","embeddable":true,"href":"https:\/\/soydeaqui.ddns.net\/pachuca\/index.php\/wp-json\/wp\/v2\/product_cat?post=109763"},{"taxonomy":"product_tag","embeddable":true,"href":"https:\/\/soydeaqui.ddns.net\/pachuca\/index.php\/wp-json\/wp\/v2\/product_tag?post=109763"}],"curies":[{"name":"wp","href":"https:\/\/api.w.org\/{rel}","templated":true}]}}