{"id":109742,"date":"2026-03-20T19:14:01","date_gmt":"2026-03-20T19:14:01","guid":{"rendered":"https:\/\/soydeaqui.ddns.net\/pachuca\/index.php\/producto\/divisor-splitter-hdmi-4k-de-1-entrada-a-4-salidas-simultaneas-soporta-4kx2k-ajuste-de-resoluciones-edid-hdr-hdmi-2-0-hdcp-2-2-permite-mezclar-pantallas-en-4k-y-1080p\/"},"modified":"2026-03-20T19:14:19","modified_gmt":"2026-03-20T19:14:19","slug":"divisor-splitter-hdmi-4k-de-1-entrada-a-4-salidas-simultaneas-soporta-4kx2k-ajuste-de-resoluciones-edid-hdr-hdmi-2-0-hdcp-2-2-permite-mezclar-pantallas-en-4k-y-1080p","status":"publish","type":"product","link":"https:\/\/soydeaqui.ddns.net\/pachuca\/index.php\/producto\/divisor-splitter-hdmi-4k-de-1-entrada-a-4-salidas-simultaneas-soporta-4kx2k-ajuste-de-resoluciones-edid-hdr-hdmi-2-0-hdcp-2-2-permite-mezclar-pantallas-en-4k-y-1080p\/","title":{"rendered":"Divisor (Splitter) HDMI 4K de 1 Entrada a 4 Salidas (Simultaneas) \/ Soporta 4K\u00d72K  \/ Ajuste de resoluciones EDID \/ HDR \/ HDMI 2.0 \/  HDCP 2.2  \/ Permite mezclar pantallas en 4K y 1080P"},"content":{"rendered":"<div style='width: 100%; max-width: 1200px; margin: 0 auto; font-family: sans-serif; line-height: 1.6; color: inherit; background-color: transparent;'>\n<div style='width: 100%; max-width: 1200px; margin: 0 auto; font-family: sans-serif; line-height: 1.6; color: inherit; background-color: transparent;'>\n<div style='display: flex; flex-direction: column; align-items: center; text-align: center; margin-bottom: 30px;'>\n<h1 style='font-size: 28px; color: inherit; margin: 0;'><strong>TT-314HDR-V2.0<\/strong><\/h1>\n<h3 style='font-size: 14pt; color: inherit; margin-top: 15px; margin-bottom: 0;'> Divisor HDMI 1 a 4 \/ Salida 4K x 2K @ 60Hz &#038; HDR \/ Compatible con HDMI2.0&comma;HDCP2.0 \/ Soporta entrada de 10m y salida hasta 10m. Adem\u00e1s te permite la conexi\u00f3n en cascada de hasta 4 TT314PRO para dividir a m\u00e1s pantallas <\/h3>\n<\/p><\/div>\n<div style='display: flex; flex-wrap: wrap; gap: 30px; margin-bottom: 30px;'>\n<div style='flex: 1 1 300px; min-width: 280px;'>\n<h3 style='font-size: 22px; border-bottom: 2px solid currentColor; padding-bottom: 5px; margin-top: 0; color: inherit; opacity: 0.8;'>Caracter\u00edsticas<\/h3>\n<ul style='padding-left: 20px; font-size: 15px; color: inherit;'>\n<li style='margin-bottom: 5px;'>Distribuye 1 se\u00f1al HDMI a 4 Monitores HDMI<\/li>\n<li style='margin-bottom: 5px;'><strong>Soporte de resoluci\u00f3n:<\/strong> 800&#215;600&comma; 1024&#215;768&comma; 1280&#215;720&comma; 1280&#215;960&comma; 1366&#215;768&comma; 1440&#215;900&comma; 1680&#215;1050&comma; 1920&#215;1080&comma; 720p@50\/60Hz&comma; 1080i@50\/60Hz&comma; 1080p@24\/25\/30\/50\/60 Hz&comma; 3840&#215;2160 a 24\/25\/30 Hz<\/li>\n<li style='margin-bottom: 5px;'><strong>Se\u00f1al HDMI:<\/strong> Compatible con HDCP<\/li>\n<li style='margin-bottom: 5px;'><strong>Soporta el mayor ancho de banda:<\/strong> hasta 18 Gbps<\/li>\n<li style='margin-bottom: 5px;'><strong>Soporte:<\/strong> HDMI 1.4&comma; HDMI 2.0<\/li>\n<li style='margin-bottom: 5px;'><strong>Soporte:<\/strong> HDCP 1.4&comma; HDCP 2.2<\/li>\n<li style='margin-bottom: 5px;'><strong>Soporte:<\/strong> YUV 4:4:4<\/li>\n<li style='margin-bottom: 5px;'><strong>Permite la conexi\u00f3n:<\/strong> de hasta 4 equipos en cascada<\/li>\n<\/ul><\/div>\n<div style='flex: 1 1 300px; min-width: 280px;'>\n<h3 style='font-size: 22px; border-bottom: 2px solid currentColor; padding-bottom: 5px; margin-top: 0; color: inherit; opacity: 0.8;'>Especificaciones<\/h3>\n<ul style='padding-left: 20px; font-size: 15px; color: inherit;'>\n<li style='margin-bottom: 5px;'><strong>Alimentaci\u00f3n:<\/strong> 5 Vcc&comma; 1 A. Fuente Incluida<\/li>\n<li style='margin-bottom: 5px;'><strong>Peso neto:<\/strong> 196g<\/li>\n<li style='margin-bottom: 5px;'><strong>Potencia de consumo:<\/strong> < 8W<\/li>\n<li style='margin-bottom: 5px;'><strong>Dimensiones TX;RX:<\/strong> 158(L) x 80(W) x 17(H) mm<\/li>\n<li style='margin-bottom: 5px;'><strong>Temperatura de trabajo:<\/strong> 0\u00b0C ~ 60\u00b0C<\/li>\n<li style='margin-bottom: 5px;'><strong>Temperatura de almacenamiento:<\/strong> -20 ~ 70\u00b0C<\/li>\n<li style='margin-bottom: 5px;'><strong>Humedad relativa:<\/strong> 0 ~ 95% (Sin condensaci\u00f3n)<\/li>\n<li style='margin-bottom: 5px;'><strong>Color:<\/strong> Negro<\/li>\n<li style='margin-bottom: 5px;'><strong>Garant\u00eda:<\/strong> 1 A\u00f1o<\/li>\n<\/ul><\/div>\n<div style='flex: 1 1 300px; min-width: 280px;'>\n<h3 style='font-size: 22px; border-bottom: 2px solid currentColor; padding-bottom: 5px; margin-top: 0; color: inherit; opacity: 0.8;'>Caracter\u00edsticas T\u00e9cnicas<\/h3>\n<ul style='padding-left: 20px; font-size: 15px; color: inherit;'>\n<li style='margin-bottom: 5px;'><strong>Longitud del cable de entrada:<\/strong> \u226410m (cable HDMI AWG26)<\/li>\n<li style='margin-bottom: 5px;'><strong>Longitud del cable de salida:<\/strong> \u226410m (cable HDMI AWG26)<\/li>\n<li style='margin-bottom: 5px;'><strong>Soporta formatos de audio:<\/strong> 7.1\/5.1\/2.1 CH Dolby Digital&comma; DTS-HD y Dolby TrueHD Audio<\/li>\n<li style='margin-bottom: 5px;'><strong>Configuraci\u00f3n:<\/strong> Configura la resoluci\u00f3n de video autom\u00e1ticamente de acuerdo a las capacidades de cada monitor conectado&comma; permite salidas simult\u00e1neas de pantalla 4K y 1080p<\/li>\n<\/ul><\/div>\n<\/p><\/div>\n<div style='width: 100%; margin-bottom: 30px; display: flex; justify-content: center;'> <img style='width: 100%; max-width: 600px; height: auto; border: 1px solid rgba(150&comma;150&comma;150&comma;0.3); border-radius: 8px;' src='http:\/\/ftp3.syscom.mx\/usuarios\/hallende\/EPCOM%20Titanium\/TT-314HDR-V2.0\/TT314HDR-V2.0.jpg' alt=''> <\/div>\n<div style='width: 100%; margin-bottom: 30px;'>\n<div style='position: relative; padding-bottom: 133.33%; height: 0; overflow: hidden;'>   <\/div>\n<\/p><\/div>\n<hr style='border: 0; border-top: 1px solid rgba(150&comma; 150&comma; 150&comma; 0.3); margin: 30px 0;'> <\/div>\n<\/p><\/div>\n","protected":false},"excerpt":{"rendered":"<p>Divisor (Splitter) HDMI 4K de 1 Entrada a 4 Salidas (Simultaneas) \/ Soporta 4K\u00d72K  \/ Ajuste de resoluciones EDID \/ HDR \/ HDMI 2.0 \/  HDCP 2.2  \/ Permite mezclar pantallas en 4K y 1080P<\/p>\n","protected":false},"featured_media":109741,"comment_status":"open","ping_status":"closed","template":"","meta":[],"product_brand":[],"product_cat":[2073,2074,2077,2075,2072,2076],"product_tag":[417,2079,2080,2083,507,2081,2078,2082],"class_list":{"0":"post-109742","1":"product","2":"type-product","3":"status-publish","4":"has-post-thumbnail","6":"product_cat-convertidores","7":"product_cat-divisores","8":"product_cat-dvi","9":"product_cat-hdmi","10":"product_cat-kits-extensores","11":"product_cat-vga","12":"product_tag-accesorios-generales","13":"product_tag-convertidores","14":"product_tag-divisores","15":"product_tag-dvi","16":"product_tag-epcom-titanium","17":"product_tag-hdmi","18":"product_tag-kits-extensores","19":"product_tag-vga","21":"first","22":"outofstock","23":"sale","24":"shipping-taxable","25":"purchasable","26":"product-type-simple"},"_links":{"self":[{"href":"https:\/\/soydeaqui.ddns.net\/pachuca\/index.php\/wp-json\/wp\/v2\/product\/109742","targetHints":{"allow":["GET"]}}],"collection":[{"href":"https:\/\/soydeaqui.ddns.net\/pachuca\/index.php\/wp-json\/wp\/v2\/product"}],"about":[{"href":"https:\/\/soydeaqui.ddns.net\/pachuca\/index.php\/wp-json\/wp\/v2\/types\/product"}],"replies":[{"embeddable":true,"href":"https:\/\/soydeaqui.ddns.net\/pachuca\/index.php\/wp-json\/wp\/v2\/comments?post=109742"}],"wp:featuredmedia":[{"embeddable":true,"href":"https:\/\/soydeaqui.ddns.net\/pachuca\/index.php\/wp-json\/wp\/v2\/media\/109741"}],"wp:attachment":[{"href":"https:\/\/soydeaqui.ddns.net\/pachuca\/index.php\/wp-json\/wp\/v2\/media?parent=109742"}],"wp:term":[{"taxonomy":"product_brand","embeddable":true,"href":"https:\/\/soydeaqui.ddns.net\/pachuca\/index.php\/wp-json\/wp\/v2\/product_brand?post=109742"},{"taxonomy":"product_cat","embeddable":true,"href":"https:\/\/soydeaqui.ddns.net\/pachuca\/index.php\/wp-json\/wp\/v2\/product_cat?post=109742"},{"taxonomy":"product_tag","embeddable":true,"href":"https:\/\/soydeaqui.ddns.net\/pachuca\/index.php\/wp-json\/wp\/v2\/product_tag?post=109742"}],"curies":[{"name":"wp","href":"https:\/\/api.w.org\/{rel}","templated":true}]}}