{"id":109737,"date":"2026-03-20T19:13:45","date_gmt":"2026-03-20T19:13:45","guid":{"rendered":"https:\/\/soydeaqui.ddns.net\/pachuca\/index.php\/producto\/monitor-ip-touch-screen-7-para-videoportero-ip-soporta-p2p-wifi-video-en-vivo-audio-de-dos-vias-apertura-remota-llamadas-entre-monitores\/"},"modified":"2026-03-20T19:13:57","modified_gmt":"2026-03-20T19:13:57","slug":"monitor-ip-touch-screen-7-para-videoportero-ip-soporta-p2p-wifi-video-en-vivo-audio-de-dos-vias-apertura-remota-llamadas-entre-monitores","status":"publish","type":"product","link":"https:\/\/soydeaqui.ddns.net\/pachuca\/index.php\/producto\/monitor-ip-touch-screen-7-para-videoportero-ip-soporta-p2p-wifi-video-en-vivo-audio-de-dos-vias-apertura-remota-llamadas-entre-monitores\/","title":{"rendered":"Monitor IP Touch Screen 7&#8221; para Videoportero IP \/ Soporta P2P \/ WiFi \/ V\u00eddeo en Vivo \/ Audio de Dos V\u00edas \/ Apertura Remota \/ Llamadas entre Monitores"},"content":{"rendered":"<div style='width: 100%; max-width: 1200px; margin: 0 auto; font-family: sans-serif; line-height: 1.6; color: inherit; background-color: transparent;'> <!-- Imagen principal --> <\/p>\n<div style='width: 100%; margin-bottom: 30px;'> <a href='http:\/\/soporte.syscom.mx\/control-de-acceso#hikvision' target='_blank' rel='noopener'> <img style='width: 100%; height: auto; border: 1px solid rgba(150&comma;150&comma;150&comma;0.3); border-radius: 8px;' src='http:\/\/ftp3.syscom.mx\/usuarios\/ccordova\/hikvision\/1.jpg' alt=''> <\/a> <\/div>\n<p> <!-- Videos --> <\/p>\n<div style='display: flex; flex-wrap: wrap; gap: 30px; margin-bottom: 30px;'>\n<div style='position: relative; padding-bottom: 56.25%; height: 0; overflow: hidden; flex: 1 1 300px; min-width: 280px;'>   <\/div>\n<div style='position: relative; padding-bottom: 56.25%; height: 0; overflow: hidden; flex: 1 1 300px; min-width: 280px;'>   <\/div>\n<div style='position: relative; padding-bottom: 56.25%; height: 0; overflow: hidden; flex: 1 1 300px; min-width: 280px;'>   <\/div>\n<\/p><\/div>\n<p> <!-- Secci\u00f3n de caracter\u00edsticas --> <\/p>\n<div style='display: flex; flex-wrap: wrap; gap: 30px; margin-bottom: 30px;'>\n<div style='flex: 1 1 300px; min-width: 280px;'>\n<h3 style='font-size: 22px; border-bottom: 2px solid currentColor; padding-bottom: 5px; margin-top: 0; color: inherit; opacity: 0.8;'>Caracter\u00edsticas de monitor DS-KH6310-WL<\/h3>\n<ul style='padding-left: 20px; font-size: 15px; color: inherit;'>\n<li style='margin-bottom: 5px;'>Pantalla Touch a color de 7&#8242;<\/li>\n<li style='margin-bottom: 5px;'>Resoluci\u00f3n: 800 x 400<\/li>\n<li style='margin-bottom: 5px;'>2 In alarma<\/li>\n<li style='margin-bottom: 5px;'>Apertura desde monitor<\/li>\n<li style='margin-bottom: 5px;'>Micr\u00f3fono y altavoz interconstruido<\/li>\n<li style='margin-bottom: 5px;'>Red wifi&comma; Ethernet 10\/100 Mbps<\/li>\n<li style='margin-bottom: 5px;'>Soporta c\u00e1maras IP<\/li>\n<li style='margin-bottom: 5px;'>Garant\u00eda: 2 a\u00f1os<\/li>\n<\/ul><\/div>\n<div style='flex: 1 1 300px; min-width: 280px;'>\n<h3 style='font-size: 22px; border-bottom: 2px solid currentColor; padding-bottom: 5px; margin-top: 0; color: inherit; opacity: 0.8;'>Caracter\u00edsticas F\u00edsicas y El\u00e9ctricas<\/h3>\n<ul style='padding-left: 20px; font-size: 15px; color: inherit;'>\n<li style='margin-bottom: 5px;'>Voltaje de operaci\u00f3n: 12Vcc (fuente no incluida)<\/li>\n<li style='margin-bottom: 5px;'>Consumo el\u00e9ctrico: 10W<\/li>\n<li style='margin-bottom: 5px;'>PoE propietario (Recomendado DS-KAD606NK)<\/li>\n<li style='margin-bottom: 5px;'>Temperatura de operaci\u00f3n: -10\u00ba ~ 55\u00ba C (14\u00ba ~ 131\u00ba F)<\/li>\n<li style='margin-bottom: 5px;'>Dimensiones (LxWxH): 217\u00d7142\u00d726 mm<\/li>\n<\/ul><\/div>\n<div style='flex: 1 1 300px; min-width: 280px;'>\n<h3 style='font-size: 22px; border-bottom: 2px solid currentColor; padding-bottom: 5px; margin-top: 0; color: inherit; opacity: 0.8;'>Caracter\u00edsticas Destacadas<\/h3>\n<p style='font-size: 15px; color: inherit; margin-bottom: 15px;'>Compatible con Hik-connect P2P para notificaci\u00f3n \/apertura remota (requiere frente de calle)<\/p>\n<p style='font-size: 15px; color: inherit; margin-bottom: 15px;'>Permite la visualizaci\u00f3n de c\u00e1maras IP y c\u00e1mara del frente de calle (Audio&comma; Video y apertura de puerta)<\/p>\n<ul style='padding-left: 20px; font-size: 15px; color: inherit;'>\n<li style='margin-bottom: 5px;'>Compatible con frente de calle <a style='color: inherit; text-decoration: underline;' href='https:\/\/www.syscom.mx\/principal\/searchcont?route=DS-KV8102IM-HIKVISION-169294&#038;autodetect=DS-KV8102-IM' target='_blank' rel='noopener'>DS-KV8102IM<\/a>&comma; <a style='color: inherit; text-decoration: underline;' href='https:\/\/www.syscom.mx\/principal\/searchcont?route=DS-KV8102IM-HIKVISION-169294&#038;autodetect=DS-KV8102-IM' target='_blank' rel='noopener'>DS-KV8102IP<\/a>&comma; <a style='color: inherit; text-decoration: underline;' href='https:\/\/www.syscom.mx\/principal\/searchcont?route=DS-KV8202IM-HIKVISION-157766&#038;autodetect=DS-KV8202-IM' target='_blank' rel='noopener'>DS-KV8202IM<\/a>&comma; <a style='color: inherit; text-decoration: underline;' href='https:\/\/www.syscom.mx\/principal\/searchcont?route=DS-KV8402IM-HIKVISION-157768&#038;autodetect=DS-KV8402-IM' target='_blank' rel='noopener'>DS-KV8402IM<\/a><\/li>\n<li style='margin-bottom: 5px;'>Compatible con kits <a style='color: inherit; text-decoration: underline;' href='https:\/\/www.syscom.mx\/principal\/searchcont?route=HIK-601P-HIKVISION-170114&#038;autodetect=DS-KV8202-IM' target='_blank' rel='noopener'>HIK-601P<\/a> y <a style='color: inherit; text-decoration: underline;' href='https:\/\/www.syscom.mx\/principal\/searchcont?route=DSKIS601-HIKVISION-154176&#038;autodetect=dskis601' target='_blank' rel='noopener'>DSKIS601<\/a><\/li>\n<\/ul><\/div>\n<\/p><\/div>\n<p> <!-- Separador --> <\/p>\n<hr style='border: 0; border-top: 1px solid rgba(150&comma; 150&comma; 150&comma; 0.3); margin: 30px 0;'> <!-- Secci\u00f3n de accesorio de instalaci\u00f3n --> <\/p>\n<div style='display: flex; flex-wrap: wrap; gap: 30px; margin-bottom: 30px;'>\n<div style='flex: 1 1 300px; min-width: 280px;'> <img style='width: 100%; height: auto; border: 1px solid rgba(150&comma;150&comma;150&comma;0.3); border-radius: 8px;' src='https:\/\/ftp3.syscom.mx\/usuarios\/fotos\/BancoFotografiasSyscom\/HIKVISION\/DSKAB86\/DSKAB86-p.PNG' alt=''> <\/div>\n<div style='flex: 1 1 300px; min-width: 280px;'>\n<h3 style='font-size: 22px; border-bottom: 2px solid currentColor; padding-bottom: 5px; margin-top: 0; color: inherit; opacity: 0.8;'>Accesorio de instalaci\u00f3n recomendado<\/h3>\n<ul style='padding-left: 20px; font-size: 15px; color: inherit;'>\n<li style='margin-bottom: 5px;'><strong style='color: inherit;'>Material:<\/strong> PVC<\/li>\n<li style='margin-bottom: 5px;'><strong style='color: inherit;'>Dimensiones:<\/strong> 81 mm \u00d7 78 mm \u00d7 50 mm (3.19&#8242; \u00d7 3.07&#8242; \u00d7 1.97&#8242;)<\/li>\n<li style='margin-bottom: 5px;'><strong style='color: inherit;'>Temperatura de Operaci\u00f3n:<\/strong> -5\u00b0 C a +60\u00b0 C (23\u00b0 F a 140\u00b0 F)<\/li>\n<li style='margin-bottom: 5px;'><strong style='color: inherit;'>Color:<\/strong> Gris<\/li>\n<li style='margin-bottom: 5px;'><strong style='color: inherit;'>Modelo:<\/strong> <a style='color: inherit; text-decoration: underline;' href='https:\/\/www.syscom.mx\/producto\/DS-KAB86-HIKVISION-171057.html' target='_blank' rel='noopener'>DS-KAB86<\/a><\/li>\n<li style='margin-bottom: 5px;'><strong style='color: inherit;'>Nota:<\/strong> No incluido<\/li>\n<\/ul><\/div>\n<\/p><\/div>\n<p> <!-- Secci\u00f3n de diagramas --> <\/p>\n<div style='margin-bottom: 30px;'>\n<h3 style='font-size: 22px; border-bottom: 2px solid currentColor; padding-bottom: 5px; margin-top: 0; color: inherit; opacity: 0.8; text-align: center;'>Diagrama de conexi\u00f3n de varios monitores con distribuidor<\/h3>\n<p style='text-align: center; font-size: 15px; color: inherit; margin: 20px 0;'>C\u00f3mo llamar entre monitores: <a style='color: inherit; text-decoration: underline;' href='http:\/\/soporte.syscom.mx\/videovigilancia\/hikvision-epcom\/hikvisionvideoportero-como-llamar-de-un-monitor-principal-a-una-monitor-extension-y-de-una-extension-al-monitor-principal' target='_blank' rel='noopener'>Click aqu\u00ed<\/a><\/p>\n<\/p><\/div>\n<p> <!-- Im\u00e1genes de diagramas --> <\/p>\n<div style='display: flex; flex-wrap: wrap; gap: 30px; margin-bottom: 30px; justify-content: center;'>\n<div style='flex: 1 1 300px; min-width: 280px;'> <img style='width: 100%; height: auto; border: 1px solid rgba(150&comma;150&comma;150&comma;0.3); border-radius: 8px;' src='http:\/\/ftp3.syscom.mx\/usuarios\/emendoza\/elesbanmch\/HIKVISON\/IMAGENES\/DSKAD606N.jpg' alt=''> <\/div>\n<div style='flex: 1 1 300px; min-width: 280px;'> <img style='width: 100%; height: auto; border: 1px solid rgba(150&comma;150&comma;150&comma;0.3); border-radius: 8px;' src='https:\/\/ftp3.syscom.mx\/usuarios\/jdelafuente\/HIKVISION\/Tvportero%20IP.png' alt=''> <\/div>\n<\/p><\/div>\n<p> <!-- Separador --> <\/p>\n<hr style='border: 0; border-top: 1px solid rgba(150&comma; 150&comma; 150&comma; 0.3); margin: 30px 0;'> <!-- Recursos --> <\/p>\n<div style='margin-bottom: 30px;'>\n<h3 style='font-size: 22px; border-bottom: 2px solid currentColor; padding-bottom: 5px; margin-top: 0; color: inherit; opacity: 0.8; text-align: center;'>Recursos<\/h3>\n<\/p><\/div>\n<p> <!-- Enlaces de recursos --> <\/p>\n<div style='display: flex; flex-wrap: wrap; gap: 20px; justify-content: center; margin-bottom: 30px;'> <a style='flex: 1 1 250px; min-width: 220px; text-decoration: none;' href='https:\/\/www.hikvision.com\/es-la\/support\/download\/software\/ivms4200-series\/?q=serie%20ivms4200&#038;position=1' target='_blank' rel='noopener'> <img style='width: 100%; height: auto; border: 1px solid rgba(150&comma;150&comma;150&comma;0.3); border-radius: 8px;' src='https:\/\/ftp3.syscom.mx\/usuarios\/gmagos\/HIK\/IP\/IPC\/Imagenes%20pagina\/Descargas%20IVMS4200.jpg' alt='IVMS4200'> <\/a> <a style='flex: 1 1 250px; min-width: 220px; text-decoration: none;' href='https:\/\/appstore.hikvision.com\/' target='_blank' rel='noopener'> <img style='width: 100%; height: auto; border: 1px solid rgba(150&comma;150&comma;150&comma;0.3); border-radius: 8px;' src='https:\/\/ftp3.syscom.mx\/usuarios\/gmagos\/HIK\/IP\/IPC\/Imagenes%20pagina\/Descargas%20de%20app.jpg' alt='App Store Hikvision'> <\/a> <a style='flex: 1 1 250px; min-width: 220px; text-decoration: none;' href='https:\/\/ftp3.syscom.mx\/usuarios\/ivan.reyes\/HIKVISION\/DS-KH6310-WL.pdf' target='_blank' rel='noopener'> <img style='width: 100%; height: auto; border: 1px solid rgba(150&comma;150&comma;150&comma;0.3); border-radius: 8px;' src='https:\/\/ftp3.syscom.mx\/usuarios\/gmagos\/HIK\/IP\/IPC\/Imagenes%20pagina\/Descarga%20de%20PDF.jpg' alt='Manual PDF'> <\/a> <\/div>\n<\/p><\/div>\n","protected":false},"excerpt":{"rendered":"<p>Monitor IP Touch Screen 7&#8221; para Videoportero IP \/ Soporta P2P \/ WiFi \/ V\u00eddeo en Vivo \/ Audio de Dos V\u00edas \/ Apertura Remota \/ Llamadas entre Monitores<\/p>\n","protected":false},"featured_media":109736,"comment_status":"open","ping_status":"closed","template":"","meta":[],"product_brand":[],"product_cat":[894],"product_tag":[54,820,557],"class_list":{"0":"post-109737","1":"product","2":"type-product","3":"status-publish","4":"has-post-thumbnail","6":"product_cat-multiapartamentos-videoporteros-e-interfonos","7":"product_tag-hikvision","8":"product_tag-multiapartamentos","9":"product_tag-videoporteros-e-interfonos","11":"first","12":"outofstock","13":"sale","14":"shipping-taxable","15":"purchasable","16":"product-type-simple"},"_links":{"self":[{"href":"https:\/\/soydeaqui.ddns.net\/pachuca\/index.php\/wp-json\/wp\/v2\/product\/109737","targetHints":{"allow":["GET"]}}],"collection":[{"href":"https:\/\/soydeaqui.ddns.net\/pachuca\/index.php\/wp-json\/wp\/v2\/product"}],"about":[{"href":"https:\/\/soydeaqui.ddns.net\/pachuca\/index.php\/wp-json\/wp\/v2\/types\/product"}],"replies":[{"embeddable":true,"href":"https:\/\/soydeaqui.ddns.net\/pachuca\/index.php\/wp-json\/wp\/v2\/comments?post=109737"}],"wp:featuredmedia":[{"embeddable":true,"href":"https:\/\/soydeaqui.ddns.net\/pachuca\/index.php\/wp-json\/wp\/v2\/media\/109736"}],"wp:attachment":[{"href":"https:\/\/soydeaqui.ddns.net\/pachuca\/index.php\/wp-json\/wp\/v2\/media?parent=109737"}],"wp:term":[{"taxonomy":"product_brand","embeddable":true,"href":"https:\/\/soydeaqui.ddns.net\/pachuca\/index.php\/wp-json\/wp\/v2\/product_brand?post=109737"},{"taxonomy":"product_cat","embeddable":true,"href":"https:\/\/soydeaqui.ddns.net\/pachuca\/index.php\/wp-json\/wp\/v2\/product_cat?post=109737"},{"taxonomy":"product_tag","embeddable":true,"href":"https:\/\/soydeaqui.ddns.net\/pachuca\/index.php\/wp-json\/wp\/v2\/product_tag?post=109737"}],"curies":[{"name":"wp","href":"https:\/\/api.w.org\/{rel}","templated":true}]}}