{"id":109697,"date":"2026-03-20T19:11:38","date_gmt":"2026-03-20T19:11:38","guid":{"rendered":"https:\/\/soydeaqui.ddns.net\/pachuca\/index.php\/producto\/suscripcion-anual-epcom-cloud-grabacion-en-la-nube-para-1-canal-de-video-a-2mp-con-60-dias-de-retencion-grabacion-por-deteccion-de-movimiento\/"},"modified":"2026-03-20T19:11:39","modified_gmt":"2026-03-20T19:11:39","slug":"suscripcion-anual-epcom-cloud-grabacion-en-la-nube-para-1-canal-de-video-a-2mp-con-60-dias-de-retencion-grabacion-por-deteccion-de-movimiento","status":"publish","type":"product","link":"https:\/\/soydeaqui.ddns.net\/pachuca\/index.php\/producto\/suscripcion-anual-epcom-cloud-grabacion-en-la-nube-para-1-canal-de-video-a-2mp-con-60-dias-de-retencion-grabacion-por-deteccion-de-movimiento\/","title":{"rendered":"Suscripci\u00f3n Anual Epcom Cloud \/ Grabaci\u00f3n en la nube para 1 canal de video a 2MP con 60 d\u00edas de retenci\u00f3n \/ Grabaci\u00f3n por detecci\u00f3n de movimiento"},"content":{"rendered":"<div style='width: 100%; max-width: 1200px; margin: 0 auto; font-family: sans-serif; line-height: 1.6; color: inherit; background-color: transparent;'> <!-- Banner --> <\/p>\n<div style='width: 100%; margin-bottom: 30px;'> <img style='width: 100%; height: auto; border: 1px solid rgba(150&comma;150&comma;150&comma;0.3); border-radius: 8px;' src='https:\/\/ftp3.syscom.mx\/usuarios\/xguereque\/epcomcloud\/junio2024\/banner.jpeg' alt='Banner EPCOM Cloud'> <\/div>\n<p> <!-- Secciones acorde\u00f3n --> <\/p>\n<div style='display: flex; flex-direction: column; gap: 20px; margin-bottom: 30px;'> <!-- Secci\u00f3n 1 --> <\/p>\n<div style='border: 1px solid rgba(150&comma;150&comma;150&comma;0.3); border-radius: 8px; overflow: hidden;'>\n<div style='background-color: #282739; color: white; padding: 15px; font-size: 16px; font-weight: bold;'>Videovigilancia en la nube<\/div>\n<div style='padding: 15px;'>\n<div style='display: flex; flex-wrap: wrap; gap: 20px;'>\n<div style='flex: 1 1 300px;'>\n<h3 style='font-size: 20px; margin-top: 0; color: inherit;'>Videovigilancia en la nube<\/h3>\n<p style='color: inherit;'>EPCOM Cloud es una plataforma de videovigilancia en la nube que ofrece una manera simple&comma; segura y asequible de a\u00f1adir almacenamiento en la nube a sistemas de CCTV compatibles.<\/p>\n<p style='color: inherit;'>La app y el visor web de EPCOM Cloud permiten a los usuarios recuperar&comma; reproducir&comma; compartir y descargar grabaciones sin esfuerzo&comma; y ver transmisiones en vivo de las c\u00e1maras con una sola autenticaci\u00f3n.<\/p>\n<\/p><\/div>\n<div style='flex: 1 1 300px;'> <img style='width: 100%; height: auto; border: 1px solid rgba(150&comma;150&comma;150&comma;0.3); border-radius: 8px;' src='https:\/\/ftp3.syscom.mx\/usuarios\/xguereque\/epcomcloud\/junio2024\/acordeon\/img1.jpg' alt='Videovigilancia en la nube'> <\/div>\n<\/p><\/div>\n<\/p><\/div>\n<\/p><\/div>\n<p> <!-- Secci\u00f3n 2 --> <\/p>\n<div style='border: 1px solid rgba(150&comma;150&comma;150&comma;0.3); border-radius: 8px; overflow: hidden;'>\n<div style='background-color: #282739; color: white; padding: 15px; font-size: 16px; font-weight: bold;'>Almacenamiento seguro<\/div>\n<div style='padding: 15px;'>\n<div style='display: flex; flex-wrap: wrap; gap: 20px;'>\n<div style='flex: 1 1 300px;'>\n<h3 style='font-size: 20px; margin-top: 0; color: inherit;'>Almacenamiento seguro<\/h3>\n<p style='color: inherit;'>Epcom Cloud ofrece una soluci\u00f3n avanzada para la videovigilancia en la nube mediante adaptadores.<\/p>\n<p style='color: inherit;'>Compatible con una amplia gama de marcas y dispositivos&comma; permite la integraci\u00f3n de c\u00e1maras IP&comma; DVR y NVR&comma; incluyendo modelos de <strong>HIKVISION<\/strong>&comma; <strong>epcom<\/strong>&comma; <strong>HiLook<\/strong>&comma; <strong>ONVIF<\/strong>&comma; <strong>Dahua<\/strong>&comma; <strong>Vivotek<\/strong> y <strong>Axis<\/strong>.<\/p>\n<\/p><\/div>\n<div style='flex: 1 1 300px;'> <img style='width: 100%; height: auto; border: 1px solid rgba(150&comma;150&comma;150&comma;0.3); border-radius: 8px;' src='https:\/\/ftp3.syscom.mx\/usuarios\/xguereque\/epcomcloud\/junio2024\/acordeon\/img2.jpg' alt='Almacenamiento seguro'> <\/div>\n<\/p><\/div>\n<\/p><\/div>\n<\/p><\/div>\n<p> <!-- Secci\u00f3n 3 --> <\/p>\n<div style='border: 1px solid rgba(150&comma;150&comma;150&comma;0.3); border-radius: 8px; overflow: hidden;'>\n<div style='background-color: #282739; color: white; padding: 15px; font-size: 16px; font-weight: bold;'>Monitoreo de video multi-sitio<\/div>\n<div style='padding: 15px;'>\n<div style='display: flex; flex-wrap: wrap; gap: 20px;'>\n<div style='flex: 1 1 300px;'>\n<h3 style='font-size: 20px; margin-top: 0; color: inherit;'>Monitoreo de video multi-sitio<\/h3>\n<p style='color: inherit;'>Mejora tu seguridad con una potente videovigilancia en la nube dise\u00f1ada para organizaciones con m\u00faltiples sitios.<\/p>\n<ul style='padding-left: 20px; color: inherit;'>\n<li style='margin-bottom: 5px;'>Sitios&comma; c\u00e1maras y usuarios ilimitados.<\/li>\n<li style='margin-bottom: 5px;'>Respaldo seguro en la nube fuera del sitio.<\/li>\n<li style='margin-bottom: 5px;'>Amplia compatibilidad con sistemas de seguridad existentes.<\/li>\n<li style='margin-bottom: 5px;'>Simple&comma; fiable y asequible.<\/li>\n<\/ul><\/div>\n<div style='flex: 1 1 300px;'> <img style='width: 100%; height: auto; border: 1px solid rgba(150&comma;150&comma;150&comma;0.3); border-radius: 8px;' src='https:\/\/ftp3.syscom.mx\/usuarios\/xguereque\/epcomcloud\/junio2024\/acordeon\/img3.jpg' alt='Monitoreo de video multi-sitio'> <\/div>\n<\/p><\/div>\n<\/p><\/div>\n<\/p><\/div>\n<p> <!-- Secci\u00f3n 4 --> <\/p>\n<div style='border: 1px solid rgba(150&comma;150&comma;150&comma;0.3); border-radius: 8px; overflow: hidden;'>\n<div style='background-color: #282739; color: white; padding: 15px; font-size: 16px; font-weight: bold;'>Planes de nube flexible<\/div>\n<div style='padding: 15px;'>\n<div style='display: flex; flex-wrap: wrap; gap: 20px;'>\n<div style='flex: 1 1 300px;'>\n<h3 style='font-size: 20px; margin-top: 0; color: inherit;'>Planes de nube flexibles<\/h3>\n<p style='color: inherit;'>Desbloquea el poder de la nube con planes flexibles.<\/p>\n<ul style='padding-left: 20px; color: inherit;'>\n<li style='margin-bottom: 5px;'><strong>Control Total<\/strong>: Decide qu\u00e9 c\u00e1maras grabar en la nube&comma; cu\u00e1nto tiempo guardar el video&comma; su modo de grabaci\u00f3n y resoluci\u00f3n.<\/li>\n<li style='margin-bottom: 5px;'><strong>Mejoras Continuas<\/strong>: Nos dedicamos a la mejora continua&comma; actualizando regularmente nuestro software con funciones innovadoras.<\/li>\n<li style='margin-bottom: 5px;'><strong>Precios Sencillos<\/strong>: Paga solo por las licencias de c\u00e1maras o grabadores que necesites. No se cobran usuarios adicionales.<\/li>\n<\/ul><\/div>\n<div style='flex: 1 1 300px;'> <img style='width: 100%; height: auto; border: 1px solid rgba(150&comma;150&comma;150&comma;0.3); border-radius: 8px;' src='https:\/\/ftp3.syscom.mx\/usuarios\/xguereque\/epcomcloud\/junio2024\/acordeon\/img4.jpg' alt='Planes de nube flexible'> <\/div>\n<\/p><\/div>\n<\/p><\/div>\n<\/p><\/div>\n<p> <!-- Secci\u00f3n 5 --> <\/p>\n<div style='border: 1px solid rgba(150&comma;150&comma;150&comma;0.3); border-radius: 8px; overflow: hidden;'>\n<div style='background-color: #282739; color: white; padding: 15px; font-size: 16px; font-weight: bold;'>Aplicaciones en diferentes industrias<\/div>\n<div style='padding: 15px;'>\n<div style='display: flex; flex-wrap: wrap; gap: 20px;'>\n<div style='flex: 1 1 300px;'>\n<h3 style='font-size: 20px; margin-top: 0; color: inherit;'>Aplicaciones en diferentes industrias<\/h3>\n<p style='color: inherit;'>Explora c\u00f3mo el VMS en la nube de EPCOM Cloud se aplica en diversas industrias y aplicaciones alrededor del mundo.<\/p>\n<ul style='padding-left: 20px; color: inherit;'>\n<li style='margin-bottom: 5px;'><strong>Educaci\u00f3n<\/strong>: Mejora la seguridad en el campus y monitorea la actividad en tiempo real. Responde r\u00e1pidamente a los eventos desde una plataforma f\u00e1cil de usar.<\/li>\n<li style='margin-bottom: 5px;'><strong>Retail<\/strong>: Protege tus tiendas y visualiza todas tus c\u00e1maras en un solo lugar&comma; utilizando la app o el visor web de EPCOM Cloud<\/li>\n<li style='margin-bottom: 5px;'><strong>Hospitalidad<\/strong>: Monitorea las c\u00e1maras de restaurantes en m\u00faltiples sitios desde un solo lugar y asegura que tus grabaciones siempre est\u00e9n disponibles cuando las necesites<\/li>\n<li style='margin-bottom: 5px;'><strong>Gesti\u00f3n de Residuos<\/strong>: Soluci\u00f3n de CCTV basada en la nube para empresas de gesti\u00f3n de residuos&comma; asegurando el cumplimiento de los requisitos de seguros.<\/li>\n<li style='margin-bottom: 5px;'><strong>Autoalmacenamiento<\/strong>: Perfecto para organizaciones de autoalmacenamiento&comma; EPCOM Cloud te permite monitorear tu negocio 24\/7.<\/li>\n<\/ul><\/div>\n<div style='flex: 1 1 300px;'> <img style='width: 100%; height: auto; border: 1px solid rgba(150&comma;150&comma;150&comma;0.3); border-radius: 8px;' src='https:\/\/ftp3.syscom.mx\/usuarios\/xguereque\/epcomcloud\/junio2024\/acordeon\/img5.jpg' alt='Aplicaciones en diferentes industrias'> <\/div>\n<\/p><\/div>\n<\/p><\/div>\n<\/p><\/div>\n<p> <!-- Secci\u00f3n 6 --> <\/p>\n<div style='border: 1px solid rgba(150&comma;150&comma;150&comma;0.3); border-radius: 8px; overflow: hidden;'>\n<div style='background-color: #282739; color: white; padding: 15px; font-size: 16px; font-weight: bold;'>Confiado por miles de organizaciones a nivel mundial<\/div>\n<div style='padding: 15px;'>\n<div style='display: flex; flex-wrap: wrap; gap: 20px;'>\n<div style='flex: 1 1 300px;'>\n<h3 style='font-size: 20px; margin-top: 0; color: inherit;'>Confiado por miles de organizaciones a nivel mundial<\/h3>\n<p style='color: inherit;'>EPCOM Cloud es una plataforma de videovigilancia en la nube rica en funciones.<\/p>\n<p style='color: inherit;'>Todas tus c\u00e1maras en un solo lugar: S\u00e9 los ojos y o\u00eddos de tu organizaci\u00f3n&comma; accediendo a todas tus c\u00e1maras desde una plataforma central.<\/p>\n<p style='color: inherit;'>Actualiza&comma; no reemplaces: Prep\u00e1rate para el futuro transformando tu sistema existente en un VMS basado en la nube sin el costo de reemplazar tu hardware.<\/p>\n<ul style='padding-left: 20px; color: inherit;'>\n<li style='margin-bottom: 5px;'><strong>Compatibilidad con Marcas<\/strong>: EPCOM Cloud ofrece una amplia compatibilidad con marcas existentes.<\/li>\n<li style='margin-bottom: 5px;'><strong>Permisos de Usuario<\/strong>: Proporciona acceso a un n\u00famero ilimitado de usuarios adicionales y elige sus niveles de permiso.<\/li>\n<li style='margin-bottom: 5px;'><strong>Protecci\u00f3n de Grabaciones<\/strong>: Protege contra fallos de grabadores&comma; da\u00f1os o robos&comma; con la tranquilidad de que tus grabaciones est\u00e1n respaldadas de manera segura en la nube.<\/li>\n<li style='margin-bottom: 5px;'><strong>Eficiencia en el Uso de Datos<\/strong>: La videovigilancia en la nube de EPCOM Cloud no necesita ser intensiva en datos. Ha sido optimizada para redes del mundo real&comma; usando la menor cantidad de ancho de banda posible.<\/li>\n<li style='margin-bottom: 5px;'><strong>Acceso Instant\u00e1neo<\/strong>: Accede a tus c\u00e1maras en cualquier momento y desde cualquier lugar con la app m\u00f3vil de EPCOM Cloud y el VMS basado en web&comma; o ve las transmisiones en vivo en un monitor local.<\/li>\n<\/ul><\/div>\n<div style='flex: 1 1 300px;'> <img style='width: 100%; height: auto; border: 1px solid rgba(150&comma;150&comma;150&comma;0.3); border-radius: 8px;' src='https:\/\/ftp3.syscom.mx\/usuarios\/xguereque\/epcomcloud\/junio2024\/acordeon\/img6.jpg' alt='Confiado por miles de organizaciones a nivel mundial'> <\/div>\n<\/p><\/div>\n<\/p><\/div>\n<\/p><\/div>\n<\/p><\/div>\n<p> <!-- Especificaciones --> <\/p>\n<div style='display: flex; flex-direction: column; gap: 20px; margin-bottom: 30px;'>\n<div style='border: 1px solid rgba(150&comma;150&comma;150&comma;0.3); border-radius: 8px; overflow: hidden;'>\n<div style='background-color: #282739; color: white; padding: 15px; font-size: 16px; font-weight: bold;'>Caracter\u00edsticas<\/div>\n<div style='padding: 15px; color: inherit;'>\n<ul style='padding-left: 20px; color: inherit;'>\n<li style='margin-bottom: 10px;'><strong>Calidad de video<\/strong>\n<ul style='margin-left: 20px; margin-top: 5px; color: inherit;'>\n<li style='margin-bottom: 5px;'>Flujo secundario utilizado para visualizar en directo y grabar en la nube.<\/li>\n<li style='margin-bottom: 5px;'>Flujo principal no se modifica y est\u00e1 reservado para NVR\/DVR locales&comma; si corresponde.<\/li>\n<li style='margin-bottom: 5px;'>Flujo secundario utilizado para visualizar en directo (definici\u00f3n est\u00e1ndar).<\/li>\n<li style='margin-bottom: 5px;'>Flujo principal utilizado para la grabaci\u00f3n en la nube a <strong>2MP a m\u00e1ximo 10 IPS y 600 bitrate<\/strong>. <em>(esto anular\u00e1 la configuraci\u00f3n principal en el NVR\/DVR&comma; si corresponde)<\/em><\/li>\n<\/ul>\n<\/li>\n<li style='margin-bottom: 10px;'><strong>Grabaci\u00f3n por detecci\u00f3n de movimiento<\/strong><\/li>\n<li style='margin-bottom: 10px;'>Notificaciones por correo electr\u00f3nico y pop-up<\/li>\n<li style='margin-bottom: 10px;'>App m\u00f3vil e interfaz web (<a style='color: inherit; text-decoration: underline;' href='https:\/\/cloud.epcom.net' target='_blank' rel='noopener'>https:\/\/cloud.epcom.net<\/a>)<\/li>\n<li style='margin-bottom: 10px;'>Descargar&comma; eliminar y compartir clips de video.<\/li>\n<li style='margin-bottom: 10px;'>Configuraci\u00f3n f\u00e1cil y remota.<\/li>\n<li style='margin-bottom: 10px;'>Logotipo personalizable.<\/li>\n<li style='margin-bottom: 10px;'>Gesti\u00f3n y uso compartido con usuarios.<\/li>\n<\/ul><\/div>\n<\/p><\/div>\n<div style='border: 1px solid rgba(150&comma;150&comma;150&comma;0.3); border-radius: 8px; overflow: hidden;'>\n<div style='background-color: #282739; color: white; padding: 15px; font-size: 16px; font-weight: bold;'>Notas<\/div>\n<div style='padding: 15px;'>\n<ul style='padding-left: 20px; color: inherit;'>\n<li style='margin-bottom: 10px; color: #ff4444;'>Para un correcto desempe\u00f1o deber\u00e1 <strong>desactivar<\/strong> la encriptaci\u00f3n\/codificaci\u00f3n de imagen en Hik-Connect<\/li>\n<li style='margin-bottom: 10px; color: #ff4444;'><strong>No<\/strong> es posible combinar licencias de diferentes d\u00edas de retenci\u00f3n.<\/li>\n<li style='margin-bottom: 10px; color: #ff4444;'><strong>Ancho de banda m\u00ednimo requerido por canal de video: 600 kbps<\/strong><\/li>\n<li style='margin-bottom: 10px; color: #ff4444;'>Cotice un adaptador modelo <a style='color: #ff4444; text-decoration: underline;' href='https:\/\/www.syscom.mx\/producto\/ADAPTERCLOUD-16-EPCOM-220835.html' target='_blank' rel='noopener'>ADAPTERCLOUD16<\/a> cada 16 canales de video<\/li>\n<\/ul><\/div>\n<\/p><\/div>\n<div style='border: 1px solid rgba(150&comma;150&comma;150&comma;0.3); border-radius: 8px; overflow: hidden;'>\n<div style='background-color: #282739; color: white; padding: 15px; font-size: 16px; font-weight: bold;'>\u00bfC\u00f3mo ver un demo en vivo?<\/div>\n<div style='padding: 15px;'>\n<ul style='padding-left: 20px; color: inherit;'>\n<li style='margin-bottom: 10px;'><strong>Desde su aplicaci\u00f3n m\u00f3vil:<\/strong>\n<ul style='margin-left: 20px; margin-top: 5px; color: inherit;'>\n<li style='margin-bottom: 5px;'>Descargar la app <strong>Epcom Cloud<\/strong> en App Store o Play Store<\/li>\n<li style='margin-bottom: 5px;'>Dar clic en el bot\u00f3n <strong>Ver Demo<\/strong><\/li>\n<\/ul>\n<\/li>\n<li style='margin-bottom: 10px;'><strong>Desde su interfaz web:<\/strong>\n<ul style='margin-left: 20px; margin-top: 5px; color: inherit;'>\n<li>Entrar a la p\u00e1gina <a style='color: inherit; text-decoration: underline;' href='https:\/\/cloud.epcom.net\/demo' target='_blank' rel='noopener'><strong>https:\/\/cloud.epcom.net\/demo<\/strong><\/a><\/li>\n<\/ul>\n<\/li>\n<\/ul><\/div>\n<\/p><\/div>\n<\/p><\/div>\n<p> <!-- Im\u00e1genes App --> <\/p>\n<div style='display: grid; grid-template-columns: repeat(auto-fill&comma; minmax(180px&comma; 1fr)); gap: 15px; margin-bottom: 30px;'> <img style='width: 100%; height: auto; border: 1px solid rgba(150&comma;150&comma;150&comma;0.3); border-radius: 8px;' src='https:\/\/ftp3.syscom.mx\/usuarios\/xguereque\/epcomcloud\/junio2024\/app\/img1.jpeg' alt='Captura de pantalla App 1'> <img style='width: 100%; height: auto; border: 1px solid rgba(150&comma;150&comma;150&comma;0.3); border-radius: 8px;' src='https:\/\/ftp3.syscom.mx\/usuarios\/xguereque\/epcomcloud\/junio2024\/app\/img2.jpeg' alt='Captura de pantalla App 2'> <img style='width: 100%; height: auto; border: 1px solid rgba(150&comma;150&comma;150&comma;0.3); border-radius: 8px;' src='https:\/\/ftp3.syscom.mx\/usuarios\/xguereque\/epcomcloud\/junio2024\/app\/img3.jpeg' alt='Captura de pantalla App 3'> <img style='width: 100%; height: auto; border: 1px solid rgba(150&comma;150&comma;150&comma;0.3); border-radius: 8px;' src='https:\/\/ftp3.syscom.mx\/usuarios\/xguereque\/epcomcloud\/junio2024\/app\/img4.jpeg' alt='Captura de pantalla App 4'> <img style='width: 100%; height: auto; border: 1px solid rgba(150&comma;150&comma;150&comma;0.3); border-radius: 8px;' src='https:\/\/ftp3.syscom.mx\/usuarios\/xguereque\/epcomcloud\/junio2024\/app\/img5.jpeg' alt='Captura de pantalla App 5'> <img style='width: 100%; height: auto; border: 1px solid rgba(150&comma;150&comma;150&comma;0.3); border-radius: 8px;' src='https:\/\/ftp3.syscom.mx\/usuarios\/xguereque\/epcomcloud\/junio2024\/app\/img6.jpeg' alt='Captura de pantalla App 6'> <img style='width: 100%; height: auto; border: 1px solid rgba(150&comma;150&comma;150&comma;0.3); border-radius: 8px;' src='https:\/\/ftp3.syscom.mx\/usuarios\/xguereque\/epcomcloud\/junio2024\/app\/img7.jpeg' alt='Captura de pantalla App 7'> <img style='width: 100%; height: auto; border: 1px solid rgba(150&comma;150&comma;150&comma;0.3); border-radius: 8px;' src='https:\/\/ftp3.syscom.mx\/usuarios\/xguereque\/epcomcloud\/junio2024\/app\/img8.jpeg' alt='Captura de pantalla App 8'> <\/div>\n<p> <!-- Im\u00e1genes Web --> <\/p>\n<div style='display: grid; grid-template-columns: repeat(auto-fill&comma; minmax(300px&comma; 1fr)); gap: 15px; margin-bottom: 30px;'> <img style='width: 100%; height: auto; border: 1px solid rgba(150&comma;150&comma;150&comma;0.3); border-radius: 8px;' src='https:\/\/ftp3.syscom.mx\/usuarios\/xguereque\/epcomcloud\/junio2024\/web\/img1.png' alt='Interfaz web 1'> <img style='width: 100%; height: auto; border: 1px solid rgba(150&comma;150&comma;150&comma;0.3); border-radius: 8px;' src='https:\/\/ftp3.syscom.mx\/usuarios\/xguereque\/epcomcloud\/junio2024\/web\/img2.png' alt='Interfaz web 2'> <img style='width: 100%; height: auto; border: 1px solid rgba(150&comma;150&comma;150&comma;0.3); border-radius: 8px;' src='https:\/\/ftp3.syscom.mx\/usuarios\/xguereque\/epcomcloud\/junio2024\/web\/img3.png' alt='Interfaz web 3'> <img style='width: 100%; height: auto; border: 1px solid rgba(150&comma;150&comma;150&comma;0.3); border-radius: 8px;' src='https:\/\/ftp3.syscom.mx\/usuarios\/xguereque\/epcomcloud\/junio2024\/web\/img4.png' alt='Interfaz web 4'> <img style='width: 100%; height: auto; border: 1px solid rgba(150&comma;150&comma;150&comma;0.3); border-radius: 8px;' src='https:\/\/ftp3.syscom.mx\/usuarios\/xguereque\/epcomcloud\/junio2024\/web\/img5.png' alt='Interfaz web 5'> <img style='width: 100%; height: auto; border: 1px solid rgba(150&comma;150&comma;150&comma;0.3); border-radius: 8px;' src='https:\/\/ftp3.syscom.mx\/usuarios\/xguereque\/epcomcloud\/junio2024\/web\/img6.png' alt='Interfaz web 6'> <img style='width: 100%; height: auto; border: 1px solid rgba(150&comma;150&comma;150&comma;0.3); border-radius: 8px;' src='https:\/\/ftp3.syscom.mx\/usuarios\/xguereque\/epcomcloud\/junio2024\/web\/img7.png' alt='Interfaz web 7'> <img style='width: 100%; height: auto; border: 1px solid rgba(150&comma;150&comma;150&comma;0.3); border-radius: 8px;' src='https:\/\/ftp3.syscom.mx\/usuarios\/xguereque\/epcomcloud\/junio2024\/web\/img8.png' alt='Interfaz web 8'> <\/div>\n<p> <!-- Videos --> <\/p>\n<div style='display: flex; flex-wrap: wrap; gap: 20px; margin-bottom: 30px;'>\n<div style='flex: 1 1 300px; min-width: 280px; position: relative; padding-bottom: 56.25%; height: 0; overflow: hidden;'>   <\/div>\n<div style='flex: 1 1 300px; min-width: 280px; position: relative; padding-bottom: 56.25%; height: 0; overflow: hidden;'>   <\/div>\n<\/p><\/div>\n<\/p><\/div>\n","protected":false},"excerpt":{"rendered":"<p>Suscripci\u00f3n Anual Epcom Cloud \/ Grabaci\u00f3n en la nube para 1 canal de video a 2MP con 60 d\u00edas de retenci\u00f3n \/ Grabaci\u00f3n por detecci\u00f3n de movimiento<\/p>\n","protected":false},"featured_media":109696,"comment_status":"open","ping_status":"closed","template":"","meta":[],"product_brand":[],"product_cat":[2296],"product_tag":[935,2297,2263],"class_list":{"0":"post-109697","1":"product","2":"type-product","3":"status-publish","4":"has-post-thumbnail","6":"product_cat-epcom-cloud","7":"product_tag-epcom","8":"product_tag-epcom-cloud","9":"product_tag-software-vms-y-analiticas","11":"first","12":"instock","13":"sale","14":"shipping-taxable","15":"purchasable","16":"product-type-simple"},"_links":{"self":[{"href":"https:\/\/soydeaqui.ddns.net\/pachuca\/index.php\/wp-json\/wp\/v2\/product\/109697","targetHints":{"allow":["GET"]}}],"collection":[{"href":"https:\/\/soydeaqui.ddns.net\/pachuca\/index.php\/wp-json\/wp\/v2\/product"}],"about":[{"href":"https:\/\/soydeaqui.ddns.net\/pachuca\/index.php\/wp-json\/wp\/v2\/types\/product"}],"replies":[{"embeddable":true,"href":"https:\/\/soydeaqui.ddns.net\/pachuca\/index.php\/wp-json\/wp\/v2\/comments?post=109697"}],"wp:featuredmedia":[{"embeddable":true,"href":"https:\/\/soydeaqui.ddns.net\/pachuca\/index.php\/wp-json\/wp\/v2\/media\/109696"}],"wp:attachment":[{"href":"https:\/\/soydeaqui.ddns.net\/pachuca\/index.php\/wp-json\/wp\/v2\/media?parent=109697"}],"wp:term":[{"taxonomy":"product_brand","embeddable":true,"href":"https:\/\/soydeaqui.ddns.net\/pachuca\/index.php\/wp-json\/wp\/v2\/product_brand?post=109697"},{"taxonomy":"product_cat","embeddable":true,"href":"https:\/\/soydeaqui.ddns.net\/pachuca\/index.php\/wp-json\/wp\/v2\/product_cat?post=109697"},{"taxonomy":"product_tag","embeddable":true,"href":"https:\/\/soydeaqui.ddns.net\/pachuca\/index.php\/wp-json\/wp\/v2\/product_tag?post=109697"}],"curies":[{"name":"wp","href":"https:\/\/api.w.org\/{rel}","templated":true}]}}