{"id":109679,"date":"2026-03-20T19:10:48","date_gmt":"2026-03-20T19:10:48","guid":{"rendered":"https:\/\/soydeaqui.ddns.net\/pachuca\/index.php\/producto\/kit-de-transceptores-de-video-de-largo-alcance-320-metros-resolucion-720p-y-1080p-cat-5e-6-compatible-con-camaras-hd-tvi-cvi-ahd-cvbs-alimente-solo-el-receptor-proteccion-interconstruida-c\/"},"modified":"2026-03-20T19:10:58","modified_gmt":"2026-03-20T19:10:58","slug":"kit-de-transceptores-de-video-de-largo-alcance-320-metros-resolucion-720p-y-1080p-cat-5e-6-compatible-con-camaras-hd-tvi-cvi-ahd-cvbs-alimente-solo-el-receptor-proteccion-interconstruida-c","status":"publish","type":"product","link":"https:\/\/soydeaqui.ddns.net\/pachuca\/index.php\/producto\/kit-de-transceptores-de-video-de-largo-alcance-320-metros-resolucion-720p-y-1080p-cat-5e-6-compatible-con-camaras-hd-tvi-cvi-ahd-cvbs-alimente-solo-el-receptor-proteccion-interconstruida-c\/","title":{"rendered":"Kit de TRANSCEPTORES DE VIDEO DE LARGO ALCANCE \/ 320 Metros \/ Resoluci\u00f3n 720P y 1080P \/ Cat 5e\/6 \/ Compatible con c\u00e1maras HD-TVI\/CVI\/AHD\/CVBS \/ Alimente solo el Receptor \/ Protecci\u00f3n Interconstruida contra sobretensi\u00f3n."},"content":{"rendered":"<div style='width: 100%; max-width: 1200px; margin: 0 auto; font-family: sans-serif; line-height: 1.6; color: inherit; background-color: transparent;'>\n<div style='display: flex; flex-direction: column; align-items: center; text-align: center; margin-bottom: 30px;'>\n<h1 style='font-size: 28px; color: inherit; margin: 0;'><strong>KIT4501AP<\/strong><\/h1>\n<h3 style='font-size: 20px; color: inherit; margin: 10px 0;'>Kit de largo alcance de 320 metros TVI compuesto por TT4501T + TT101FTURBO<\/h3>\n<p style='margin: 10px 70px 50px 10px; color: inherit;'>&#8230;&#8230;..<\/p>\n<\/p><\/div>\n<div style='display: flex; flex-wrap: wrap; gap: 30px;'>\n<div style='flex: 1 1 300px; min-width: 280px;'> <img style='width: 100%; height: auto; border: 1px solid rgba(150&comma;150&comma;150&comma;0.3); border-radius: 8px;' src='http:\/\/ftp3.syscom.mx\/usuarios\/hallende\/FolkTitanium\/KIT4501AP\/KIT4501AP-1.png' alt=''> <\/p>\n<div style='margin-top: 15px; padding: 15px; border: 1px solid rgba(150&comma; 150&comma; 150&comma; 0.3); border-radius: 8px;'>\n<h3 style='font-size: 22px; border-bottom: 2px solid currentColor; padding-bottom: 5px; margin-top: 0; color: inherit; opacity: 0.8;'>Caracter\u00edsticas Principales:<\/h3>\n<ul style='padding-left: 20px; font-size: 15px; color: inherit;'>\n<li style='margin-bottom: 5px;'>Transmisor de video activo TURBOHD y Receptor de video pasivo (incluye un par)<\/li>\n<li style='margin-bottom: 5px;'>Transmisi\u00f3n en tiempo real por cable UTP cat 5e\/6<\/li>\n<li style='margin-bottom: 5px;'>Formatos de video compatibles NTSC&comma; PAL&comma; SECAM<\/li>\n<li style='margin-bottom: 5px;'>Compatible con c\u00e1maras anal\u00f3gicas HD-TVI (TurboHD)&comma; CVI&comma; AHD y CVBS<\/li>\n<li style='margin-bottom: 5px;'>Conectores macho en BNC<\/li>\n<li style='margin-bottom: 5px;'>Terminales tipo pin para cable UTP<\/li>\n<\/ul><\/div>\n<\/p><\/div>\n<div style='flex: 1 1 300px; min-width: 280px;'> <img style='width: 100%; height: auto; border: 1px solid rgba(150&comma;150&comma;150&comma;0.3); border-radius: 8px;' src='http:\/\/ftp3.syscom.mx\/usuarios\/hallende\/FolkTitanium\/KIT4501AP\/KIT4501AP-2.png' alt='...'> <\/p>\n<div style='margin-top: 15px; padding: 15px; border: 1px solid rgba(150&comma; 150&comma; 150&comma; 0.3); border-radius: 8px;'>\n<h3 style='font-size: 22px; border-bottom: 2px solid currentColor; padding-bottom: 5px; margin-top: 0; color: inherit; opacity: 0.8;'>Caracter\u00edsticas F\u00edsicas y El\u00e9ctricas:<\/h3>\n<ul style='padding-left: 20px; font-size: 15px; color: inherit;'>\n<li style='margin-bottom: 5px;'>Alimentaci\u00f3n del receptor en 12 Vcc<\/li>\n<li style='margin-bottom: 5px;'>Impedancia 75 ohms<\/li>\n<li style='margin-bottom: 5px;'>Color: Negro<\/li>\n<li style='margin-bottom: 5px;'>Temperatura de operaci\u00f3n: -5\u00b0C a 45\u00b0C<\/li>\n<li style='margin-bottom: 5px;'>Dimensiones (L x W x H): 60 x 30 x 24.5 mm (Transmisor)<\/li>\n<li style='margin-bottom: 5px;'>Peso: 50 gramos (Transmisor)<\/li>\n<li style='margin-bottom: 5px;'>Dimensiones (L x W x H): 35.1 x 16.7 x 18.7 mm (Receptor)<\/li>\n<li style='margin-bottom: 5px;'>Peso: 40 gramos (Receptor)<\/li>\n<\/ul><\/div>\n<\/p><\/div>\n<div style='flex: 1 1 300px; min-width: 280px;'> <img style='width: 100%; height: auto; border: 1px solid rgba(150&comma;150&comma;150&comma;0.3); border-radius: 8px;' src='http:\/\/ftp3.syscom.mx\/usuarios\/hallende\/FolkTitanium\/KIT4501AP\/KIT4501AP-3.png' alt='...'> <\/p>\n<div style='margin-top: 15px; padding: 15px; border: 1px solid rgba(150&comma; 150&comma; 150&comma; 0.3); border-radius: 8px;'>\n<h3 style='font-size: 22px; border-bottom: 2px solid currentColor; padding-bottom: 5px; margin-top: 0; color: inherit; opacity: 0.8;'>Caracter\u00edsticas Destacadas:<\/h3>\n<ul style='padding-left: 20px; font-size: 15px; color: inherit;'>\n<li style='margin-bottom: 5px;'>Protecci\u00f3n interconstruida contra sobretensi\u00f3n<\/li>\n<li style='margin-bottom: 5px;'>Dise\u00f1o de filtro de onda anti-est\u00e1tico<\/li>\n<li style='margin-bottom: 5px;'>Inmunidad al ruido de 60 dB<\/li>\n<li style='margin-bottom: 5px;'>Carcasa de pl\u00e1stico de ingenier\u00eda ABS<\/li>\n<li style='margin-bottom: 5px;'>Se recomienda el uso del TT4501R con cableado de par trenzado sin blindaje (UTP) de 24AWG a 22AWG<\/li>\n<li style='margin-bottom: 5px;'>*El receptor contiene un par&comma; esto para que use el que m\u00e1s se adecua a su instalaci\u00f3n<\/li>\n<li style='margin-bottom: 5px;'>*No soporta coaxitron<\/li>\n<\/ul><\/div>\n<\/p><\/div>\n<\/p><\/div>\n<div style='margin-top: 30px;'> <img style='width: 100%; height: auto; border: 1px solid rgba(150&comma;150&comma;150&comma;0.3); border-radius: 8px;' src='http:\/\/ftp3.syscom.mx\/usuarios\/maguilar\/EpcomTitanium\/DISTANCIA-DE-TRANSCEPTORES-ES.jpg' alt=''> <\/div>\n<\/p><\/div>\n","protected":false},"excerpt":{"rendered":"<p>Kit de TRANSCEPTORES DE VIDEO DE LARGO ALCANCE \/ 320 Metros \/ Resoluci\u00f3n 720P y 1080P \/ Cat 5e\/6 \/ Compatible con c\u00e1maras HD-TVI\/CVI\/AHD\/CVBS \/ Alimente solo el Receptor \/ Protecci\u00f3n Interconstruida contra sobretensi\u00f3n.<\/p>\n","protected":false},"featured_media":109678,"comment_status":"open","ping_status":"closed","template":"","meta":[],"product_brand":[],"product_cat":[2327],"product_tag":[417,507,2328],"class_list":{"0":"post-109679","1":"product","2":"type-product","3":"status-publish","4":"has-post-thumbnail","6":"product_cat-transceptores-de-video","7":"product_tag-accesorios-generales","8":"product_tag-epcom-titanium","9":"product_tag-transceptores-de-video","11":"first","12":"instock","13":"sale","14":"shipping-taxable","15":"purchasable","16":"product-type-simple"},"_links":{"self":[{"href":"https:\/\/soydeaqui.ddns.net\/pachuca\/index.php\/wp-json\/wp\/v2\/product\/109679","targetHints":{"allow":["GET"]}}],"collection":[{"href":"https:\/\/soydeaqui.ddns.net\/pachuca\/index.php\/wp-json\/wp\/v2\/product"}],"about":[{"href":"https:\/\/soydeaqui.ddns.net\/pachuca\/index.php\/wp-json\/wp\/v2\/types\/product"}],"replies":[{"embeddable":true,"href":"https:\/\/soydeaqui.ddns.net\/pachuca\/index.php\/wp-json\/wp\/v2\/comments?post=109679"}],"wp:featuredmedia":[{"embeddable":true,"href":"https:\/\/soydeaqui.ddns.net\/pachuca\/index.php\/wp-json\/wp\/v2\/media\/109678"}],"wp:attachment":[{"href":"https:\/\/soydeaqui.ddns.net\/pachuca\/index.php\/wp-json\/wp\/v2\/media?parent=109679"}],"wp:term":[{"taxonomy":"product_brand","embeddable":true,"href":"https:\/\/soydeaqui.ddns.net\/pachuca\/index.php\/wp-json\/wp\/v2\/product_brand?post=109679"},{"taxonomy":"product_cat","embeddable":true,"href":"https:\/\/soydeaqui.ddns.net\/pachuca\/index.php\/wp-json\/wp\/v2\/product_cat?post=109679"},{"taxonomy":"product_tag","embeddable":true,"href":"https:\/\/soydeaqui.ddns.net\/pachuca\/index.php\/wp-json\/wp\/v2\/product_tag?post=109679"}],"curies":[{"name":"wp","href":"https:\/\/api.w.org\/{rel}","templated":true}]}}