{"id":109670,"date":"2026-03-20T19:10:19","date_gmt":"2026-03-20T19:10:19","guid":{"rendered":"https:\/\/soydeaqui.ddns.net\/pachuca\/index.php\/producto\/switch-cnmatrix-ex2010-p-capa-3-de-10-puertos8-poe-gigabit-802-3af-at-2-sfp-1-consola-1-mngmt-1-usb-administracion-desde-la-nube-mx-ex2010pxa-u\/"},"modified":"2026-03-20T19:10:30","modified_gmt":"2026-03-20T19:10:30","slug":"switch-cnmatrix-ex2010-p-capa-3-de-10-puertos8-poe-gigabit-802-3af-at-2-sfp-1-consola-1-mngmt-1-usb-administracion-desde-la-nube-mx-ex2010pxa-u","status":"publish","type":"product","link":"https:\/\/soydeaqui.ddns.net\/pachuca\/index.php\/producto\/switch-cnmatrix-ex2010-p-capa-3-de-10-puertos8-poe-gigabit-802-3af-at-2-sfp-1-consola-1-mngmt-1-usb-administracion-desde-la-nube-mx-ex2010pxa-u\/","title":{"rendered":"Switch cnMatrix EX2010-P capa 3 de 10 puertos(8 PoE Gigabit 802.3af\/at, 2 SFP, 1 consola, 1 MNGMT, 1 USB)  administraci\u00f3n desde la Nube (MX-EX2010PXA-U)"},"content":{"rendered":"<div style='width: 100%; max-width: 1200px; margin: 0 auto; font-family: sans-serif; line-height: 1.6; color: inherit; background-color: transparent;'>\n<div style='width: 100%; text-align: center; margin: 30px 0;'> <img style='width: 100%; max-width: 300px; height: auto; border: 1px solid rgba(150&comma;150&comma;150&comma;0.3); border-radius: 8px;' src='http:\/\/ftp3.syscom.mx\/usuarios\/hortega\/Cambium\/cambium-networks-logo.png' alt='Logo Cambium Networks'> <\/div>\n<div style='margin: 30px 0;'>\n<h3 style='font-size: 22px; border-bottom: 2px solid currentColor; padding-bottom: 5px; margin-top: 0; color: inherit; opacity: 0.8; text-align: center;'> Mejore el rendimiento de la red&comma; reduzca tiempo y costo de gesti\u00f3n&comma; administraci\u00f3n y aprovisionamiento&comma; haciendo m\u00e1s \u00e1gil la implementaci\u00f3n. <\/h3>\n<\/p><\/div>\n<div style='margin: 30px 0;'> <img style='width: 100%; height: auto; border: 1px solid rgba(150&comma;150&comma;150&comma;0.3); border-radius: 8px;' src='https:\/\/ftp3.syscom.mx\/usuarios\/dquezada\/Cambium\/cnMatrix\/switches%20cnmatrix.JPG' alt=''> <\/div>\n<div style='margin: 30px 0; font-size: 15px; text-align: center;'> Los Switchs cnMatrix simplifican la implementaci\u00f3n y operaci\u00f3n de la red. Cuando se implementan con puntos de acceso WLAN cnPilot y el sistema de administraci\u00f3n cnMaestro Essentials o cnMaestro X&comma; los operadores de red tienen una red unificada de alta calidad con cable&comma; inal\u00e1mbrica&comma; y de alta calidad. CnMatrix de Cambium Networks mejora el rendimiento&comma; la seguridad y la satisfacci\u00f3n del usuario final al tiempo que reduce los costos. <\/div>\n<div style='display: flex; flex-wrap: wrap; gap: 30px; margin: 40px 0;'>\n<div style='flex: 1 1 300px; min-width: 280px;'> <img style='width: 100%; height: auto; border: 1px solid rgba(150&comma;150&comma;150&comma;0.3); border-radius: 8px;' src='data:image\/png;base64&comma;iVBORw0KGgoAAAANSUhEUgAAACoAAAA4CAYAAACL3WrLAAACNUlEQVRoBe2ZO0sDQRSF80v8A9rYqYUINooWVmvAIk1ABCHGRkHQoEUiSEStfEB8EoiFiIiIloGICNoEC7WQiIqFIoIBi4yckVl2kzXcWfdhwlwYJoGTvd+end0kcwKsRipQI5xMgTp9pWrb0fePIptfP2XayApr6Bj3ZKAXeqK3VVU4mr95ZG3BWU\/grExo6o0xMJRXBWhXeIFDNvbEWOboguUu7zwZ6NXan+C9AVvurAkUYpwlIAtPr+Un5fp7wKE3GNZ2s6Z+JtDY0gEXYfarkqkTzhCe2DQhmEC1yDIXQWynbu9fWDSeYcPTaXZ1XbBzCL7M4ChYjOUoaHd4kZ8oGrVoCWMf8mvcE66Cfha\/dEg0wnh4fiMDCqHroGg0OLmtwwajq6K31OwJKIjSh+dsa\/+MlUolKUAh9gxUNLQ71xdo+8AcX2OhsRTb2Mv5MsSzHCzGMj2emvtm9JtB3Ll+zfgaNZYlaGcoyYamdnwZWuTnFxtMM5YJ9K\/fTMYD231dXzeTclRiHahLL2EWSaocJdkkIVKOSphFkipHSTZJiJSjEmaRpMpRkk0SIuWohFkkqXKUZJOESDkqYRZJSnJUbUDYSFbUBgRpARJEpDWq\/tcTnBQSkqNiy+8\/xDdVUxERiFklZ+KM3ZwRiIl4s2ogBggR8+EDx9l8RdTnBigA0csYb1aNGAGBwFTEfH5s4qI3KbQFLHLQ0XhGd9cLYACi528ZrGkj143L6tQxFahTTorjfAOxp66hWsdfuAAAAABJRU5ErkJggg==' alt=''> <\/p>\n<h3 style='font-size: 18px; border-bottom: 2px solid currentColor; padding-bottom: 5px; margin-top: 15px; margin-bottom: 10px; color: inherit; opacity: 0.8; text-align: center;'>AUTOMATIZACI\u00d3N BASADA EN POL\u00cdTICAS<\/h3>\n<p style='font-size: 14px; color: inherit;'> Capacidad para perfilar dispositivos y configurar autom\u00e1ticamente el switch proporcionando una experiencia de zero-touch incluso al implementar&comma; desconectar o mover dispositivos de red <\/p>\n<\/p><\/div>\n<div style='flex: 1 1 300px; min-width: 280px;'> <img style='width: 100%; height: auto; border: 1px solid rgba(150&comma;150&comma;150&comma;0.3); border-radius: 8px;' src='data:image\/png;base64&comma;iVBORw0KGgoAAAANSUhEUgAAADQAAAA2CAYAAACIsLrgAAACK0lEQVRoBe2aMUsDMRTH\/SR+AR1c3RwEBR2c6irYxUnRRVCw4mAna9FFEYqCSzsoVFDpIljoIihCBxF1ENRJEAfHJ\/\/THGlykeOaa0J9gcflzrs0v\/d\/Lznb10Nd1nq6jIf+D9Dz6zutblcpM7dLvUOLXthotkgL+QphbqYWqVDz\/oX6x3NeQEQ5E3Mrn15FMmlAH59fIczgZD54sHH9QD7Y2WWTRqaLgaMBFaWUBrRRqgUPAAZwPjYBlduqatPTgDKzOwHQXqWu3ezLBSiFUMRc1WYEQoj52jA3kVvqHBlI9YiLcysKLW8ek0uTHWcNSMRtp48zKocwTbCFiDm0\/IFIf\/URq5y6KEAdDFIo1Tpq+MzUgVSvpHW+f9QInMhAsofjhJx8f5p9VijpopCmKvLYrBAr9LsPyWEh+ndPb9SOiXHko9OQk19HxC4e93hycStzhH3nQAMTa5TEvAQK3Wqx41QhixzhUAzEy\/Yfy3YYJxY7HHI2Qw770PBUIZF5uWx35cYKqKQWlXqcQzZzKMrD7V5jhVgh3ljbyyLOoaQ5BM91ylL\/Kjjuv9U270vtq2AM7MrkbJRfs+Tr6PMveKpHXJyzQkhoU6WGC0XUzxQ\/66NeQW1aDqGYAUCoq\/G1ifqj+fWyNkUNCOUmfWM\/dT6AOq83vakoadw8thRTxSqNATLCTUDZ3E9sjmVKCU0hoSHoIalPYJhLdumAUCqmakYg0wO+X2cg3xX6BlUOJs9e2Lv4AAAAAElFTkSuQmCC' alt=''> <\/p>\n<h3 style='font-size: 18px; border-bottom: 2px solid currentColor; padding-bottom: 5px; margin-top: 15px; margin-bottom: 10px; color: inherit; opacity: 0.8; text-align: center;'>SEGMENTACI\u00d3N AUTOM\u00c1TICA DE DISPOSITIVOS<\/h3>\n<p style='font-size: 14px; color: inherit;'> Proporciona un entorno seguro para los recursos cr\u00edticos de la red al colocar autom\u00e1ticamente los dispositivos en el segmento de red apropiado seg\u00fan su perfil <\/p>\n<\/p><\/div>\n<div style='flex: 1 1 300px; min-width: 280px;'> <img style='width: 100%; height: auto; border: 1px solid rgba(150&comma;150&comma;150&comma;0.3); border-radius: 8px;' src='data:image\/png;base64&comma;iVBORw0KGgoAAAANSUhEUgAAADcAAAAxCAYAAAB+gjFbAAADS0lEQVRoBe2av4pTQRTG90l8AX0BrSwCClqv9q61EhtBi1i5NopoowiaLTelhSvaubCNYppgYbRZWFMJEmSxGvkNfMv15sydG5JzSfAeGGbu\/Dvfd86ZmTCTjdCQjL4ehXtPX4fNm89jokydp2x4Tq65Xwz2w6nzt81Em5e4kzv4\/C2SOn2pFx6+fBf4JlGmDtJ8e4g7ubNXtiOBvQ+jGfy7bz7GtnNXH8y0LaPCldyv6XEEj3dSonBNtS9S70qODSMHXu0em4srOawu8HixLHU8Wx4zz7c7ua07O5EgW39Zuvd3Yxu5h7iTwzvaFdk4bm0PYqKMV2mzvLoMsu7kAMl6unDt8UmIKlSp81hrMkwj5KSM84xDm+R1tkkXeaPkioqbKLfkmrCyh47Wcx5WbWLORj33+\/hPGH45jImyt7ROTmdcS25B17aeW9CAJ8MJxZUNy263GzqdzkoksORkrrD8L8j1+\/2c0cz2ZYTlcDiOkePmuZac4bvWc4ZRilVuYTkej2Pkx8fHov7aZTy36M+v6XQaMYAlJ3PtlrnJVq29JbdqHqmLp\/VcXUutWr\/anuN+cbD3KTx69T683R+Fwx8\/5+aCdB7jSQfD73OPRye6GQ+W3J1nlhy3wVyF69e88jOXe8F6lrIQA+Li1uylLXQ5g5uO5C53SL1zKQg2Ii1uzlKUeB4BqPp670Cn9ysGWurHOktNdP9femrGOpZzrYJy50T8B99Z2j+QKzIgAAAABJRU5ErkJggg==' alt=''> <\/p>\n<h3 style='font-size: 18px; border-bottom: 2px solid currentColor; padding-bottom: 5px; margin-top: 15px; margin-bottom: 10px; color: inherit; opacity: 0.8; text-align: center;'>AUTO POLICY Wipe<\/h3>\n<p style='font-size: 14px; color: inherit;'> Mejora la seguridad al eliminar autom\u00e1ticamente toda la configuraci\u00f3n din\u00e1mica asociada cuando un dispositivo se desconecta <\/p>\n<\/p><\/div>\n<div style='flex: 1 1 300px; min-width: 280px;'> <img style='width: 100%; height: auto; border: 1px solid rgba(150&comma;150&comma;150&comma;0.3); border-radius: 8px;' src='data:image\/png;base64&comma;iVBORw0KGgoAAAANSUhEUgAAADoAAAAuCAYAAAB5\/AqlAAADUUlEQVRoBe2YMWsVURCF80v8A\/oHtLKLoHW0N6kVbQQt0hkbJVgpgpIyKS0UtFOwEaxSiZWgnSAWlivfkxNmfXfmzl3cZMnbgWX37b137jlzZuYub61bEVtbEZ7dTPS0KT0rupKKPnz+pvv56\/cEuA\/FUk3dW\/f3uzMX73SXNndPnOj245cLLFv39pqxhESfHbxfOIYokTxpO\/z8rTt7eXuBCdIt5hL98OnLEcmNG09afI469\/W7wyNc+68+pvcqEqUez135G7nzV3cmU59iRXaRZWD8+v2HXof3IlE5whnpMkUjy8BHD8nYElGrZtZJZqOWOQT39s5BmEm2tDKqLhFVlyVakQMi2lIjLUSlVq3Tb97dS6u6RJSahGTU1dTm6YBjnK\/4XL++W8WB8mClVmvWI6qFLCY1SobKjHPRAbPGuihD\/vWTwcIaCVPD0iOqJoRSnim1s\/WLT3VwRf\/Ri7epTBAeUtQz4YkykLU9oqqNiITUzKij9NMae6f+amnPuNZ4c3Wugj2yIlEiWTI5JV1qJjXIDr6wZDQwfd1EAdV8BctrfOq+tTrtEVX0PKcCnwEoMpakwCtg7Fcz7ekFn\/XCHfkqEvUaUWZTNrMNy9tcgfD20jrtGdXgqSIaZdFoRKMuKCWkWKkMVFcA9JqM\/OjM\/q+pq8L3nArghWsPhMO9K+VoEvaMw4eOm0glORamUsCYI0wELbJejep48YjiSEpxoEeGUgIJCMiJIL8Zq6lpa92bq8bWdLxIhegbExUAunHzacRzMQY4zWeNLt55wK1TrY1KRakdNSt89hS1n13eBwEApapNSQuw9EyKcWUIst6mJM+eDfoExJlIeDXBHP3FQirWUtgDGL3Hp9I8UsoKE\/ljrKcoL5QuUfraebXaqAEojatX1OpYWLnXbImobQCRqjimprOpWIMUcHHiGLHOjvNZqmfUBFeRKJFUrUY1cpzE7F5kmjp4Rk2XKAPWWS2FLYixn203bsFVVFRgda6O1V21T\/Zuu3E2ZeU7JMok\/QHFeRU1Bzkc8666pBu3WpWoOuAY52UrWGEZEvAq0VYwU50\/E52qMkNxzYoOjdxU182KTlWZobhmRYdGbqrrVkbRP\/h4SrBiNsJHAAAAAElFTkSuQmCC' alt=''> <\/p>\n<h3 style='font-size: 18px; border-bottom: 2px solid currentColor; padding-bottom: 5px; margin-top: 15px; margin-bottom: 10px; color: inherit; opacity: 0.8; text-align: center;'>AWARE INAL\u00c1MBRICO<\/h3>\n<p style='font-size: 14px; color: inherit;'> Permite la automatizaci\u00f3n de pol\u00edticas&comma; la supervisi\u00f3n sencilla y la resoluci\u00f3n de problemas de la red unificada por cable \/ inal\u00e1mbrica <\/p>\n<\/p><\/div>\n<div style='flex: 1 1 300px; min-width: 280px;'> <img style='width: 100%; height: auto; border: 1px solid rgba(150&comma;150&comma;150&comma;0.3); border-radius: 8px;' src='data:image\/png;base64&comma;iVBORw0KGgoAAAANSUhEUgAAAD0AAAA0CAYAAAA5bTAhAAACoElEQVRoBe2ZQUtbQRDH\/ST9Cr30UG+9FHoTK6Q3i6AnBUsLKm0PUlqSU6gIilIq5JgcehBJQLxIQQ9CCSgUxF4KXgSheEjpZeX\/cB\/j9M3uBl5e9m12YHnz0jOb\/c3MbvL2jakRlLERZFaFQtd39lXl1baxnZ1fDjwPhUKPv6ipB09WjK3ZPglL0sDJzK6pBovw7PzN8uLi0v8+8KKyegW88+JVBS7rP3r6Mwff0zcgTSfOybeN7dLQ0imXuvuCdfp6HIBBcwBGIj1Luh86dlZm7d45trX0bTZz4TapeLDVeQG8gaMB9H7utS1jyrKk+6ot+xXgZ+YUSeGndVJ\/9Iyc6Lgsjce7pPjLRpn2ZrHqX7BiF\/3ZPzBmk6sQBJz0zpruS4u\/VqAKSg7K9eERK5btVUeVHPz\/7+AwVU7vCAKO\/Zw13Uu+\/FHpKK5o0O21lj80nFbyy4qqrDJ6RxBwTDBrUWlm9P7VXyQvrr0n6x98q9tqLT95c3uMkRv4+u5eWlQ0HgQcE8xYVJoZ3X31D8mjz6+W11dW6LY6y598Nhp4f\/r5glN2JHAEM3jdqDvrTs0xAts3bFfKlJe3dVzW8p09D0zMeGzgNroz2ht6vKoL11TKlJfXeY2hMFjyzKubWLVmwcAxx6zFpJnRfWv9Q\/Los6vl9ZUVOq5W+eOWzTHS47t6\/w5U45Zv2De+02gJBo5hZi0qzYz+Xv+QPPpsg7y+skLH1SrfuH5TjFQ4rt6\/B9W45Rv2je80WoKBY5hZi0ozoz9Wf5A8+myDvL6yQsfVKv9p9cYYqXBcvX8PqnHLN+wb32m0BAPHELMeU2ZG963+IXn02QZ5fWWFjqtV\/vHjZ2OkwnH1\/j2oxi3fsG98p9ESDBwDzXpMmRndt\/qH5NFnG+T1lRU6rlb5J08ex0iF4+r9e1CNe75h3\/hOoyUYOAYa9ZgyM7p\/1D8kjz7bIK+vrNBxtco\/e\/40RioeV+7fg2rc8g37xnc6LcHAMdC0x5SZ0X2rf0gefXZUXl9ZoeNqlX\/69HGMVDiu3r8H1bjlG\/aN7zRagoFjkGmPKTOj+1b\/kDz67Ki8vrJCx9Uq\/\/zF8xip8F29fw+qccs37BvfabQEA8dA0x5TZkb3rf4hefTZUXl9ZYWOq1X+5avXMVLhuHr\/HlTjlm\/YN77TaAkGjgGmPabMjO5b\/UPy6LOj8vrKCh1Xq\/zLV69ipMJx9f49qMYt37BvfKfREgwcw8x6TJkZ3bf6h+TRZ0fl9ZUVeq5W+devX8dIhePq\/XtQjVu+Yd\/4TqclGDgGmvWYMjO6b\/UPyaPPLsrrKyt0XK3yL1++iJEKx9X796Aat3zDvvGdRkswcAww7TFlZnTf6h+SR58dlddXVui4WuWfP3sWIxWOq\/fvQTVu+YZ94zudlmDgGGbWY8rM6L7VPySPPjsqry8v0HG1yL958yZGKhpX79+DatzyDfvGdzotwcAxzKzHlJnRfY9+SB59dlReX1mh42qVf\/v2bYxUOK7evwfVuOUb9o3vNFqCgWOgWY8pM6P7Vv+QPPrsqLy+skLH1Sr\/7t27GKlwXL1\/D6pxyzfsG99ptAQDx0CzHlNmRvet\/iF59NlReX1lhY6rVf79+\/cxUuG4ev8eVOOWb9g3vtNoCQaOQaY9psyM7lv9Q\/Los6Py+soKHVer\/MePH2OkwnH1\/j2oxi3fsG98p9ESDBwDzXpMmRndt\/qH5NFnR+X1lRU6rlb5T58+xUiF4+r9e1CNW75h3\/hOpyUYOIaZ9ZgyM7pv9Q\/Jos+OyusrK3RcrfJfv36NkQrH1fv3oBq3fMO+8Z1OSzBwDDTrMWVmdN\/qH5JHnx2V11dW6Lha5X\/8+BEjFY6r9+9BNW75hn3jO52WYOAYZtZjyszo\/tU\/JI8+Oyqvr6zQcbXK\/\/r1K0YqHFfv34Nq3PKN+\/8B5+R0Z9457hMAAAAASUVORK5CYII=' alt=''> <\/p>\n<h3 style='font-size: 18px; border-bottom: 2px solid currentColor; padding-bottom: 5px; margin-top: 15px; margin-bottom: 10px; color: inherit; opacity: 0.8; text-align: center;'>SUPERVIVENCIA DEL SITIO<\/h3>\n<p style='font-size: 14px; color: inherit;'> Operaci\u00f3n ininterrumpida incluso cuando se pierde la conectividad a la nube <\/p>\n<\/p><\/div>\n<div style='flex: 1 1 300px; min-width: 280px;'> <img style='width: 100%; height: auto; border: 1px solid rgba(150&comma;150&comma;150&comma;0.3); border-radius: 8px;' src='data:image\/png;base64&comma;iVBORw0KGgoAAAANSUhEUgAAAD4AAAAuCAYAAABwF6rfAAAFNklEQVRoBe1a\/2uXRRz3L6l+isgw\/CWoH8QktFBikGlWRPgFwWiJ+kO6XMv8ysizlsN0YbMmuUm6jcytnLMJc6ZsKRt+Sa0FrrVYbtPpVHjL69ZrnLfnnnvuns8Dszx4uG\/vu\/f7de\/Xve\/us02S\/2maFIp7YOim1Bw+LSs31wjKD1ryBn64pVOWfLBHHpn+\/thXUXP8QcMt3sDnvfe5ArxiU7VgEZ6dv1leXFz63wdeVKheAe+8eFWBZf2Pnv7Mwff0DcjU94vlo6ZT8s35Hr3e6+4BwKC5ACOxniXVDx07K3OW7xzbWvo2m7lwm1QebPVeAG\/g0AB6P\/fa1jFlWdJ91Zb9CvDMnCIp\/LRO6o+ekRMdl6XxeJcUf9Eo094sVv0LVuySP\/sGxmxyFQKBk95Z031p4dcKVEHJQbk+PGLFsr3qqJKD9\/8ZHLbK6R1BwLHfWdO95MsflY7iigbdVmv5o89GA+9PP19wysYFzgJmLTJNzKjuy1F5ZcV2qT3bq+Xo7bL80WfjgGO\/Y5lZi0ozofvW+oek8dJN3VZn+aPPxgHHfscysxZVZkb3rfUPSeOlG7qtzvJHn40Djv2OZWYtqsyM7lvrH5LG02d1W53ljz4bBxz7HcvMWlSZGd231j8kjafP6rY6yx99Ng449juWmbWoMjO6b61\/SBpPndVtdZY\/+mwc8LHfjz9+4+7Df6hZ2QAAAABJRU5ErkJggg==' alt=''> <\/p>\n<h3 style='font-size: 18px; border-bottom: 2px solid currentColor; padding-bottom: 5px; margin-top: 15px; margin-bottom: 10px; color: inherit; opacity: 0.8; text-align: center;'>GESTI\u00d3N DE LA NUBE<\/h3>\n<p style='font-size: 14px; color: inherit;'> La plataforma de gesti\u00f3n gratuita basada en la nube de cnMaestro proporciona una rica gesti\u00f3n del ciclo de vida&comma; configuraci\u00f3n y control&comma; y servicios de seguridad; que tambi\u00e9n puede estar disponible con opciones de implementaci\u00f3n en las instalaciones <\/p>\n<\/p><\/div>\n<\/p><\/div>\n<hr style='border: 0; border-top: 1px solid rgba(150&comma;150&comma;150&comma;0.3); margin: 30px 0;'>\n<div style='display: flex; flex-wrap: wrap; gap: 20px; margin-bottom: 30px;'>\n<div style='flex: 1 1 250px; border: 1px solid rgba(150&comma; 150&comma; 150&comma; 0.4); border-radius: 8px; overflow: hidden; display: flex; flex-direction: column;'>\n<div style='padding: 15px; border-bottom: 1px solid rgba(150&comma; 150&comma; 150&comma; 0.2); font-weight: bold; font-size: 18px; color: inherit;'>Rendimiento<\/div>\n<div style='padding: 15px; color: inherit;'>\n<ul style='padding-left: 20px; margin: 0; font-size: 14px; list-style-type: disc;'>\n<li style='margin-bottom: 5px;'>20 Gbps<\/li>\n<\/ul><\/div>\n<\/p><\/div>\n<div style='flex: 1 1 250px; border: 1px solid rgba(150&comma; 150&comma; 150&comma; 0.4); border-radius: 8px; overflow: hidden; display: flex; flex-direction: column;'>\n<div style='padding: 15px; border-bottom: 1px solid rgba(150&comma; 150&comma; 150&comma; 0.2); font-weight: bold; font-size: 18px; color: inherit;'>Tipos de PoE<\/div>\n<div style='padding: 15px; color: inherit;'>\n<ul style='padding-left: 20px; margin: 0; font-size: 14px; list-style-type: disc;'>\n<li style='margin-bottom: 5px;'>802.3af\/at<\/li>\n<\/ul><\/div>\n<\/p><\/div>\n<div style='flex: 1 1 250px; border: 1px solid rgba(150&comma; 150&comma; 150&comma; 0.4); border-radius: 8px; overflow: hidden; display: flex; flex-direction: column;'>\n<div style='padding: 15px; border-bottom: 1px solid rgba(150&comma; 150&comma; 150&comma; 0.2); font-weight: bold; font-size: 18px; color: inherit;'>Puertos UpLink<\/div>\n<div style='padding: 15px; color: inherit;'>\n<ul style='padding-left: 20px; margin: 0; font-size: 14px; list-style-type: disc;'>\n<li style='margin-bottom: 5px;'>2 Puertos SFP (1 Gbps)<\/li>\n<\/ul><\/div>\n<\/p><\/div>\n<div style='flex: 1 1 250px; border: 1px solid rgba(150&comma; 150&comma; 150&comma; 0.4); border-radius: 8px; overflow: hidden; display: flex; flex-direction: column;'>\n<div style='padding: 15px; border-bottom: 1px solid rgba(150&comma; 150&comma; 150&comma; 0.2); font-weight: bold; font-size: 18px; color: inherit;'>Almacenamiento Flash<\/div>\n<div style='padding: 15px; color: inherit;'>\n<ul style='padding-left: 20px; margin: 0; font-size: 14px; list-style-type: disc;'>\n<li style='margin-bottom: 5px;'>128 Mbps<\/li>\n<\/ul><\/div>\n<\/p><\/div>\n<div style='flex: 1 1 250px; border: 1px solid rgba(150&comma; 150&comma; 150&comma; 0.4); border-radius: 8px; overflow: hidden; display: flex; flex-direction: column;'>\n<div style='padding: 15px; border-bottom: 1px solid rgba(150&comma; 150&comma; 150&comma; 0.2); font-weight: bold; font-size: 18px; color: inherit;'>Automatizaci\u00f3n basada en pol\u00edticas<\/div>\n<div style='padding: 15px; color: inherit;'>\n<ul style='padding-left: 20px; margin: 0; font-size: 14px; list-style-type: disc;'>\n<li style='margin-bottom: 5px;'>S\u00ed<\/li>\n<\/ul><\/div>\n<\/p><\/div>\n<div style='flex: 1 1 250px; border: 1px solid rgba(150&comma; 150&comma; 150&comma; 0.4); border-radius: 8px; overflow: hidden; display: flex; flex-direction: column;'>\n<div style='padding: 15px; border-bottom: 1px solid rgba(150&comma; 150&comma; 150&comma; 0.2); font-weight: bold; font-size: 18px; color: inherit;'>Calidad de servicio<\/div>\n<div style='padding: 15px; color: inherit;'>\n<ul style='padding-left: 20px; margin: 0; font-size: 14px; list-style-type: disc;'>\n<li style='margin-bottom: 5px;'>Asignaci\u00f3n de ACL y marcado de ToS\/DSCP (QoS)<\/li>\n<\/ul><\/div>\n<\/p><\/div>\n<div style='flex: 1 1 250px; border: 1px solid rgba(150&comma; 150&comma; 150&comma; 0.4); border-radius: 8px; overflow: hidden; display: flex; flex-direction: column;'>\n<div style='padding: 15px; border-bottom: 1px solid rgba(150&comma; 150&comma; 150&comma; 0.2); font-weight: bold; font-size: 18px; color: inherit;'>Seguridad<\/div>\n<div style='padding: 15px; color: inherit;'>\n<ul style='padding-left: 20px; margin: 0; font-size: 14px; list-style-type: disc;'>\n<li style='margin-bottom: 5px;'>Autenticaci\u00f3n 802.1x&comma; DHCP Snooping&comma; Radius \/ Tacacs \/ Tacacs+<\/li>\n<\/ul><\/div>\n<\/p><\/div>\n<div style='flex: 1 1 250px; border: 1px solid rgba(150&comma; 150&comma; 150&comma; 0.4); border-radius: 8px; overflow: hidden; display: flex; flex-direction: column;'>\n<div style='padding: 15px; border-bottom: 1px solid rgba(150&comma; 150&comma; 150&comma; 0.2); font-weight: bold; font-size: 18px; color: inherit;'>Administraci\u00f3n<\/div>\n<div style='padding: 15px; color: inherit;'>\n<ul style='padding-left: 20px; margin: 0; font-size: 14px; list-style-type: disc;'>\n<li style='margin-bottom: 5px;'>cnMaestro (Nube \/ On-Premises)&comma; CLI&comma; WEB<\/li>\n<\/ul><\/div>\n<\/p><\/div>\n<div style='flex: 1 1 250px; border: 1px solid rgba(150&comma; 150&comma; 150&comma; 0.4); border-radius: 8px; overflow: hidden; display: flex; flex-direction: column;'>\n<div style='padding: 15px; border-bottom: 1px solid rgba(150&comma; 150&comma; 150&comma; 0.2); font-weight: bold; font-size: 18px; color: inherit;'>Gesti\u00f3n desde la nube cnMaestro<\/div>\n<div style='padding: 15px; color: inherit;'>\n<ul style='padding-left: 20px; margin: 0; font-size: 14px; list-style-type: disc;'>\n<li style='margin-bottom: 5px;'>S\u00ed<\/li>\n<\/ul><\/div>\n<\/p><\/div>\n<div style='flex: 1 1 250px; border: 1px solid rgba(150&comma; 150&comma; 150&comma; 0.4); border-radius: 8px; overflow: hidden; display: flex; flex-direction: column;'>\n<div style='padding: 15px; border-bottom: 1px solid rgba(150&comma; 150&comma; 150&comma; 0.2); font-weight: bold; font-size: 18px; color: inherit;'>Capa<\/div>\n<div style='padding: 15px; color: inherit;'>\n<ul style='padding-left: 20px; margin: 0; font-size: 14px; list-style-type: disc;'>\n<li style='margin-bottom: 5px;'>Capa 2 y Capa 3<\/li>\n<\/ul><\/div>\n<\/p><\/div>\n<div style='flex: 1 1 250px; border: 1px solid rgba(150&comma; 150&comma; 150&comma; 0.4); border-radius: 8px; overflow: hidden; display: flex; flex-direction: column;'>\n<div style='padding: 15px; border-bottom: 1px solid rgba(150&comma; 150&comma; 150&comma; 0.2); font-weight: bold; font-size: 18px; color: inherit;'>Temperatura de operaci\u00f3n<\/div>\n<div style='padding: 15px; color: inherit;'>\n<ul style='padding-left: 20px; margin: 0; font-size: 14px; list-style-type: disc;'>\n<li style='margin-bottom: 5px;'>-40\u00baC a 70\u00baC<\/li>\n<\/ul><\/div>\n<\/p><\/div>\n<div style='flex: 1 1 250px; border: 1px solid rgba(150&comma; 150&comma; 150&comma; 0.4); border-radius: 8px; overflow: hidden; display: flex; flex-direction: column;'>\n<div style='padding: 15px; border-bottom: 1px solid rgba(150&comma; 150&comma; 150&comma; 0.2); font-weight: bold; font-size: 18px; color: inherit;'>Garant\u00eda<\/div>\n<div style='padding: 15px; color: inherit;'>\n<ul style='padding-left: 20px; margin: 0; font-size: 14px; list-style-type: disc;'>\n<li style='margin-bottom: 5px;'>5 a\u00f1os<\/li>\n<\/ul><\/div>\n<\/p><\/div>\n<div style='flex: 1 1 250px; border: 1px solid rgba(150&comma; 150&comma; 150&comma; 0.4); border-radius: 8px; overflow: hidden; display: flex; flex-direction: column;'>\n<div style='padding: 15px; border-bottom: 1px solid rgba(150&comma; 150&comma; 150&comma; 0.2); font-weight: bold; font-size: 18px; color: inherit;'>Observaci\u00f3n<\/div>\n<div style='padding: 15px; color: inherit;'>\n<ul style='padding-left: 20px; margin: 0; font-size: 14px; list-style-type: disc;'>\n<li style='margin-bottom: 5px; background-color: rgba(241&comma;196&comma;15&comma;0.3); color: #000000;'>Necesita accesorios MX-EXTXHALFA-0<\/li>\n<\/ul><\/div>\n<\/p><\/div>\n<\/p><\/div>\n<\/p><\/div>\n","protected":false},"excerpt":{"rendered":"<p>Switch cnMatrix EX2010-P capa 3 de 10 puertos(8 PoE Gigabit 802.3af\/at, 2 SFP, 1 consola, 1 MNGMT, 1 USB)  administraci\u00f3n desde la Nube (MX-EX2010PXA-U)<\/p>\n","protected":false},"featured_media":109669,"comment_status":"open","ping_status":"closed","template":"","meta":[],"product_brand":[],"product_cat":[1986],"product_tag":[1316,664,1987],"class_list":{"0":"post-109670","1":"product","2":"type-product","3":"status-publish","4":"has-post-thumbnail","6":"product_cat-switches-poe","7":"product_tag-cambium-networks","8":"product_tag-networking","9":"product_tag-switches-poe","11":"first","12":"instock","13":"sale","14":"shipping-taxable","15":"purchasable","16":"product-type-simple"},"_links":{"self":[{"href":"https:\/\/soydeaqui.ddns.net\/pachuca\/index.php\/wp-json\/wp\/v2\/product\/109670","targetHints":{"allow":["GET"]}}],"collection":[{"href":"https:\/\/soydeaqui.ddns.net\/pachuca\/index.php\/wp-json\/wp\/v2\/product"}],"about":[{"href":"https:\/\/soydeaqui.ddns.net\/pachuca\/index.php\/wp-json\/wp\/v2\/types\/product"}],"replies":[{"embeddable":true,"href":"https:\/\/soydeaqui.ddns.net\/pachuca\/index.php\/wp-json\/wp\/v2\/comments?post=109670"}],"wp:featuredmedia":[{"embeddable":true,"href":"https:\/\/soydeaqui.ddns.net\/pachuca\/index.php\/wp-json\/wp\/v2\/media\/109669"}],"wp:attachment":[{"href":"https:\/\/soydeaqui.ddns.net\/pachuca\/index.php\/wp-json\/wp\/v2\/media?parent=109670"}],"wp:term":[{"taxonomy":"product_brand","embeddable":true,"href":"https:\/\/soydeaqui.ddns.net\/pachuca\/index.php\/wp-json\/wp\/v2\/product_brand?post=109670"},{"taxonomy":"product_cat","embeddable":true,"href":"https:\/\/soydeaqui.ddns.net\/pachuca\/index.php\/wp-json\/wp\/v2\/product_cat?post=109670"},{"taxonomy":"product_tag","embeddable":true,"href":"https:\/\/soydeaqui.ddns.net\/pachuca\/index.php\/wp-json\/wp\/v2\/product_tag?post=109670"}],"curies":[{"name":"wp","href":"https:\/\/api.w.org\/{rel}","templated":true}]}}