{"id":109666,"date":"2026-03-20T19:10:09","date_gmt":"2026-03-20T19:10:09","guid":{"rendered":"https:\/\/soydeaqui.ddns.net\/pachuca\/index.php\/producto\/switch-cnmatrix-ex2028-p-capa-3-de-28-puertos-24-poe-gigabit-802-3af-at-4-sfp-administracion-desde-la-nube-mx-ex2028pxa-u\/"},"modified":"2026-03-20T19:10:11","modified_gmt":"2026-03-20T19:10:11","slug":"switch-cnmatrix-ex2028-p-capa-3-de-28-puertos-24-poe-gigabit-802-3af-at-4-sfp-administracion-desde-la-nube-mx-ex2028pxa-u","status":"publish","type":"product","link":"https:\/\/soydeaqui.ddns.net\/pachuca\/index.php\/producto\/switch-cnmatrix-ex2028-p-capa-3-de-28-puertos-24-poe-gigabit-802-3af-at-4-sfp-administracion-desde-la-nube-mx-ex2028pxa-u\/","title":{"rendered":"Switch cnMatrix EX2028-P capa 3 de 28 puertos (24 PoE Gigabit 802.3af\/at, 4 SFP+) administraci\u00f3n desde la Nube (MX-EX2028PxA-U)"},"content":{"rendered":"<div style='width: 100%; max-width: 1200px; margin: 0 auto; font-family: sans-serif; line-height: 1.6; color: inherit;'>\n<div style='width: 100%; margin: 20px 0;'> <img style='width: 100%; height: auto; border: 1px solid rgba(150&comma;150&comma;150&comma;0.3); border-radius: 8px;' src='http:\/\/ftp3.syscom.mx\/usuarios\/hortega\/Cambium\/cambium-networks-logo.png' alt=''> <\/div>\n<h3 style='font-size: 22px; border-bottom: 2px solid currentColor; padding-bottom: 5px; margin-top: 0; color: inherit; opacity: 0.8; text-align: center;'> Mejore el rendimiento de la red &comma; reduzca tiempo y costo de gesti\u00f3n&comma; adminitraci\u00f3n y aprovecionamiento&comma; haciendo m\u00e1s \u00e1gil la implementaci\u00f3n. <\/h3>\n<div style='width: 100%; margin: 20px 0;'> <img style='width: 100%; height: auto; border: 1px solid rgba(150&comma;150&comma;150&comma;0.3); border-radius: 8px;' src='https:\/\/ftp3.syscom.mx\/usuarios\/dquezada\/Cambium\/cnMatrix\/switches%20cnmatrix.JPG' alt=''> <\/div>\n<p style='font-size: 15px; color: inherit; text-align: center;'> Los Switchs cnMatrix simplifican la implementaci\u00f3n y operaci\u00f3n de la red. Cuando se implementan con puntos de acceso WLAN cnPilot y el sistema de administraci\u00f3n cnMaestro Essentials o cnMaestro X&comma; los operadores de red tienen una red unificada de alta calidad con cable&comma; inal\u00e1mbrica&comma; y de alta calidad. CnMatrix de Cambium Networks mejora el rendimiento&comma; la seguridad y la satisfacci\u00f3n del usuario final al tiempo que reduce los costos. <\/p>\n<div style='display: flex; flex-wrap: wrap; gap: 20px; margin: 30px 0;'>\n<div style='flex: 1 1 250px; border: 1px solid rgba(150&comma; 150&comma; 150&comma; 0.4); border-radius: 8px; overflow: hidden; display: flex; flex-direction: column;'>\n<div style='padding: 15px; border-bottom: 1px solid rgba(150&comma; 150&comma; 150&comma; 0.2); font-weight: bold; font-size: 18px; color: inherit;'>AUTOMATIZACI\u00d3N BASADA EN POL\u00cdTICAS<\/div>\n<div style='padding: 15px; color: inherit;'>\n<p style='font-size: 14px; text-align: center;'> Capacidad para perfilar dispositivos y configurar autom\u00e1ticamente el switch proporcionando una experiencia de zero-touch incluso al implementar&comma; desconectar o mover dispositivos de red <\/p>\n<\/p><\/div>\n<\/p><\/div>\n<div style='flex: 1 1 250px; border: 1px solid rgba(150&comma; 150&comma; 150&comma; 0.4); border-radius: 8px; overflow: hidden; display: flex; flex-direction: column;'>\n<div style='padding: 15px; border-bottom: 1px solid rgba(150&comma; 150&comma; 150&comma; 0.2); font-weight: bold; font-size: 18px; color: inherit;'>SEGMENTACI\u00d3N AUTOM\u00c1TICA DE DISPOSITIVOS<\/div>\n<div style='padding: 15px; color: inherit;'>\n<p style='font-size: 14px; text-align: center;'> Proporciona un entorno seguro para los recursos cr\u00edticos de la red al colocar autom\u00e1ticamente los dispositivos en el segmento de red apropiado seg\u00fan su perfil <\/p>\n<\/p><\/div>\n<\/p><\/div>\n<div style='flex: 1 1 250px; border: 1px solid rgba(150&comma; 150&comma; 150&comma; 0.4); border-radius: 8px; overflow: hidden; display: flex; flex-direction: column;'>\n<div style='padding: 15px; border-bottom: 1px solid rgba(150&comma; 150&comma; 150&comma; 0.2); font-weight: bold; font-size: 18px; color: inherit;'>AUTO POLICY WIRE<\/div>\n<div style='padding: 15px; color: inherit;'>\n<p style='font-size: 14px; text-align: center;'> Mejora la seguridad al eliminar autom\u00e1ticamente toda la configuraci\u00f3n din\u00e1mica asociada cuando un dispositivo se desconecta <\/p>\n<\/p><\/div>\n<\/p><\/div>\n<div style='flex: 1 1 250px; border: 1px solid rgba(150&comma; 150&comma; 150&comma; 0.4); border-radius: 8px; overflow: hidden; display: flex; flex-direction: column;'>\n<div style='padding: 15px; border-bottom: 1px solid rgba(150&comma; 150&comma; 150&comma; 0.2); font-weight: bold; font-size: 18px; color: inherit;'>AUTO POLICY WIPE<\/div>\n<div style='padding: 15px; color: inherit;'>\n<p style='font-size: 14px; text-align: center;'> Mejora la seguridad al eliminar autom\u00e1ticamente toda la configuraci\u00f3n din\u00e1mica asociada cuando un dispositivo se desconecta <\/p>\n<\/p><\/div>\n<\/p><\/div>\n<div style='flex: 1 1 250px; border: 1px solid rgba(150&comma; 150&comma; 150&comma; 0.4); border-radius: 8px; overflow: hidden; display: flex; flex-direction: column;'>\n<div style='padding: 15px; border-bottom: 1px solid rgba(150&comma; 150&comma; 150&comma; 0.2); font-weight: bold; font-size: 18px; color: inherit;'>AWARE INAL\u00c1MBRICO<\/div>\n<div style='padding: 15px; color: inherit;'>\n<p style='font-size: 14px; text-align: center;'> Permite la automatizaci\u00f3n de pol\u00edticas&comma; la supervisi\u00f3n sencilla y la resoluci\u00f3n de problemas de la red unificada por cable \/ inal\u00e1mbrica <\/p>\n<\/p><\/div>\n<\/p><\/div>\n<div style='flex: 1 1 250px; border: 1px solid rgba(150&comma; 150&comma; 150&comma; 0.4); border-radius: 8px; overflow: hidden; display: flex; flex-direction: column;'>\n<div style='padding: 15px; border-bottom: 1px solid rgba(150&comma; 150&comma; 150&comma; 0.2); font-weight: bold; font-size: 18px; color: inherit;'>SUPERVIVENCIA DEL SITIO<\/div>\n<div style='padding: 15px; color: inherit;'>\n<p style='font-size: 14px; text-align: center;'> Operaci\u00f3n ininterrumpida incluso cuando se pierde la conectividad a la nube <\/p>\n<\/p><\/div>\n<\/p><\/div>\n<div style='flex: 1 1 250px; border: 1px solid rgba(150&comma; 150&comma; 150&comma; 0.4); border-radius: 8px; overflow: hidden; display: flex; flex-direction: column;'>\n<div style='padding: 15px; border-bottom: 1px solid rgba(150&comma; 150&comma; 150&comma; 0.2); font-weight: bold; font-size: 18px; color: inherit;'>GESTI\u00d3N DE LA NUBE<\/div>\n<div style='padding: 15px; color: inherit;'>\n<p style='font-size: 14px; text-align: center;'> La plataforma de gesti\u00f3n gratuita basada en la nube de cnMaestro proporciona una rica gesti\u00f3n del ciclo de vida&comma; configuraci\u00f3n y control&comma; y servicios de seguridad; que tambi\u00e9n puede estar disponible con opciones de implementaci\u00f3n en las instalaciones <\/p>\n<\/p><\/div>\n<\/p><\/div>\n<\/p><\/div>\n<hr style='border: 0; border-top: 1px solid rgba(150&comma; 150&comma; 150&comma; 0.3); margin: 30px 0;'>\n<div style='margin: 30px 0;'>\n<h3 style='font-size: 22px; border-bottom: 2px solid currentColor; padding-bottom: 5px; margin-top: 0; color: inherit; opacity: 0.8;'>Caracter\u00edsticas Generales<\/h3>\n<div style='display: flex; flex-wrap: wrap; gap: 20px; margin-top: 20px;'>\n<div style='flex: 1 1 250px; min-width: 280px;'>\n<ul style='padding-left: 20px; font-size: 15px; color: inherit;'>\n<li style='margin-bottom: 5px;'><strong>Rendimiento:<\/strong> 128 Gbps<\/li>\n<li style='margin-bottom: 5px;'><strong>Tipos de PoE:<\/strong> 24 Puertoos PoE802.3af\/at<\/li>\n<li style='margin-bottom: 5px;'><strong>Puertos UpLink:<\/strong> 4 Puertos SFP+ (10 Gbps)<\/li>\n<li style='margin-bottom: 5px;'><strong>Almacenamiento Flash:<\/strong> 128 Mbps<\/li>\n<li style='margin-bottom: 5px;'><strong>Automatizaci\u00f3n basada en pol\u00edticas:<\/strong> S\u00ed<\/li>\n<li style='margin-bottom: 5px;'><strong>Calidad de servicio:<\/strong> Asignaci\u00f3n de ACL y marcado de ToS\/DSCP (QoS)<\/li>\n<li style='margin-bottom: 5px;'><strong>Seguridad:<\/strong> Autenticaci\u00f3n 802.1x&comma; DHCP Snooping&comma; Radius \/ Tacacs \/ Tacacs+<\/li>\n<li style='margin-bottom: 5px;'><strong>Administraci\u00f3n:<\/strong> cnMaestro (Nube \/ On-Premises)&comma; CLI&comma; WEB<\/li>\n<li style='margin-bottom: 5px;'><strong>Gesti\u00f3n desde la nube cnMaestro:<\/strong> S\u00ed<\/li>\n<li style='margin-bottom: 5px;'><strong>Capa:<\/strong> Capa 2 y Capa 3<\/li>\n<li style='margin-bottom: 5px;'><strong>Temperatura de operaci\u00f3n:<\/strong> -30\u00baC a 60\u00baC<\/li>\n<\/ul><\/div>\n<\/p><\/div>\n<\/p><\/div>\n<div style='margin: 30px 0; padding: 20px; border: 1px solid rgba(150&comma;150&comma;150&comma;0.4); border-radius: 8px; background-color: rgba(241&comma;196&comma;15&comma;0.1); color: inherit;'>\n<p style='font-size: 14px; text-align: center;'> <strong>*Necesita accesorios AC-CORD-1.8M y MX-EXTXFULLA-1<\/strong> <\/p>\n<\/p><\/div>\n<div style='margin: 30px 0; padding: 20px; border: 1px solid rgba(150&comma;150&comma;150&comma;0.4); border-radius: 8px; background-color: rgba(46&comma;204&comma;113&comma;0.1); color: inherit;'>\n<p style='font-size: 14px; text-align: center; color: #2ecc71;'> 5 A\u00f1os de Garant\u00eda <\/p>\n<\/p><\/div>\n<\/p><\/div>\n","protected":false},"excerpt":{"rendered":"<p>Switch cnMatrix EX2028-P capa 3 de 28 puertos (24 PoE Gigabit 802.3af\/at, 4 SFP+) administraci\u00f3n desde la Nube (MX-EX2028PxA-U)<\/p>\n","protected":false},"featured_media":109665,"comment_status":"open","ping_status":"closed","template":"","meta":[],"product_brand":[],"product_cat":[1986],"product_tag":[1316,664,1987],"class_list":{"0":"post-109666","1":"product","2":"type-product","3":"status-publish","4":"has-post-thumbnail","6":"product_cat-switches-poe","7":"product_tag-cambium-networks","8":"product_tag-networking","9":"product_tag-switches-poe","11":"first","12":"instock","13":"sale","14":"shipping-taxable","15":"purchasable","16":"product-type-simple"},"_links":{"self":[{"href":"https:\/\/soydeaqui.ddns.net\/pachuca\/index.php\/wp-json\/wp\/v2\/product\/109666","targetHints":{"allow":["GET"]}}],"collection":[{"href":"https:\/\/soydeaqui.ddns.net\/pachuca\/index.php\/wp-json\/wp\/v2\/product"}],"about":[{"href":"https:\/\/soydeaqui.ddns.net\/pachuca\/index.php\/wp-json\/wp\/v2\/types\/product"}],"replies":[{"embeddable":true,"href":"https:\/\/soydeaqui.ddns.net\/pachuca\/index.php\/wp-json\/wp\/v2\/comments?post=109666"}],"wp:featuredmedia":[{"embeddable":true,"href":"https:\/\/soydeaqui.ddns.net\/pachuca\/index.php\/wp-json\/wp\/v2\/media\/109665"}],"wp:attachment":[{"href":"https:\/\/soydeaqui.ddns.net\/pachuca\/index.php\/wp-json\/wp\/v2\/media?parent=109666"}],"wp:term":[{"taxonomy":"product_brand","embeddable":true,"href":"https:\/\/soydeaqui.ddns.net\/pachuca\/index.php\/wp-json\/wp\/v2\/product_brand?post=109666"},{"taxonomy":"product_cat","embeddable":true,"href":"https:\/\/soydeaqui.ddns.net\/pachuca\/index.php\/wp-json\/wp\/v2\/product_cat?post=109666"},{"taxonomy":"product_tag","embeddable":true,"href":"https:\/\/soydeaqui.ddns.net\/pachuca\/index.php\/wp-json\/wp\/v2\/product_tag?post=109666"}],"curies":[{"name":"wp","href":"https:\/\/api.w.org\/{rel}","templated":true}]}}