{"id":109664,"date":"2026-03-20T19:10:04","date_gmt":"2026-03-20T19:10:04","guid":{"rendered":"https:\/\/soydeaqui.ddns.net\/pachuca\/index.php\/producto\/protector-contra-sobretensiones-modulo-versa\/"},"modified":"2026-03-20T19:10:06","modified_gmt":"2026-03-20T19:10:06","slug":"protector-contra-sobretensiones-modulo-versa","status":"publish","type":"product","link":"https:\/\/soydeaqui.ddns.net\/pachuca\/index.php\/producto\/protector-contra-sobretensiones-modulo-versa\/","title":{"rendered":"Protector contra sobretensiones Modulo-Versa"},"content":{"rendered":"<div style='width: 100%; max-width: 1200px; margin: 0 auto; font-family: sans-serif; line-height: 1.6; color: inherit; background-color: transparent;'>\n<div style='display: flex; flex-wrap: wrap; gap: 30px; margin-bottom: 30px;'>\n<div style='flex: 1 1 300px; min-width: 280px;'>\n<h3 style='font-size: 22px; border-bottom: 2px solid currentColor; padding-bottom: 5px; margin-top: 0; color: inherit; opacity: 0.8;'>Descripci\u00f3n<\/h3>\n<p style='font-size: 15px; color: inherit; margin-bottom: 15px;'>El protector contra sobretensiones Versa-Module DTK-VM45POE fue dise\u00f1ado para proteger las tomas de c\u00e1mara PoE blindadas y los puntos de acceso inal\u00e1mbrico. Instale cualquier combinaci\u00f3n de m\u00f3dulos VM en una de nuestras placas frontales para crear su propia soluci\u00f3n de protecci\u00f3n contra sobretensiones espec\u00edfica.<\/p>\n<ul style='padding-left: 20px; font-size: 15px; color: inherit;'>\n<li style='margin-bottom: 5px;'>Protege las conexiones blindadas de Power over Ethernet<\/li>\n<li style='margin-bottom: 5px;'>Simplifica la gesti\u00f3n de cables donde el espacio es limitado<\/li>\n<li style='margin-bottom: 5px;'>Las placas frontales aceptan hasta 6 m\u00f3dulos de protecci\u00f3n reemplazables<\/li>\n<\/ul><\/div>\n<div style='flex: 1 1 300px; min-width: 280px;'>\n<h3 style='font-size: 22px; border-bottom: 2px solid currentColor; padding-bottom: 5px; margin-top: 0; color: inherit; opacity: 0.8;'>Especificaciones T\u00e9cnicas<\/h3>\n<ul style='padding-left: 20px; font-size: 15px; color: inherit;'>\n<li style='margin-bottom: 5px;'><strong>Voltaje de servicio:<\/strong> 48V<\/li>\n<li style='margin-bottom: 5px;'><strong>Clamping Voltage:<\/strong> 64V<\/li>\n<li style='margin-bottom: 5px;'><strong>Voltaje de ruptura:<\/strong> 72V<\/li>\n<li style='margin-bottom: 5px;'><strong>Corriente de descarga:<\/strong> 20kA\/pair<\/li>\n<li style='margin-bottom: 5px;'><strong>Aplicaciones sugeridas:<\/strong> Alimentaci\u00f3n de c\u00e1maras PoE&comma; Puntos de acceso inal\u00e1mbrico<\/li>\n<\/ul><\/div>\n<\/p><\/div>\n<div style='display: flex; flex-wrap: wrap; gap: 20px; margin-bottom: 30px;'>\n<div style='flex: 1 1 250px; border: 1px solid rgba(150&comma; 150&comma; 150&comma; 0.4); border-radius: 8px; overflow: hidden; display: flex; flex-direction: column;'>\n<div style='padding: 15px; border-bottom: 1px solid rgba(150&comma; 150&comma; 150&comma; 0.2); font-weight: bold; font-size: 18px; color: inherit;'>Caracter\u00edsticas<\/div>\n<div style='padding: 15px; color: inherit;'>\n<ul style='padding-left: 20px; margin: 0; font-size: 14px; list-style-type: disc;'>\n<li style='margin-bottom: 5px;'>Protecci\u00f3n para conexiones blindadas de datos digitales y circuitos de comunicaciones<\/li>\n<li style='margin-bottom: 5px;'>VMBNC compatible con HD-TVI&comma; HD-CVI y AHD<\/li>\n<li style='margin-bottom: 5px;'>Placas frontales aceptan hasta 6 m\u00f3dulos de protecci\u00f3n reemplazables<\/li>\n<li style='margin-bottom: 5px;'>Toma de tierra \u00fanica para facilitar la instalaci\u00f3n<\/li>\n<li style='margin-bottom: 5px;'>Dise\u00f1ado para simplificar la gesti\u00f3n de cables en espacios limitados<\/li>\n<\/ul><\/div>\n<\/p><\/div>\n<div style='flex: 1 1 250px; border: 1px solid rgba(150&comma; 150&comma; 150&comma; 0.4); border-radius: 8px; overflow: hidden; display: flex; flex-direction: column;'>\n<div style='padding: 15px; border-bottom: 1px solid rgba(150&comma; 150&comma; 150&comma; 0.2); font-weight: bold; font-size: 18px; color: inherit;'>Aplicaciones<\/div>\n<div style='padding: 15px; color: inherit;'>\n<ul style='padding-left: 20px; margin: 0; font-size: 14px; list-style-type: disc;'>\n<li style='margin-bottom: 5px;'>Dispositivos y perif\u00e9ricos de punto de venta<\/li>\n<li style='margin-bottom: 5px;'>C\u00e1maras y sistemas de videovigilancia<\/li>\n<li style='margin-bottom: 5px;'>Computadoras&comma; switches y redes locales<\/li>\n<li style='margin-bottom: 5px;'>Dispositivos de comunicaci\u00f3n digital\/analogica<\/li>\n<\/ul><\/div>\n<\/p><\/div>\n<div style='flex: 1 1 250px; border: 1px solid rgba(150&comma; 150&comma; 150&comma; 0.4); border-radius: 8px; overflow: hidden; display: flex; flex-direction: column;'>\n<div style='padding: 15px; border-bottom: 1px solid rgba(150&comma; 150&comma; 150&comma; 0.2); font-weight: bold; font-size: 18px; color: inherit;'>Dimensiones y Peso<\/div>\n<div style='padding: 15px; color: inherit;'>\n<ul style='padding-left: 20px; margin: 0; font-size: 14px; list-style-type: disc;'>\n<li style='margin-bottom: 5px;'><strong>M\u00f3dulos:<\/strong> 2.60&#8217;L x 1.30&#8217;W x 0.75&#8217;H<\/li>\n<li style='margin-bottom: 5px;'><strong>DTK-VM45:<\/strong> 0.8 oz<\/li>\n<\/ul><\/div>\n<\/p><\/div>\n<\/p><\/div>\n<div style='display: flex; flex-wrap: wrap; gap: 20px; margin-bottom: 30px;'>\n<div style='flex: 1 1 250px; border: 1px solid rgba(150&comma; 150&comma; 150&comma; 0.4); border-radius: 8px; overflow: hidden; display: flex; flex-direction: column;'>\n<div style='padding: 15px; border-bottom: 1px solid rgba(150&comma; 150&comma; 150&comma; 0.2); font-weight: bold; font-size: 18px; color: inherit;'>Compatibilidad<\/div>\n<div style='padding: 15px; color: inherit;'>\n<ul style='padding-left: 20px; margin: 0; font-size: 14px; list-style-type: disc;'>\n<li style='margin-bottom: 5px;'>Funciona con blindaje de cables STP<\/li>\n<li style='margin-bottom: 5px;'>No requiere toma de tierra adicional con conexiones blindadas<\/li>\n<\/ul><\/div>\n<\/p><\/div>\n<div style='flex: 1 1 250px; border: 1px solid rgba(150&comma; 150&comma; 150&comma; 0.4); border-radius: 8px; overflow: hidden; display: flex; flex-direction: column;'>\n<div style='padding: 15px; border-bottom: 1px solid rgba(150&comma; 150&comma; 150&comma; 0.2); font-weight: bold; font-size: 18px; color: inherit;'>Accesorios<\/div>\n<div style='padding: 15px; color: inherit;'>\n<ul style='padding-left: 20px; margin: 0; font-size: 14px; list-style-type: disc;'>\n<li style='margin-bottom: 5px;'>Tapa ciega para puertos no utilizados &#8211; Modelo DTK-RM12FPPLUG<\/li>\n<li style='margin-bottom: 5px;'>DTK-VM6WM incluye 6 tapas ciegas<\/li>\n<\/ul><\/div>\n<\/p><\/div>\n<\/p><\/div>\n<hr style='border: 0; border-top: 1px solid rgba(150&comma; 150&comma; 150&comma; 0.3); margin: 30px 0;'>\n<div style='display: flex; flex-wrap: wrap; gap: 30px; margin-bottom: 30px;'>\n<div style='flex: 1 1 300px; min-width: 280px;'>\n<h3 style='font-size: 22px; border-bottom: 2px solid currentColor; padding-bottom: 5px; margin-top: 0; color: inherit; opacity: 0.8;'>M\u00f3dulos de Protecci\u00f3n<\/h3>\n<p style='font-size: 15px; color: inherit; margin-bottom: 15px;'>La serie Versa-Module permite instalar cualquier combinaci\u00f3n de hasta 6 m\u00f3dulos de protecci\u00f3n en una placa frontal para crear soluciones personalizadas:<\/p>\n<ul style='padding-left: 20px; font-size: 15px; color: inherit;'>\n<li style='margin-bottom: 5px;'>M\u00f3dulos intercambiables para BNC y conexiones RJ45 blindadas<\/li>\n<li style='margin-bottom: 5px;'>Toma de tierra \u00fanica para facilitar la instalaci\u00f3n<\/li>\n<li style='margin-bottom: 5px;'>Dise\u00f1ado para simplificar la gesti\u00f3n de cables en espacios limitados<\/li>\n<\/ul><\/div>\n<div style='flex: 1 1 300px; min-width: 280px;'>\n<h3 style='font-size: 22px; border-bottom: 2px solid currentColor; padding-bottom: 5px; margin-top: 0; color: inherit; opacity: 0.8;'>Opciones de Instalaci\u00f3n<\/h3>\n<ul style='padding-left: 20px; font-size: 15px; color: inherit;'>\n<li style='margin-bottom: 5px;'><strong>DTK-VM6WM:<\/strong> Montaje en pared &#8211; Acepta hasta 6 m\u00f3dulos<\/li>\n<li style='margin-bottom: 5px;'><strong>DTK-VM12RM:<\/strong> Montaje en rack &#8211; Acepta hasta 12 m\u00f3dulos<\/li>\n<\/ul><\/div>\n<\/p><\/div>\n<\/p><\/div>\n","protected":false},"excerpt":{"rendered":"<p>Protector contra sobretensiones Modulo-Versa<\/p>\n","protected":false},"featured_media":109663,"comment_status":"open","ping_status":"closed","template":"","meta":[],"product_brand":[],"product_cat":[2365],"product_tag":[534,898,954],"class_list":{"0":"post-109664","1":"product","2":"type-product","3":"status-publish","4":"has-post-thumbnail","6":"product_cat-redes-proteccion-contra-descargas-videovigilancia","7":"product_tag-ditek","8":"product_tag-proteccion-contra-descargas","9":"product_tag-redes","11":"first","12":"outofstock","13":"sale","14":"shipping-taxable","15":"purchasable","16":"product-type-simple"},"_links":{"self":[{"href":"https:\/\/soydeaqui.ddns.net\/pachuca\/index.php\/wp-json\/wp\/v2\/product\/109664","targetHints":{"allow":["GET"]}}],"collection":[{"href":"https:\/\/soydeaqui.ddns.net\/pachuca\/index.php\/wp-json\/wp\/v2\/product"}],"about":[{"href":"https:\/\/soydeaqui.ddns.net\/pachuca\/index.php\/wp-json\/wp\/v2\/types\/product"}],"replies":[{"embeddable":true,"href":"https:\/\/soydeaqui.ddns.net\/pachuca\/index.php\/wp-json\/wp\/v2\/comments?post=109664"}],"wp:featuredmedia":[{"embeddable":true,"href":"https:\/\/soydeaqui.ddns.net\/pachuca\/index.php\/wp-json\/wp\/v2\/media\/109663"}],"wp:attachment":[{"href":"https:\/\/soydeaqui.ddns.net\/pachuca\/index.php\/wp-json\/wp\/v2\/media?parent=109664"}],"wp:term":[{"taxonomy":"product_brand","embeddable":true,"href":"https:\/\/soydeaqui.ddns.net\/pachuca\/index.php\/wp-json\/wp\/v2\/product_brand?post=109664"},{"taxonomy":"product_cat","embeddable":true,"href":"https:\/\/soydeaqui.ddns.net\/pachuca\/index.php\/wp-json\/wp\/v2\/product_cat?post=109664"},{"taxonomy":"product_tag","embeddable":true,"href":"https:\/\/soydeaqui.ddns.net\/pachuca\/index.php\/wp-json\/wp\/v2\/product_tag?post=109664"}],"curies":[{"name":"wp","href":"https:\/\/api.w.org\/{rel}","templated":true}]}}