{"id":109657,"date":"2026-03-20T19:09:41","date_gmt":"2026-03-20T19:09:41","guid":{"rendered":"https:\/\/soydeaqui.ddns.net\/pachuca\/index.php\/producto\/servidor-nas-de-escritorio-con-8-bahias-expansible-a-18-bahias-hasta-252-tb-4gb-de-ram\/"},"modified":"2026-03-20T19:09:53","modified_gmt":"2026-03-20T19:09:53","slug":"servidor-nas-de-escritorio-con-8-bahias-expansible-a-18-bahias-hasta-252-tb-4gb-de-ram","status":"publish","type":"product","link":"https:\/\/soydeaqui.ddns.net\/pachuca\/index.php\/producto\/servidor-nas-de-escritorio-con-8-bahias-expansible-a-18-bahias-hasta-252-tb-4gb-de-ram\/","title":{"rendered":"Servidor NAS de escritorio con 8 bah\u00edas \/ Expansible a 18 bah\u00edas \/ Hasta 252 TB \/ 4GB de RAM"},"content":{"rendered":"<div style='width: 100%; max-width: 1200px; margin: 0 auto; font-family: sans-serif; line-height: 1.6; color: inherit; background-color: transparent;'> <!-- Banner de garant\u00eda --> <\/p>\n<div style='width: 100%; margin-bottom: 30px;'> <a href='https:\/\/ftp3.syscom.mx\/usuarios\/ftp\/2018\/10\/17\/be9cb\/PROCEDIMIENTO%20GARANTIA%20SYNOLOGY.pdf' style='text-decoration: none;'> <img style='width: 100%; height: auto; border: 1px solid rgba(150&comma;150&comma;150&comma;0.3); border-radius: 8px;' src='https:\/\/ftp3.syscom.mx\/usuarios\/nortega\/synology\/imagenes\/cintillo%20garantia.jpg' alt='Banner de garant\u00eda'> <\/a> <\/div>\n<p> <!-- Descripci\u00f3n general --> <\/p>\n<div style='margin-bottom: 30px;'>\n<p style='color: inherit; font-size: 14px; margin: 0 0 15px 0; padding: 0;'> DS1819+ es un NAS de escritorio de 8 recept\u00e1culos que proporciona un rendimiento avanzado y una gran capacidad de ampliaci\u00f3n&comma; permitiendo una expansi\u00f3n y actualizaci\u00f3n sin problemas para cubrir las crecientes necesidades de su negocio. <\/p>\n<\/p><\/div>\n<p> <!-- Secci\u00f3n de especificaciones --> <\/p>\n<div style='display: flex; flex-wrap: wrap; gap: 30px;'>\n<div style='flex: 1 1 300px; min-width: 280px;'>\n<h3 style='font-size: 22px; border-bottom: 2px solid currentColor; padding-bottom: 5px; margin-top: 0; color: inherit; opacity: 0.8;'>Procesador y Memoria<\/h3>\n<ul style='padding-left: 20px; font-size: 15px; color: inherit; list-style-type: disc;'>\n<li style='margin-bottom: 5px;'><strong>Modelo:<\/strong> Intel Atom C3538<\/li>\n<li style='margin-bottom: 5px;'><strong>Arquitectura:<\/strong> 64-bit<\/li>\n<li style='margin-bottom: 5px;'><strong>Frecuencia:<\/strong> N\u00facleo cu\u00e1druple 2.1GHz<\/li>\n<li style='margin-bottom: 5px;'><strong>Motor de cifrado de hardware:<\/strong> AES-NI<\/li>\n<li style='margin-bottom: 5px;'><strong>Memoria RAM:<\/strong> 4 GB (se puede incrementar hasta 32 GB)<\/li>\n<\/ul><\/div>\n<div style='flex: 1 1 300px; min-width: 280px;'>\n<h3 style='font-size: 22px; border-bottom: 2px solid currentColor; padding-bottom: 5px; margin-top: 0; color: inherit; opacity: 0.8;'>Almacenamiento<\/h3>\n<ul style='padding-left: 20px; font-size: 15px; color: inherit; list-style-type: disc;'>\n<li style='margin-bottom: 5px;'><strong>8 Bah\u00edas para Disco Duro<\/strong> (no incluidos)<\/li>\n<li style='margin-bottom: 5px;'><strong>Expandible hasta 18 Bah\u00edas<\/strong> con 2 Unidades de Expansi\u00f3n DX517<\/li>\n<li style='margin-bottom: 5px;'><strong>Soporta:<\/strong> discos duros HDD\/SSD de 3.5&#8217;&comma; 2.5&#8242; SATA<\/li>\n<li style='margin-bottom: 5px;'><strong>Capacidad por bah\u00eda:<\/strong> hasta 14 TB<\/li>\n<li style='margin-bottom: 5px;'><strong>Capacidad total:<\/strong> hasta 112 TB internos y 252 TB con expansi\u00f3n<\/li>\n<li style='margin-bottom: 5px;'><strong>Hot Swap:<\/strong> S\u00ed<\/li>\n<\/ul><\/div>\n<div style='flex: 1 1 300px; min-width: 280px;'>\n<h3 style='font-size: 22px; border-bottom: 2px solid currentColor; padding-bottom: 5px; margin-top: 0; color: inherit; opacity: 0.8;'>Videovigilancia<\/h3>\n<ul style='padding-left: 20px; font-size: 15px; color: inherit; list-style-type: disc;'>\n<li style='margin-bottom: 5px;'><strong>Soporta:<\/strong> hasta 40 c\u00e1maras (incluye 2 licencias)<\/li>\n<li style='margin-bottom: 5px;'><strong>Requisito:<\/strong> incrementar memoria RAM<\/li>\n<li style='margin-bottom: 5px;'><strong>Resoluci\u00f3n:<\/strong> c\u00e1maras hasta 4K <a href='https:\/\/www.synology.com\/es-mx\/compatibility\/camera' target='_blank' rel='noopener' style='color: inherit; text-decoration: underline;'>(ver listado de compatibilidad)<\/a><\/li>\n<li style='margin-bottom: 5px;'><strong>Grabe desde celular:<\/strong> con aplicaci\u00f3n LiveCam sin necesidad de abrir puertos ni IP P\u00fablica Fija<\/li>\n<\/ul><\/div>\n<div style='flex: 1 1 300px; min-width: 280px;'>\n<h3 style='font-size: 22px; border-bottom: 2px solid currentColor; padding-bottom: 5px; margin-top: 0; color: inherit; opacity: 0.8;'>Puertos<\/h3>\n<ul style='padding-left: 20px; font-size: 15px; color: inherit; list-style-type: disc;'>\n<li style='margin-bottom: 5px;'><strong>4 Puertos RJ45 Gigabit<\/strong> (Con Link Aggregation \/ Failover support)<\/li>\n<li style='margin-bottom: 5px;'><strong>4 Puertos USB 3.0<\/strong> (SuperSpeed)<\/li>\n<li style='margin-bottom: 5px;'><strong>2 Puerto eSATA<\/strong><\/li>\n<li style='margin-bottom: 5px;'><strong>1 Puerto de expansi\u00f3n PCIe<\/strong><\/li>\n<\/ul><\/div>\n<div style='flex: 1 1 300px; min-width: 280px;'>\n<h3 style='font-size: 22px; border-bottom: 2px solid currentColor; padding-bottom: 5px; margin-top: 0; color: inherit; opacity: 0.8;'>RAID Compatible<\/h3>\n<ul style='padding-left: 20px; font-size: 15px; color: inherit; list-style-type: disc;'>\n<li style='margin-bottom: 5px;'>Synology Hybrid RAID<\/li>\n<li style='margin-bottom: 5px;'>JBOD<\/li>\n<li style='margin-bottom: 5px;'>RAID 0<\/li>\n<li style='margin-bottom: 5px;'>RAID 1<\/li>\n<li style='margin-bottom: 5px;'>RAID 5<\/li>\n<li style='margin-bottom: 5px;'>RAID 6<\/li>\n<li style='margin-bottom: 5px;'>RAID 10<\/li>\n<\/ul><\/div>\n<div style='flex: 1 1 300px; min-width: 280px;'>\n<h3 style='font-size: 22px; border-bottom: 2px solid currentColor; padding-bottom: 5px; margin-top: 0; color: inherit; opacity: 0.8;'>Caracter\u00edsticas F\u00edsicas y El\u00e9ctricas<\/h3>\n<ul style='padding-left: 20px; font-size: 15px; color: inherit; list-style-type: disc;'>\n<li style='margin-bottom: 5px;'><strong>Alimentaci\u00f3n:<\/strong> 100 a 200VCA (incluye fuente de alimentaci\u00f3n)<\/li>\n<li style='margin-bottom: 5px;'><strong>Consumo:<\/strong> 66.96 W<\/li>\n<li style='margin-bottom: 5px;'><strong>Temperatura de operaci\u00f3n:<\/strong> 5 a 40 \u00b0C<\/li>\n<li style='margin-bottom: 5px;'><strong>Dimensiones:<\/strong> 166 x 343 x 243 mm<\/li>\n<li style='margin-bottom: 5px;'><strong>Peso:<\/strong> 6 Kg<\/li>\n<\/ul><\/div>\n<div style='flex: 1 1 300px; min-width: 280px;'>\n<h3 style='font-size: 22px; border-bottom: 2px solid currentColor; padding-bottom: 5px; margin-top: 0; color: inherit; opacity: 0.8;'>Software<\/h3>\n<ul style='padding-left: 20px; font-size: 15px; color: inherit; list-style-type: disc;'>\n<li style='margin-bottom: 5px;'>Synology DiskStation Manager (DSM) es un elegante sistema operativo basado en navegador<\/li>\n<li style='margin-bottom: 5px;'>Permite f\u00e1cil uso del NAS<\/li>\n<li style='margin-bottom: 5px;'>Para conocer todas las aplicaciones adicionales (Add-Ons)&comma; consulte la Hoja de Especificaciones<\/li>\n<\/ul><\/div>\n<div style='flex: 1 1 300px; min-width: 280px;'>\n<h3 style='font-size: 22px; border-bottom: 2px solid currentColor; padding-bottom: 5px; margin-top: 0; color: inherit; opacity: 0.8;'>Informaci\u00f3n Adicional<\/h3>\n<ul style='padding-left: 20px; font-size: 15px; color: inherit; list-style-type: disc;'>\n<li style='margin-bottom: 5px;'>En conformidad con RoHS<\/li>\n<li style='margin-bottom: 5px;'><a href='https:\/\/www.synology.com\/es-mx\/support\/nas_selector' target='_blank' rel='noopener' style='color: inherit; text-decoration: underline;'>Selector de NAS de Synology<\/a><\/li>\n<\/ul><\/div>\n<\/p><\/div>\n<p> <!-- Cuadros de rendimiento de videovigilancia --> <\/p>\n<div style='margin-top: 40px;'>\n<h3 style='font-size: 22px; border-bottom: 2px solid currentColor; padding-bottom: 5px; margin-top: 0; color: inherit; opacity: 0.8;'>Rendimiento de Videovigilancia<\/h3>\n<div style='display: flex; flex-wrap: wrap; gap: 20px; margin-top: 20px;'>\n<div style='flex: 1 1 250px; border: 1px solid rgba(150&comma; 150&comma; 150&comma; 0.4); border-radius: 8px; overflow: hidden; display: flex; flex-direction: column;'>\n<div style='padding: 15px; border-bottom: 1px solid rgba(150&comma; 150&comma; 150&comma; 0.2); font-weight: bold; font-size: 18px; color: inherit;'>H.264<\/div>\n<div style='padding: 15px; color: inherit;'>\n<ul style='padding-left: 20px; margin: 0; font-size: 14px; list-style-type: disc;'>\n<li style='margin-bottom: 5px;'>1200 FPS @ 720p (1280&#215;720)<\/li>\n<li style='margin-bottom: 5px;'>900 FPS @ 1080p (1920\u00d71080)<\/li>\n<li style='margin-bottom: 5px;'>320 FPS @ 3M (2048&#215;1536)<\/li>\n<li style='margin-bottom: 5px;'>270 FPS @ 5M (2591&#215;1944)<\/li>\n<li style='margin-bottom: 5px;'>120 FPS @ 4K (3840&#215;2160)<\/li>\n<\/ul><\/div>\n<\/p><\/div>\n<div style='flex: 1 1 250px; border: 1px solid rgba(150&comma; 150&comma; 150&comma; 0.4); border-radius: 8px; overflow: hidden; display: flex; flex-direction: column;'>\n<div style='padding: 15px; border-bottom: 1px solid rgba(150&comma; 150&comma; 150&comma; 0.2); font-weight: bold; font-size: 18px; color: inherit;'>H.265<\/div>\n<div style='padding: 15px; color: inherit;'>\n<ul style='padding-left: 20px; margin: 0; font-size: 14px; list-style-type: disc;'>\n<li style='margin-bottom: 5px;'>1200 FPS @ 720p (1280&#215;720)<\/li>\n<li style='margin-bottom: 5px;'>1200 FPS @ 1080p (1920\u00d71080)<\/li>\n<li style='margin-bottom: 5px;'>560 FPS @ 3M (2048&#215;1536)<\/li>\n<li style='margin-bottom: 5px;'>300 FPS @ 5M (2591&#215;1944)<\/li>\n<li style='margin-bottom: 5px;'>200 FPS @ 4K (3840&#215;2160)<\/li>\n<\/ul><\/div>\n<\/p><\/div>\n<div style='flex: 1 1 250px; border: 1px solid rgba(150&comma; 150&comma; 150&comma; 0.4); border-radius: 8px; overflow: hidden; display: flex; flex-direction: column;'>\n<div style='padding: 15px; border-bottom: 1px solid rgba(150&comma; 150&comma; 150&comma; 0.2); font-weight: bold; font-size: 18px; color: inherit;'>MJPEG<\/div>\n<div style='padding: 15px; color: inherit;'>\n<ul style='padding-left: 20px; margin: 0; font-size: 14px; list-style-type: disc;'>\n<li style='margin-bottom: 5px;'>540 FPS @ 720p (1280&#215;720)<\/li>\n<li style='margin-bottom: 5px;'>200 FPS @ 1080p (1920\u00d71080)<\/li>\n<li style='margin-bottom: 5px;'>150 FPS @ 3M (2048&#215;1536)<\/li>\n<li style='margin-bottom: 5px;'>90 FPS @ 5M (2591&#215;1944)<\/li>\n<\/ul><\/div>\n<\/p><\/div>\n<p> <!-- Imagen de LiveCam --> <\/p>\n<div style='flex: 1 1 300px; min-width: 280px;'> <img style='width: 100%; height: auto; border: 1px solid rgba(150&comma;150&comma;150&comma;0.3); border-radius: 8px;' src='https:\/\/ftp3.syscom.mx\/usuarios\/nortega\/synology\/imagenes\/surveillance\/livecam.jpg' alt='Aplicaci\u00f3n LiveCam'> <\/div>\n<\/p><\/div>\n<\/p><\/div>\n<p> <!-- Separador final --> <\/p>\n<hr style='border: 0; border-top: 1px solid rgba(150&comma; 150&comma; 150&comma; 0.3); margin: 30px 0;'> <\/div>\n","protected":false},"excerpt":{"rendered":"<p>Servidor NAS de escritorio con 8 bah\u00edas \/ Expansible a 18 bah\u00edas \/ Hasta 252 TB \/ 4GB de RAM<\/p>\n","protected":false},"featured_media":109656,"comment_status":"open","ping_status":"closed","template":"","meta":[],"product_brand":[],"product_cat":[2234],"product_tag":[122,2235,1976],"class_list":{"0":"post-109657","1":"product","2":"type-product","3":"status-publish","4":"has-post-thumbnail","6":"product_cat-nvrs-network-video-recorders","7":"product_tag-camaras-ip-y-nvrs","8":"product_tag-nvrs-network-video-recorders","9":"product_tag-synology","11":"first","12":"outofstock","13":"sale","14":"shipping-taxable","15":"purchasable","16":"product-type-simple"},"_links":{"self":[{"href":"https:\/\/soydeaqui.ddns.net\/pachuca\/index.php\/wp-json\/wp\/v2\/product\/109657","targetHints":{"allow":["GET"]}}],"collection":[{"href":"https:\/\/soydeaqui.ddns.net\/pachuca\/index.php\/wp-json\/wp\/v2\/product"}],"about":[{"href":"https:\/\/soydeaqui.ddns.net\/pachuca\/index.php\/wp-json\/wp\/v2\/types\/product"}],"replies":[{"embeddable":true,"href":"https:\/\/soydeaqui.ddns.net\/pachuca\/index.php\/wp-json\/wp\/v2\/comments?post=109657"}],"wp:featuredmedia":[{"embeddable":true,"href":"https:\/\/soydeaqui.ddns.net\/pachuca\/index.php\/wp-json\/wp\/v2\/media\/109656"}],"wp:attachment":[{"href":"https:\/\/soydeaqui.ddns.net\/pachuca\/index.php\/wp-json\/wp\/v2\/media?parent=109657"}],"wp:term":[{"taxonomy":"product_brand","embeddable":true,"href":"https:\/\/soydeaqui.ddns.net\/pachuca\/index.php\/wp-json\/wp\/v2\/product_brand?post=109657"},{"taxonomy":"product_cat","embeddable":true,"href":"https:\/\/soydeaqui.ddns.net\/pachuca\/index.php\/wp-json\/wp\/v2\/product_cat?post=109657"},{"taxonomy":"product_tag","embeddable":true,"href":"https:\/\/soydeaqui.ddns.net\/pachuca\/index.php\/wp-json\/wp\/v2\/product_tag?post=109657"}],"curies":[{"name":"wp","href":"https:\/\/api.w.org\/{rel}","templated":true}]}}