{"id":109642,"date":"2026-03-20T19:08:52","date_gmt":"2026-03-20T19:08:52","guid":{"rendered":"https:\/\/soydeaqui.ddns.net\/pachuca\/index.php\/producto\/kit-de-videoportero-frente-de-calle-antivandalismo-camara-900tvl-para-baja-iluminacion-pantalla-alta-resolucion-control\/"},"modified":"2026-03-20T19:08:54","modified_gmt":"2026-03-20T19:08:54","slug":"kit-de-videoportero-frente-de-calle-antivandalismo-camara-900tvl-para-baja-iluminacion-pantalla-alta-resolucion-control","status":"publish","type":"product","link":"https:\/\/soydeaqui.ddns.net\/pachuca\/index.php\/producto\/kit-de-videoportero-frente-de-calle-antivandalismo-camara-900tvl-para-baja-iluminacion-pantalla-alta-resolucion-control\/","title":{"rendered":"Kit de Videoportero \/ Frente de Calle Antivandalismo \/ C\u00e1mara 900TVL para Baja Iluminaci\u00f3n \/ Pantalla Alta Resoluci\u00f3n \/ Control"},"content":{"rendered":"<div style='width: 100%; max-width: 1200px; margin: 0 auto; font-family: sans-serif; line-height: 1.6; color: inherit; background-color: transparent;'>\n<div style='display: flex; flex-wrap: wrap; gap: 30px; margin-bottom: 30px;'>\n<div style='flex: 1 1 300px; min-width: 280px;'>\n<h3 style='font-size: 22px; border-bottom: 2px solid currentColor; padding-bottom: 5px; margin-top: 0; color: inherit; opacity: 0.8;'>Caracter\u00edsticas del Sistema<\/h3>\n<ul style='padding-left: 20px; font-size: 15px; color: inherit;'>\n<li style='margin-bottom: 5px;'>Dise\u00f1o delgado y compacto<\/li>\n<li style='margin-bottom: 5px;'>Monitor LCD digital a color de 4.3\u201d pulgadas<\/li>\n<li style='margin-bottom: 5px;'>Pantalla Alta Resoluci\u00f3n<\/li>\n<li style='margin-bottom: 5px;'>Bot\u00f3n de Iconos y de contacto<\/li>\n<li style='margin-bottom: 5px;'>Funci\u00f3n OSD<\/li>\n<li style='margin-bottom: 5px;'>Comunicaci\u00f3n con el visitante y apertura de puerta<\/li>\n<li style='margin-bottom: 5px;'>Soporta 2 monitores<\/li>\n<\/ul><\/div>\n<div style='flex: 1 1 300px; min-width: 280px;'>\n<h3 style='font-size: 22px; border-bottom: 2px solid currentColor; padding-bottom: 5px; margin-top: 0; color: inherit; opacity: 0.8;'>Caracter\u00edsticas del Frente de Calle<\/h3>\n<ul style='padding-left: 20px; font-size: 15px; color: inherit;'>\n<li style='margin-bottom: 5px;'>Resistente frente de calle met\u00e1lico<\/li>\n<li style='margin-bottom: 5px;'>C\u00e1mara 900TVL<\/li>\n<li style='margin-bottom: 5px;'>Montaje para superficie y pared<\/li>\n<li style='margin-bottom: 5px;'>C\u00e1mara color con lente de 3.6 mm tipo pinhole<\/li>\n<li style='margin-bottom: 5px;'>Iluminaci\u00f3n m\u00ednima de 0.1 lux&comma; con luz blanca para visi\u00f3n nocturna<\/li>\n<li style='margin-bottom: 5px;'>Salida de relevador Normalmente Abierto<\/li>\n<li style='margin-bottom: 5px;'>Para uso de contrachapas el\u00e9ctricas (se requiere alimentaci\u00f3n adicional)<\/li>\n<li style='margin-bottom: 5px;'>Alimentaci\u00f3n del Monitor: 110 Vca<\/li>\n<li style='margin-bottom: 5px;'>Dimensiones monitor 210 x 222 x 57 mm<\/li>\n<li style='margin-bottom: 5px;'>Peso monitor: 1.2 kg<\/li>\n<li style='margin-bottom: 5px;'>Incluye Kit de Instalaci\u00f3n<\/li>\n<\/ul><\/div>\n<\/p><\/div>\n<div style='margin: 30px 0;'> <a href='http:\/\/soporte.syscom.mx\/syscom-mx\/bases-alta-fidelidad' style='color: inherit; text-decoration: underline;'>Consulte las bases&comma; *2<\/a> <\/div>\n<\/p><\/div>\n","protected":false},"excerpt":{"rendered":"<p>Kit de Videoportero \/ Frente de Calle Antivandalismo \/ C\u00e1mara 900TVL para Baja Iluminaci\u00f3n \/ Pantalla Alta Resoluci\u00f3n \/ Control<\/p>\n","protected":false},"featured_media":109641,"comment_status":"open","ping_status":"closed","template":"","meta":[],"product_brand":[],"product_cat":[974],"product_tag":[234,872,557],"class_list":{"0":"post-109642","1":"product","2":"type-product","3":"status-publish","4":"has-post-thumbnail","6":"product_cat-videoporteros-analogicos-videoporteros-e-interfonos","7":"product_tag-accesspro","8":"product_tag-videoporteros-analogicos","9":"product_tag-videoporteros-e-interfonos","11":"first","12":"outofstock","13":"sale","14":"shipping-taxable","15":"purchasable","16":"product-type-simple"},"_links":{"self":[{"href":"https:\/\/soydeaqui.ddns.net\/pachuca\/index.php\/wp-json\/wp\/v2\/product\/109642","targetHints":{"allow":["GET"]}}],"collection":[{"href":"https:\/\/soydeaqui.ddns.net\/pachuca\/index.php\/wp-json\/wp\/v2\/product"}],"about":[{"href":"https:\/\/soydeaqui.ddns.net\/pachuca\/index.php\/wp-json\/wp\/v2\/types\/product"}],"replies":[{"embeddable":true,"href":"https:\/\/soydeaqui.ddns.net\/pachuca\/index.php\/wp-json\/wp\/v2\/comments?post=109642"}],"wp:featuredmedia":[{"embeddable":true,"href":"https:\/\/soydeaqui.ddns.net\/pachuca\/index.php\/wp-json\/wp\/v2\/media\/109641"}],"wp:attachment":[{"href":"https:\/\/soydeaqui.ddns.net\/pachuca\/index.php\/wp-json\/wp\/v2\/media?parent=109642"}],"wp:term":[{"taxonomy":"product_brand","embeddable":true,"href":"https:\/\/soydeaqui.ddns.net\/pachuca\/index.php\/wp-json\/wp\/v2\/product_brand?post=109642"},{"taxonomy":"product_cat","embeddable":true,"href":"https:\/\/soydeaqui.ddns.net\/pachuca\/index.php\/wp-json\/wp\/v2\/product_cat?post=109642"},{"taxonomy":"product_tag","embeddable":true,"href":"https:\/\/soydeaqui.ddns.net\/pachuca\/index.php\/wp-json\/wp\/v2\/product_tag?post=109642"}],"curies":[{"name":"wp","href":"https:\/\/api.w.org\/{rel}","templated":true}]}}