{"id":109618,"date":"2026-03-20T19:07:32","date_gmt":"2026-03-20T19:07:32","guid":{"rendered":"https:\/\/soydeaqui.ddns.net\/pachuca\/index.php\/producto\/dvr-1080p-lite-4-canales-turbohd-1-canal-ip-1-bahia-de-disco-duro-h-264-1-canal-de-audio-salida-de-video-full-hd\/"},"modified":"2026-03-20T19:07:48","modified_gmt":"2026-03-20T19:07:48","slug":"dvr-1080p-lite-4-canales-turbohd-1-canal-ip-1-bahia-de-disco-duro-h-264-1-canal-de-audio-salida-de-video-full-hd","status":"publish","type":"product","link":"https:\/\/soydeaqui.ddns.net\/pachuca\/index.php\/producto\/dvr-1080p-lite-4-canales-turbohd-1-canal-ip-1-bahia-de-disco-duro-h-264-1-canal-de-audio-salida-de-video-full-hd\/","title":{"rendered":"DVR 1080P lite \/ 4 Canales TURBOHD + 1 Canal IP \/ 1 Bah\u00eda de Disco Duro \/ H.264+ \/ 1 Canal de Audio \/ Salida de v\u00eddeo Full HD"},"content":{"rendered":"<div style='width: 100%; max-width: 1200px; margin: 0 auto; font-family: sans-serif; line-height: 1.6; color: inherit; background-color: transparent;'>\n<div style='display: flex; justify-content: center; margin-bottom: 30px;'> <img style='width: 45%; height: auto; border: 1px solid rgba(150&comma;150&comma;150&comma;0.3); border-radius: 8px;' src='https:\/\/ftp3.syscom.mx\/usuarios\/jsosa\/HIKVISION\/imagenes\/logo\/hikvision%20see%20far.png' alt='Logo Hikvision'> <\/div>\n<div style='position: relative; padding-bottom: 56.25%; height: 0; overflow: hidden; margin-bottom: 30px;'>   <\/div>\n<div style='display: flex; flex-wrap: wrap; gap: 30px; margin-bottom: 30px;'>\n<div style='flex: 1 1 300px; min-width: 280px;'>\n<h3 style='font-size: 22px; border-bottom: 2px solid currentColor; padding-bottom: 5px; margin-top: 0; color: inherit; opacity: 0.8;'>Caracter\u00edsticas principales<\/h3>\n<ul style='padding-left: 20px; font-size: 15px; color: inherit;'>\n<li style='margin-bottom: 5px;'>Tecnolog\u00eda TurboHD 1080P Lite Ver. 3.0<\/li>\n<li style='margin-bottom: 5px;'>Soporte de tecnolog\u00edas: HD-TVI \/ HD-CVI \/ AHD \/ Anal\u00f3gico (CVBS)<\/li>\n<li style='margin-bottom: 5px;'>Software cliente iVMS-4200<\/li>\n<li style='margin-bottom: 5px;'>Compatible con Hik-Connect P2P<\/li>\n<li style='margin-bottom: 5px;'>Soporta servicio Hik-connect Domain \/ DynDNS \/ NO-IP<\/li>\n<li style='margin-bottom: 5px;'>Soporta 4 canales TURBOHD \/ anal\u00f3gicos + 1 canal IP = 5 canales en total<\/li>\n<li style='margin-bottom: 5px; font-weight: bold;'>NOTA: Permite apagar canales an\u00e1logos para agregar canales IP<\/li>\n<li style='margin-bottom: 5px;'>Para conectar los canales IP requiere utilizar un switch\/switch poe (no incluido)<\/li>\n<\/ul><\/div>\n<div style='flex: 1 1 300px; min-width: 280px;'>\n<h3 style='font-size: 22px; border-bottom: 2px solid currentColor; padding-bottom: 5px; margin-top: 0; color: inherit; opacity: 0.8;'>Caracter\u00edsticas F\u00edsicas y El\u00e9ctricas<\/h3>\n<ul style='padding-left: 20px; font-size: 15px; color: inherit;'>\n<li style='margin-bottom: 5px;'>Alimentaci\u00f3n: 12 Vcc (1.5 Amp)<\/li>\n<li style='margin-bottom: 5px;'>Consumo sin disco duro: 8 W<\/li>\n<li style='margin-bottom: 5px;'>Temperatura de operaci\u00f3n: -10 \u00baC hasta 55 \u00baC<\/li>\n<li style='margin-bottom: 5px;'>Dimensiones: 200 \u00d7 200 \u00d7 45 mm (W \u00d7 D \u00d7 H)<\/li>\n<li style='margin-bottom: 5px;'>Peso: 0.8 Kg sin disco duro<\/li>\n<li style='margin-bottom: 5px;'>Nota: No soporta canal cero<\/li>\n<li style='margin-bottom: 5px;'>No es compatible con control remoto<\/li>\n<li style='margin-bottom: 5px;'>Garant\u00eda: 2 a\u00f1os<\/li>\n<\/ul><\/div>\n<div style='flex: 1 1 300px; min-width: 280px;'>\n<h3 style='font-size: 22px; border-bottom: 2px solid currentColor; padding-bottom: 5px; margin-top: 0; color: inherit; opacity: 0.8;'>Interfaces Entradas \/ Salidas<\/h3>\n<ul style='padding-left: 20px; font-size: 15px; color: inherit;'>\n<li style='margin-bottom: 5px;'>Entrada de video:\n<ul style='padding-left: 20px; margin-top: 5px; margin-bottom: 5px;'>\n<li style='margin-bottom: 5px;'>4 canales (BNC&comma; 1.0Vp-p&comma; 75\u03a9)<\/li>\n<\/ul>\n<\/li>\n<li style='margin-bottom: 5px;'>Salida de video:\n<ul style='padding-left: 20px; margin-top: 5px; margin-bottom: 5px;'>\n<li style='margin-bottom: 5px;'>HDMI: 1920\u00d71080&comma; 1280\u00d71024&comma; 1280\u00d7720&comma; 1024\u00d7768<\/li>\n<li style='margin-bottom: 5px;'>VGA: 1920\u00d71080&comma; 1280\u00d71024&comma; 1280\u00d7720&comma; 1024\u00d7768<\/li>\n<\/ul>\n<\/li>\n<li style='margin-bottom: 5px;'>Entrada audio: 1 (RCA&comma; 2.0 Vp-p&comma; 1K\u03a9)<\/li>\n<li style='margin-bottom: 5px;'>Salida audio: 1 (RCA&comma; 2.0 Vp-p&comma; 1K\u03a9)<\/li>\n<li style='margin-bottom: 5px;'>Entrada alarma: N\/A<\/li>\n<li style='margin-bottom: 5px;'>Salida alarma: N\/A<\/li>\n<li style='margin-bottom: 5px;'>Interfaz USB: 2 puertos (2.0) trasero<\/li>\n<li style='margin-bottom: 5px;'>Interfaz red: 1 puertos (RJ-45 10\/100 Mbps)<\/li>\n<li style='margin-bottom: 5px;'>Capacidad HDD: 1 @ 6TB<\/li>\n<\/ul><\/div>\n<\/p><\/div>\n<hr style='border: 0; border-top: 1px solid rgba(150&comma; 150&comma; 150&comma; 0.3); margin: 30px 0;'>\n<div style='display: flex; flex-wrap: wrap; gap: 30px; margin-bottom: 30px;'>\n<div style='flex: 1 1 300px; min-width: 280px;'>\n<h3 style='font-size: 22px; border-bottom: 2px solid currentColor; padding-bottom: 5px; margin-top: 0; color: inherit; opacity: 0.8;'>Compresi\u00f3n y resoluci\u00f3n<\/h3>\n<ul style='padding-left: 20px; font-size: 15px; color: inherit;'>\n<li style='margin-bottom: 5px;'>H.264+ \/ H.264<\/li>\n<li style='margin-bottom: 5px;'>HD-TVI: 1080P Lite@30 IPS<\/li>\n<li style='margin-bottom: 5px;'>HD-CVI: 1080P Lite@30 IPS<\/li>\n<li style='margin-bottom: 5px;'>CVBS: WD1@30 IPS<\/li>\n<li style='margin-bottom: 5px;'>AHD: 1080P Lite@30IPS<\/li>\n<li style='margin-bottom: 5px;'>IP: 2 Megapixel (1080p)<\/li>\n<\/ul><\/div>\n<\/p><\/div>\n<div style='display: flex; justify-content: center; margin-bottom: 30px;'> <img style='width: 100%; height: auto; border: 1px solid rgba(150&comma;150&comma;150&comma;0.3); border-radius: 8px;' src='http:\/\/ftp3.syscom.mx\/usuarios\/fotos\/DS7104HGHIF1\/N\/88609-baner.jpg' alt='Banner del producto'> <\/div>\n<\/p><\/div>\n","protected":false},"excerpt":{"rendered":"<p>DVR 1080P lite \/ 4 Canales TURBOHD + 1 Canal IP \/ 1 Bah\u00eda de Disco Duro \/ H.264+ \/ 1 Canal de Audio \/ Salida de v\u00eddeo Full HD<\/p>\n","protected":false},"featured_media":109617,"comment_status":"open","ping_status":"closed","template":"","meta":[],"product_brand":[],"product_cat":[2254],"product_tag":[2255,54,2256],"class_list":{"0":"post-109618","1":"product","2":"type-product","3":"status-publish","4":"has-post-thumbnail","6":"product_cat-videograbadoras-analogicas-turbohd-tvi-ahd-cvi","7":"product_tag-camaras-y-dvrs-hd-turbohd-ahd-hd-tvi","8":"product_tag-hikvision","9":"product_tag-videograbadoras-analogicas-turbohd-tvi-ahd-cvi","11":"first","12":"outofstock","13":"sale","14":"shipping-taxable","15":"purchasable","16":"product-type-simple"},"_links":{"self":[{"href":"https:\/\/soydeaqui.ddns.net\/pachuca\/index.php\/wp-json\/wp\/v2\/product\/109618","targetHints":{"allow":["GET"]}}],"collection":[{"href":"https:\/\/soydeaqui.ddns.net\/pachuca\/index.php\/wp-json\/wp\/v2\/product"}],"about":[{"href":"https:\/\/soydeaqui.ddns.net\/pachuca\/index.php\/wp-json\/wp\/v2\/types\/product"}],"replies":[{"embeddable":true,"href":"https:\/\/soydeaqui.ddns.net\/pachuca\/index.php\/wp-json\/wp\/v2\/comments?post=109618"}],"wp:featuredmedia":[{"embeddable":true,"href":"https:\/\/soydeaqui.ddns.net\/pachuca\/index.php\/wp-json\/wp\/v2\/media\/109617"}],"wp:attachment":[{"href":"https:\/\/soydeaqui.ddns.net\/pachuca\/index.php\/wp-json\/wp\/v2\/media?parent=109618"}],"wp:term":[{"taxonomy":"product_brand","embeddable":true,"href":"https:\/\/soydeaqui.ddns.net\/pachuca\/index.php\/wp-json\/wp\/v2\/product_brand?post=109618"},{"taxonomy":"product_cat","embeddable":true,"href":"https:\/\/soydeaqui.ddns.net\/pachuca\/index.php\/wp-json\/wp\/v2\/product_cat?post=109618"},{"taxonomy":"product_tag","embeddable":true,"href":"https:\/\/soydeaqui.ddns.net\/pachuca\/index.php\/wp-json\/wp\/v2\/product_tag?post=109618"}],"curies":[{"name":"wp","href":"https:\/\/api.w.org\/{rel}","templated":true}]}}