{"id":109584,"date":"2026-03-20T19:05:43","date_gmt":"2026-03-20T19:05:43","guid":{"rendered":"https:\/\/soydeaqui.ddns.net\/pachuca\/index.php\/producto\/licencia-de-1-canal-de-wisenet-wave-profesional\/"},"modified":"2026-03-20T19:05:45","modified_gmt":"2026-03-20T19:05:45","slug":"licencia-de-1-canal-de-wisenet-wave-profesional","status":"publish","type":"product","link":"https:\/\/soydeaqui.ddns.net\/pachuca\/index.php\/producto\/licencia-de-1-canal-de-wisenet-wave-profesional\/","title":{"rendered":"Licencia de 1 Canal de Wisenet Wave Profesional"},"content":{"rendered":"<div class='row default_margin_bottom'>\n<div class='col-xs-12 text-center'>\n<h1 class='text-primary'><img class='fr-fic fr-dii' src='http:\/\/172.31.13.99\/usuarios\/anavarrete\/Wisenet\/Wisenet-WAVE-logo-cropped.png' alt='' \/><\/h1>\n<\/p>\n<p><span style='font-size: 20px;'><strong>Un VMS fabricado para usted<\/strong><\/span><\/p>\n<p><span style='font-size: 18px;'>Cada caracteristica de Wisenet WAVE esta dise\u00f1ada cuidadosamente para proporcionar una experiencia simple pero poderosa para todos&comma; ya sea usuario final&comma; integrador de sistemas o socio tecnol\u00f3gico.<\/span><\/p>\n<\/p>\n<h1 class='text-primary'><span style='font-size: 24px; color: #000000;'>Principales Ventajas<\/span><\/h1>\n<\/p><\/div>\n<div class='col-sm-4'>\n<div class='default_margin_btn' style='border: 1px solid #e0e0e0; border-radius: 4px; padding: 10px;'>\n<h3><span style='color: #f37934;'>No requiere licencia base<\/span><\/h3>\n<p style='text-align: justify;'>La licencia al momento de ser adquirida <strong>no requiere<\/strong> alg\u00fan<strong> pago adicional<\/strong>&comma; no es necesario pagar por actualizaciones posteriores a su adquisici\u00f3n y <span style='color: #f37934;'><strong><span style='font-size: 12px;'>la licencia es vitalicia<\/span><\/strong><\/span>.<\/p>\n<\/p><\/div>\n<\/p><\/div>\n<div class='col-sm-4'>\n<div class='default_margin_btn' style='border: 1px solid #e0e0e0; border-radius: 4px; padding: 10px;'>\n<h3><span style='color: #f37934;'>Conexi\u00f3n P2P<\/span><\/h3>\n<p style='text-align: justify;'>No se preocupe por hacer apertura de puertos&comma; con <strong>WAVE SYNC<\/strong>&comma; disfrute de una conexi\u00f3n remota con todos sus servidores del sistema sin hacer apertura de puertos.<\/p>\n<\/p><\/div>\n<\/p><\/div>\n<div class='col-sm-4'>\n<div class='default_margin_btn' style='border: 1px solid #e0e0e0; border-radius: 4px; padding: 10px;'>\n<h3><span style='color: #f37934;'>Instalaci\u00f3n al instante<\/span><\/h3>\n<p style='text-align: justify;'>Al iniciar con la instalaci\u00f3n del cliente y\/o servidor&comma; <strong>en cuesti\u00f3n de minutos<\/strong> su software estar\u00e1 instalado. El instalador es tan eficiente que solamente tiene que presionar siguiente en la instalaci\u00f3n. <\/p>\n<\/p><\/div>\n<\/p><\/div>\n<div class='col-sm-4'>\n<div class='default_margin_btn' style='border: 1px solid #e0e0e0; border-radius: 4px; padding: 10px;'>\n<h3><span style='color: #f37934;'>F\u00e1cil adici\u00f3n de c\u00e1maras<\/span><\/h3>\n<p style='text-align: justify;'>El software ofrece un buscador para las c\u00e1maras que se encuentren en la red. Solamente ingrese el usuario y contrase\u00f1a para integrar sus c\u00e1maras al sistema.<strong> Ahorrando<\/strong> as\u00ed pasos en su configuraci\u00f3n.<\/p>\n<\/p><\/div>\n<\/p><\/div>\n<div class='col-sm-4'>\n<div class='default_margin_btn' style='border: 1px solid #e0e0e0; border-radius: 4px; padding: 10px;'>\n<h3><span style='color: #f37934;'><strong>M\u00e1s de 4&comma;000 modelos compatibles<\/strong><\/span><\/h3>\n<p style='text-align: justify;'>Aproveche la compatibilidad de m\u00e1s de 4&comma;000 modelos de c\u00e1maras de<strong> 290 diferentes fabricantes<\/strong>&comma; entre ellos&comma; las marcas l\u00edderes en el mercado.<\/p>\n<p style='text-align: justify;'>\n<\/p><\/div>\n<\/p><\/div>\n<div class='col-sm-4'>\n<div class='default_margin_btn' style='border: 1px solid #e0e0e0; border-radius: 4px; padding: 10px;'>\n<h3><span style='color: #f37934;'>Integre hasta 3&comma;000 c\u00e1maras en un sistema<\/span><\/h3>\n<p style='text-align: justify;'>Visualice y gestione hasta 3&comma;000 c\u00e1maras de diferentes marcas en un mismo sistema de videovigilancia. Puede ingresar hasta <strong>128 c\u00e1maras por servidor<\/strong>.<\/p>\n<p style='text-align: justify;'>\n<\/p><\/div>\n<\/p><\/div>\n<div class='col-sm-4'>\n<div class='default_margin_btn' style='border: 1px solid #e0e0e0; border-radius: 4px; padding: 10px;'>\n<h3><span style='color: #f37934;'>Servidor compatible con Windows y Linux<\/span><\/h3>\n<\/p><\/div>\n<\/p><\/div>\n<div class='col-sm-4'>\n<div class='default_margin_btn' style='border: 1px solid #e0e0e0; border-radius: 4px; padding: 10px;'>\n<h3><span style='color: #f37934;'>Cliente compatible con MAC&comma; Windows y Linux<\/span><\/h3>\n<\/p><\/div>\n<\/p><\/div>\n<div class='col-sm-4'>\n<div class='default_margin_btn' style='border: 1px solid #e0e0e0; border-radius: 4px; padding: 10px;'>\n<h3><span style='color: #f37934;'>Grabaci\u00f3n a prueba de fallos.<\/span><\/h3>\n<\/p><\/div>\n<\/p><\/div>\n<\/p><\/div>\n<p style='text-align: center;'>\n<p style='text-align: center;'><span style='font-size: 30px;'><strong>Funciones principales<\/strong><\/span><\/p>\n<p style='text-align: center;'>\n<div class='row'>\n<div class='col-sm-6'>\n<div class='embed-responsive embed-responsive-16by9'><span class='fr-video fr-fvc fr-dvi fr-draggable' contenteditable='false'> <\/span><\/div>\n<\/p><\/div>\n<div class='col-sm-6'>\n<h2 style='text-align: justify;'>F\u00e1cil manejo de PTZ<\/h2>\n<p style='text-align: justify;'>Controle las PTZ de su sistema con el rat\u00f3n de su ordenador&comma; es m\u00e1s sencillo que utilizar un controlador. Solamente <strong><span style='color: #f37934;'>dibuje<\/span><\/strong> un cuadro hacia d\u00f3nde quiere que la PTZ haga zoom&comma; presione un solo <span style='color: #f37934;'><strong>click<\/strong><\/span> para que se mueva a donde el cursor indica&comma; <strong><span style='color: #f37934;'>doble click<\/span><\/strong> para regresar el zoom y haga el enfoque de manera autom\u00e1tica.<\/p>\n<\/p><\/div>\n<\/p><\/div>\n<div class='row default_padding_bottom'>\n<div class='col-sm-6'>\n<h2 style='text-align: justify;'>El acomodo de c\u00e1maras m\u00e1s \u00e1gil del mercado<\/h2>\n<ul>\n<li style='text-align: justify;'>El monitorista gozar\u00e1 del acomodo de c\u00e1maras m\u00e1s f\u00e1cil e intuitivo que existe en un software&comma; con dar solamente <span style='color: #f37934;'><strong>doble click<\/strong><\/span> sobre las c\u00e1maras el software se encargar\u00e1 de acomodarlas sobre el panel de visualizaci\u00f3n. <\/li>\n<li style='text-align: justify;'><span style='color: #f37934;'><strong>Arrastre<\/strong><\/span> las im\u00e1genes para hacerlas m\u00e1s grandes o peque\u00f1as. <\/li>\n<li style='text-align: justify;'><span style='color: #f37934;'><strong>Dibuje<\/strong><\/span> un recuadro sobre un punto de inter\u00e9s para que el software abra una ventana especial solo para visualizar ese punto.<\/li>\n<\/ul>\n<\/p><\/div>\n<div class='col-sm-6'>\n<div class='embed-responsive embed-responsive-16by9'><span class='fr-video fr-fvc fr-dvi fr-draggable' contenteditable='false'> <\/span><\/div>\n<\/p><\/div>\n<\/p><\/div>\n<div class='row'>\n<div class='col-sm-6'>\n<div class='embed-responsive embed-responsive-16by9'><span class='fr-video fr-fvc fr-dvi fr-draggable' contenteditable='false'> <\/span><\/div>\n<\/p><\/div>\n<div class='col-sm-6'>\n<h2 style='text-align: justify;'>Integre sus c\u00e1maras en 2 pasos al sistema<\/h2>\n<p style='text-align: justify;'>Con ayuda del buscador de c\u00e1maras IP en la red&comma; encuentre todos los dispositivos que tenga conectados en red para as\u00ed solamente tenga que ingresar el usuario y contrase\u00f1a para poder integrar sus c\u00e1maras al sistema. <span style='color: #f37934;'><strong>Facilitando la configuraci\u00f3n del sistema<\/strong><\/span>.<\/p>\n<\/p><\/div>\n<\/p><\/div>\n<div class='row default_padding_bottom'>\n<div class='col-sm-6'>\n<h2 style='text-align: justify;'>B\u00fasqueda inteligente de grabaciones.<\/h2>\n<p><span style='color: #f37934;'><strong>Ahorre tiempo<\/strong><\/span> en buscar un evento utilizando la funci\u00f3n de b\u00fasqueda inteligente. Ingrese a la grabaci\u00f3n y dibuje un \u00e1rea en donde ocurri\u00f3 el evento&comma; el software se encargar\u00e1 de filtrar y mostrar todos los videos en donde haya habido movimiento dentro de esa \u00e1rea.<\/p>\n<\/p>\n<\/p>\n<\/p><\/div>\n<div class='col-sm-6'>\n<div class='embed-responsive embed-responsive-16by9'><span class='fr-video fr-fvc fr-dvi fr-draggable' contenteditable='false'> <\/span><\/div>\n<\/p><\/div>\n<\/p><\/div>\n<div class='row'>\n<div class='col-sm-4'>\n<div style='border-left: 5px solid #f37324; border-radius: 5px; padding: 5px; box-shadow: 2px 2px 10px #d8d8d8; -webkit-box-shadow: 2px 2px 10px #d8d8d8;'><strong>Caracter\u00edsticas principales:<\/strong> <\/p>\n<ul>\n<li>Soporta protocolo Onvif.<\/li>\n<li>Soporta multiples marcas de camaras<\/li>\n<li>Auto-discovery de camaras para facil configuracion.<\/li>\n<li>Hasta 128 camaras por servidor<\/li>\n<li>Formatos de compresion H.265 y H.264<\/li>\n<li>Licencia vitalicia&comma; libre de costos de actualizacion o anualidades de soporte.<\/li>\n<\/ul><\/div>\n<\/p><\/div>\n<div class='col-sm-4'>\n<div style='border-left: 5px solid #f37324; border-radius: 5px; padding: 5px; box-shadow: 2px 2px 10px #d8d8d8; -webkit-box-shadow: 2px 2px 10px #d8d8d8;'><strong>Funciones especiales:<\/strong> <\/p>\n<ul>\n<li>Soporta m\u00faltiples instancias de cliente.<\/li>\n<li>Dewarping de c\u00e1maras fisheye.<\/li>\n<li>Vistas administrables por el usuario.<\/li>\n<li>Administraci\u00f3n de eventos.<\/li>\n<li>Trabaja bajo m\u00faltiples plataformas Windows&comma; iOS y Linux.<\/li>\n<li>Soporta Failover.<\/li>\n<li>Control PTZ avanzado.<\/li>\n<li>Backup de almacenamiento.<\/li>\n<li>Moitoreo de la salud del servidor.<\/li>\n<\/ul><\/div>\n<\/p><\/div>\n<div class='col-sm-4'>\n<div style='border-left: 5px solid #f37324; border-radius: 5px; padding: 5px; box-shadow: 2px 2px 10px #d8d8d8; -webkit-box-shadow: 2px 2px 10px #d8d8d8;'><strong>Funciones especiales:<\/strong> <\/p>\n<ul>\n<li>Audio de 2 v\u00edas.<\/li>\n<li>B\u00fasqueda inteligente de movimiento.<\/li>\n<li>M\u00faltiples actualizaciones en un solo click.<\/li>\n<li>B\u00fasqueda previa de eventos.<\/li>\n<li>Grabaci\u00f3n de eventos en vivo.<\/li>\n<li>WAVE Sync para visualizaci\u00f3n remota.<\/li>\n<li>Ventanas de zoom digital.<\/li>\n<li>Mapas digitales.<\/li>\n<\/ul><\/div>\n<\/p><\/div>\n<\/p><\/div>\n<p style='text-align: center;'>\n<p style='text-align: center;'>\n<p style='text-align: center;'>\n<div class='row default_margin_bottom'>\n<div class='col-sm-6' style='text-align: center;'><a href='https:\/\/wavevms.com\/resources\/compatible-devices\/\/' target='_blank' rel='noopener'><img class='fr-fic fr-dii' style='width: 374px;' src='https:\/\/ftp3.syscom.mx\/usuarios\/imendez\/Hanwha\/Click%20aqui%203.jpg' alt='' \/><\/a><\/div>\n<div class='col-sm-6' style='text-align: center;'><a href='https:\/\/hanwhavisionamerica.com\/wisenet-wave-vms\/wisenet-wave-vms-features\/' target='_blank' rel='noopener'><img class='fr-fic fr-dii' style='width: 366px;' src='https:\/\/ftp3.syscom.mx\/usuarios\/imendez\/Hanwha\/11012019124738pm.gif' alt='' \/><\/a><\/div>\n<p style='text-align: center;'>\n<p style='text-align: center;'>\n<p style='text-align: center;'>\n<p style='text-align: center;'>\n<p style='text-align: center;'>\n<p style='text-align: center;'>\n<p style='text-align: center;'>\n<p style='text-align: center;'>\n<p style='text-align: center;'><span style='font-size: 18px;'><strong>Otros videos<\/strong><\/span><\/p>\n<div class='row'>\n<div class='col-sm-4'>\n<div style='border-left: 5px solid #F37934; border-radius: 5px; padding: 5px; box-shadow: 2px 2px 10px #d8d8d8; -webkit-box-shadow: 2px 2px 10px #d8d8d8;'><strong>Audio de 2 V\u00edas:<\/strong><\/div>\n<\/p><\/div>\n<div class='col-sm-4'>\n<div style='border-left: 5px solid #F37934; border-radius: 5px; padding: 5px; box-shadow: 2px 2px 10px #d8d8d8; -webkit-box-shadow: 2px 2px 10px #d8d8d8;'><strong>Mapas Digitales:<\/strong><\/div>\n<\/p><\/div>\n<div class='col-sm-4'>\n<div style='border-left: 5px solid #F37934; border-radius: 5px; padding: 5px; box-shadow: 2px 2px 10px #d8d8d8; -webkit-box-shadow: 2px 2px 10px #d8d8d8;'><strong>Dewarping en Fisheyes:<\/strong><\/div>\n<\/p><\/div>\n<\/p><\/div>\n<div class='row'>\n<div class='col-sm-6 col-md-4'>\n<div class='embed-responsive embed-responsive-16by9'><span class='fr-video fr-fvc fr-dvi fr-draggable' contenteditable='false'> <\/span><\/div>\n<\/p><\/div>\n<div class='col-sm-6 col-md-4'>\n<div class='embed-responsive embed-responsive-16by9'><span class='fr-video fr-fvc fr-dvi fr-draggable' contenteditable='false'> <\/span><\/div>\n<\/p><\/div>\n<div class='col-sm-6 col-md-4'>\n<div class='embed-responsive embed-responsive-16by9'><span class='fr-video fr-fvc fr-dvi fr-draggable' contenteditable='false'> <\/span><\/div>\n<\/p><\/div>\n<\/p><\/div>\n<p style='text-align: center;'>\n<p style='text-align: center;'>\n<div class='row'>\n<div class='col-sm-4'>\n<div style='border-left: 5px solid #F37934; border-radius: 5px; padding: 5px; box-shadow: 2px 2px 10px #d8d8d8; -webkit-box-shadow: 2px 2px 10px #d8d8d8;'><strong>Salud del Sistema:<\/strong><\/div>\n<\/p><\/div>\n<div class='col-sm-4'>\n<div style='border-left: 5px solid #F37934; border-radius: 5px; padding: 5px; box-shadow: 2px 2px 10px #d8d8d8; -webkit-box-shadow: 2px 2px 10px #d8d8d8;'><strong>Integraci\u00f3n de Video Anal\u00edticos:<\/strong><\/div>\n<\/p><\/div>\n<div class='col-sm-4'>\n<div style='border-left: 5px solid #F37934; border-radius: 5px; padding: 5px; box-shadow: 2px 2px 10px #d8d8d8; -webkit-box-shadow: 2px 2px 10px #d8d8d8;'><strong>Exportaci\u00f3n de Videos:<\/strong><\/div>\n<\/p><\/div>\n<\/p><\/div>\n<div class='row'>\n<div class='col-sm-6 col-md-4'>\n<div class='embed-responsive embed-responsive-16by9'><span class='fr-video fr-fvc fr-dvi fr-draggable' contenteditable='false'> <\/span><\/div>\n<\/p><\/div>\n<div class='col-sm-6 col-md-4'>\n<div class='embed-responsive embed-responsive-16by9'><span class='fr-video fr-fvc fr-dvi fr-draggable' contenteditable='false'> <\/span><\/div>\n<\/p><\/div>\n<div class='col-sm-6 col-md-4'>\n<div class='embed-responsive embed-responsive-16by9'><span class='fr-video fr-fvc fr-dvi fr-draggable' contenteditable='false'> <\/span><\/div>\n<\/p><\/div>\n<\/p><\/div>\n<p style='text-align: center;'>\n<div class='row default_margin_bottom'>\n<div class='col-sm-6'><strong>Garant\u00eda de 3 a\u00f1os.<\/strong><\/div>\n<\/p><\/div>\n<\/p><\/div>\n","protected":false},"excerpt":{"rendered":"<p>Licencia de 1 Canal de Wisenet Wave Profesional<\/p>\n","protected":false},"featured_media":109583,"comment_status":"open","ping_status":"closed","template":"","meta":[],"product_brand":[],"product_cat":[2331],"product_tag":[1055,2263,2332],"class_list":{"0":"post-109584","1":"product","2":"type-product","3":"status-publish","4":"has-post-thumbnail","6":"product_cat-wisenet-wave","7":"product_tag-hanwha-vision","8":"product_tag-software-vms-y-analiticas","9":"product_tag-wisenet-wave","11":"first","12":"outofstock","13":"sale","14":"shipping-taxable","15":"purchasable","16":"product-type-simple"},"_links":{"self":[{"href":"https:\/\/soydeaqui.ddns.net\/pachuca\/index.php\/wp-json\/wp\/v2\/product\/109584","targetHints":{"allow":["GET"]}}],"collection":[{"href":"https:\/\/soydeaqui.ddns.net\/pachuca\/index.php\/wp-json\/wp\/v2\/product"}],"about":[{"href":"https:\/\/soydeaqui.ddns.net\/pachuca\/index.php\/wp-json\/wp\/v2\/types\/product"}],"replies":[{"embeddable":true,"href":"https:\/\/soydeaqui.ddns.net\/pachuca\/index.php\/wp-json\/wp\/v2\/comments?post=109584"}],"wp:featuredmedia":[{"embeddable":true,"href":"https:\/\/soydeaqui.ddns.net\/pachuca\/index.php\/wp-json\/wp\/v2\/media\/109583"}],"wp:attachment":[{"href":"https:\/\/soydeaqui.ddns.net\/pachuca\/index.php\/wp-json\/wp\/v2\/media?parent=109584"}],"wp:term":[{"taxonomy":"product_brand","embeddable":true,"href":"https:\/\/soydeaqui.ddns.net\/pachuca\/index.php\/wp-json\/wp\/v2\/product_brand?post=109584"},{"taxonomy":"product_cat","embeddable":true,"href":"https:\/\/soydeaqui.ddns.net\/pachuca\/index.php\/wp-json\/wp\/v2\/product_cat?post=109584"},{"taxonomy":"product_tag","embeddable":true,"href":"https:\/\/soydeaqui.ddns.net\/pachuca\/index.php\/wp-json\/wp\/v2\/product_tag?post=109584"}],"curies":[{"name":"wp","href":"https:\/\/api.w.org\/{rel}","templated":true}]}}