{"id":109582,"date":"2026-03-20T19:05:38","date_gmt":"2026-03-20T19:05:38","guid":{"rendered":"https:\/\/soydeaqui.ddns.net\/pachuca\/index.php\/producto\/licencia-de-4-canal-de-wisenet-wave-profesional\/"},"modified":"2026-03-20T19:05:40","modified_gmt":"2026-03-20T19:05:40","slug":"licencia-de-4-canal-de-wisenet-wave-profesional","status":"publish","type":"product","link":"https:\/\/soydeaqui.ddns.net\/pachuca\/index.php\/producto\/licencia-de-4-canal-de-wisenet-wave-profesional\/","title":{"rendered":"Licencia de 4 Canal de Wisenet Wave Profesional"},"content":{"rendered":"<div style='width: 100%; max-width: 1200px; margin: 0 auto; font-family: sans-serif; line-height: 1.6; color: inherit; background-color: transparent;'> <!-- Logo y presentaci\u00f3n --> <\/p>\n<div style='text-align: center; margin-bottom: 30px;'> <img style='width: 100%; max-width: 300px; height: auto; border: 1px solid rgba(150&comma;150&comma;150&comma;0.3); border-radius: 8px;' src='http:\/\/172.31.13.99\/usuarios\/anavarrete\/Wisenet\/Wisenet-WAVE-logo-cropped.png' alt='Logo Wisenet WAVE'> <\/p>\n<p style='font-size: 20px; font-weight: bold; margin: 20px 0 10px;'>Un VMS fabricado para usted<\/p>\n<p style='font-size: 18px; max-width: 800px; margin: 0 auto; color: inherit;'>Cada caracter\u00edstica de Wisenet WAVE est\u00e1 dise\u00f1ada cuidadosamente para proporcionar una experiencia simple pero poderosa para todos&comma; ya sea usuario final&comma; integrador de sistemas o socio tecnol\u00f3gico.<\/p>\n<\/p><\/div>\n<p> <!-- Principales Ventajas --> <\/p>\n<h2 style='font-size: 24px; color: inherit; border-bottom: 2px solid currentColor; padding-bottom: 8px; margin: 40px 0 20px; opacity: 0.8;'>Principales Ventajas<\/h2>\n<div style='display: flex; flex-wrap: wrap; gap: 20px; margin-bottom: 40px;'>\n<div style='flex: 1 1 300px; min-width: 250px; border: 1px solid rgba(150&comma; 150&comma; 150&comma; 0.3); border-radius: 8px; padding: 15px;'>\n<h3 style='color: #f37934; font-size: 18px; margin-top: 0;'>No requiere licencia base<\/h3>\n<p style='font-size: 14px; color: inherit;'>La licencia al momento de ser adquirida <strong>no requiere<\/strong> alg\u00fan <strong>pago adicional<\/strong>&comma; no es necesario pagar por actualizaciones posteriores a su adquisici\u00f3n y <span style='color: #f37934; font-size: 12px;'><strong>la licencia es vitalicia<\/strong><\/span>.<\/p>\n<\/p><\/div>\n<div style='flex: 1 1 300px; min-width: 250px; border: 1px solid rgba(150&comma; 150&comma; 150&comma; 0.3); border-radius: 8px; padding: 15px;'>\n<h3 style='color: #f37934; font-size: 18px; margin-top: 0;'>Conexi\u00f3n P2P<\/h3>\n<p style='font-size: 14px; color: inherit;'>No se preocupe por hacer apertura de puertos&comma; con <strong>WAVE SYNC<\/strong>&comma; disfrute de una conexi\u00f3n remota con todos sus servidores del sistema sin hacer apertura de puertos.<\/p>\n<\/p><\/div>\n<div style='flex: 1 1 300px; min-width: 250px; border: 1px solid rgba(150&comma; 150&comma; 150&comma; 0.3); border-radius: 8px; padding: 15px;'>\n<h3 style='color: #f37934; font-size: 18px; margin-top: 0;'>Instalaci\u00f3n al instante<\/h3>\n<p style='font-size: 14px; color: inherit;'>Al iniciar con la instalaci\u00f3n del cliente y\/o servidor&comma; <strong>en cuesti\u00f3n de minutos<\/strong> su software estar\u00e1 instalado. El instalador es tan eficiente que solamente tiene que presionar siguiente en la instalaci\u00f3n.<\/p>\n<\/p><\/div>\n<div style='flex: 1 1 300px; min-width: 250px; border: 1px solid rgba(150&comma; 150&comma; 150&comma; 0.3); border-radius: 8px; padding: 15px;'>\n<h3 style='color: #f37934; font-size: 18px; margin-top: 0;'>F\u00e1cil adici\u00f3n de c\u00e1maras<\/h3>\n<p style='font-size: 14px; color: inherit;'>El software ofrece un buscador para las c\u00e1maras que se encuentren en la red. Solamente ingrese el usuario y contrase\u00f1a para integrar sus c\u00e1maras al sistema. <strong>Ahorrando<\/strong> as\u00ed pasos en su configuraci\u00f3n.<\/p>\n<\/p><\/div>\n<div style='flex: 1 1 300px; min-width: 250px; border: 1px solid rgba(150&comma; 150&comma; 150&comma; 0.3); border-radius: 8px; padding: 15px;'>\n<h3 style='color: #f37934; font-size: 18px; margin-top: 0;'><strong>M\u00e1s de 4&comma;000 modelos compatibles<\/strong><\/h3>\n<p style='font-size: 14px; color: inherit;'>Aproveche la compatibilidad de m\u00e1s de 4&comma;000 modelos de c\u00e1maras de <strong>290 diferentes fabricantes<\/strong>&comma; entre ellos&comma; las marcas l\u00edderes en el mercado.<\/p>\n<\/p><\/div>\n<div style='flex: 1 1 300px; min-width: 250px; border: 1px solid rgba(150&comma; 150&comma; 150&comma; 0.3); border-radius: 8px; padding: 15px;'>\n<h3 style='color: #f37934; font-size: 18px; margin-top: 0;'>Integre hasta 3&comma;000 c\u00e1maras en un sistema<\/h3>\n<p style='font-size: 14px; color: inherit;'>Visualice y gestione hasta 3&comma;000 c\u00e1maras de diferentes marcas en un mismo sistema de videovigilancia. Puede ingresar hasta <strong>128 c\u00e1maras por servidor<\/strong>.<\/p>\n<\/p><\/div>\n<div style='flex: 1 1 300px; min-width: 250px; border: 1px solid rgba(150&comma; 150&comma; 150&comma; 0.3); border-radius: 8px; padding: 15px;'>\n<h3 style='color: #f37934; font-size: 18px; margin-top: 0;'>Servidor compatible con Windows y Linux<\/h3>\n<\/p><\/div>\n<div style='flex: 1 1 300px; min-width: 250px; border: 1px solid rgba(150&comma; 150&comma; 150&comma; 0.3); border-radius: 8px; padding: 15px;'>\n<h3 style='color: #f37934; font-size: 18px; margin-top: 0;'>Cliente compatible con MAC&comma; Windows y Linux<\/h3>\n<\/p><\/div>\n<div style='flex: 1 1 300px; min-width: 250px; border: 1px solid rgba(150&comma; 150&comma; 150&comma; 0.3); border-radius: 8px; padding: 15px;'>\n<h3 style='color: #f37934; font-size: 18px; margin-top: 0;'>Grabaci\u00f3n a prueba de fallos<\/h3>\n<\/p><\/div>\n<\/p><\/div>\n<p> <!-- Funciones principales --> <\/p>\n<h2 style='font-size: 30px; color: inherit; text-align: center; margin: 40px 0 30px;'>Funciones principales<\/h2>\n<p> <!-- Funciones con videos --> <\/p>\n<div style='display: flex; flex-wrap: wrap; gap: 30px; margin-bottom: 40px;'>\n<div style='flex: 1 1 400px; min-width: 300px;'>\n<div style='position: relative; padding-bottom: 56.25%; height: 0; overflow: hidden; margin-bottom: 20px;'>   <\/div>\n<\/p><\/div>\n<div style='flex: 1 1 400px; min-width: 300px;'>\n<h3 style='font-size: 22px; margin-top: 0;'>F\u00e1cil manejo de PTZ<\/h3>\n<p style='font-size: 14px; color: inherit;'>Controle las PTZ de su sistema con el rat\u00f3n de su ordenador&comma; es m\u00e1s sencillo que utilizar un controlador. Solamente <span style='color: #f37934;'><strong>dibuje<\/strong><\/span> un cuadro hacia d\u00f3nde quiere que la PTZ haga zoom&comma; presione un solo <span style='color: #f37934;'><strong>click<\/strong><\/span> para que se mueva a donde el cursor indica&comma; <strong><span style='color: #f37934;'>doble click<\/span><\/strong> para regresar el zoom y haga el enfoque de manera autom\u00e1tica.<\/p>\n<\/p><\/div>\n<\/p><\/div>\n<p> <!-- Acomodo de c\u00e1maras --> <\/p>\n<div style='display: flex; flex-wrap: wrap; gap: 30px; margin-bottom: 40px;'>\n<div style='flex: 1 1 400px; min-width: 300px;'>\n<h3 style='font-size: 22px; margin-top: 0;'>El acomodo de c\u00e1maras m\u00e1s \u00e1gil del mercado<\/h3>\n<ul style='padding-left: 20px; font-size: 14px; color: inherit;'>\n<li style='margin-bottom: 5px;'>El monitorista gozar\u00e1 del acomodo de c\u00e1maras m\u00e1s f\u00e1cil e intuitivo que existe en un software&comma; con dar solamente <span style='color: #f37934;'><strong>doble click<\/strong><\/span> sobre las c\u00e1maras el software se encargar\u00e1 de acomodarlas sobre el panel de visualizaci\u00f3n.<\/li>\n<li style='margin-bottom: 5px;'><span style='color: #f37934;'><strong>Arrastre<\/strong><\/span> las im\u00e1genes para hacerlas m\u00e1s grandes o peque\u00f1as.<\/li>\n<li style='margin-bottom: 5px;'><span style='color: #f37934;'><strong>Dibuje<\/strong><\/span> un recuadro sobre un punto de inter\u00e9s para que el software abra una ventana especial solo para visualizar ese punto.<\/li>\n<\/ul><\/div>\n<div style='flex: 1 1 400px; min-width: 300px;'>\n<div style='position: relative; padding-bottom: 56.25%; height: 0; overflow: hidden; margin-bottom: 20px;'>   <\/div>\n<\/p><\/div>\n<\/p><\/div>\n<p> <!-- Integraci\u00f3n de c\u00e1maras --> <\/p>\n<div style='display: flex; flex-wrap: wrap; gap: 30px; margin-bottom: 40px;'>\n<div style='flex: 1 1 400px; min-width: 300px;'>\n<div style='position: relative; padding-bottom: 56.25%; height: 0; overflow: hidden; margin-bottom: 20px;'>   <\/div>\n<\/p><\/div>\n<div style='flex: 1 1 400px; min-width: 300px;'>\n<h3 style='font-size: 22px; margin-top: 0;'>Integre sus c\u00e1maras en 2 pasos al sistema<\/h3>\n<p style='font-size: 14px; color: inherit;'>Con ayuda del buscador de c\u00e1maras IP en la red&comma; encuentre todos los dispositivos que tenga conectados en red para as\u00ed solamente tenga que ingresar el usuario y contrase\u00f1a para poder integrar sus c\u00e1maras al sistema. <span style='color: #f37934;'><strong>Facilitando la configuraci\u00f3n del sistema<\/strong><\/span>.<\/p>\n<\/p><\/div>\n<\/p><\/div>\n<p> <!-- B\u00fasqueda inteligente --> <\/p>\n<div style='display: flex; flex-wrap: wrap; gap: 30px; margin-bottom: 40px;'>\n<div style='flex: 1 1 400px; min-width: 300px;'>\n<h3 style='font-size: 22px; margin-top: 0;'>B\u00fasqueda inteligente de grabaciones<\/h3>\n<p style='font-size: 14px; color: inherit;'><span style='color: #f37934;'><strong>Ahorre tiempo<\/strong><\/span> en buscar un evento utilizando la funci\u00f3n de b\u00fasqueda inteligente. Ingrese a la grabaci\u00f3n y dibuje un \u00e1rea en donde ocurri\u00f3 el evento&comma; el software se encargar\u00e1 de filtrar y mostrar todos los videos en donde haya habido movimiento dentro de esa \u00e1rea.<\/p>\n<\/p><\/div>\n<div style='flex: 1 1 400px; min-width: 300px;'>\n<div style='position: relative; padding-bottom: 56.25%; height: 0; overflow: hidden; margin-bottom: 20px;'>   <\/div>\n<\/p><\/div>\n<\/p><\/div>\n<p> <!-- Caracter\u00edsticas y funciones --> <\/p>\n<div style='display: flex; flex-wrap: wrap; gap: 20px; margin-bottom: 40px;'>\n<div style='flex: 1 1 300px; min-width: 250px; border: 1px solid rgba(150&comma; 150&comma; 150&comma; 0.3); border-radius: 8px; padding: 15px;'>\n<h4 style='color: #f37934; margin-top: 0; font-size: 16px; font-weight: bold;'>Caracter\u00edsticas principales:<\/h4>\n<ul style='padding-left: 20px; font-size: 14px; color: inherit;'>\n<li style='margin-bottom: 5px;'>Soporta protocolo Onvif.<\/li>\n<li style='margin-bottom: 5px;'>Soporta m\u00faltiples marcas de c\u00e1maras<\/li>\n<li style='margin-bottom: 5px;'>Auto-descubrimiento de c\u00e1maras para f\u00e1cil configuraci\u00f3n.<\/li>\n<li style='margin-bottom: 5px;'>Hasta 128 c\u00e1maras por servidor<\/li>\n<li style='margin-bottom: 5px;'>Formatos de compresi\u00f3n H.265 y H.264<\/li>\n<li style='margin-bottom: 5px;'>Licencia vitalicia&comma; libre de costos de actualizaci\u00f3n o anualidades de soporte.<\/li>\n<\/ul><\/div>\n<div style='flex: 1 1 300px; min-width: 250px; border: 1px solid rgba(150&comma; 150&comma; 150&comma; 0.3); border-radius: 8px; padding: 15px;'>\n<h4 style='color: #f37934; margin-top: 0; font-size: 16px; font-weight: bold;'>Funciones especiales:<\/h4>\n<ul style='padding-left: 20px; font-size: 14px; color: inherit;'>\n<li style='margin-bottom: 5px;'>Soporta m\u00faltiples instancias de cliente.<\/li>\n<li style='margin-bottom: 5px;'>Dewarping de c\u00e1maras fisheye.<\/li>\n<li style='margin-bottom: 5px;'>Vistas administrables por el usuario.<\/li>\n<li style='margin-bottom: 5px;'>Administraci\u00f3n de eventos.<\/li>\n<li style='margin-bottom: 5px;'>Trabaja bajo m\u00faltiples plataformas Windows&comma; iOS y Linux.<\/li>\n<li style='margin-bottom: 5px;'>Soporta Failover.<\/li>\n<li style='margin-bottom: 5px;'>Control PTZ avanzado.<\/li>\n<li style='margin-bottom: 5px;'>Backup de almacenamiento.<\/li>\n<li style='margin-bottom: 5px;'>Monitoreo de la salud del servidor.<\/li>\n<\/ul><\/div>\n<div style='flex: 1 1 300px; min-width: 250px; border: 1px solid rgba(150&comma; 150&comma; 150&comma; 0.3); border-radius: 8px; padding: 15px;'>\n<h4 style='color: #f37934; margin-top: 0; font-size: 16px; font-weight: bold;'>Funciones adicionales:<\/h4>\n<ul style='padding-left: 20px; font-size: 14px; color: inherit;'>\n<li style='margin-bottom: 5px;'>Audio de 2 v\u00edas.<\/li>\n<li style='margin-bottom: 5px;'>B\u00fasqueda inteligente de movimiento.<\/li>\n<li style='margin-bottom: 5px;'>M\u00faltiples actualizaciones en un solo click.<\/li>\n<li style='margin-bottom: 5px;'>B\u00fasqueda previa de eventos.<\/li>\n<li style='margin-bottom: 5px;'>Grabaci\u00f3n de eventos en vivo.<\/li>\n<li style='margin-bottom: 5px;'>WAVE Sync para visualizaci\u00f3n remota.<\/li>\n<li style='margin-bottom: 5px;'>Ventanas de zoom digital.<\/li>\n<li style='margin-bottom: 5px;'>Mapas digitales.<\/li>\n<\/ul><\/div>\n<\/p><\/div>\n<p> <!-- Im\u00e1genes con enlaces --> <\/p>\n<div style='display: flex; flex-wrap: wrap; gap: 20px; justify-content: center; margin-bottom: 40px;'> <a href='https:\/\/wavevms.com\/resources\/compatible-devices\/\/' target='_blank' rel='noopener' style='flex: 1 1 300px; max-width: 374px; text-align: center;'> <img style='width: 100%; max-width: 374px; height: auto; border: 1px solid rgba(150&comma;150&comma;150&comma;0.3); border-radius: 8px;' src='https:\/\/ftp3.syscom.mx\/usuarios\/imendez\/Hanwha\/Click%20aqui%203.jpg' alt=''> <\/a> <a href='https:\/\/wavevms.com\/resources\/compatible-devices\/' target='_blank' rel='noopener' style='flex: 1 1 300px; max-width: 366px; text-align: center;'> <img style='width: 100%; max-width: 366px; height: auto; border: 1px solid rgba(150&comma;150&comma;150&comma;0.3); border-radius: 8px;' src='https:\/\/ftp3.syscom.mx\/usuarios\/imendez\/Hanwha\/11012019124738pm.gif' alt=''> <\/a> <\/div>\n<p> <!-- Otros videos --> <\/p>\n<h3 style='font-size: 18px; text-align: center; margin: 40px 0 30px;'>Otros videos<\/h3>\n<div style='display: flex; flex-wrap: wrap; gap: 20px; justify-content: center; margin-bottom: 30px;'>\n<div style='flex: 1 1 280px; min-width: 250px;'>\n<div style='position: relative; padding-bottom: 56.25%; height: 0; overflow: hidden; margin-bottom: 15px;'>   <\/div>\n<div style='text-align: center; color: #f37934; font-weight: bold;'>Audio de 2 V\u00edas<\/div>\n<\/p><\/div>\n<div style='flex: 1 1 280px; min-width: 250px;'>\n<div style='position: relative; padding-bottom: 56.25%; height: 0; overflow: hidden; margin-bottom: 15px;'>   <\/div>\n<div style='text-align: center; color: #f37934; font-weight: bold;'>Mapas Digitales<\/div>\n<\/p><\/div>\n<div style='flex: 1 1 280px; min-width: 250px;'>\n<div style='position: relative; padding-bottom: 56.25%; height: 0; overflow: hidden; margin-bottom: 15px;'>   <\/div>\n<div style='text-align: center; color: #f37934; font-weight: bold;'>Dewarping en Fisheyes<\/div>\n<\/p><\/div>\n<\/p><\/div>\n<p> <!-- M\u00e1s funciones --> <\/p>\n<div style='display: flex; flex-wrap: wrap; gap: 20px; justify-content: center; margin-bottom: 30px;'>\n<div style='flex: 1 1 280px; min-width: 250px; text-align: center;'>\n<div style='border-left: 5px solid #f37934; border-radius: 5px; padding: 5px; box-shadow: 2px 2px 10px rgba(150&comma;150&comma;150&comma;0.2);'> <strong>Salud del Sistema<\/strong> <\/div>\n<\/p><\/div>\n<div style='flex: 1 1 280px; min-width: 250px; text-align: center;'>\n<div style='border-left: 5px solid #f37934; border-radius: 5px; padding: 5px; box-shadow: 2px 2px 10px rgba(150&comma;150&comma;150&comma;0.2);'> <strong>Integraci\u00f3n de Video Anal\u00edticos<\/strong> <\/div>\n<\/p><\/div>\n<div style='flex: 1 1 280px; min-width: 250px; text-align: center;'>\n<div style='border-left: 5px solid #f37934; border-radius: 5px; padding: 5px; box-shadow: 2px 2px 10px rgba(150&comma;150&comma;150&comma;0.2);'> <strong>Exportaci\u00f3n de Videos<\/strong> <\/div>\n<\/p><\/div>\n<\/p><\/div>\n<p> <!-- Videos adicionales --> <\/p>\n<div style='display: flex; flex-wrap: wrap; gap: 20px; justify-content: center; margin-bottom: 30px;'>\n<div style='flex: 1 1 280px; min-width: 250px;'>\n<div style='position: relative; padding-bottom: 56.25%; height: 0; overflow: hidden; margin-bottom: 15px;'>   <\/div>\n<\/p><\/div>\n<div style='flex: 1 1 280px; min-width: 250px;'>\n<div style='position: relative; padding-bottom: 56.25%; height: 0; overflow: hidden; margin-bottom: 15px;'>   <\/div>\n<\/p><\/div>\n<div style='flex: 1 1 280px; min-width: 250px;'>\n<div style='position: relative; padding-bottom: 56.25%; height: 0; overflow: hidden; margin-bottom: 15px;'>   <\/div>\n<\/p><\/div>\n<\/p><\/div>\n<p> <!-- Garant\u00eda --> <\/p>\n<div style='text-align: center; margin: 40px 0;'>\n<p style='font-size: 16px; font-weight: bold; color: inherit;'>Garant\u00eda de 3 a\u00f1os.<\/p>\n<\/p><\/div>\n<\/p><\/div>\n","protected":false},"excerpt":{"rendered":"<p>Licencia de 4 Canal de Wisenet Wave Profesional<\/p>\n","protected":false},"featured_media":109581,"comment_status":"open","ping_status":"closed","template":"","meta":[],"product_brand":[],"product_cat":[2331],"product_tag":[1055,2263,2332],"class_list":{"0":"post-109582","1":"product","2":"type-product","3":"status-publish","4":"has-post-thumbnail","6":"product_cat-wisenet-wave","7":"product_tag-hanwha-vision","8":"product_tag-software-vms-y-analiticas","9":"product_tag-wisenet-wave","11":"first","12":"outofstock","13":"sale","14":"shipping-taxable","15":"purchasable","16":"product-type-simple"},"_links":{"self":[{"href":"https:\/\/soydeaqui.ddns.net\/pachuca\/index.php\/wp-json\/wp\/v2\/product\/109582","targetHints":{"allow":["GET"]}}],"collection":[{"href":"https:\/\/soydeaqui.ddns.net\/pachuca\/index.php\/wp-json\/wp\/v2\/product"}],"about":[{"href":"https:\/\/soydeaqui.ddns.net\/pachuca\/index.php\/wp-json\/wp\/v2\/types\/product"}],"replies":[{"embeddable":true,"href":"https:\/\/soydeaqui.ddns.net\/pachuca\/index.php\/wp-json\/wp\/v2\/comments?post=109582"}],"wp:featuredmedia":[{"embeddable":true,"href":"https:\/\/soydeaqui.ddns.net\/pachuca\/index.php\/wp-json\/wp\/v2\/media\/109581"}],"wp:attachment":[{"href":"https:\/\/soydeaqui.ddns.net\/pachuca\/index.php\/wp-json\/wp\/v2\/media?parent=109582"}],"wp:term":[{"taxonomy":"product_brand","embeddable":true,"href":"https:\/\/soydeaqui.ddns.net\/pachuca\/index.php\/wp-json\/wp\/v2\/product_brand?post=109582"},{"taxonomy":"product_cat","embeddable":true,"href":"https:\/\/soydeaqui.ddns.net\/pachuca\/index.php\/wp-json\/wp\/v2\/product_cat?post=109582"},{"taxonomy":"product_tag","embeddable":true,"href":"https:\/\/soydeaqui.ddns.net\/pachuca\/index.php\/wp-json\/wp\/v2\/product_tag?post=109582"}],"curies":[{"name":"wp","href":"https:\/\/api.w.org\/{rel}","templated":true}]}}