{"id":109580,"date":"2026-03-20T19:05:33","date_gmt":"2026-03-20T19:05:33","guid":{"rendered":"https:\/\/soydeaqui.ddns.net\/pachuca\/index.php\/producto\/licencia-de-8-canal-de-wisenet-wave-profesional\/"},"modified":"2026-03-20T19:05:35","modified_gmt":"2026-03-20T19:05:35","slug":"licencia-de-8-canal-de-wisenet-wave-profesional","status":"publish","type":"product","link":"https:\/\/soydeaqui.ddns.net\/pachuca\/index.php\/producto\/licencia-de-8-canal-de-wisenet-wave-profesional\/","title":{"rendered":"Licencia de 8 Canal de Wisenet Wave Profesional"},"content":{"rendered":"<div style='width: 100%; max-width: 1200px; margin: 0 auto; font-family: sans-serif; line-height: 1.6; color: inherit; background-color: transparent;'> <!-- Logo y descripci\u00f3n inicial --> <\/p>\n<div style='display: flex; flex-direction: column; align-items: center; text-align: center; margin-bottom: 30px;'> <img style='width: 100%; max-width: 400px; height: auto; border: 1px solid rgba(150&comma;150&comma;150&comma;0.3); border-radius: 8px;' src='http:\/\/172.31.13.99\/usuarios\/anavarrete\/Wisenet\/Wisenet-WAVE-logo-cropped.png' alt='Logo Wisenet WAVE'> <\/p>\n<p style='margin-top: 15px; font-size: 16px; color: inherit;'>Un VMS fabricado para usted<\/p>\n<p style='font-size: 14px; color: inherit;'>Cada caracter\u00edstica de Wisenet WAVE est\u00e1 dise\u00f1ada cuidadosamente para proporcionar una experiencia simple pero poderosa para todos&comma; ya sea usuario final&comma; integrador de sistemas o socio tecnol\u00f3gico.<\/p>\n<\/p><\/div>\n<p> <!-- Principales Ventajas --> <\/p>\n<h2 style='font-size: 20px; border-bottom: 2px solid currentColor; padding-bottom: 5px; margin-bottom: 20px; color: inherit; opacity: 0.8;'>Principales Ventajas<\/h2>\n<div style='display: flex; flex-wrap: wrap; gap: 20px; margin-bottom: 30px;'>\n<div style='flex: 1 1 300px; min-width: 250px; border: 1px solid rgba(150&comma;150&comma;150&comma;0.3); border-radius: 8px; padding: 15px;'>\n<h3 style='font-size: 18px; margin-top: 0; color: inherit;'>No requiere licencia base<\/h3>\n<p style='color: inherit;'>La licencia al momento de ser adquirida <strong style='color: inherit;'>no requiere<\/strong> alg\u00fan <strong style='color: inherit;'>pago adicional<\/strong>&comma; no es necesario pagar por actualizaciones posteriores a su adquisici\u00f3n y <strong style='color: inherit;'>la licencia es vitalicia<\/strong>.<\/p>\n<\/p><\/div>\n<div style='flex: 1 1 300px; min-width: 250px; border: 1px solid rgba(150&comma;150&comma;150&comma;0.3); border-radius: 8px; padding: 15px;'>\n<h3 style='font-size: 18px; margin-top: 0; color: inherit;'>Conexi\u00f3n P2P<\/h3>\n<p style='color: inherit;'>No se preocupe por hacer apertura de puertos&comma; con <strong style='color: inherit;'>WAVE SYNC<\/strong>&comma; disfrute de una conexi\u00f3n remota con todos sus servidores del sistema sin hacer apertura de puertos.<\/p>\n<\/p><\/div>\n<div style='flex: 1 1 300px; min-width: 250px; border: 1px solid rgba(150&comma;150&comma;150&comma;0.3); border-radius: 8px; padding: 15px;'>\n<h3 style='font-size: 18px; margin-top: 0; color: inherit;'>Instalaci\u00f3n al instante<\/h3>\n<p style='color: inherit;'>Al iniciar con la instalaci\u00f3n del cliente y\/o servidor&comma; <strong style='color: inherit;'>en cuesti\u00f3n de minutos<\/strong> su software estar\u00e1 instalado. El instalador es tan eficiente que solamente tiene que presionar siguiente en la instalaci\u00f3n.<\/p>\n<\/p><\/div>\n<div style='flex: 1 1 300px; min-width: 250px; border: 1px solid rgba(150&comma;150&comma;150&comma;0.3); border-radius: 8px; padding: 15px;'>\n<h3 style='font-size: 18px; margin-top: 0; color: inherit;'>F\u00e1cil adici\u00f3n de c\u00e1maras<\/h3>\n<p style='color: inherit;'>El software ofrece un buscador para las c\u00e1maras que se encuentren en la red. Solamente ingrese el usuario y contrase\u00f1a para integrar sus c\u00e1maras al sistema. <strong style='color: inherit;'>Ahorrando<\/strong> as\u00ed pasos en su configuraci\u00f3n.<\/p>\n<\/p><\/div>\n<div style='flex: 1 1 300px; min-width: 250px; border: 1px solid rgba(150&comma;150&comma;150&comma;0.3); border-radius: 8px; padding: 15px;'>\n<h3 style='font-size: 18px; margin-top: 0; color: inherit;'>M\u00e1s de 4&comma;000 modelos compatibles<\/h3>\n<p style='color: inherit;'>Aproveche la compatibilidad de m\u00e1s de 4&comma;000 modelos de c\u00e1maras de <strong style='color: inherit;'>290 diferentes fabricantes<\/strong>&comma; entre ellos&comma; las marcas l\u00edderes en el mercado.<\/p>\n<\/p><\/div>\n<div style='flex: 1 1 300px; min-width: 250px; border: 1px solid rgba(150&comma;150&comma;150&comma;0.3); border-radius: 8px; padding: 15px;'>\n<h3 style='font-size: 18px; margin-top: 0; color: inherit;'>Integre hasta 3&comma;000 c\u00e1maras en un sistema<\/h3>\n<p style='color: inherit;'>Visualice y gestione hasta 3&comma;000 c\u00e1maras de diferentes marcas en un mismo sistema de videovigilancia. Puede ingresar hasta <strong style='color: inherit;'>128 c\u00e1maras por servidor<\/strong>.<\/p>\n<\/p><\/div>\n<div style='flex: 1 1 300px; min-width: 250px; border: 1px solid rgba(150&comma;150&comma;150&comma;0.3); border-radius: 8px; padding: 15px;'>\n<h3 style='font-size: 18px; margin-top: 0; color: inherit;'>Servidor compatible con Windows y Linux<\/h3>\n<\/p><\/div>\n<div style='flex: 1 1 300px; min-width: 250px; border: 1px solid rgba(150&comma;150&comma;150&comma;0.3); border-radius: 8px; padding: 15px;'>\n<h3 style='font-size: 18px; margin-top: 0; color: inherit;'>Cliente compatible con MAC&comma; Windows y Linux<\/h3>\n<\/p><\/div>\n<div style='flex: 1 1 300px; min-width: 250px; border: 1px solid rgba(150&comma;150&comma;150&comma;0.3); border-radius: 8px; padding: 15px;'>\n<h3 style='font-size: 18px; margin-top: 0; color: inherit;'>Grabaci\u00f3n a prueba de fallos<\/h3>\n<\/p><\/div>\n<\/p><\/div>\n<p> <!-- Funciones principales --> <\/p>\n<h2 style='font-size: 20px; border-bottom: 2px solid currentColor; padding-bottom: 5px; margin-bottom: 20px; color: inherit; opacity: 0.8;'>Funciones principales<\/h2>\n<p> <!-- Secci\u00f3n PTZ --> <\/p>\n<div style='display: flex; flex-wrap: wrap; gap: 30px; margin-bottom: 30px;'>\n<div style='flex: 1 1 300px; min-width: 280px;'>\n<div style='position: relative; padding-bottom: 56.25%; height: 0; overflow: hidden; margin-bottom: 15px;'>   <\/div>\n<\/p><\/div>\n<div style='flex: 1 1 300px; min-width: 280px;'>\n<h3 style='font-size: 18px; margin-top: 0; color: inherit;'>F\u00e1cil manejo de PTZ<\/h3>\n<p style='color: inherit;'>Controle las PTZ de su sistema con el rat\u00f3n de su ordenador&comma; es m\u00e1s sencillo que utilizar un controlador. Solamente <strong style='color: inherit;'>dibuje<\/strong> un cuadro hacia d\u00f3nde quiere que la PTZ haga zoom&comma; presione un solo <strong style='color: inherit;'>click<\/strong> para que se mueva a donde el cursor indica&comma; <strong style='color: inherit;'>doble click<\/strong> para regresar el zoom y haga el enfoque de manera autom\u00e1tica.<\/p>\n<\/p><\/div>\n<\/p><\/div>\n<p> <!-- Acomodo de c\u00e1maras --> <\/p>\n<div style='display: flex; flex-wrap: wrap; gap: 30px; margin-bottom: 30px;'>\n<div style='flex: 1 1 300px; min-width: 280px;'>\n<h3 style='font-size: 18px; margin-top: 0; color: inherit;'>El acomodo de c\u00e1maras m\u00e1s \u00e1gil del mercado<\/h3>\n<ul style='padding-left: 20px; font-size: 14px; color: inherit;'>\n<li style='margin-bottom: 5px;'>El monitorista gozar\u00e1 del acomodo de c\u00e1maras m\u00e1s f\u00e1cil e intuitivo que existe en un software&comma; con dar solamente <strong style='color: inherit;'>doble click<\/strong> sobre las c\u00e1maras el software se encargar\u00e1 de acomodarlas sobre el panel de visualizaci\u00f3n.<\/li>\n<li style='margin-bottom: 5px;'><strong style='color: inherit;'>Arrastre<\/strong> las im\u00e1genes para hacerlas m\u00e1s grandes o peque\u00f1as.<\/li>\n<li style='margin-bottom: 5px;'><strong style='color: inherit;'>Dibuje<\/strong> un recuadro sobre un punto de inter\u00e9s para que el software abra una ventana especial solo para visualizar ese punto.<\/li>\n<\/ul><\/div>\n<div style='flex: 1 1 300px; min-width: 280px;'>\n<div style='position: relative; padding-bottom: 56.25%; height: 0; overflow: hidden; margin-bottom: 15px;'>   <\/div>\n<\/p><\/div>\n<\/p><\/div>\n<p> <!-- Integraci\u00f3n de c\u00e1maras --> <\/p>\n<div style='display: flex; flex-wrap: wrap; gap: 30px; margin-bottom: 30px;'>\n<div style='flex: 1 1 300px; min-width: 280px;'>\n<div style='position: relative; padding-bottom: 56.25%; height: 0; overflow: hidden; margin-bottom: 15px;'>   <\/div>\n<\/p><\/div>\n<div style='flex: 1 1 300px; min-width: 280px;'>\n<h3 style='font-size: 18px; margin-top: 0; color: inherit;'>Integre sus c\u00e1maras en 2 pasos al sistema<\/h3>\n<p style='color: inherit;'>Con ayuda del buscador de c\u00e1maras IP en la red&comma; encuentre todos los dispositivos que tenga conectados en red para as\u00ed solamente tenga que ingresar el usuario y contrase\u00f1a para poder integrar sus c\u00e1maras al sistema. <strong style='color: inherit;'>Facilitando la configuraci\u00f3n del sistema<\/strong>.<\/p>\n<\/p><\/div>\n<\/p><\/div>\n<p> <!-- B\u00fasqueda inteligente --> <\/p>\n<div style='display: flex; flex-wrap: wrap; gap: 30px; margin-bottom: 30px;'>\n<div style='flex: 1 1 300px; min-width: 280px;'>\n<h3 style='font-size: 18px; margin-top: 0; color: inherit;'>B\u00fasqueda inteligente de grabaciones<\/h3>\n<p style='color: inherit;'><strong style='color: inherit;'>Ahorre tiempo<\/strong> en buscar un evento utilizando la funci\u00f3n de b\u00fasqueda inteligente. Ingrese a la grabaci\u00f3n y dibuje un \u00e1rea en donde ocurri\u00f3 el evento&comma; el software se encargar\u00e1 de filtrar y mostrar todos los videos en donde haya habido movimiento dentro de esa \u00e1rea.<\/p>\n<\/p><\/div>\n<div style='flex: 1 1 300px; min-width: 280px;'>\n<div style='position: relative; padding-bottom: 56.25%; height: 0; overflow: hidden; margin-bottom: 15px;'>   <\/div>\n<\/p><\/div>\n<\/p><\/div>\n<p> <!-- Caracter\u00edsticas principales --> <\/p>\n<div style='display: flex; flex-wrap: wrap; gap: 20px; margin-bottom: 30px;'>\n<div style='flex: 1 1 300px; min-width: 250px; border: 1px solid rgba(150&comma;150&comma;150&comma;0.4); border-radius: 8px; overflow: hidden;'>\n<div style='padding: 15px; border-bottom: 1px solid rgba(150&comma;150&comma;150&comma;0.2); font-weight: bold; font-size: 16px; color: inherit;'>Caracter\u00edsticas principales<\/div>\n<div style='padding: 15px; color: inherit;'>\n<ul style='padding-left: 20px; margin: 0; font-size: 14px; list-style-type: disc; color: inherit;'>\n<li style='margin-bottom: 5px;'>Soporta protocolo Onvif.<\/li>\n<li style='margin-bottom: 5px;'>Soporta m\u00faltiples marcas de c\u00e1maras<\/li>\n<li style='margin-bottom: 5px;'>Auto-descubrimiento de c\u00e1maras para f\u00e1cil configuraci\u00f3n.<\/li>\n<li style='margin-bottom: 5px;'>Hasta 128 c\u00e1maras por servidor<\/li>\n<li style='margin-bottom: 5px;'>Formatos de compresi\u00f3n H.265 y H.264<\/li>\n<li style='margin-bottom: 5px;'>Licencia vitalicia&comma; libre de costos de actualizaci\u00f3n o anualidades de soporte.<\/li>\n<\/ul><\/div>\n<\/p><\/div>\n<p> <!-- Funciones especiales 1 --> <\/p>\n<div style='flex: 1 1 300px; min-width: 250px; border: 1px solid rgba(150&comma;150&comma;150&comma;0.4); border-radius: 8px; overflow: hidden;'>\n<div style='padding: 15px; border-bottom: 1px solid rgba(150&comma;150&comma;150&comma;0.2); font-weight: bold; font-size: 16px; color: inherit;'>Funciones especiales<\/div>\n<div style='padding: 15px; color: inherit;'>\n<ul style='padding-left: 20px; margin: 0; font-size: 14px; list-style-type: disc; color: inherit;'>\n<li style='margin-bottom: 5px;'>Soporta m\u00faltiples instancias de cliente.<\/li>\n<li style='margin-bottom: 5px;'>Dewarping de c\u00e1maras fisheye.<\/li>\n<li style='margin-bottom: 5px;'>Vistas administrables por el usuario.<\/li>\n<li style='margin-bottom: 5px;'>Administraci\u00f3n de eventos.<\/li>\n<li style='margin-bottom: 5px;'>Trabaja bajo m\u00faltiples plataformas Windows&comma; iOS y Linux.<\/li>\n<li style='margin-bottom: 5px;'>Soporta Failover.<\/li>\n<li style='margin-bottom: 5px;'>Control PTZ avanzado.<\/li>\n<li style='margin-bottom: 5px;'>Backup de almacenamiento.<\/li>\n<li style='margin-bottom: 5px;'>Monitoreo de la salud del servidor.<\/li>\n<\/ul><\/div>\n<\/p><\/div>\n<p> <!-- Funciones especiales 2 --> <\/p>\n<div style='flex: 1 1 300px; min-width: 250px; border: 1px solid rgba(150&comma;150&comma;150&comma;0.4); border-radius: 8px; overflow: hidden;'>\n<div style='padding: 15px; border-bottom: 1px solid rgba(150&comma;150&comma;150&comma;0.2); font-weight: bold; font-size: 16px; color: inherit;'>Funciones especiales<\/div>\n<div style='padding: 15px; color: inherit;'>\n<ul style='padding-left: 20px; margin: 0; font-size: 14px; list-style-type: disc; color: inherit;'>\n<li style='margin-bottom: 5px;'>Audio de 2 v\u00edas.<\/li>\n<li style='margin-bottom: 5px;'>B\u00fasqueda inteligente de movimiento.<\/li>\n<li style='margin-bottom: 5px;'>M\u00faltiples actualizaciones en un solo click.<\/li>\n<li style='margin-bottom: 5px;'>B\u00fasqueda previa de eventos.<\/li>\n<li style='margin-bottom: 5px;'>Grabaci\u00f3n de eventos en vivo.<\/li>\n<li style='margin-bottom: 5px;'>WAVE Sync para visualizaci\u00f3n remota.<\/li>\n<li style='margin-bottom: 5px;'>Ventanas de zoom digital.<\/li>\n<li style='margin-bottom: 5px;'>Mapas digitales.<\/li>\n<\/ul><\/div>\n<\/p><\/div>\n<\/p><\/div>\n<p> <!-- Enlaces --> <\/p>\n<div style='display: flex; flex-wrap: wrap; gap: 20px; margin-bottom: 30px;'>\n<div style='flex: 1 1 250px; min-width: 250px;'> <a style='text-decoration: none;' href='https:\/\/wavevms.com\/resources\/compatible-devices\/' target='_blank' rel='noopener'> <img style='width: 100%; height: auto; border: 1px solid rgba(150&comma;150&comma;150&comma;0.3); border-radius: 8px;' src='https:\/\/ftp3.syscom.mx\/usuarios\/imendez\/Hanwha\/Click%20aqui%203.jpg' alt=''> <\/a> <\/div>\n<div style='flex: 1 1 250px; min-width: 250px;'> <a style='text-decoration: none;' href='https:\/\/hanwhavisionamerica.com\/wisenet-wave-vms\/wisenet-wave-vms-features\/' target='_blank' rel='noopener'> <img style='width: 100%; height: auto; border: 1px solid rgba(150&comma;150&comma;150&comma;0.3); border-radius: 8px;' src='https:\/\/ftp3.syscom.mx\/usuarios\/imendez\/Hanwha\/11012019124738pm.gif' alt=''> <\/a> <\/div>\n<\/p><\/div>\n<p> <!-- Videos adicionales --> <\/p>\n<h2 style='font-size: 20px; border-bottom: 2px solid currentColor; padding-bottom: 5px; margin-bottom: 20px; color: inherit; opacity: 0.8;'>Otros videos<\/h2>\n<div style='display: flex; flex-wrap: wrap; gap: 20px; margin-bottom: 30px;'>\n<div style='flex: 1 1 300px; min-width: 280px;'>\n<div style='margin-bottom: 10px; font-weight: bold; color: inherit;'>Audio de 2 V\u00edas:<\/div>\n<div style='position: relative; padding-bottom: 56.25%; height: 0; overflow: hidden; margin-bottom: 15px;'>   <\/div>\n<\/p><\/div>\n<div style='flex: 1 1 300px; min-width: 280px;'>\n<div style='margin-bottom: 10px; font-weight: bold; color: inherit;'>Mapas Digitales:<\/div>\n<div style='position: relative; padding-bottom: 56.25%; height: 0; overflow: hidden; margin-bottom: 15px;'>   <\/div>\n<\/p><\/div>\n<div style='flex: 1 1 300px; min-width: 280px;'>\n<div style='margin-bottom: 10px; font-weight: bold; color: inherit;'>Dewarping en Fisheyes:<\/div>\n<div style='position: relative; padding-bottom: 56.25%; height: 0; overflow: hidden; margin-bottom: 15px;'>   <\/div>\n<\/p><\/div>\n<\/p><\/div>\n<div style='display: flex; flex-wrap: wrap; gap: 20px; margin-bottom: 30px;'>\n<div style='flex: 1 1 300px; min-width: 280px;'>\n<div style='margin-bottom: 10px; font-weight: bold; color: inherit;'>Salud del Sistema:<\/div>\n<div style='position: relative; padding-bottom: 56.25%; height: 0; overflow: hidden; margin-bottom: 15px;'>   <\/div>\n<\/p><\/div>\n<div style='flex: 1 1 300px; min-width: 280px;'>\n<div style='margin-bottom: 10px; font-weight: bold; color: inherit;'>Integraci\u00f3n de Video Anal\u00edticos:<\/div>\n<div style='position: relative; padding-bottom: 56.25%; height: 0; overflow: hidden; margin-bottom: 15px;'>   <\/div>\n<\/p><\/div>\n<div style='flex: 1 1 300px; min-width: 280px;'>\n<div style='margin-bottom: 10px; font-weight: bold; color: inherit;'>Exportaci\u00f3n de Videos:<\/div>\n<div style='position: relative; padding-bottom: 56.25%; height: 0; overflow: hidden; margin-bottom: 15px;'>   <\/div>\n<\/p><\/div>\n<\/p><\/div>\n<p> <!-- Garant\u00eda --> <\/p>\n<div style='margin-top: 30px; padding: 15px; border: 1px solid rgba(150&comma;150&comma;150&comma;0.3); border-radius: 8px; background-color: rgba(0&comma;0&comma;0&comma;0.02);'>\n<p style='margin: 0; font-weight: bold; color: inherit;'>Garant\u00eda de 3 a\u00f1os.<\/p>\n<\/p><\/div>\n<\/p><\/div>\n","protected":false},"excerpt":{"rendered":"<p>Licencia de 8 Canal de Wisenet Wave Profesional<\/p>\n","protected":false},"featured_media":109579,"comment_status":"open","ping_status":"closed","template":"","meta":[],"product_brand":[],"product_cat":[2331],"product_tag":[1055,2263,2332],"class_list":{"0":"post-109580","1":"product","2":"type-product","3":"status-publish","4":"has-post-thumbnail","6":"product_cat-wisenet-wave","7":"product_tag-hanwha-vision","8":"product_tag-software-vms-y-analiticas","9":"product_tag-wisenet-wave","11":"first","12":"outofstock","13":"sale","14":"shipping-taxable","15":"purchasable","16":"product-type-simple"},"_links":{"self":[{"href":"https:\/\/soydeaqui.ddns.net\/pachuca\/index.php\/wp-json\/wp\/v2\/product\/109580","targetHints":{"allow":["GET"]}}],"collection":[{"href":"https:\/\/soydeaqui.ddns.net\/pachuca\/index.php\/wp-json\/wp\/v2\/product"}],"about":[{"href":"https:\/\/soydeaqui.ddns.net\/pachuca\/index.php\/wp-json\/wp\/v2\/types\/product"}],"replies":[{"embeddable":true,"href":"https:\/\/soydeaqui.ddns.net\/pachuca\/index.php\/wp-json\/wp\/v2\/comments?post=109580"}],"wp:featuredmedia":[{"embeddable":true,"href":"https:\/\/soydeaqui.ddns.net\/pachuca\/index.php\/wp-json\/wp\/v2\/media\/109579"}],"wp:attachment":[{"href":"https:\/\/soydeaqui.ddns.net\/pachuca\/index.php\/wp-json\/wp\/v2\/media?parent=109580"}],"wp:term":[{"taxonomy":"product_brand","embeddable":true,"href":"https:\/\/soydeaqui.ddns.net\/pachuca\/index.php\/wp-json\/wp\/v2\/product_brand?post=109580"},{"taxonomy":"product_cat","embeddable":true,"href":"https:\/\/soydeaqui.ddns.net\/pachuca\/index.php\/wp-json\/wp\/v2\/product_cat?post=109580"},{"taxonomy":"product_tag","embeddable":true,"href":"https:\/\/soydeaqui.ddns.net\/pachuca\/index.php\/wp-json\/wp\/v2\/product_tag?post=109580"}],"curies":[{"name":"wp","href":"https:\/\/api.w.org\/{rel}","templated":true}]}}