{"id":109566,"date":"2026-03-20T19:04:51","date_gmt":"2026-03-20T19:04:51","guid":{"rendered":"https:\/\/soydeaqui.ddns.net\/pachuca\/index.php\/producto\/licencia-wisenet-wave-para-16-canales-de-grabador-hanwha\/"},"modified":"2026-03-20T19:04:53","modified_gmt":"2026-03-20T19:04:53","slug":"licencia-wisenet-wave-para-16-canales-de-grabador-hanwha","status":"publish","type":"product","link":"https:\/\/soydeaqui.ddns.net\/pachuca\/index.php\/producto\/licencia-wisenet-wave-para-16-canales-de-grabador-hanwha\/","title":{"rendered":"Licencia Wisenet Wave Para 16 Canales  de Grabador Hanwha"},"content":{"rendered":"<div style='width: 100%; max-width: 1200px; margin: 0 auto; font-family: sans-serif; line-height: 1.6; color: inherit; background-color: transparent;'> <!-- Logo container --> <\/p>\n<div style='display: flex; justify-content: center; margin-bottom: 30px;'> <img style='width: 100%; max-width: 600px; height: auto; border: 1px solid rgba(150&comma;150&comma;150&comma;0.3); border-radius: 8px;' src='http:\/\/172.31.13.99\/usuarios\/anavarrete\/Wisenet\/Wisenet-WAVE-logo-cropped.png' alt='Logo Wisenet WAVE'> <\/div>\n<p> <!-- Introducci\u00f3n --> <\/p>\n<div style='margin-bottom: 30px;'>\n<h2 style='font-size: 20px; font-weight: bold; margin-top: 0; margin-bottom: 15px; color: inherit; opacity: 0.9;'>Wisenet WAVE un VMS fabricado para ti.<\/h2>\n<p style='font-size: 14px; margin-bottom: 15px; color: inherit;'>Cada caracter\u00edstica de Wisenet WAVE est\u00e1 dise\u00f1ada cuidadosamente para proporcionar una experiencia simple pero poderosa para todos&comma; ya sea usuario final&comma; integrador de sistemas o socio tecnol\u00f3gico.<\/p>\n<\/p><\/div>\n<p> <!-- Caracter\u00edsticas --> <\/p>\n<div style='margin-bottom: 30px;'>\n<h3 style='font-size: 18px; border-bottom: 2px solid currentColor; padding-bottom: 5px; margin-top: 0; margin-bottom: 15px; color: inherit; opacity: 0.8;'>Caracter\u00edsticas:<\/h3>\n<ul style='padding-left: 20px; font-size: 14px; color: inherit;'>\n<li style='margin-bottom: 10px;'>Habilita 16 canales de grabadores Hanwha (Revisar compatibilidad)<\/li>\n<li style='margin-bottom: 10px;'>Solo Visualizaci\u00f3n \/ No Grabaci\u00f3n<\/li>\n<li style='margin-bottom: 10px;'>Licencia vitalicia&comma; libre de costos de actualizaci\u00f3n o anualidades de soporte.<\/li>\n<\/ul><\/div>\n<p> <!-- Videos container --> <\/p>\n<div style='display: flex; flex-wrap: wrap; gap: 20px; margin-bottom: 30px;'>\n<div style='flex: 1 1 48%; min-width: 280px;'>\n<div style='position: relative; padding-bottom: 56.25%; height: 0; overflow: hidden;'>   <\/div>\n<\/p><\/div>\n<div style='flex: 1 1 48%; min-width: 280px;'>\n<div style='position: relative; padding-bottom: 56.25%; height: 0; overflow: hidden;'>   <\/div>\n<\/p><\/div>\n<div style='flex: 1 1 48%; min-width: 280px;'>\n<div style='position: relative; padding-bottom: 56.25%; height: 0; overflow: hidden;'>   <\/div>\n<\/p><\/div>\n<div style='flex: 1 1 48%; min-width: 280px;'>\n<div style='position: relative; padding-bottom: 56.25%; height: 0; overflow: hidden;'>   <\/div>\n<\/p><\/div>\n<\/p><\/div>\n<\/p><\/div>\n","protected":false},"excerpt":{"rendered":"<p>Licencia Wisenet Wave Para 16 Canales  de Grabador Hanwha<\/p>\n","protected":false},"featured_media":109565,"comment_status":"open","ping_status":"closed","template":"","meta":[],"product_brand":[],"product_cat":[2331],"product_tag":[1055,2263,2332],"class_list":{"0":"post-109566","1":"product","2":"type-product","3":"status-publish","4":"has-post-thumbnail","6":"product_cat-wisenet-wave","7":"product_tag-hanwha-vision","8":"product_tag-software-vms-y-analiticas","9":"product_tag-wisenet-wave","11":"first","12":"outofstock","13":"sale","14":"shipping-taxable","15":"purchasable","16":"product-type-simple"},"_links":{"self":[{"href":"https:\/\/soydeaqui.ddns.net\/pachuca\/index.php\/wp-json\/wp\/v2\/product\/109566","targetHints":{"allow":["GET"]}}],"collection":[{"href":"https:\/\/soydeaqui.ddns.net\/pachuca\/index.php\/wp-json\/wp\/v2\/product"}],"about":[{"href":"https:\/\/soydeaqui.ddns.net\/pachuca\/index.php\/wp-json\/wp\/v2\/types\/product"}],"replies":[{"embeddable":true,"href":"https:\/\/soydeaqui.ddns.net\/pachuca\/index.php\/wp-json\/wp\/v2\/comments?post=109566"}],"wp:featuredmedia":[{"embeddable":true,"href":"https:\/\/soydeaqui.ddns.net\/pachuca\/index.php\/wp-json\/wp\/v2\/media\/109565"}],"wp:attachment":[{"href":"https:\/\/soydeaqui.ddns.net\/pachuca\/index.php\/wp-json\/wp\/v2\/media?parent=109566"}],"wp:term":[{"taxonomy":"product_brand","embeddable":true,"href":"https:\/\/soydeaqui.ddns.net\/pachuca\/index.php\/wp-json\/wp\/v2\/product_brand?post=109566"},{"taxonomy":"product_cat","embeddable":true,"href":"https:\/\/soydeaqui.ddns.net\/pachuca\/index.php\/wp-json\/wp\/v2\/product_cat?post=109566"},{"taxonomy":"product_tag","embeddable":true,"href":"https:\/\/soydeaqui.ddns.net\/pachuca\/index.php\/wp-json\/wp\/v2\/product_tag?post=109566"}],"curies":[{"name":"wp","href":"https:\/\/api.w.org\/{rel}","templated":true}]}}