{"id":109542,"date":"2026-03-20T19:03:38","date_gmt":"2026-03-20T19:03:38","guid":{"rendered":"https:\/\/soydeaqui.ddns.net\/pachuca\/index.php\/producto\/bobina-de-152-metros-de-cable-compuesto-de-6-y-4-conductores-calibre-22-y-2-conductores-calibre-18-para-aplicaciones-de-control-de-acceso-sin-jacket\/"},"modified":"2026-03-20T19:03:44","modified_gmt":"2026-03-20T19:03:44","slug":"bobina-de-152-metros-de-cable-compuesto-de-6-y-4-conductores-calibre-22-y-2-conductores-calibre-18-para-aplicaciones-de-control-de-acceso-sin-jacket","status":"publish","type":"product","link":"https:\/\/soydeaqui.ddns.net\/pachuca\/index.php\/producto\/bobina-de-152-metros-de-cable-compuesto-de-6-y-4-conductores-calibre-22-y-2-conductores-calibre-18-para-aplicaciones-de-control-de-acceso-sin-jacket\/","title":{"rendered":"Bobina de 152 metros de cable compuesto de, 6 y 4 conductores calibre 22 y 2 Conductores calibre 18, para aplicaciones de control de acceso ( Sin Jacket )"},"content":{"rendered":"<div style='width: 100%; max-width: 1200px; margin: 0 auto; font-family: sans-serif; line-height: 1.6; color: inherit; background-color: transparent;'> <!-- Secci\u00f3n de descripci\u00f3n --> <\/p>\n<div style='margin-bottom: 30px;'>\n<p style='font-size: 16px; margin: 0; color: inherit;'><strong>Cable compuesto para aplicaciones de control de acceso con jacket general<\/strong><\/p>\n<\/p><\/div>\n<p> <!-- Secci\u00f3n de caracter\u00edsticas --> <\/p>\n<div style='display: flex; flex-wrap: wrap; gap: 30px; margin-bottom: 30px;'>\n<div style='flex: 1 1 300px; min-width: 280px;'>\n<h3 style='font-size: 22px; border-bottom: 2px solid currentColor; padding-bottom: 5px; margin-top: 0; color: inherit; opacity: 0.8;'>Caracter\u00edsticas<\/h3>\n<ul style='padding-left: 20px; font-size: 15px; color: inherit;'>\n<li style='margin-bottom: 5px;'><strong>Grupo de cables 1:<\/strong> 6 conductores de cobre&comma; calibre 22<\/li>\n<li style='margin-bottom: 5px;'><strong>Colores:<\/strong> Negro&comma; Rojo&comma; Verde&comma; Blanco&comma; Az\u00fal&comma; Caf\u00e9&comma; calibre 22<\/li>\n<li style='margin-bottom: 5px;'><strong>Grupo de cables 2:<\/strong> 4 conductores de cobre<\/li>\n<li style='margin-bottom: 5px;'><strong>Colores:<\/strong> Negro&comma; Rojo&comma; Verde&comma; Blanco<\/li>\n<li style='margin-bottom: 5px;'><strong>Grupo de cables 3:<\/strong> 2 conductores de cobre&comma; calibre 18<\/li>\n<li style='margin-bottom: 5px;'><strong>Colores:<\/strong> Negro&comma; Rojo&comma; Verde&comma; Blanco<\/li>\n<\/ul><\/div>\n<\/p><\/div>\n<p> <!-- Secci\u00f3n de aplicaciones --> <\/p>\n<div style='display: flex; flex-wrap: wrap; gap: 30px; margin-bottom: 30px;'>\n<div style='flex: 1 1 300px; min-width: 280px;'>\n<h3 style='font-size: 22px; border-bottom: 2px solid currentColor; padding-bottom: 5px; margin-top: 0; color: inherit; opacity: 0.8;'>Aplicaciones<\/h3>\n<ul style='padding-left: 20px; font-size: 15px; color: inherit;'>\n<li style='margin-bottom: 5px;'><strong>Grupo 1:<\/strong> Cableado de lector de proximidad<\/li>\n<li style='margin-bottom: 5px;'><strong>Grupo 2:<\/strong> Cableado de sensor de puerta y bot\u00f3n de egreso<\/li>\n<li style='margin-bottom: 5px;'><strong>Grupo 3:<\/strong> Cableado de dispositivo de sujeci\u00f3n (Chapa magn\u00e9tica&comma; contrachapa)<\/li>\n<\/ul><\/div>\n<\/p><\/div>\n<p> <!-- Secci\u00f3n de caracter\u00edsticas mec\u00e1nicas --> <\/p>\n<div style='display: flex; flex-wrap: wrap; gap: 30px; margin-bottom: 30px;'>\n<div style='flex: 1 1 300px; min-width: 280px;'>\n<h3 style='font-size: 22px; border-bottom: 2px solid currentColor; padding-bottom: 5px; margin-top: 0; color: inherit; opacity: 0.8;'>Caracter\u00edsticas Mec\u00e1nicas<\/h3>\n<ul style='padding-left: 20px; font-size: 15px; color: inherit;'>\n<li style='margin-bottom: 5px;'><strong>Temperatura en operaci\u00f3n:<\/strong> -20\u00b0C a 60\u00b0C<\/li>\n<li style='margin-bottom: 5px;'><strong>Voltaje de operaci\u00f3n:<\/strong> M\u00e1x. 300 Volts<\/li>\n<\/ul><\/div>\n<\/p><\/div>\n<p> <!-- Secci\u00f3n de certificaciones --> <\/p>\n<div style='display: flex; flex-wrap: wrap; gap: 30px; margin-bottom: 30px;'>\n<div style='flex: 1 1 300px; min-width: 280px;'>\n<h3 style='font-size: 22px; border-bottom: 2px solid currentColor; padding-bottom: 5px; margin-top: 0; color: inherit; opacity: 0.8;'>Certificaci\u00f3n<\/h3>\n<ul style='padding-left: 20px; font-size: 15px; color: inherit;'>\n<li style='margin-bottom: 5px;'><strong>ISO:<\/strong> 9001:2015<\/li>\n<\/ul><\/div>\n<\/p><\/div>\n<p> <!-- Secci\u00f3n de empaque --> <\/p>\n<div style='display: flex; flex-wrap: wrap; gap: 30px; margin-bottom: 30px;'>\n<div style='flex: 1 1 300px; min-width: 280px;'>\n<h3 style='font-size: 22px; border-bottom: 2px solid currentColor; padding-bottom: 5px; margin-top: 0; color: inherit; opacity: 0.8;'>Empaque<\/h3>\n<ul style='padding-left: 20px; font-size: 15px; color: inherit;'>\n<li style='margin-bottom: 5px;'><strong>Contenido:<\/strong> 500 ft \/ 152 metros<\/li>\n<\/ul><\/div>\n<\/p><\/div>\n<p> <!-- Separador final --> <\/p>\n<hr style='border: 0; border-top: 1px solid rgba(150&comma; 150&comma; 150&comma; 0.3); margin: 30px 0;'> <\/div>\n","protected":false},"excerpt":{"rendered":"<p>Bobina de 152 metros de cable compuesto de, 6 y 4 conductores calibre 22 y 2 Conductores calibre 18, para aplicaciones de control de acceso ( Sin Jacket )<\/p>\n","protected":false},"featured_media":109541,"comment_status":"open","ping_status":"closed","template":"","meta":[],"product_brand":[],"product_cat":[487],"product_tag":[234,488,489],"class_list":{"0":"post-109542","1":"product","2":"type-product","3":"status-publish","4":"has-post-thumbnail","6":"product_cat-para-alimentacion-y-electricidad","7":"product_tag-accesspro","8":"product_tag-cables-y-conectores","9":"product_tag-para-alimentacion-y-electricidad","11":"first","12":"outofstock","13":"sale","14":"shipping-taxable","15":"purchasable","16":"product-type-simple"},"_links":{"self":[{"href":"https:\/\/soydeaqui.ddns.net\/pachuca\/index.php\/wp-json\/wp\/v2\/product\/109542","targetHints":{"allow":["GET"]}}],"collection":[{"href":"https:\/\/soydeaqui.ddns.net\/pachuca\/index.php\/wp-json\/wp\/v2\/product"}],"about":[{"href":"https:\/\/soydeaqui.ddns.net\/pachuca\/index.php\/wp-json\/wp\/v2\/types\/product"}],"replies":[{"embeddable":true,"href":"https:\/\/soydeaqui.ddns.net\/pachuca\/index.php\/wp-json\/wp\/v2\/comments?post=109542"}],"wp:featuredmedia":[{"embeddable":true,"href":"https:\/\/soydeaqui.ddns.net\/pachuca\/index.php\/wp-json\/wp\/v2\/media\/109541"}],"wp:attachment":[{"href":"https:\/\/soydeaqui.ddns.net\/pachuca\/index.php\/wp-json\/wp\/v2\/media?parent=109542"}],"wp:term":[{"taxonomy":"product_brand","embeddable":true,"href":"https:\/\/soydeaqui.ddns.net\/pachuca\/index.php\/wp-json\/wp\/v2\/product_brand?post=109542"},{"taxonomy":"product_cat","embeddable":true,"href":"https:\/\/soydeaqui.ddns.net\/pachuca\/index.php\/wp-json\/wp\/v2\/product_cat?post=109542"},{"taxonomy":"product_tag","embeddable":true,"href":"https:\/\/soydeaqui.ddns.net\/pachuca\/index.php\/wp-json\/wp\/v2\/product_tag?post=109542"}],"curies":[{"name":"wp","href":"https:\/\/api.w.org\/{rel}","templated":true}]}}