{"id":109537,"date":"2026-03-20T19:03:25","date_gmt":"2026-03-20T19:03:25","guid":{"rendered":"https:\/\/soydeaqui.ddns.net\/pachuca\/index.php\/producto\/caja-de-305-metros-1000-pies-4-x-22-awg-blindado-cmr-color-gris-aplicaciones-en-sistemas-de-audio-alarmas-y-control-de-acceso\/"},"modified":"2026-03-20T19:03:35","modified_gmt":"2026-03-20T19:03:35","slug":"caja-de-305-metros-1000-pies-4-x-22-awg-blindado-cmr-color-gris-aplicaciones-en-sistemas-de-audio-alarmas-y-control-de-acceso","status":"publish","type":"product","link":"https:\/\/soydeaqui.ddns.net\/pachuca\/index.php\/producto\/caja-de-305-metros-1000-pies-4-x-22-awg-blindado-cmr-color-gris-aplicaciones-en-sistemas-de-audio-alarmas-y-control-de-acceso\/","title":{"rendered":"Caja de 305 Metros (1000 Pies) \/ 4 X 22 AWG \/ Blindado \/ CMR, Color Gris. Aplicaciones en Sistemas de Audio, Alarmas y Control de Acceso."},"content":{"rendered":"<div style='width: 100%; max-width: 1200px; margin: 0 auto; font-family: sans-serif; line-height: 1.6; color: inherit; background-color: transparent;'>\n<div style='display: flex; flex-wrap: wrap; gap: 30px; margin-bottom: 30px;'>\n<div style='flex: 1 1 300px; min-width: 280px;'>\n<h3 style='font-size: 22px; border-bottom: 2px solid currentColor; padding-bottom: 5px; margin-top: 0; color: inherit; opacity: 0.8;'>DESCRIPCI\u00d3N GENERAL<\/h3>\n<p style='font-size: 15px; color: inherit; margin-top: 0;'>Multiconductor formado con conductores flexibles de cobre&comma; aislamiento individual de policloruro de vinilo retardante a la flama (PVC) normal o semirr\u00edgido&comma; cableados en grupos de 2 hasta 25 conductores&comma; blindaje opcional formado por cinta aluminizada + dren + malla de cobre esta\u00f1ado y cubierta general de policloruro de vinilo retardante a la flama (PVC).<\/p>\n<\/p><\/div>\n<\/p><\/div>\n<div style='display: flex; flex-wrap: wrap; gap: 20px; margin-bottom: 30px;'>\n<div style='flex: 1 1 250px; border: 1px solid rgba(150&comma; 150&comma; 150&comma; 0.4); border-radius: 8px; overflow: hidden; display: flex; flex-direction: column;'>\n<div style='padding: 15px; border-bottom: 1px solid rgba(150&comma; 150&comma; 150&comma; 0.2); font-weight: bold; font-size: 18px; color: inherit;'>ESPECIFICACIONES<\/div>\n<div style='padding: 15px; color: inherit;'>\n<ul style='padding-left: 20px; margin: 0; font-size: 14px; list-style-type: disc;'>\n<li style='margin-bottom: 5px;'>UL 444 Cables para Comunicaciones<\/li>\n<li style='margin-bottom: 5px;'>NEC Article 800 Circuitos de Comunicaciones<\/li>\n<li style='margin-bottom: 5px;'>Prueba de Flama: RISER UL 1666 &#8216;Flama Vertical&#8217;<\/li>\n<\/ul><\/div>\n<\/p><\/div>\n<div style='flex: 1 1 250px; border: 1px solid rgba(150&comma; 150&comma; 150&comma; 0.4); border-radius: 8px; overflow: hidden; display: flex; flex-direction: column;'>\n<div style='padding: 15px; border-bottom: 1px solid rgba(150&comma; 150&comma; 150&comma; 0.2); font-weight: bold; font-size: 18px; color: inherit;'>PRINCIPALES APLICACIONES<\/div>\n<div style='padding: 15px; color: inherit;'>\n<p style='margin-top: 0; font-size: 14px;'>Los cables Viakon\u00ae Multiconductores CM\/CMR\/CMP 300V\/600V est\u00e1n dise\u00f1ados para utilizarse en la conexi\u00f3n de equipos de seguridad:<\/p>\n<ul style='padding-left: 20px; margin: 0; font-size: 14px; list-style-type: disc;'>\n<li style='margin-bottom: 5px;'>Sistemas de audio<\/li>\n<li style='margin-bottom: 5px;'>Sistemas de control de acceso<\/li>\n<li style='margin-bottom: 5px;'>Sistemas de alarmas<\/li>\n<\/ul><\/div>\n<\/p><\/div>\n<div style='flex: 1 1 250px; border: 1px solid rgba(150&comma; 150&comma; 150&comma; 0.4); border-radius: 8px; overflow: hidden; display: flex; flex-direction: column;'>\n<div style='padding: 15px; border-bottom: 1px solid rgba(150&comma; 150&comma; 150&comma; 0.2); font-weight: bold; font-size: 18px; color: inherit;'>CARACTER\u00cdSTICAS<\/div>\n<div style='padding: 15px; color: inherit;'>\n<ul style='padding-left: 20px; margin: 0; font-size: 14px; list-style-type: disc;'>\n<li style='margin-bottom: 5px;'><strong>COBRE:<\/strong> utilizado por su alta conductividad el\u00e9ctrica y buenas propiedades mec\u00e1nicas&comma; resistente a la corrosi\u00f3n&comma; lo que lo hace especialmente recomendado para usarse en ambientes salinos y\/o corrosivos&comma; alta resistencia a la tracci\u00f3n y a la fatiga.<\/li>\n<li style='margin-bottom: 5px;'><strong>POLICLORURO DE VINILO (PVC):<\/strong> Material m\u00e1s usado como cubierta para uso general. Proporciona buena flexibilidad&comma; resistencia a agentes qu\u00edmicos y a la abrasi\u00f3n&comma; no propaga la flama (antiflama). Tiene importantes ventajas como una emisi\u00f3n de \u00e1cidos m\u00e1s baja y menor formaci\u00f3n de humos. La emisi\u00f3n de cloro por forros de PVC resistentes al fuego es bastante superior (5%) que la que emiten los forros normales de PVC. El PVC ininflamable tiene buenas caracter\u00edsticas de aislamiento en temperatura inferior a 100 \u00b0C.<\/li>\n<\/ul><\/div>\n<\/p><\/div>\n<div style='flex: 1 1 250px; border: 1px solid rgba(150&comma; 150&comma; 150&comma; 0.4); border-radius: 8px; overflow: hidden; display: flex; flex-direction: column;'>\n<div style='padding: 15px; border-bottom: 1px solid rgba(150&comma; 150&comma; 150&comma; 0.2); font-weight: bold; font-size: 18px; color: inherit;'>VENTAJAS<\/div>\n<div style='padding: 15px; color: inherit;'>\n<ul style='padding-left: 20px; margin: 0; font-size: 14px; list-style-type: disc;'>\n<li style='margin-bottom: 5px;'>El cable tipo CM est\u00e1 definido para uso general de comunicaciones con la excepci\u00f3n de &#8216;Riser&#8217; y de &#8216;Plenum&#8217;.<\/li>\n<li style='margin-bottom: 5px;'>El cable tipo CMR est\u00e1 definido para uso en tirajes verticales o de piso a piso &#8216;Riser&#8217;. El cable tipo CMR cuenta con caracter\u00edsticas adecuadas de resistencia al fuego que eviten la propagaci\u00f3n de fuego de un piso a otro. El cable tipo CMR excede las caracter\u00edsticas de los cables tipo CM.<\/li>\n<li style='margin-bottom: 5px;'>El cable tipo CMP est\u00e1 definido para uso en ductos&comma; &#8216;Plenum&#8217;&comma; y otros espacios utilizados para aire ambiental. El cable tipo CMP cuenta con caracter\u00edsticas adecuadas de resistencia al fuego y baja emanaci\u00f3n de humo. El cable tipo CMP excede las caracter\u00edsticas de los cables tipo CM y CMR.<\/li>\n<\/ul><\/div>\n<\/p><\/div>\n<div style='flex: 1 1 250px; border: 1px solid rgba(150&comma; 150&comma; 150&comma; 0.4); border-radius: 8px; overflow: hidden; display: flex; flex-direction: column;'>\n<div style='padding: 15px; border-bottom: 1px solid rgba(150&comma; 150&comma; 150&comma; 0.2); font-weight: bold; font-size: 18px; color: inherit;'>INFORMACI\u00d3N COMPLEMENTARIA<\/div>\n<div style='padding: 15px; color: inherit;'>\n<ul style='padding-left: 20px; margin: 0; font-size: 14px; list-style-type: disc;'>\n<li style='margin-bottom: 5px;'>Calibre: 22 AWG.<\/li>\n<li style='margin-bottom: 5px;'>Tipo Conductor: Cordon Flexible.<\/li>\n<li style='margin-bottom: 5px;'>Blindaje: Cinta Aluminizada + Dren<\/li>\n<li style='margin-bottom: 5px;'>Color de Producto: Color Solido ( 10 tonos disponibles )<\/li>\n<li style='margin-bottom: 5px;'>Estilo: Con o sin traza<\/li>\n<\/ul><\/div>\n<\/p><\/div>\n<div style='flex: 1 1 250px; border: 1px solid rgba(150&comma; 150&comma; 150&comma; 0.4); border-radius: 8px; overflow: hidden; display: flex; flex-direction: column;'>\n<div style='padding: 15px; border-bottom: 1px solid rgba(150&comma; 150&comma; 150&comma; 0.2); font-weight: bold; font-size: 18px; color: inherit;'>EMPAQUE<\/div>\n<div style='padding: 15px; color: inherit;'>\n<p style='margin: 0; font-size: 14px;'><strong>Empaque:<\/strong> Caja o Carrete (305 mts. \/ 1000 ft ).<\/p>\n<\/p><\/div>\n<\/p><\/div>\n<\/p><\/div>\n<div style='margin-bottom: 30px;'>\n<div style='position: relative; padding-bottom: 56.25%; height: 0; overflow: hidden; margin-bottom: 30px;'>   <\/div>\n<\/p><\/div>\n<hr style='border: 0; border-top: 1px solid rgba(150&comma; 150&comma; 150&comma; 0.3); margin: 30px 0;'> <\/div>\n","protected":false},"excerpt":{"rendered":"<p>Caja de 305 Metros (1000 Pies) \/ 4 X 22 AWG \/ Blindado \/ CMR, Color Gris. Aplicaciones en Sistemas de Audio, Alarmas y Control de Acceso.<\/p>\n","protected":false},"featured_media":109536,"comment_status":"open","ping_status":"closed","template":"","meta":[],"product_brand":[],"product_cat":[691],"product_tag":[692,488,242],"class_list":{"0":"post-109537","1":"product","2":"type-product","3":"status-publish","4":"has-post-thumbnail","6":"product_cat-audio-y-video-cables-y-conectores","7":"product_tag-audio-y-video","8":"product_tag-cables-y-conectores","9":"product_tag-viakon","11":"first","12":"instock","13":"sale","14":"shipping-taxable","15":"purchasable","16":"product-type-simple"},"_links":{"self":[{"href":"https:\/\/soydeaqui.ddns.net\/pachuca\/index.php\/wp-json\/wp\/v2\/product\/109537","targetHints":{"allow":["GET"]}}],"collection":[{"href":"https:\/\/soydeaqui.ddns.net\/pachuca\/index.php\/wp-json\/wp\/v2\/product"}],"about":[{"href":"https:\/\/soydeaqui.ddns.net\/pachuca\/index.php\/wp-json\/wp\/v2\/types\/product"}],"replies":[{"embeddable":true,"href":"https:\/\/soydeaqui.ddns.net\/pachuca\/index.php\/wp-json\/wp\/v2\/comments?post=109537"}],"wp:featuredmedia":[{"embeddable":true,"href":"https:\/\/soydeaqui.ddns.net\/pachuca\/index.php\/wp-json\/wp\/v2\/media\/109536"}],"wp:attachment":[{"href":"https:\/\/soydeaqui.ddns.net\/pachuca\/index.php\/wp-json\/wp\/v2\/media?parent=109537"}],"wp:term":[{"taxonomy":"product_brand","embeddable":true,"href":"https:\/\/soydeaqui.ddns.net\/pachuca\/index.php\/wp-json\/wp\/v2\/product_brand?post=109537"},{"taxonomy":"product_cat","embeddable":true,"href":"https:\/\/soydeaqui.ddns.net\/pachuca\/index.php\/wp-json\/wp\/v2\/product_cat?post=109537"},{"taxonomy":"product_tag","embeddable":true,"href":"https:\/\/soydeaqui.ddns.net\/pachuca\/index.php\/wp-json\/wp\/v2\/product_tag?post=109537"}],"curies":[{"name":"wp","href":"https:\/\/api.w.org\/{rel}","templated":true}]}}