{"id":109532,"date":"2026-03-20T19:03:09","date_gmt":"2026-03-20T19:03:09","guid":{"rendered":"https:\/\/soydeaqui.ddns.net\/pachuca\/index.php\/producto\/codificador-de-video-encoder-turbohd-5-megapixel-h-265-rs-485-tvi-ahd-cvi-cvbs-soporta-ptz-coaxitron\/"},"modified":"2026-03-20T19:03:13","modified_gmt":"2026-03-20T19:03:13","slug":"codificador-de-video-encoder-turbohd-5-megapixel-h-265-rs-485-tvi-ahd-cvi-cvbs-soporta-ptz-coaxitron","status":"publish","type":"product","link":"https:\/\/soydeaqui.ddns.net\/pachuca\/index.php\/producto\/codificador-de-video-encoder-turbohd-5-megapixel-h-265-rs-485-tvi-ahd-cvi-cvbs-soporta-ptz-coaxitron\/","title":{"rendered":"Codificador de V\u00eddeo (Encoder) TURBOHD 5 Megapixel \/ H.265+ \/ RS-485 \/ TVI-AHD-CVI-CVBS \/ Soporta PTZ Coaxitron"},"content":{"rendered":"<div style='width: 100%; max-width: 1200px; margin: 0 auto; font-family: sans-serif; line-height: 1.6; color: inherit; background-color: transparent;'>\n<p style='text-align: center;'><img style='width: 100%; max-width: 450px; height: auto; border: 1px solid rgba(150&comma;150&comma;150&comma;0.3); border-radius: 8px;' src='https:\/\/ftp3.syscom.mx\/usuarios\/jsosa\/HIKVISION\/imagenes\/logo\/hikvision%20see%20far.png' alt='Logo Hikvision'><\/p>\n<div style='display: flex; flex-wrap: wrap; gap: 30px; margin-bottom: 30px; margin-top: 30px;'>\n<div style='flex: 1 1 300px; min-width: 280px;'>\n<h3 style='font-size: 22px; border-bottom: 2px solid currentColor; padding-bottom: 5px; margin-top: 0; color: inherit; opacity: 0.8;'>Caracter\u00edsticas principales<\/h3>\n<ul style='padding-left: 20px; font-size: 15px; color: inherit;'>\n<li style='margin-bottom: 5px;'>Soporta resoluci\u00f3n de hasta 5 Megapixel<\/li>\n<li style='margin-bottom: 5px;'>Soporta 4 tecnolog\u00edas (TVI \/ AHD \/ CVI \/ CVBS)<\/li>\n<li style='margin-bottom: 5px;'>Compresi\u00f3n: H.265+ \/ H.265 \/ H.264<\/li>\n<li style='margin-bottom: 5px;'>Soporta memoria micro SD de hasta 128 GB (no incluido)<\/li>\n<li style='margin-bottom: 5px;'>TVI: 5 Megapixel<\/li>\n<li style='margin-bottom: 5px;'>CVI: 1080p<\/li>\n<li style='margin-bottom: 5px;'>AHD: 1080p<\/li>\n<li style='margin-bottom: 5px;'>CVBS: WD1<\/li>\n<li style='margin-bottom: 5px;'>Soporta entrada y salida de audio y alarma<\/li>\n<li style='margin-bottom: 5px;'>Soporta coaxitron<\/li>\n<li style='margin-bottom: 5px;'>Soporta RS-485<\/li>\n<\/ul><\/div>\n<div style='flex: 1 1 300px; min-width: 280px;'>\n<h3 style='font-size: 22px; border-bottom: 2px solid currentColor; padding-bottom: 5px; margin-top: 0; color: inherit; opacity: 0.8;'>Caracter\u00edsticas F\u00edsicas y El\u00e9ctricas<\/h3>\n<ul style='padding-left: 20px; font-size: 15px; color: inherit;'>\n<li style='margin-bottom: 5px;'>Alimentaci\u00f3n y consumo: 12 Vcc \/ 15 Watts (incluye fuente)<\/li>\n<li style='margin-bottom: 5px;'>Dimensiones: 162.5 x 114 x 47.5 mm<\/li>\n<li style='margin-bottom: 5px;'>Peso: 1.5 kgs<\/li>\n<\/ul><\/div>\n<\/p><\/div>\n<hr style='border: 0; border-top: 1px solid rgba(150&comma;150&comma;150&comma;0.3); margin: 30px 0;'>\n<div style='margin-top: 30px;'> <img style='width: 100%; height: auto; border: 1px solid rgba(150&comma;150&comma;150&comma;0.3); border-radius: 8px;' src='https:\/\/ftp3.syscom.mx\/usuarios\/jsosa\/HIKVISION\/imagenes\/banners\/solution%20complete.png' alt='Soluci\u00f3n completa'> <\/div>\n<\/p><\/div>\n","protected":false},"excerpt":{"rendered":"<p>Codificador de V\u00eddeo (Encoder) TURBOHD 5 Megapixel \/ H.265+ \/ RS-485 \/ TVI-AHD-CVI-CVBS \/ Soporta PTZ Coaxitron<\/p>\n","protected":false},"featured_media":109531,"comment_status":"open","ping_status":"closed","template":"","meta":[],"product_brand":[],"product_cat":[2264],"product_tag":[122,2265,54],"class_list":{"0":"post-109532","1":"product","2":"type-product","3":"status-publish","4":"has-post-thumbnail","6":"product_cat-codificadores-y-decodificadores-de-video","7":"product_tag-camaras-ip-y-nvrs","8":"product_tag-codificadores-y-decodificadores-de-video","9":"product_tag-hikvision","11":"first","12":"instock","13":"sale","14":"shipping-taxable","15":"purchasable","16":"product-type-simple"},"_links":{"self":[{"href":"https:\/\/soydeaqui.ddns.net\/pachuca\/index.php\/wp-json\/wp\/v2\/product\/109532","targetHints":{"allow":["GET"]}}],"collection":[{"href":"https:\/\/soydeaqui.ddns.net\/pachuca\/index.php\/wp-json\/wp\/v2\/product"}],"about":[{"href":"https:\/\/soydeaqui.ddns.net\/pachuca\/index.php\/wp-json\/wp\/v2\/types\/product"}],"replies":[{"embeddable":true,"href":"https:\/\/soydeaqui.ddns.net\/pachuca\/index.php\/wp-json\/wp\/v2\/comments?post=109532"}],"wp:featuredmedia":[{"embeddable":true,"href":"https:\/\/soydeaqui.ddns.net\/pachuca\/index.php\/wp-json\/wp\/v2\/media\/109531"}],"wp:attachment":[{"href":"https:\/\/soydeaqui.ddns.net\/pachuca\/index.php\/wp-json\/wp\/v2\/media?parent=109532"}],"wp:term":[{"taxonomy":"product_brand","embeddable":true,"href":"https:\/\/soydeaqui.ddns.net\/pachuca\/index.php\/wp-json\/wp\/v2\/product_brand?post=109532"},{"taxonomy":"product_cat","embeddable":true,"href":"https:\/\/soydeaqui.ddns.net\/pachuca\/index.php\/wp-json\/wp\/v2\/product_cat?post=109532"},{"taxonomy":"product_tag","embeddable":true,"href":"https:\/\/soydeaqui.ddns.net\/pachuca\/index.php\/wp-json\/wp\/v2\/product_tag?post=109532"}],"curies":[{"name":"wp","href":"https:\/\/api.w.org\/{rel}","templated":true}]}}