{"id":109519,"date":"2026-03-20T19:02:31","date_gmt":"2026-03-20T19:02:31","guid":{"rendered":"https:\/\/soydeaqui.ddns.net\/pachuca\/index.php\/producto\/cloud-router-switch-administrable-l3-8-puertos-10-100-1000-mbps-c-poe-pasivo-o-802-3af-at-4-puertos-sfp\/"},"modified":"2026-03-20T19:02:50","modified_gmt":"2026-03-20T19:02:50","slug":"cloud-router-switch-administrable-l3-8-puertos-10-100-1000-mbps-c-poe-pasivo-o-802-3af-at-4-puertos-sfp","status":"publish","type":"product","link":"https:\/\/soydeaqui.ddns.net\/pachuca\/index.php\/producto\/cloud-router-switch-administrable-l3-8-puertos-10-100-1000-mbps-c-poe-pasivo-o-802-3af-at-4-puertos-sfp\/","title":{"rendered":"Cloud Router Switch Administrable L3, 8 puertos 10\/100\/1000 Mbps c\/PoE Pasivo \u00f3 802.3af\/at, 4 Puertos SFP"},"content":{"rendered":"<div style='width: 100%; max-width: 1200px; margin: 0 auto; font-family: sans-serif; line-height: 1.6; color: inherit; background-color: transparent;'>\n<div style='display: flex; flex-wrap: wrap; gap: 30px; margin-bottom: 30px;'>\n<div style='flex: 1 1 300px; min-width: 280px;'>\n<h3 style='font-size: 22px; border-bottom: 2px solid currentColor; padding-bottom: 5px; margin-top: 0; color: inherit; opacity: 0.8;'>Caracter\u00edsticas principales<\/h3>\n<p style='font-size: 15px; margin-bottom: 15px; color: inherit;'> El CRS112-8P-4S-IN es un Switch PoE con 8 puertos Gigabit RJ45 que ofrece opciones de alimentaci\u00f3n: detecci\u00f3n autom\u00e1tica 802.3af\/at PoE\/PoE+ y PoE pasivo&comma; junto con 4 puertos SFP para conectividad de fibra \u00f3ptica con enlaces ascendentes de hasta 1 Gbps. <\/p>\n<p style='font-size: 15px; margin-bottom: 15px; color: inherit;'> Cuenta con 12 puertos de conmutaci\u00f3n independientes. Incluye fuente de alimentaci\u00f3n de 28V @ 3.4A. Tiene toma secundaria de CC (48-57V) para alimentar dispositivos 802.3af\/at. La corriente m\u00e1xima es de 1A por puerto a 18-28V y 450mA a 48-57V&comma; con l\u00edmite total de 2.8A@24V y 1.4A@48-57V. <\/p>\n<p style='font-size: 15px; margin-bottom: 15px; color: inherit;'> <strong>Nota:<\/strong> Al usar fuente de 48-56V&comma; solo alimentar\u00e1 equipos 802.3af\/at <\/p>\n<\/p><\/div>\n<\/p><\/div>\n<hr style='border: 0; border-top: 1px solid rgba(150&comma; 150&comma; 150&comma; 0.3); margin: 30px 0;'>\n<div style='display: flex; flex-wrap: wrap; gap: 20px; margin-bottom: 30px;'>\n<div style='flex: 1 1 250px; border: 1px solid rgba(150&comma; 150&comma; 150&comma; 0.4); border-radius: 8px; overflow: hidden; display: flex; flex-direction: column;'>\n<div style='padding: 15px; border-bottom: 1px solid rgba(150&comma; 150&comma; 150&comma; 0.2); font-weight: bold; font-size: 18px; color: inherit;'>Especificaciones<\/div>\n<div style='padding: 15px; color: inherit;'>\n<ul style='padding-left: 20px; margin: 0; font-size: 14px; list-style-type: disc;'>\n<li style='margin-bottom: 5px;'><strong>C\u00f3digo de producto:<\/strong> CRS112-8P-4S-IN<\/li>\n<li style='margin-bottom: 5px;'><strong>Arquitectura:<\/strong> MIPSBE<\/li>\n<li style='margin-bottom: 5px;'><strong>CPU:<\/strong> QCA8511<\/li>\n<li style='margin-bottom: 5px;'><strong>N\u00facleos CPU:<\/strong> 1<\/li>\n<li style='margin-bottom: 5px;'><strong>Frecuencia CPU:<\/strong> 400 MHz<\/li>\n<li style='margin-bottom: 5px;'><strong>Dimensiones:<\/strong> 200 x 142 x 44 mm<\/li>\n<li style='margin-bottom: 5px;'><strong>Nivel de licencia:<\/strong> 5<\/li>\n<li style='margin-bottom: 5px;'><strong>RAM:<\/strong> 128 MB<\/li>\n<li style='margin-bottom: 5px;'><strong>Almacenamiento:<\/strong> 16 MB FLASH<\/li>\n<li style='margin-bottom: 5px;'><strong>Temperatura operativa:<\/strong> -20\u00b0C a 60\u00b0C<\/li>\n<\/ul><\/div>\n<\/p><\/div>\n<div style='flex: 1 1 250px; border: 1px solid rgba(150&comma; 150&comma; 150&comma; 0.4); border-radius: 8px; overflow: hidden; display: flex; flex-direction: column;'>\n<div style='padding: 15px; border-bottom: 1px solid rgba(150&comma; 150&comma; 150&comma; 0.2); font-weight: bold; font-size: 18px; color: inherit;'>Alimentaci\u00f3n<\/div>\n<div style='padding: 15px; color: inherit;'>\n<ul style='padding-left: 20px; margin: 0; font-size: 14px; list-style-type: disc;'>\n<li style='margin-bottom: 5px;'><strong>Entradas DC:<\/strong> 2 (toma de CC)<\/li>\n<li style='margin-bottom: 5px;'><strong>Voltaje entrada:<\/strong> 18-28 V \/ 48-57 V<\/li>\n<li style='margin-bottom: 5px;'><strong>Consumo m\u00e1ximo:<\/strong> 160 W<\/li>\n<li style='margin-bottom: 5px;'><strong>Consumo sin accesorios:<\/strong> 10 W<\/li>\n<\/ul><\/div>\n<\/p><\/div>\n<div style='flex: 1 1 250px; border: 1px solid rgba(150&comma; 150&comma; 150&comma; 0.4); border-radius: 8px; overflow: hidden; display: flex; flex-direction: column;'>\n<div style='padding: 15px; border-bottom: 1px solid rgba(150&comma; 150&comma; 150&comma; 0.2); font-weight: bold; font-size: 18px; color: inherit;'>PoE-out<\/div>\n<div style='padding: 15px; color: inherit;'>\n<ul style='padding-left: 20px; margin: 0; font-size: 14px; list-style-type: disc;'>\n<li style='margin-bottom: 5px;'><strong>Puertos PoE:<\/strong> Ether1-Ether8<\/li>\n<li style='margin-bottom: 5px;'><strong>Estandar PoE:<\/strong> 802.3af\/at<\/li>\n<li style='margin-bottom: 5px;'><strong>Salida m\u00e1xima puerto (18-28V):<\/strong> 1 A<\/li>\n<li style='margin-bottom: 5px;'><strong>Salida m\u00e1xima puerto (48-57V):<\/strong> 450 mA<\/li>\n<li style='margin-bottom: 5px;'><strong>Salida total:<\/strong> 2.8A (18-28V) y 1.4A (48-57V)<\/li>\n<\/ul><\/div>\n<\/p><\/div>\n<div style='flex: 1 1 250px; border: 1px solid rgba(150&comma; 150&comma; 150&comma; 0.4); border-radius: 8px; overflow: hidden; display: flex; flex-direction: column;'>\n<div style='padding: 15px; border-bottom: 1px solid rgba(150&comma; 150&comma; 150&comma; 0.2); font-weight: bold; font-size: 18px; color: inherit;'>Ethernet<\/div>\n<div style='padding: 15px; color: inherit;'>\n<ul style='padding-left: 20px; margin: 0; font-size: 14px; list-style-type: disc;'>\n<li style='margin-bottom: 5px;'><strong>Puertos 10\/100\/1000:<\/strong> 8<\/li>\n<li style='margin-bottom: 5px;'><strong>Puertos PoE:<\/strong> 8<\/li>\n<\/ul><\/div>\n<\/p><\/div>\n<div style='flex: 1 1 250px; border: 1px solid rgba(150&comma; 150&comma; 150&comma; 0.4); border-radius: 8px; overflow: hidden; display: flex; flex-direction: column;'>\n<div style='padding: 15px; border-bottom: 1px solid rgba(150&comma; 150&comma; 150&comma; 0.2); font-weight: bold; font-size: 18px; color: inherit;'>Fibra<\/div>\n<div style='padding: 15px; color: inherit;'>\n<ul style='padding-left: 20px; margin: 0; font-size: 14px; list-style-type: disc;'>\n<li style='margin-bottom: 5px;'><strong>Puertos SFP:<\/strong> 4<\/li>\n<\/ul><\/div>\n<\/p><\/div>\n<div style='flex: 1 1 250px; border: 1px solid rgba(150&comma; 150&comma; 150&comma; 0.4); border-radius: 8px; overflow: hidden; display: flex; flex-direction: column;'>\n<div style='padding: 15px; border-bottom: 1px solid rgba(150&comma; 150&comma; 150&comma; 0.2); font-weight: bold; font-size: 18px; color: inherit;'>Perif\u00e9ricos<\/div>\n<div style='padding: 15px; color: inherit;'>\n<ul style='padding-left: 20px; margin: 0; font-size: 14px; list-style-type: disc;'>\n<li style='margin-bottom: 5px;'><strong>Puerto serial:<\/strong> RJ45<\/li>\n<\/ul><\/div>\n<\/p><\/div>\n<div style='flex: 1 1 250px; border: 1px solid rgba(150&comma; 150&comma; 150&comma; 0.4); border-radius: 8px; overflow: hidden; display: flex; flex-direction: column;'>\n<div style='padding: 15px; border-bottom: 1px solid rgba(150&comma; 150&comma; 150&comma; 0.2); font-weight: bold; font-size: 18px; color: inherit;'>Otro<\/div>\n<div style='padding: 15px; color: inherit;'>\n<ul style='padding-left: 20px; margin: 0; font-size: 14px; list-style-type: disc;'>\n<li style='margin-bottom: 5px;'><strong>Monitor temperatura PCB:<\/strong> S\u00ed<\/li>\n<\/ul><\/div>\n<\/p><\/div>\n<div style='flex: 1 1 250px; border: 1px solid rgba(150&comma; 150&comma; 150&comma; 0.4); border-radius: 8px; overflow: hidden; display: flex; flex-direction: column;'>\n<div style='padding: 15px; border-bottom: 1px solid rgba(150&comma; 150&comma; 150&comma; 0.2); font-weight: bold; font-size: 18px; color: inherit;'>Certificaciones<\/div>\n<div style='padding: 15px; color: inherit;'>\n<ul style='padding-left: 20px; margin: 0; font-size: 14px; list-style-type: disc;'>\n<li style='margin-bottom: 5px;'><strong>Est\u00e1ndares:<\/strong> CE\/RED&comma; EAC&comma; ROHS<\/li>\n<\/ul><\/div>\n<\/p><\/div>\n<\/p><\/div>\n<div style='display: flex; flex-wrap: wrap; gap: 30px; margin-bottom: 30px;'>\n<div style='flex: 1 1 300px; min-width: 280px;'>\n<h3 style='font-size: 22px; border-bottom: 2px solid currentColor; padding-bottom: 5px; margin-top: 0; color: inherit; opacity: 0.8;'>Resultados Ethernet<\/h3>\n<div style='overflow-x: auto;'>\n<table style='width: 100%; border-collapse: collapse; margin-bottom: 15px; color: inherit;'>\n<thead style='background-color: #f9f9f9;'>\n<tr style='border-bottom: 1px solid rgba(150&comma; 150&comma; 150&comma; 0.3);'>\n<th style='padding: 10px; border: 1px solid rgba(150&comma; 150&comma; 150&comma; 0.3); font-weight: bold; text-align: left;'>Modo<\/th>\n<th style='padding: 10px; border: 1px solid rgba(150&comma; 150&comma; 150&comma; 0.3); font-weight: bold; text-align: left;'>Configuraci\u00f3n<\/th>\n<th style='padding: 10px; border: 1px solid rgba(150&comma; 150&comma; 150&comma; 0.3); font-weight: bold; text-align: left;'>1518 byte<\/th>\n<th style='padding: 10px; border: 1px solid rgba(150&comma; 150&comma; 150&comma; 0.3); font-weight: bold; text-align: left;'>512 byte<\/th>\n<th style='padding: 10px; border: 1px solid rgba(150&comma; 150&comma; 150&comma; 0.3); font-weight: bold; text-align: left;'>64 byte<\/th>\n<\/tr>\n<\/thead>\n<tbody>\n<tr style='border-bottom: 1px solid rgba(150&comma; 150&comma; 150&comma; 0.3);'>\n<td style='padding: 10px; border: 1px solid rgba(150&comma; 150&comma; 150&comma; 0.3);'>Bridging<\/td>\n<td style='padding: 10px; border: 1px solid rgba(150&comma; 150&comma; 150&comma; 0.3);'>Sin filtro<\/td>\n<td style='padding: 10px; border: 1px solid rgba(150&comma; 150&comma; 150&comma; 0.3);'>582.9 Mbps<\/td>\n<td style='padding: 10px; border: 1px solid rgba(150&comma; 150&comma; 150&comma; 0.3);'>301.1 Mbps<\/td>\n<td style='padding: 10px; border: 1px solid rgba(150&comma; 150&comma; 150&comma; 0.3);'>39.9 Mbps<\/td>\n<\/tr>\n<tr style='border-bottom: 1px solid rgba(150&comma; 150&comma; 150&comma; 0.3);'>\n<td style='padding: 10px; border: 1px solid rgba(150&comma; 150&comma; 150&comma; 0.3);'>Bridging<\/td>\n<td style='padding: 10px; border: 1px solid rgba(150&comma; 150&comma; 150&comma; 0.3);'>25 reglas filtro<\/td>\n<td style='padding: 10px; border: 1px solid rgba(150&comma; 150&comma; 150&comma; 0.3);'>317.0 Mbps<\/td>\n<td style='padding: 10px; border: 1px solid rgba(150&comma; 150&comma; 150&comma; 0.3);'>117.1 Mbps<\/td>\n<td style='padding: 10px; border: 1px solid rgba(150&comma; 150&comma; 150&comma; 0.3);'>15.2 Mbps<\/td>\n<\/tr>\n<tr style='border-bottom: 1px solid rgba(150&comma; 150&comma; 150&comma; 0.3);'>\n<td style='padding: 10px; border: 1px solid rgba(150&comma; 150&comma; 150&comma; 0.3);'>Enrutamiento<\/td>\n<td style='padding: 10px; border: 1px solid rgba(150&comma; 150&comma; 150&comma; 0.3);'>Sin reglas<\/td>\n<td style='padding: 10px; border: 1px solid rgba(150&comma; 150&comma; 150&comma; 0.3);'>564.7 Mbps<\/td>\n<td style='padding: 10px; border: 1px solid rgba(150&comma; 150&comma; 150&comma; 0.3);'>269.1 Mbps<\/td>\n<td style='padding: 10px; border: 1px solid rgba(150&comma; 150&comma; 150&comma; 0.3);'>36.4 Mbps<\/td>\n<\/tr>\n<tr style='border-bottom: 1px solid rgba(150&comma; 150&comma; 150&comma; 0.3);'>\n<td style='padding: 10px; border: 1px solid rgba(150&comma; 150&comma; 150&comma; 0.3);'>Enrutamiento<\/td>\n<td style='padding: 10px; border: 1px solid rgba(150&comma; 150&comma; 150&comma; 0.3);'>25 colas<\/td>\n<td style='padding: 10px; border: 1px solid rgba(150&comma; 150&comma; 150&comma; 0.3);'>176.1 Mbps<\/td>\n<td style='padding: 10px; border: 1px solid rgba(150&comma; 150&comma; 150&comma; 0.3);'>65.9 Mbps<\/td>\n<td style='padding: 10px; border: 1px solid rgba(150&comma; 150&comma; 150&comma; 0.3);'>8.6 Mbps<\/td>\n<\/tr>\n<\/tbody>\n<\/table><\/div>\n<\/p><\/div>\n<\/p><\/div>\n<hr style='border: 0; border-top: 1px solid rgba(150&comma; 150&comma; 150&comma; 0.3); margin: 30px 0;'>\n<div style='display: flex; flex-wrap: wrap; gap: 30px; margin-bottom: 30px;'>\n<div style='flex: 1 1 300px; min-width: 280px;'>\n<h3 style='font-size: 22px; border-bottom: 2px solid currentColor; padding-bottom: 5px; margin-top: 0; color: inherit; opacity: 0.8;'>Partes incluidas<\/h3>\n<div style='display: grid; grid-template-columns: repeat(auto-fill&comma; minmax(120px&comma; 1fr)); gap: 15px;'>\n<div style='text-align: center;'> <img style='width: 100%; height: auto; border: 1px solid rgba(150&comma;150&comma;150&comma;0.3); border-radius: 8px;' src='https:\/\/i.mt.lv\/cdn\/rb_images\/part41391160693s.jpg' alt='Cable IEC'> <\/p>\n<p style='margin: 8px 0 0; font-size: 14px; color: inherit;'>Cable IEC<\/p>\n<\/p><\/div>\n<div style='text-align: center;'> <img style='width: 100%; height: auto; border: 1px solid rgba(150&comma;150&comma;150&comma;0.3); border-radius: 8px;' src='https:\/\/i.mt.lv\/cdn\/rb_images\/part711517307542s.jpg' alt='Adaptador 28V 3.4A'> <\/p>\n<p style='margin: 8px 0 0; font-size: 14px; color: inherit;'>Adaptador 28V 3.4A<\/p>\n<\/p><\/div>\n<div style='text-align: center;'> <img style='width: 100%; height: auto; border: 1px solid rgba(150&comma;150&comma;150&comma;0.3); border-radius: 8px;' src='https:\/\/i.mt.lv\/cdn\/rb_images\/part721517307576s.jpg' alt='Kit tornillos K48'> <\/p>\n<p style='margin: 8px 0 0; font-size: 14px; color: inherit;'>Kit tornillos K48<\/p>\n<\/p><\/div>\n<div style='text-align: center;'> <img style='width: 100%; height: auto; border: 1px solid rgba(150&comma;150&comma;150&comma;0.3); border-radius: 8px;' src='https:\/\/i.mt.lv\/cdn\/rb_images\/part441414762206s.jpg' alt='Orejas'> <\/p>\n<p style='margin: 8px 0 0; font-size: 14px; color: inherit;'>Orejas<\/p>\n<\/p><\/div>\n<\/p><\/div>\n<\/p><\/div>\n<\/p><\/div>\n<div style='display: flex; flex-wrap: wrap; gap: 30px; margin-bottom: 30px;'>\n<div style='flex: 1 1 300px; min-width: 280px;'> <img style='width: 100%; height: auto; border: 1px solid rgba(150&comma;150&comma;150&comma;0.3); border-radius: 8px;' src='https:\/\/ftp3.syscom.mx\/usuarios\/fotos\/CRS1128P4SIN\/153170-garantia1.png' alt='Garant\u00eda'> <\/div>\n<\/p><\/div>\n<\/p><\/div>\n","protected":false},"excerpt":{"rendered":"<p>Cloud Router Switch Administrable L3, 8 puertos 10\/100\/1000 Mbps c\/PoE Pasivo \u00f3 802.3af\/at, 4 Puertos SFP<\/p>\n","protected":false},"featured_media":109518,"comment_status":"open","ping_status":"closed","template":"","meta":[],"product_brand":[],"product_cat":[1986],"product_tag":[643,664,1987],"class_list":{"0":"post-109519","1":"product","2":"type-product","3":"status-publish","4":"has-post-thumbnail","6":"product_cat-switches-poe","7":"product_tag-mikrotik","8":"product_tag-networking","9":"product_tag-switches-poe","11":"first","12":"instock","13":"sale","14":"shipping-taxable","15":"purchasable","16":"product-type-simple"},"_links":{"self":[{"href":"https:\/\/soydeaqui.ddns.net\/pachuca\/index.php\/wp-json\/wp\/v2\/product\/109519","targetHints":{"allow":["GET"]}}],"collection":[{"href":"https:\/\/soydeaqui.ddns.net\/pachuca\/index.php\/wp-json\/wp\/v2\/product"}],"about":[{"href":"https:\/\/soydeaqui.ddns.net\/pachuca\/index.php\/wp-json\/wp\/v2\/types\/product"}],"replies":[{"embeddable":true,"href":"https:\/\/soydeaqui.ddns.net\/pachuca\/index.php\/wp-json\/wp\/v2\/comments?post=109519"}],"wp:featuredmedia":[{"embeddable":true,"href":"https:\/\/soydeaqui.ddns.net\/pachuca\/index.php\/wp-json\/wp\/v2\/media\/109518"}],"wp:attachment":[{"href":"https:\/\/soydeaqui.ddns.net\/pachuca\/index.php\/wp-json\/wp\/v2\/media?parent=109519"}],"wp:term":[{"taxonomy":"product_brand","embeddable":true,"href":"https:\/\/soydeaqui.ddns.net\/pachuca\/index.php\/wp-json\/wp\/v2\/product_brand?post=109519"},{"taxonomy":"product_cat","embeddable":true,"href":"https:\/\/soydeaqui.ddns.net\/pachuca\/index.php\/wp-json\/wp\/v2\/product_cat?post=109519"},{"taxonomy":"product_tag","embeddable":true,"href":"https:\/\/soydeaqui.ddns.net\/pachuca\/index.php\/wp-json\/wp\/v2\/product_tag?post=109519"}],"curies":[{"name":"wp","href":"https:\/\/api.w.org\/{rel}","templated":true}]}}