{"id":109511,"date":"2026-03-20T19:02:07","date_gmt":"2026-03-20T19:02:07","guid":{"rendered":"https:\/\/soydeaqui.ddns.net\/pachuca\/index.php\/producto\/domo-turbohd-2-megapixel-1080p-ultra-baja-iluminacion-wdr-130-db-lente-mot-2-7-13-5-mm-ip67-ik10-60-mts-ir-exir-metal\/"},"modified":"2026-03-20T19:02:21","modified_gmt":"2026-03-20T19:02:21","slug":"domo-turbohd-2-megapixel-1080p-ultra-baja-iluminacion-wdr-130-db-lente-mot-2-7-13-5-mm-ip67-ik10-60-mts-ir-exir-metal","status":"publish","type":"product","link":"https:\/\/soydeaqui.ddns.net\/pachuca\/index.php\/producto\/domo-turbohd-2-megapixel-1080p-ultra-baja-iluminacion-wdr-130-db-lente-mot-2-7-13-5-mm-ip67-ik10-60-mts-ir-exir-metal\/","title":{"rendered":"Domo TURBOHD 2 Megapixel (1080p) \/ Ultra Baja Iluminaci\u00f3n \/ WDR 130 dB \/ Lente Mot. 2.7 &#8211; 13.5 mm \/ IP67 \/ IK10 \/ 60 mts IR EXIR \/ Metal"},"content":{"rendered":"<div style='width: 100%; max-width: 1200px; margin: 0 auto; font-family: sans-serif; line-height: 1.6; color: inherit; background-color: transparent;'> <!-- Logo HIKVISION --> <\/p>\n<p style='text-align: center; margin: 20px 0;'><img style='width: 45%; height: auto; border: 1px solid rgba(150&comma;150&comma;150&comma;0.3); border-radius: 8px;' src='https:\/\/ftp3.syscom.mx\/usuarios\/jsosa\/HIKVISION\/imagenes\/logo\/hikvision%20see%20far.png' alt='Logo HIKVISION'><\/p>\n<p> <!-- Video YouTube --> <\/p>\n<div style='position: relative; padding-bottom: 56.25%; height: 0; overflow: hidden; margin: 30px 0;'>   <\/div>\n<p> <!-- Secci\u00f3n de caracter\u00edsticas --> <\/p>\n<div style='display: flex; flex-wrap: wrap; gap: 30px; margin-bottom: 30px;'>\n<div style='flex: 1 1 300px; min-width: 280px;'>\n<h3 style='font-size: 22px; border-bottom: 2px solid currentColor; padding-bottom: 5px; margin-top: 0; color: inherit; opacity: 0.8;'>Caracter\u00edsticas principales<\/h3>\n<ul style='padding-left: 20px; font-size: 15px; color: inherit;'>\n<li style='margin-bottom: 5px;'>Resoluci\u00f3n M\u00e1xima: 2 Megapixel (1920 x 1080)<\/li>\n<li style='margin-bottom: 5px;'>Formato NTSC \/ PAL seleccionable<\/li>\n<li style='margin-bottom: 5px;'>Lente motorizado de 2.7 a 13.5mm (103\u00b0 a 32.1\u00b0)<\/li>\n<li style='margin-bottom: 5px;'>Iluminaci\u00f3n m\u00ednima: 0.003 Lux@ (F1.2&comma; AGC ON)&comma; 0 Lux IR ON<\/li>\n<li style='margin-bottom: 5px;'>D\u00eda \/ Noche Real con filtro ICR<\/li>\n<li style='margin-bottom: 5px;'>IR EXIR para iluminar hasta 60m en total oscuridad con Tecnolog\u00eda Smart IR<\/li>\n<li style='margin-bottom: 5px;'>Salida de video: Conector BNC<\/li>\n<li style='margin-bottom: 5px;'>Programaci\u00f3n OSD a trav\u00e9s de cable Coaxial \/ UTP&comma; SIN cables adicionales de datos<\/li>\n<li style='margin-bottom: 5px;'>Funciones: WDR 120dB&comma; 3D DNR&comma; Mirror&comma; SMART IR&comma; ATW&comma; BLC<\/li>\n<\/ul><\/div>\n<div style='flex: 1 1 300px; min-width: 280px;'>\n<h3 style='font-size: 22px; border-bottom: 2px solid currentColor; padding-bottom: 5px; margin-top: 0; color: inherit; opacity: 0.8;'>Caracter\u00edsticas F\u00edsicas y El\u00e9ctricas<\/h3>\n<ul style='padding-left: 20px; font-size: 15px; color: inherit;'>\n<li style='margin-bottom: 5px;'>Aplicaciones: Interior\/Exterior IP67<\/li>\n<li style='margin-bottom: 5px;'>Protecci\u00f3n: IK10<\/li>\n<li style='margin-bottom: 5px;'>Temperatura de Operaci\u00f3n: -40~60\u00baC<\/li>\n<li style='margin-bottom: 5px;'>Alimentaci\u00f3n: 12Vcc<\/li>\n<li style='margin-bottom: 5px;'>Consumo el\u00e9ctrico: 5.8 W (IR encendido)<\/li>\n<li style='margin-bottom: 5px;'>Dimensiones: 145.2 m x 124.1mm<\/li>\n<li style='margin-bottom: 5px;'>Material: Metal<\/li>\n<li style='margin-bottom: 5px;'>Peso: 610 gr<\/li>\n<\/ul><\/div>\n<\/p><\/div>\n<p> <!-- Accesorios --> <\/p>\n<div style='margin-bottom: 30px;'>\n<h3 style='font-size: 22px; border-bottom: 2px solid currentColor; padding-bottom: 5px; margin-top: 0; color: inherit; opacity: 0.8;'>Accesorios<\/h3>\n<ul style='padding-left: 20px; font-size: 15px; color: inherit;'>\n<li style='margin-bottom: 5px;'><strong>Montaje de pared&comma; modelo:<\/strong> <a href='https:\/\/www.syscom.mx\/producto\/DS-1273ZJ-140-HIKVISION-169203.html' style='color: inherit; text-decoration: underline;' target='_blank' rel='noopener'>DS-1273ZJ-140<\/a><\/li>\n<li style='margin-bottom: 5px;'><strong>Montaje de pared&comma; modelo:<\/strong> <a href='https:\/\/ftp3.syscom.mx\/usuarios\/ftp\/2019\/10\/16\/ef77c\/Datasheet%20DS-2CE56D8T-%20(A)%20VPIT3ZF%2020190603.pdf' style='color: inherit; text-decoration: underline;' target='_blank' rel='noopener'>DS-1273ZJ-140B<\/a><\/li>\n<li style='margin-bottom: 5px;'><strong>Montaje de poste vertical&comma; modelo:<\/strong> <a href='https:\/\/www.syscom.mx\/producto\/DS-1275ZJ-SUS-HIKVISION-156172.html' style='color: inherit; text-decoration: underline;' target='_blank' rel='noopener'>DS-1275ZJ-SUS<\/a><\/li>\n<li style='margin-bottom: 5px;'><strong>Montaje de esquina&comma; modelo:<\/strong> <a href='https:\/\/www.syscom.mx\/producto\/DS-1276ZJ-SUS-HIKVISION-156173.html' style='color: inherit; text-decoration: underline;' target='_blank' rel='noopener'>DS-1276ZJ-SUS<\/a><\/li>\n<li style='margin-bottom: 5px;'><strong>Montaje en el techo&comma; modelo:<\/strong> <a href='https:\/\/ftp3.syscom.mx\/usuarios\/ftp\/2019\/10\/16\/ef77c\/Datasheet%20DS-2CE56D8T-%20(A)%20VPIT3ZF%2020190603.pdf' style='color: inherit; text-decoration: underline;' target='_blank' rel='noopener'>DS-1241ZJ<\/a><\/li>\n<li style='margin-bottom: 5px;'><strong>Soporte de techo inclinado&comma; modelo:<\/strong> <a href='https:\/\/ftp3.syscom.mx\/usuarios\/ftp\/2019\/10\/16\/ef77c\/Datasheet%20DS-2CE56D8T-%20(A)%20VPIT3ZF%2020190603.pdf' style='color: inherit; text-decoration: underline;' target='_blank' rel='noopener'>DS-1240ZJ<\/a><\/li>\n<li style='margin-bottom: 5px;'><strong>Sombra de lluvia&comma; modelo:<\/strong> <a href='https:\/\/ftp3.syscom.mx\/usuarios\/ftp\/2019\/10\/16\/ef77c\/Datasheet%20DS-2CE56D8T-%20(A)%20VPIT3ZF%2020190603.pdf' style='color: inherit; text-decoration: underline;' target='_blank' rel='noopener'>DS-1253ZJ-L<\/a><\/li>\n<\/ul><\/div>\n<p> <!-- Consideraciones --> <\/p>\n<div style='margin-bottom: 30px;'>\n<h3 style='font-size: 22px; border-bottom: 2px solid currentColor; padding-bottom: 5px; margin-top: 0; color: inherit; opacity: 0.8;'>Consideraciones<\/h3>\n<p style='font-size: 15px; color: inherit;'>Ninguna<\/p>\n<\/p><\/div>\n<p> <!-- Recursos --> <\/p>\n<div style='margin-bottom: 30px;'>\n<h3 style='font-size: 22px; border-bottom: 2px solid currentColor; padding-bottom: 5px; margin-top: 0; margin-bottom: 20px; color: inherit; opacity: 0.8; text-align: center;'>Recursos<\/h3>\n<div style='display: flex; flex-wrap: wrap; gap: 20px; justify-content: center;'>\n<div style='flex: 1 1 250px; min-width: 200px;'> <a href='https:\/\/www.hikvision.com\/es-la\/support\/download\/software\/ivms4200-series\/?q=serie%20ivms4200&#038;position=1' style='text-decoration: none;' target='_blank' rel='noopener'> <img style='width: 100%; height: auto; border: 1px solid rgba(150&comma;150&comma;150&comma;0.3); border-radius: 8px; margin-bottom: 10px;' src='https:\/\/ftp3.syscom.mx\/usuarios\/gmagos\/HIK\/IP\/IPC\/Imagenes%20pagina\/Descargas%20IVMS4200.jpg' alt='IVMS4200'> <\/p>\n<p style='text-align: center; font-size: 15px; color: inherit;'>Descarga IVMS4200<\/p>\n<p> <\/a> <\/div>\n<div style='flex: 1 1 250px; min-width: 200px;'> <a href='https:\/\/appstore.hikvision.com\/' style='text-decoration: none;' target='_blank' rel='noopener'> <img style='width: 100%; height: auto; border: 1px solid rgba(150&comma;150&comma;150&comma;0.3); border-radius: 8px; margin-bottom: 10px;' src='https:\/\/ftp3.syscom.mx\/usuarios\/gmagos\/HIK\/IP\/IPC\/Imagenes%20pagina\/Descargas%20de%20app.jpg' alt='App Hikvision'> <\/p>\n<p style='text-align: center; font-size: 15px; color: inherit;'>Descarga de App<\/p>\n<p> <\/a> <\/div>\n<div style='flex: 1 1 250px; min-width: 200px;'> <a href='https:\/\/ftp3.syscom.mx\/usuarios\/ftp\/2019\/10\/16\/ef77c\/Datasheet%20DS-2CE56D8T-%20(A)%20VPIT3ZF%2020190603.pdf' style='text-decoration: none;' target='_blank' rel='noopener'> <img style='width: 100%; height: auto; border: 1px solid rgba(150&comma;150&comma;150&comma;0.3); border-radius: 8px; margin-bottom: 10px;' src='https:\/\/ftp3.syscom.mx\/usuarios\/gmagos\/HIK\/IP\/IPC\/Imagenes%20pagina\/Descarga%20de%20PDF.jpg' alt='Datasheet'> <\/p>\n<p style='text-align: center; font-size: 15px; color: inherit;'>Datasheet<\/p>\n<p> <\/a> <\/div>\n<\/p><\/div>\n<\/p><\/div>\n<p> <!-- Banner HIKVISION --> <\/p>\n<p style='text-align: center; margin: 30px 0 0 0;'><img style='width: 100%; height: auto; border: 1px solid rgba(150&comma;150&comma;150&comma;0.3); border-radius: 8px;' src='http:\/\/ftp3.syscom.mx\/usuarios\/jdelafuente\/HIKVISION\/hikvision-solution%20banner.jpg' alt='Banner HIKVISION'><\/p>\n<\/p><\/div>\n","protected":false},"excerpt":{"rendered":"<p>Domo TURBOHD 2 Megapixel (1080p) \/ Ultra Baja Iluminaci\u00f3n \/ WDR 130 dB \/ Lente Mot. 2.7 &#8211; 13.5 mm \/ IP67 \/ IK10 \/ 60 mts IR EXIR \/ Metal<\/p>\n","protected":false},"featured_media":109510,"comment_status":"open","ping_status":"closed","template":"","meta":[],"product_brand":[],"product_cat":[2269],"product_tag":[2255,2057,54],"class_list":{"0":"post-109511","1":"product","2":"type-product","3":"status-publish","4":"has-post-thumbnail","6":"product_cat-domo-eyeball-turret-camaras-y-dvrs-hd-turbohd-ahd-hd-tvi","7":"product_tag-camaras-y-dvrs-hd-turbohd-ahd-hd-tvi","8":"product_tag-domo-eyeball-turret","9":"product_tag-hikvision","11":"first","12":"instock","13":"sale","14":"shipping-taxable","15":"purchasable","16":"product-type-simple"},"_links":{"self":[{"href":"https:\/\/soydeaqui.ddns.net\/pachuca\/index.php\/wp-json\/wp\/v2\/product\/109511","targetHints":{"allow":["GET"]}}],"collection":[{"href":"https:\/\/soydeaqui.ddns.net\/pachuca\/index.php\/wp-json\/wp\/v2\/product"}],"about":[{"href":"https:\/\/soydeaqui.ddns.net\/pachuca\/index.php\/wp-json\/wp\/v2\/types\/product"}],"replies":[{"embeddable":true,"href":"https:\/\/soydeaqui.ddns.net\/pachuca\/index.php\/wp-json\/wp\/v2\/comments?post=109511"}],"wp:featuredmedia":[{"embeddable":true,"href":"https:\/\/soydeaqui.ddns.net\/pachuca\/index.php\/wp-json\/wp\/v2\/media\/109510"}],"wp:attachment":[{"href":"https:\/\/soydeaqui.ddns.net\/pachuca\/index.php\/wp-json\/wp\/v2\/media?parent=109511"}],"wp:term":[{"taxonomy":"product_brand","embeddable":true,"href":"https:\/\/soydeaqui.ddns.net\/pachuca\/index.php\/wp-json\/wp\/v2\/product_brand?post=109511"},{"taxonomy":"product_cat","embeddable":true,"href":"https:\/\/soydeaqui.ddns.net\/pachuca\/index.php\/wp-json\/wp\/v2\/product_cat?post=109511"},{"taxonomy":"product_tag","embeddable":true,"href":"https:\/\/soydeaqui.ddns.net\/pachuca\/index.php\/wp-json\/wp\/v2\/product_tag?post=109511"}],"curies":[{"name":"wp","href":"https:\/\/api.w.org\/{rel}","templated":true}]}}