{"id":109488,"date":"2026-03-20T19:00:53","date_gmt":"2026-03-20T19:00:53","guid":{"rendered":"https:\/\/soydeaqui.ddns.net\/pachuca\/index.php\/producto\/servidor-nas-para-rack-de-2-bahias-hasta-32-tb-hasta-16-camaras\/"},"modified":"2026-03-20T19:01:09","modified_gmt":"2026-03-20T19:01:09","slug":"servidor-nas-para-rack-de-2-bahias-hasta-32-tb-hasta-16-camaras","status":"publish","type":"product","link":"https:\/\/soydeaqui.ddns.net\/pachuca\/index.php\/producto\/servidor-nas-para-rack-de-2-bahias-hasta-32-tb-hasta-16-camaras\/","title":{"rendered":"Servidor Nas para rack de 2 bah\u00edas \/ Hasta 32 TB \/ Hasta 16 c\u00e1maras"},"content":{"rendered":"<div style='width: 100%; max-width: 1200px; margin: 0 auto; font-family: sans-serif; line-height: 1.6; color: inherit;'> <!-- Banner de garant\u00eda --> <\/p>\n<div style='width: 100%; margin-bottom: 30px;'> <a href='https:\/\/ftp3.syscom.mx\/usuarios\/ftp\/2018\/10\/17\/be9cb\/PROCEDIMIENTO%20GARANTIA%20SYNOLOGY.pdf' style='text-decoration: none;'> <img style='width: 100%; height: auto; border: 1px solid rgba(150&comma;150&comma;150&comma;0.3); border-radius: 8px;' src='https:\/\/ftp3.syscom.mx\/usuarios\/nortega\/synology\/imagenes\/cintillo%20garantia.jpg' alt='Banner de garant\u00eda' \/> <\/a> <\/div>\n<p> <!-- Contenido principal --> <\/p>\n<div style='display: flex; flex-wrap: wrap; gap: 30px; margin-bottom: 30px;'>\n<div style='flex: 1 1 300px; min-width: 280px;'>\n<p style='font-size: 15px; color: inherit;'> Synology RackStation RS217 es un NAS de montaje en rack de dos bastidores equipado con una CPU de doble n\u00facleo y un motor de cifrado de hardware&comma; adem\u00e1s cuenta con dos puertos LAN de 1 GbE&comma; lo que proporciona un excelente rendimiento de la red y diversas funciones de negocios. <\/p>\n<p> <!-- Secci\u00f3n de procesamiento --> <\/p>\n<div style='margin-top: 25px;'>\n<h3 style='font-size: 20px; border-bottom: 2px solid currentColor; padding-bottom: 5px; margin-top: 0; color: inherit; opacity: 0.8;'>Procesamiento<\/h3>\n<ul style='padding-left: 20px; font-size: 14px; color: inherit;'>\n<li style='margin-bottom: 5px;'>Marvel Armada 385<\/li>\n<li style='margin-bottom: 5px;'>32-bit<\/li>\n<li style='margin-bottom: 5px;'>N\u00facleo cu\u00e1druple 1.33GHz<\/li>\n<li style='margin-bottom: 5px;'>Memoria RAM: 512GB<\/li>\n<\/ul><\/div>\n<p> <!-- Secci\u00f3n de almacenamiento --> <\/p>\n<div style='margin-top: 25px;'>\n<h3 style='font-size: 20px; border-bottom: 2px solid currentColor; padding-bottom: 5px; margin-top: 0; color: inherit; opacity: 0.8;'>Almacenamiento<\/h3>\n<ul style='padding-left: 20px; font-size: 14px; color: inherit;'>\n<li style='margin-bottom: 5px;'>2 Bah\u00edas para Disco Duro<\/li>\n<li style='margin-bottom: 5px;'>Soporta discos duros HDD\/SSD de 3.5\u201d&comma; 2.5\u201d. SATA III y SATA II<\/li>\n<li style='margin-bottom: 5px;'>Soporta discos duros de hasta 16TB<\/li>\n<li style='margin-bottom: 5px;'>Hot Swap<\/li>\n<\/ul><\/div>\n<p> <!-- Secci\u00f3n de puertos --> <\/p>\n<div style='margin-top: 25px;'>\n<h3 style='font-size: 20px; border-bottom: 2px solid currentColor; padding-bottom: 5px; margin-top: 0; color: inherit; opacity: 0.8;'>Puertos<\/h3>\n<ul style='padding-left: 20px; font-size: 14px; color: inherit;'>\n<li style='margin-bottom: 5px;'>2 Puertos RJ45 Gigabit (Con Link Aggregation \/ Failover support)<\/li>\n<li style='margin-bottom: 5px;'>2 Puertos USB 3.0 (SuperSpeed)<\/li>\n<li style='margin-bottom: 5px;'>1 Puerto eSATA<\/li>\n<\/ul><\/div>\n<p> <!-- Secci\u00f3n de RAID compatible --> <\/p>\n<div style='margin-top: 25px;'>\n<h3 style='font-size: 20px; border-bottom: 2px solid currentColor; padding-bottom: 5px; margin-top: 0; color: inherit; opacity: 0.8;'>RAID Compatible<\/h3>\n<ul style='padding-left: 20px; font-size: 14px; color: inherit;'>\n<li style='margin-bottom: 5px;'>Synology Hybrid RAID<\/li>\n<li style='margin-bottom: 5px;'>JBOD<\/li>\n<li style='margin-bottom: 5px;'>RAID 0<\/li>\n<li style='margin-bottom: 5px;'>RAID 1<\/li>\n<li style='margin-bottom: 5px;'>RAID 5<\/li>\n<li style='margin-bottom: 5px;'>RAID 6<\/li>\n<li style='margin-bottom: 5px;'>RAID 10<\/li>\n<\/ul><\/div>\n<p> <!-- Secci\u00f3n de caracter\u00edsticas f\u00edsicas y el\u00e9ctricas --> <\/p>\n<div style='margin-top: 25px;'>\n<h3 style='font-size: 20px; border-bottom: 2px solid currentColor; padding-bottom: 5px; margin-top: 0; color: inherit; opacity: 0.8;'>Caracter\u00edsticas F\u00edsicas y El\u00e9ctricas<\/h3>\n<ul style='padding-left: 20px; font-size: 14px; color: inherit;'>\n<li style='margin-bottom: 5px;'>Alimentaci\u00f3n: 100 a 240VCA (Incluye fuente de alimentaci\u00f3n)<\/li>\n<li style='margin-bottom: 5px;'>Consumo: 21.25 W<\/li>\n<li style='margin-bottom: 5px;'>Temperatura de operaci\u00f3n: 5 a 35 \u00b0C<\/li>\n<li style='margin-bottom: 5px;'>Dimensiones: 44 x 479.4 x 295.5 mm<\/li>\n<li style='margin-bottom: 5px;'>Peso: 3.46Kg<\/li>\n<\/ul><\/div>\n<p> <!-- Secci\u00f3n de garant\u00eda e informaci\u00f3n adicional --> <\/p>\n<div style='margin-top: 25px;'>\n<h3 style='font-size: 20px; border-bottom: 2px solid currentColor; padding-bottom: 5px; margin-top: 0; color: inherit; opacity: 0.8;'>Garant\u00eda e Informaci\u00f3n<\/h3>\n<ul style='padding-left: 20px; font-size: 14px; color: inherit;'>\n<li style='margin-bottom: 5px;'>Garant\u00eda 3 a\u00f1os<\/li>\n<li style='margin-bottom: 5px;'>En conformidad con RoHS<\/li>\n<li style='margin-bottom: 5px;'>\u00bfQu\u00e9 servidor NAS es el m\u00e1s adecuado para usted? <a href='https:\/\/www.synology.com\/es-mx\/support\/nas_selector' style='color: inherit; text-decoration: underline;' target='_blank' rel='noopener'>https:\/\/www.synology.com\/es-mx\/support\/nas_selector<\/a><\/li>\n<\/ul><\/div>\n<\/p><\/div>\n<p> <!-- Columna derecha con especificaciones de videovigilancia --> <\/p>\n<div style='flex: 1 1 300px; min-width: 280px;'> <!-- Secci\u00f3n de videovigilancia --> <\/p>\n<div style='margin-top: 25px;'>\n<h3 style='font-size: 20px; border-bottom: 2px solid currentColor; padding-bottom: 5px; margin-top: 0; color: inherit; opacity: 0.8;'>Videovigilancia<\/h3>\n<ul style='padding-left: 20px; font-size: 14px; color: inherit;'>\n<li style='margin-bottom: 5px;'>Soporta hasta 30 c\u00e1maras (incluye 2 licencias)&comma; es necesario incrementar memoria RAM<\/li>\n<li style='margin-bottom: 5px;'>Soporta c\u00e1maras hasta 4K (ver <a href='https:\/\/www.synology.com\/es-mx\/compatibility\/camera' style='color: inherit; text-decoration: underline;' target='_blank' rel='noopener'>listado de compatibilidad<\/a>)<\/li>\n<\/ul>\n<p> <!-- Cuadros por segundo por codec --> <\/p>\n<div style='margin-top: 15px;'>\n<h4 style='font-size: 16px; color: inherit; margin-top: 0;'>Cuadros por segundo totales con H.264<\/h4>\n<ul style='padding-left: 20px; font-size: 14px; color: inherit;'>\n<li style='margin-bottom: 5px;'>900 FPS @ 720p (1280&#215;720)<\/li>\n<li style='margin-bottom: 5px;'>300 FPS @ 1080p (1920\u00d71080)<\/li>\n<li style='margin-bottom: 5px;'>2400 FPS @ 3M (2048&#215;1536)<\/li>\n<li style='margin-bottom: 5px;'>1500 FPS @ 5M (2591&#215;1944)<\/li>\n<li style='margin-bottom: 5px;'>110 FPS @ 4K (3840&#215;2160)<\/li>\n<\/ul>\n<h4 style='font-size: 16px; color: inherit; margin-top: 20px;'>Cuadros por segundo totales con H.265<\/h4>\n<ul style='padding-left: 20px; font-size: 14px; color: inherit;'>\n<li style='margin-bottom: 5px;'>900 FPS @ 720p (1280&#215;720)<\/li>\n<li style='margin-bottom: 5px;'>450 FPS @ 1080p (1920\u00d71080)<\/li>\n<li style='margin-bottom: 5px;'>360 FPS @ 3M (2048&#215;1536)<\/li>\n<li style='margin-bottom: 5px;'>250 FPS @ 5M (2591&#215;1944)<\/li>\n<li style='margin-bottom: 5px;'>180 FPS @ 4K (3840&#215;2160)<\/li>\n<\/ul>\n<h4 style='font-size: 16px; color: inherit; margin-top: 20px;'>Cuadros por segundo totales con MJPEG<\/h4>\n<ul style='padding-left: 20px; font-size: 14px; color: inherit;'>\n<li style='margin-bottom: 5px;'>300 FPS @ 720p (1280&#215;720)<\/li>\n<li style='margin-bottom: 5px;'>200 FPS @ 1080p (1920\u00d71080)<\/li>\n<li style='margin-bottom: 5px;'>150 FPS @ 3M (2048&#215;1536)<\/li>\n<li style='margin-bottom: 5px;'>80 FPS @ 5M (2591&#215;1944)<\/li>\n<\/ul>\n<p style='margin-top: 15px; font-size: 14px; color: inherit;'>Grabe directamente desde su celular (iOS) con la aplicaci\u00f3n LiveCam&comma; sin necesidad de abrir puertos ni tener IP Publica Fija.<\/p>\n<p> <!-- Imagen de LiveCam --> <\/p>\n<div style='margin-top: 15px;'> <img style='width: 100%; height: auto; border: 1px solid rgba(150&comma;150&comma;150&comma;0.3); border-radius: 8px;' src='https:\/\/ftp3.syscom.mx\/usuarios\/nortega\/synology\/imagenes\/surveillance\/livecam.jpg' alt='Aplicaci\u00f3n LiveCam' \/> <\/div>\n<\/p><\/div>\n<\/p><\/div>\n<p> <!-- Secci\u00f3n de software --> <\/p>\n<div style='margin-top: 25px;'>\n<h3 style='font-size: 20px; border-bottom: 2px solid currentColor; padding-bottom: 5px; margin-top: 0; color: inherit; opacity: 0.8;'>Software<\/h3>\n<p style='font-size: 14px; color: inherit;'>Synology DiskStation Manager (DSM) es un elegante sistema operativo basado en navegador&comma; lo que hace que Synology NAS sea muy f\u00e1cil de utilizar.<\/p>\n<p style='font-size: 14px; color: inherit;'>Para conocer todas las aplicaciones adicionales (Add-Ons)&comma; como Servidor de Archivos&comma; de correo&comma; FTP&comma; impresi\u00f3n&comma; fotos&comma; videos y muchos m\u00e1s&comma; consulte la Hoja de Especificaciones.<\/p>\n<\/p><\/div>\n<\/p><\/div>\n<\/p><\/div>\n<p> <!-- Separador --> <\/p>\n<hr style='border: 0; border-top: 1px solid rgba(150&comma; 150&comma; 150&comma; 0.3); margin: 30px 0;'> <\/div>\n","protected":false},"excerpt":{"rendered":"<p>Servidor Nas para rack de 2 bah\u00edas \/ Hasta 32 TB \/ Hasta 16 c\u00e1maras<\/p>\n","protected":false},"featured_media":109487,"comment_status":"open","ping_status":"closed","template":"","meta":[],"product_brand":[],"product_cat":[2234],"product_tag":[122,2235,1976],"class_list":{"0":"post-109488","1":"product","2":"type-product","3":"status-publish","4":"has-post-thumbnail","6":"product_cat-nvrs-network-video-recorders","7":"product_tag-camaras-ip-y-nvrs","8":"product_tag-nvrs-network-video-recorders","9":"product_tag-synology","11":"first","12":"outofstock","13":"sale","14":"shipping-taxable","15":"purchasable","16":"product-type-simple"},"_links":{"self":[{"href":"https:\/\/soydeaqui.ddns.net\/pachuca\/index.php\/wp-json\/wp\/v2\/product\/109488","targetHints":{"allow":["GET"]}}],"collection":[{"href":"https:\/\/soydeaqui.ddns.net\/pachuca\/index.php\/wp-json\/wp\/v2\/product"}],"about":[{"href":"https:\/\/soydeaqui.ddns.net\/pachuca\/index.php\/wp-json\/wp\/v2\/types\/product"}],"replies":[{"embeddable":true,"href":"https:\/\/soydeaqui.ddns.net\/pachuca\/index.php\/wp-json\/wp\/v2\/comments?post=109488"}],"wp:featuredmedia":[{"embeddable":true,"href":"https:\/\/soydeaqui.ddns.net\/pachuca\/index.php\/wp-json\/wp\/v2\/media\/109487"}],"wp:attachment":[{"href":"https:\/\/soydeaqui.ddns.net\/pachuca\/index.php\/wp-json\/wp\/v2\/media?parent=109488"}],"wp:term":[{"taxonomy":"product_brand","embeddable":true,"href":"https:\/\/soydeaqui.ddns.net\/pachuca\/index.php\/wp-json\/wp\/v2\/product_brand?post=109488"},{"taxonomy":"product_cat","embeddable":true,"href":"https:\/\/soydeaqui.ddns.net\/pachuca\/index.php\/wp-json\/wp\/v2\/product_cat?post=109488"},{"taxonomy":"product_tag","embeddable":true,"href":"https:\/\/soydeaqui.ddns.net\/pachuca\/index.php\/wp-json\/wp\/v2\/product_tag?post=109488"}],"curies":[{"name":"wp","href":"https:\/\/api.w.org\/{rel}","templated":true}]}}