{"id":109483,"date":"2026-03-20T19:00:38","date_gmt":"2026-03-20T19:00:38","guid":{"rendered":"https:\/\/soydeaqui.ddns.net\/pachuca\/index.php\/producto\/servidor-nas-para-rack-de-16-bahias-hasta-640-tb\/"},"modified":"2026-03-20T19:00:50","modified_gmt":"2026-03-20T19:00:50","slug":"servidor-nas-para-rack-de-16-bahias-hasta-640-tb","status":"publish","type":"product","link":"https:\/\/soydeaqui.ddns.net\/pachuca\/index.php\/producto\/servidor-nas-para-rack-de-16-bahias-hasta-640-tb\/","title":{"rendered":"Servidor Nas para rack de 16 bah\u00edas \/ Hasta 640 TB"},"content":{"rendered":"<div style='width: 100%; max-width: 1200px; margin: 0 auto; font-family: sans-serif; line-height: 1.6; color: inherit;'> <!-- Banner de garant\u00eda --> <\/p>\n<div style='width: 100%; margin-bottom: 30px;'> <a href='https:\/\/ftp3.syscom.mx\/usuarios\/ftp\/2018\/10\/17\/be9cb\/PROCEDIMIENTO%20GARANTIA%20SYNOLOGY.pdf'> <img style='width: 100%; max-width: 900px; height: auto; border: 1px solid rgba(150&comma;150&comma;150&comma;0.3); border-radius: 8px;' src='https:\/\/ftp3.syscom.mx\/usuarios\/nortega\/synology\/imagenes\/cintillo%20garantia.jpg' alt='Banner de garant\u00eda' \/> <\/a> <\/div>\n<p> <!-- Descripci\u00f3n general --> <\/p>\n<div style='margin-bottom: 30px;'>\n<p>NAS de alta escalabilidad dise\u00f1ado para aplicaciones de virtualizaci\u00f3n&comma; uso intensivo de datos y continuidad de servicio para grandes empresas.<\/p>\n<\/p><\/div>\n<p> <!-- Secci\u00f3n de especificaciones con flex --> <\/p>\n<div style='display: flex; flex-wrap: wrap; gap: 30px;'>\n<div style='flex: 1 1 300px; min-width: 280px;'>\n<h3 style='font-size: 22px; border-bottom: 2px solid currentColor; padding-bottom: 5px; margin-top: 0; color: inherit; opacity: 0.8;'>Procesador<\/h3>\n<ul style='padding-left: 20px; font-size: 15px; color: inherit;'>\n<li style='margin-bottom: 5px;'>Intel Xeon D-1541<\/li>\n<li style='margin-bottom: 5px;'>64-bit<\/li>\n<li style='margin-bottom: 5px;'>8 Core 2.1GHz<\/li>\n<\/ul><\/div>\n<div style='flex: 1 1 300px; min-width: 280px;'>\n<h3 style='font-size: 22px; border-bottom: 2px solid currentColor; padding-bottom: 5px; margin-top: 0; color: inherit; opacity: 0.8;'>Almacenamiento<\/h3>\n<ul style='padding-left: 20px; font-size: 15px; color: inherit;'>\n<li style='margin-bottom: 5px;'>16 Bah\u00edas para Disco Duro (no incluidos)<\/li>\n<li style='margin-bottom: 5px;'>Expandible hasta 40 bah\u00edas con unidad de expansi\u00f3n RX1217<\/li>\n<li style='margin-bottom: 5px;'>Soporta discos duros HDD\/SSD de 3.5\u201d&comma; 2.5\u201d. SATA HDD\/SSD o SAS<\/li>\n<li style='margin-bottom: 5px;'>Soporta discos duros de hasta 16TB<\/li>\n<li style='margin-bottom: 5px;'>Capacidad de hasta 256TB internos&comma; hasta 640TB usando la Unidad de Expansi\u00f3n RX1217 (x2)<\/li>\n<\/ul><\/div>\n<div style='flex: 1 1 300px; min-width: 280px;'>\n<h3 style='font-size: 22px; border-bottom: 2px solid currentColor; padding-bottom: 5px; margin-top: 0; color: inherit; opacity: 0.8;'>Puertos<\/h3>\n<ul style='padding-left: 20px; font-size: 15px; color: inherit;'>\n<li style='margin-bottom: 5px;'>4 Puertos RJ45 Gigabit (Con soporte de conmutaci\u00f3n por error \/ Link Aggregation)<\/li>\n<li style='margin-bottom: 5px;'>2 Puertos RJ45 10GbE (Con soporte de conmutaci\u00f3n por error \/ Link Aggregation)<\/li>\n<li style='margin-bottom: 5px;'>2 Puertos USB 3.0<\/li>\n<li style='margin-bottom: 5px;'>2 Puertos de expansi\u00f3n<\/li>\n<\/ul><\/div>\n<div style='flex: 1 1 300px; min-width: 280px;'>\n<h3 style='font-size: 22px; border-bottom: 2px solid currentColor; padding-bottom: 5px; margin-top: 0; color: inherit; opacity: 0.8;'>RAID Compatible<\/h3>\n<ul style='padding-left: 20px; font-size: 15px; color: inherit;'>\n<li style='margin-bottom: 5px;'>JBOD<\/li>\n<li style='margin-bottom: 5px;'>RAID 0<\/li>\n<li style='margin-bottom: 5px;'>RAID 1<\/li>\n<li style='margin-bottom: 5px;'>RAID 5<\/li>\n<li style='margin-bottom: 5px;'>RAID 6<\/li>\n<li style='margin-bottom: 5px;'>RAID 10<\/li>\n<\/ul><\/div>\n<\/p><\/div>\n<p> <!-- Secci\u00f3n de software --> <\/p>\n<div style='margin-top: 30px; margin-bottom: 30px;'>\n<h3 style='font-size: 22px; border-bottom: 2px solid currentColor; padding-bottom: 5px; margin-top: 0; color: inherit; opacity: 0.8;'>Software<\/h3>\n<p>Synology DiskStation Manager (DSM) es un elegante sistema operativo basado en navegador&comma; lo que hace que Synology NAS sea muy f\u00e1cil de utilizar.<\/p>\n<p>Para conocer todas las aplicaciones adicionales (Add-Ons)&comma; como Servidor de Archivos&comma; de correo&comma; FTP&comma; impresi\u00f3n&comma; fotos&comma; videos y muchos m\u00e1s&comma; consulte la Hoja de Especificaciones.<\/p>\n<p>El almacenamiento de Synology iSCSI admite por completo la mayor\u00eda de las soluciones de virtualizaci\u00f3n para mejorar la eficiencia del trabajo con una interfaz f\u00e1cil de gestionar (compatible con ESXi Server).<\/p>\n<\/p><\/div>\n<p> <!-- Logos de compatibilidad --> <\/p>\n<div style='display: flex; flex-wrap: wrap; gap: 15px; margin-bottom: 30px;'> <img style='width: 100px; height: auto; border: 1px solid rgba(150&comma;150&comma;150&comma;0.3); border-radius: 8px;' src='https:\/\/ftp3.syscom.mx\/usuarios\/nortega\/synology\/imagenes\/fs3017\/VMware-ready.jpg' alt='VMware Ready' \/> <img style='width: 56px; height: auto; border: 1px solid rgba(150&comma;150&comma;150&comma;0.3); border-radius: 8px;' src='https:\/\/ftp3.syscom.mx\/usuarios\/nortega\/synology\/imagenes\/fs3017\/WS12.png' alt='Windows Server 12' \/> <img style='width: 56px; height: auto; border: 1px solid rgba(150&comma;150&comma;150&comma;0.3); border-radius: 8px;' src='https:\/\/ftp3.syscom.mx\/usuarios\/nortega\/synology\/imagenes\/fs3017\/WS12R2.png' alt='Windows Server 12 R2' \/> <img style='width: 80px; height: auto; border: 1px solid rgba(150&comma;150&comma;150&comma;0.3); border-radius: 8px;' src='https:\/\/ftp3.syscom.mx\/usuarios\/nortega\/synology\/imagenes\/fs3017\/Citrix_Ready_badge_Medium.png' alt='Citrix Ready' \/> <img style='width: 172px; height: auto; border: 1px solid rgba(150&comma;150&comma;150&comma;0.3); border-radius: 8px;' src='https:\/\/ftp3.syscom.mx\/usuarios\/nortega\/synology\/imagenes\/fs3017\/openstack.png' alt='OpenStack' \/> <\/div>\n<p> <!-- Caracter\u00edsticas f\u00edsicas y el\u00e9ctricas --> <\/p>\n<div style='margin-bottom: 30px;'>\n<h3 style='font-size: 22px; border-bottom: 2px solid currentColor; padding-bottom: 5px; margin-top: 0; color: inherit; opacity: 0.8;'>Caracter\u00edsticas F\u00edsicas y El\u00e9ctricas<\/h3>\n<ul style='padding-left: 20px; font-size: 15px; color: inherit;'>\n<li style='margin-bottom: 5px;'><strong>Alimentaci\u00f3n:<\/strong> 100 a 240VCA&comma; fuente redundante<\/li>\n<li style='margin-bottom: 5px;'><strong>Consumo:<\/strong> 141.96W<\/li>\n<li style='margin-bottom: 5px;'><strong>Temperatura de operaci\u00f3n:<\/strong> 5 a 35 \u00b0C<\/li>\n<li style='margin-bottom: 5px;'><strong>Dimensiones:<\/strong> 132.3 X 482 X 656.5 mm<\/li>\n<li style='margin-bottom: 5px;'><strong>Peso:<\/strong> 17.4Kg<\/li>\n<li style='margin-bottom: 5px;'><strong>Para instalaci\u00f3n en rack de 4 postes (utilizar RKS1317)<\/strong><\/li>\n<\/ul><\/div>\n<p> <!-- Galer\u00eda de im\u00e1genes --> <\/p>\n<div style='display: flex; flex-wrap: wrap; gap: 15px; margin-bottom: 30px;'> <a href='http:\/\/ftp3.syscom.mx\/usuarios\/nortega\/synology\/imagenes\/rs4017xs+\/frente.jpg' rel='gallery1' style='width: 100%; max-width: 230px;'> <img style='width: 100%; height: auto; border: 1px solid rgba(150&comma;150&comma;150&comma;0.3); border-radius: 8px;' src='https:\/\/ftp3.syscom.mx\/usuarios\/nortega\/synology\/imagenes\/rs4017xs+\/frente.jpg' alt='Frente' \/> <\/a> <a href='http:\/\/ftp3.syscom.mx\/usuarios\/nortega\/synology\/imagenes\/rs4017xs+\/lado.jpg' rel='gallery1' style='width: 100%; max-width: 230px;'> <img style='width: 100%; height: auto; border: 1px solid rgba(150&comma;150&comma;150&comma;0.3); border-radius: 8px;' src='https:\/\/ftp3.syscom.mx\/usuarios\/nortega\/synology\/imagenes\/rs4017xs+\/lado.jpg' alt='Lateral' \/> <\/a> <a href='https:\/\/ftp3.syscom.mx\/usuarios\/nortega\/synology\/imagenes\/rs4017xs+\/posterior.jpg' rel='gallery1' style='width: 100%; max-width: 230px;'> <img style='width: 100%; height: auto; border: 1px solid rgba(150&comma;150&comma;150&comma;0.3); border-radius: 8px;' src='https:\/\/ftp3.syscom.mx\/usuarios\/nortega\/synology\/imagenes\/rs4017xs+\/posterior.jpg' alt='Trasera' \/> <\/a> <\/div>\n<p> <!-- Enlace NAS Selector --> <\/p>\n<div style='margin-top: 30px;'>\n<p><strong>\u00bfQue servidor NAS es el mas adecuado para usted?<\/strong><\/p>\n<p><a href='https:\/\/www.synology.com\/es-mx\/support\/nas_selector' style='color: inherit; text-decoration: underline;'>https:\/\/www.synology.com\/es-mx\/support\/nas_selector<\/a><\/p>\n<\/p><\/div>\n<p> <!-- Separador final --> <\/p>\n<hr style='border: 0; border-top: 1px solid rgba(150&comma; 150&comma; 150&comma; 0.3); margin: 30px 0;'> <\/div>\n","protected":false},"excerpt":{"rendered":"<p>Servidor Nas para rack de 16 bah\u00edas \/ Hasta 640 TB<\/p>\n","protected":false},"featured_media":109482,"comment_status":"open","ping_status":"closed","template":"","meta":[],"product_brand":[],"product_cat":[2234],"product_tag":[122,2235,1976],"class_list":{"0":"post-109483","1":"product","2":"type-product","3":"status-publish","4":"has-post-thumbnail","6":"product_cat-nvrs-network-video-recorders","7":"product_tag-camaras-ip-y-nvrs","8":"product_tag-nvrs-network-video-recorders","9":"product_tag-synology","11":"first","12":"outofstock","13":"sale","14":"shipping-taxable","15":"purchasable","16":"product-type-simple"},"_links":{"self":[{"href":"https:\/\/soydeaqui.ddns.net\/pachuca\/index.php\/wp-json\/wp\/v2\/product\/109483","targetHints":{"allow":["GET"]}}],"collection":[{"href":"https:\/\/soydeaqui.ddns.net\/pachuca\/index.php\/wp-json\/wp\/v2\/product"}],"about":[{"href":"https:\/\/soydeaqui.ddns.net\/pachuca\/index.php\/wp-json\/wp\/v2\/types\/product"}],"replies":[{"embeddable":true,"href":"https:\/\/soydeaqui.ddns.net\/pachuca\/index.php\/wp-json\/wp\/v2\/comments?post=109483"}],"wp:featuredmedia":[{"embeddable":true,"href":"https:\/\/soydeaqui.ddns.net\/pachuca\/index.php\/wp-json\/wp\/v2\/media\/109482"}],"wp:attachment":[{"href":"https:\/\/soydeaqui.ddns.net\/pachuca\/index.php\/wp-json\/wp\/v2\/media?parent=109483"}],"wp:term":[{"taxonomy":"product_brand","embeddable":true,"href":"https:\/\/soydeaqui.ddns.net\/pachuca\/index.php\/wp-json\/wp\/v2\/product_brand?post=109483"},{"taxonomy":"product_cat","embeddable":true,"href":"https:\/\/soydeaqui.ddns.net\/pachuca\/index.php\/wp-json\/wp\/v2\/product_cat?post=109483"},{"taxonomy":"product_tag","embeddable":true,"href":"https:\/\/soydeaqui.ddns.net\/pachuca\/index.php\/wp-json\/wp\/v2\/product_tag?post=109483"}],"curies":[{"name":"wp","href":"https:\/\/api.w.org\/{rel}","templated":true}]}}