{"id":109478,"date":"2026-03-20T19:00:20","date_gmt":"2026-03-20T19:00:20","guid":{"rendered":"https:\/\/soydeaqui.ddns.net\/pachuca\/index.php\/producto\/servidor-nas-para-rack-de-8-bahias-hasta-192-tb\/"},"modified":"2026-03-20T19:00:32","modified_gmt":"2026-03-20T19:00:32","slug":"servidor-nas-para-rack-de-8-bahias-hasta-192-tb","status":"publish","type":"product","link":"https:\/\/soydeaqui.ddns.net\/pachuca\/index.php\/producto\/servidor-nas-para-rack-de-8-bahias-hasta-192-tb\/","title":{"rendered":"Servidor Nas para rack de 8 bah\u00edas \/ Hasta 192 TB"},"content":{"rendered":"<div style='width: 100%; max-width: 1200px; margin: 0 auto; font-family: sans-serif; line-height: 1.6; color: inherit; background-color: transparent;'> <!-- Imagen garant\u00eda --> <\/p>\n<div style='text-align: center; margin-bottom: 30px;'> <a style='display: inline-block; background-color: transparent; text-decoration: none;' href='https:\/\/ftp3.syscom.mx\/usuarios\/ftp\/2018\/10\/17\/be9cb\/PROCEDIMIENTO%20GARANTIA%20SYNOLOGY.pdf'> <img style='width: 100%; max-width: 900px; height: auto; border: 1px solid rgba(150&comma;150&comma;150&comma;0.3); border-radius: 8px;' src='https:\/\/ftp3.syscom.mx\/usuarios\/nortega\/synology\/imagenes\/cintillo%20garantia.jpg' alt='Garant\u00eda Synology'> <\/a> <\/div>\n<p> <!-- Descripci\u00f3n principal --> <\/p>\n<div style='margin-bottom: 30px;'>\n<p style='font-size: 15px; margin-bottom: 15px;'> RS1219PLUS es el nuevo NAS 2U de 8 bah\u00edas de Synology que ofrece escalabilidad de almacenamiento y es perfecto para peque\u00f1as y medianas empresas. Potencie el rendimiento de almacenamiento a\u00fan m\u00e1s con la cach\u00e9 de SSD M.2 opcional o agregue una NIC de 10 GbE para mejorar las velocidades de red. RS1219PLUS es ideal para funcionar como un destino de copia de seguridad para la protecci\u00f3n de sus datos importantes o un servidor de archivos centralizado para compartir archivos a trav\u00e9s de diferentes plataformas. <\/p>\n<p style='font-size: 15px; margin-bottom: 15px;'> Grabe directamente desde su celular (iOS) con la aplicaci\u00f3n LiveCam&comma; sin necesidad de abrir puertos ni tener IP P\u00fablica Fija. <\/p>\n<div style='text-align: center; margin: 20px 0;'> <img style='width: 100%; max-width: 518px; height: auto; border: 1px solid rgba(150&comma;150&comma;150&comma;0.3); border-radius: 8px;' src='https:\/\/ftp3.syscom.mx\/usuarios\/nortega\/synology\/imagenes\/surveillance\/livecam.jpg' alt='Aplicaci\u00f3n LiveCam'> <\/div>\n<\/p><\/div>\n<p> <!-- Secci\u00f3n de caracter\u00edsticas de video --> <\/p>\n<div style='display: grid; grid-template-columns: repeat(auto-fit&comma; minmax(300px&comma; 1fr)); gap: 30px; margin-bottom: 40px;'>\n<div>\n<h3 style='font-size: 20px; border-bottom: 2px solid currentColor; padding-bottom: 5px; margin-top: 0; color: inherit; opacity: 0.8;'>Cuadros por segundo totales con H.264<\/h3>\n<ul style='padding-left: 20px; font-size: 14px; color: inherit; list-style: disc;'>\n<li style='margin-bottom: 5px;'>1200 FPS @ 720p (1280&#215;720)<\/li>\n<li style='margin-bottom: 5px;'>900 FPS @ 1080p (1920\u00d71080)<\/li>\n<li style='margin-bottom: 5px;'>320 FPS @ 3M (2048&#215;1536)<\/li>\n<li style='margin-bottom: 5px;'>270 FPS @ 5M (2591&#215;1944)<\/li>\n<li style='margin-bottom: 5px;'>120 FPS @ 4K (3840&#215;2160)<\/li>\n<\/ul><\/div>\n<div>\n<h3 style='font-size: 20px; border-bottom: 2px solid currentColor; padding-bottom: 5px; margin-top: 0; color: inherit; opacity: 0.8;'>Cuadros por segundo totales con H.265<\/h3>\n<ul style='padding-left: 20px; font-size: 14px; color: inherit; list-style: disc;'>\n<li style='margin-bottom: 5px;'>1200 FPS @ 720p (1280&#215;720)<\/li>\n<li style='margin-bottom: 5px;'>1200 FPS @ 1080p (1920\u00d71080)<\/li>\n<li style='margin-bottom: 5px;'>560 FPS @ 3M (2048&#215;1536)<\/li>\n<li style='margin-bottom: 5px;'>300 FPS @ 5M (2591&#215;1944)<\/li>\n<li style='margin-bottom: 5px;'>200 FPS @ 4K (3840&#215;2160)<\/li>\n<\/ul><\/div>\n<div>\n<h3 style='font-size: 20px; border-bottom: 2px solid currentColor; padding-bottom: 5px; margin-top: 0; color: inherit; opacity: 0.8;'>Cuadros por segundo totales con MJPEG<\/h3>\n<ul style='padding-left: 20px; font-size: 14px; color: inherit; list-style: disc;'>\n<li style='margin-bottom: 5px;'>540 FPS @ 720p (1280&#215;720)<\/li>\n<li style='margin-bottom: 5px;'>200 FPS @ 1080p (1920\u00d71080)<\/li>\n<li style='margin-bottom: 5px;'>150 FPS @ 3M (2048&#215;1536)<\/li>\n<li style='margin-bottom: 5px;'>90 FPS @ 5M (2591&#215;1944)<\/li>\n<\/ul><\/div>\n<\/p><\/div>\n<p> <!-- Separador --> <\/p>\n<hr style='border: 0; border-top: 1px solid rgba(150&comma; 150&comma; 150&comma; 0.3); margin: 40px 0;'> <!-- Secci\u00f3n de especificaciones t\u00e9cnicas --> <\/p>\n<div style='display: flex; flex-wrap: wrap; gap: 20px; margin-bottom: 40px;'>\n<div style='flex: 1 1 300px; min-width: 280px;'>\n<div style='border: 1px solid rgba(150&comma; 150&comma; 150&comma; 0.4); border-radius: 8px; overflow: hidden;'>\n<div style='padding: 15px; border-bottom: 1px solid rgba(150&comma; 150&comma; 150&comma; 0.2); font-weight: bold; font-size: 18px; color: inherit;'>Procesador<\/div>\n<div style='padding: 15px; color: inherit;'>\n<ul style='padding-left: 20px; margin: 0; font-size: 14px; list-style: disc;'>\n<li style='margin-bottom: 5px;'>Intel Atom C2538<\/li>\n<li style='margin-bottom: 5px;'>64-bit<\/li>\n<li style='margin-bottom: 5px;'>N\u00facleo cu\u00e1druple 2.4GHz<\/li>\n<li style='margin-bottom: 5px;'>Memoria RAM: 2GB (expandible hasta 16GB&comma; 8GB x 2)<\/li>\n<\/ul><\/div>\n<\/p><\/div>\n<\/p><\/div>\n<div style='flex: 1 1 300px; min-width: 280px;'>\n<div style='border: 1px solid rgba(150&comma; 150&comma; 150&comma; 0.4); border-radius: 8px; overflow: hidden;'>\n<div style='padding: 15px; border-bottom: 1px solid rgba(150&comma; 150&comma; 150&comma; 0.2); font-weight: bold; font-size: 18px; color: inherit;'>Caracter\u00edsticas F\u00edsicas y El\u00e9ctricas<\/div>\n<div style='padding: 15px; color: inherit;'>\n<ul style='padding-left: 20px; margin: 0; font-size: 14px; list-style: disc;'>\n<li style='margin-bottom: 5px;'>Alimentaci\u00f3n: 100 a 240VCA. (Incluye fuente de alimentaci\u00f3n).<\/li>\n<li style='margin-bottom: 5px;'>Consumo: 60.31 W.<\/li>\n<li style='margin-bottom: 5px;'>Temperatura de operaci\u00f3n: 5 a 35 \u00b0C.<\/li>\n<li style='margin-bottom: 5px;'>Dimensiones: 88 X 481.9 X 306.6 mm.<\/li>\n<li style='margin-bottom: 5px;'>Peso: 6.9Kg.<\/li>\n<li style='margin-top: 10px; font-weight: bold;'>Garant\u00eda 3 a\u00f1os<\/li>\n<\/ul><\/div>\n<\/p><\/div>\n<\/p><\/div>\n<div style='flex: 1 1 300px; min-width: 280px;'>\n<div style='border: 1px solid rgba(150&comma; 150&comma; 150&comma; 0.4); border-radius: 8px; overflow: hidden;'>\n<div style='padding: 15px; border-bottom: 1px solid rgba(150&comma; 150&comma; 150&comma; 0.2); font-weight: bold; font-size: 18px; color: inherit;'>Almacenamiento<\/div>\n<div style='padding: 15px; color: inherit;'>\n<ul style='padding-left: 20px; margin: 0; font-size: 14px; list-style: disc;'>\n<li style='margin-bottom: 5px;'>8 Bah\u00edas para Disco Duro.<\/li>\n<li style='margin-bottom: 5px;'>Expandible hasta 8 Bah\u00edas con Unidad de Expansi\u00f3n RX418.<\/li>\n<li style='margin-bottom: 5px;'>Soporta discos duros HDD\/SSD de 3.5\u201d&comma; 2.5\u201d. SATA III y SATA II.<\/li>\n<li style='margin-bottom: 5px;'>Soporta discos duros de hasta 16TB.<\/li>\n<li style='margin-bottom: 5px;'>Capacidad de hasta 128TB internos y 192TB usando la Unidad de Expansi\u00f3n RX418. (Usando discos de 16TB).<\/li>\n<li style='margin-bottom: 5px;'>Hot Swap.<\/li>\n<\/ul><\/div>\n<\/p><\/div>\n<\/p><\/div>\n<div style='flex: 1 1 300px; min-width: 280px;'>\n<div style='border: 1px solid rgba(150&comma; 150&comma; 150&comma; 0.4); border-radius: 8px; overflow: hidden;'>\n<div style='padding: 15px; border-bottom: 1px solid rgba(150&comma; 150&comma; 150&comma; 0.2); font-weight: bold; font-size: 18px; color: inherit;'>Puertos de conexi\u00f3n<\/div>\n<div style='padding: 15px; color: inherit;'>\n<ul style='padding-left: 20px; margin: 0; font-size: 14px; list-style: disc;'>\n<li style='margin-bottom: 5px;'>4 Puertos RJ45 Gigabit (Con Link Aggregation \/ Failover support).<\/li>\n<li style='margin-bottom: 5px;'>2 Puertos USB 3.0 (SuperSpeed).<\/li>\n<li style='margin-bottom: 5px;'>1 Puerto eSATA.<\/li>\n<\/ul><\/div>\n<\/p><\/div>\n<\/p><\/div>\n<div style='flex: 1 1 300px; min-width: 280px;'>\n<div style='border: 1px solid rgba(150&comma; 150&comma; 150&comma; 0.4); border-radius: 8px; overflow: hidden;'>\n<div style='padding: 15px; border-bottom: 1px solid rgba(150&comma; 150&comma; 150&comma; 0.2); font-weight: bold; font-size: 18px; color: inherit;'>RAID Compatible<\/div>\n<div style='padding: 15px; color: inherit;'>\n<ul style='padding-left: 20px; margin: 0; font-size: 14px; list-style: disc;'>\n<li style='margin-bottom: 5px;'>Synology Hybrid RAID<\/li>\n<li style='margin-bottom: 5px;'>JBOD.<\/li>\n<li style='margin-bottom: 5px;'>RAID 0.<\/li>\n<li style='margin-bottom: 5px;'>RAID 1.<\/li>\n<li style='margin-bottom: 5px;'>RAID 5.<\/li>\n<li style='margin-bottom: 5px;'>RAID 6.<\/li>\n<li style='margin-bottom: 5px;'>RAID 10<\/li>\n<\/ul><\/div>\n<\/p><\/div>\n<\/p><\/div>\n<div style='flex: 1 1 300px; min-width: 280px;'>\n<div style='border: 1px solid rgba(150&comma; 150&comma; 150&comma; 0.4); border-radius: 8px; overflow: hidden;'>\n<div style='padding: 15px; border-bottom: 1px solid rgba(150&comma; 150&comma; 150&comma; 0.2); font-weight: bold; font-size: 18px; color: inherit;'>Software<\/div>\n<div style='padding: 15px; color: inherit;'>\n<ul style='padding-left: 20px; margin: 0; font-size: 14px; list-style: disc;'>\n<li style='margin-bottom: 5px;'>Synology DiskStation Manager (DSM) es un elegante sistema operativo basado en navegador&comma; lo que hace que Synology NAS sea muy f\u00e1cil de utilizar.<\/li>\n<li style='margin-bottom: 5px;'>Para conocer todas las aplicaciones adicionales (Add-Ons)&comma; como Servidor de Archivos&comma; de correo&comma; FTP&comma; impresi\u00f3n&comma; fotos&comma; videos y muchos m\u00e1s&comma; consulte la Hoja de Especificaciones.<\/li>\n<\/ul><\/div>\n<\/p><\/div>\n<\/p><\/div>\n<div style='flex: 1 1 300px; min-width: 280px;'>\n<div style='border: 1px solid rgba(150&comma; 150&comma; 150&comma; 0.4); border-radius: 8px; overflow: hidden;'>\n<div style='padding: 15px; border-bottom: 1px solid rgba(150&comma; 150&comma; 150&comma; 0.2); font-weight: bold; font-size: 18px; color: inherit;'>Videovigilancia<\/div>\n<div style='padding: 15px; color: inherit;'>\n<ul style='padding-left: 20px; margin: 0; font-size: 14px; list-style: disc;'>\n<li style='margin-bottom: 5px;'>Soporta hasta 40 c\u00e1maras (incluye 2 licencias)&comma; es necesario incrementar memoria RAM.<\/li>\n<li style='margin-bottom: 5px;'>Soporta c\u00e1maras hasta 4K (ver <a style='color: inherit; text-decoration: underline;' href='https:\/\/www.synology.com\/es-mx\/compatibility\/camera' target='_blank' rel='noopener'>listado de compatibilidad<\/a>).<\/li>\n<\/ul><\/div>\n<\/p><\/div>\n<\/p><\/div>\n<div style='flex: 1 1 300px; min-width: 280px;'>\n<div style='border: 1px solid rgba(150&comma; 150&comma; 150&comma; 0.4); border-radius: 8px; overflow: hidden;'>\n<div style='padding: 15px; border-bottom: 1px solid rgba(150&comma; 150&comma; 150&comma; 0.2); font-weight: bold; font-size: 18px; color: inherit;'>Informaci\u00f3n adicional<\/div>\n<div style='padding: 15px; color: inherit;'>\n<ul style='padding-left: 20px; margin: 0; font-size: 14px; list-style: disc;'>\n<li style='margin-bottom: 5px;'>En conformidad con RoHS.<\/li>\n<\/ul>\n<p style='margin-top: 15px; margin-bottom: 0;'> \u00bfQue servidor NAS es el mas adecuado para usted?<br \/> <a style='color: inherit; text-decoration: underline;' href='https:\/\/www.synology.com\/es-mx\/support\/nas_selector'>https:\/\/www.synology.com\/es-mx\/support\/nas_selector<\/a> <\/p>\n<\/p><\/div>\n<\/p><\/div>\n<\/p><\/div>\n<\/p><\/div>\n<p> <!-- Separador final --> <\/p>\n<hr style='border: 0; border-top: 1px solid rgba(150&comma; 150&comma; 150&comma; 0.3); margin: 40px 0;'> <\/div>\n","protected":false},"excerpt":{"rendered":"<p>Servidor Nas para rack de 8 bah\u00edas \/ Hasta 192 TB<\/p>\n","protected":false},"featured_media":109477,"comment_status":"open","ping_status":"closed","template":"","meta":[],"product_brand":[],"product_cat":[2234],"product_tag":[122,2235,1976],"class_list":{"0":"post-109478","1":"product","2":"type-product","3":"status-publish","4":"has-post-thumbnail","6":"product_cat-nvrs-network-video-recorders","7":"product_tag-camaras-ip-y-nvrs","8":"product_tag-nvrs-network-video-recorders","9":"product_tag-synology","11":"first","12":"outofstock","13":"sale","14":"shipping-taxable","15":"purchasable","16":"product-type-simple"},"_links":{"self":[{"href":"https:\/\/soydeaqui.ddns.net\/pachuca\/index.php\/wp-json\/wp\/v2\/product\/109478","targetHints":{"allow":["GET"]}}],"collection":[{"href":"https:\/\/soydeaqui.ddns.net\/pachuca\/index.php\/wp-json\/wp\/v2\/product"}],"about":[{"href":"https:\/\/soydeaqui.ddns.net\/pachuca\/index.php\/wp-json\/wp\/v2\/types\/product"}],"replies":[{"embeddable":true,"href":"https:\/\/soydeaqui.ddns.net\/pachuca\/index.php\/wp-json\/wp\/v2\/comments?post=109478"}],"wp:featuredmedia":[{"embeddable":true,"href":"https:\/\/soydeaqui.ddns.net\/pachuca\/index.php\/wp-json\/wp\/v2\/media\/109477"}],"wp:attachment":[{"href":"https:\/\/soydeaqui.ddns.net\/pachuca\/index.php\/wp-json\/wp\/v2\/media?parent=109478"}],"wp:term":[{"taxonomy":"product_brand","embeddable":true,"href":"https:\/\/soydeaqui.ddns.net\/pachuca\/index.php\/wp-json\/wp\/v2\/product_brand?post=109478"},{"taxonomy":"product_cat","embeddable":true,"href":"https:\/\/soydeaqui.ddns.net\/pachuca\/index.php\/wp-json\/wp\/v2\/product_cat?post=109478"},{"taxonomy":"product_tag","embeddable":true,"href":"https:\/\/soydeaqui.ddns.net\/pachuca\/index.php\/wp-json\/wp\/v2\/product_tag?post=109478"}],"curies":[{"name":"wp","href":"https:\/\/api.w.org\/{rel}","templated":true}]}}