{"id":109470,"date":"2026-03-20T18:59:53","date_gmt":"2026-03-20T18:59:53","guid":{"rendered":"https:\/\/soydeaqui.ddns.net\/pachuca\/index.php\/producto\/montaje-de-pared-para-domos-ds-2ce56h0t-vpit3zf-ds-2cd27x3-ds-2cd27x5-ds-2cd4332fwd-i-material-de-metal-uso-en-interior\/"},"modified":"2026-03-20T19:00:08","modified_gmt":"2026-03-20T19:00:08","slug":"montaje-de-pared-para-domos-ds-2ce56h0t-vpit3zf-ds-2cd27x3-ds-2cd27x5-ds-2cd4332fwd-i-material-de-metal-uso-en-interior","status":"publish","type":"product","link":"https:\/\/soydeaqui.ddns.net\/pachuca\/index.php\/producto\/montaje-de-pared-para-domos-ds-2ce56h0t-vpit3zf-ds-2cd27x3-ds-2cd27x5-ds-2cd4332fwd-i-material-de-metal-uso-en-interior\/","title":{"rendered":"Montaje de pared para Domos DS-2CE56H0T-VPIT3ZF \/ DS-2CD27X3 \/ DS-2CD27X5 \/ DS-2CD4332FWD-I \/ Material de Metal \/ Uso en Interior"},"content":{"rendered":"<div style='width: 100%; max-width: 1200px; margin: 0 auto; font-family: sans-serif; line-height: 1.6; color: inherit; background-color: transparent;'>\n<p style='text-align: center; margin: 0; padding: 15px 0;'><img style='width: 100%; max-width: 400px; height: auto; border: 1px solid rgba(150&comma;150&comma;150&comma;0.3); border-radius: 8px;' src='https:\/\/ftp3.syscom.mx\/usuarios\/jsosa\/HIKVISION\/imagenes\/logo\/hikvision%20see%20far.png' alt='Logo Hikvision' \/><\/p>\n<div style='margin: 30px 0;'>\n<div style='background-color: rgba(255&comma; 0&comma; 0&comma; 0.05); padding: 15px; border-left: 4px solid #dc3545; margin: 20px 0;'>\n<p style='margin: 0; font-weight: bold; color: #dc3545;'>AL MOMENTO DE USAR ESTE TIPO DE MONTAJE LA C\u00c1MARA PIERDE SU PROTECCI\u00d3N IP66 DEBIDO A LA INSTALACI\u00d3N CON EL MONTAJE&comma; SE RECOMIENDA USAR ESTE MONTAJE EN INTERIOR.<\/p>\n<\/p><\/div>\n<\/p><\/div>\n<div style='display: flex; flex-wrap: wrap; gap: 30px;'>\n<div style='flex: 1 1 300px; min-width: 280px;'>\n<h3 style='font-size: 22px; border-bottom: 2px solid currentColor; padding-bottom: 5px; margin-top: 0; color: inherit; opacity: 0.8;'>Caracter\u00edsticas principales<\/h3>\n<ul style='padding-left: 20px; font-size: 15px; color: inherit; list-style-type: disc;'>\n<li style='margin-bottom: 5px;'>Fabricado en aleaci\u00f3n de aluminio superficie tratada con spray.<\/li>\n<li style='margin-bottom: 5px;'>Dise\u00f1ado con orificio para la entrada del cable<\/li>\n<li style='margin-bottom: 5px;'>F\u00e1cil instalaci\u00f3n.<\/li>\n<li style='margin-bottom: 5px;'>Garant\u00eda de 2 a\u00f1os.<\/li>\n<\/ul><\/div>\n<div style='flex: 1 1 300px; min-width: 280px;'>\n<h3 style='font-size: 22px; border-bottom: 2px solid currentColor; padding-bottom: 5px; margin-top: 0; color: inherit; opacity: 0.8;'>Par\u00e1metros<\/h3>\n<ul style='padding-left: 20px; font-size: 15px; color: inherit; list-style-type: disc;'>\n<li style='margin-bottom: 5px;'><strong>Color:<\/strong> Blanco<\/li>\n<li style='margin-bottom: 5px;'><strong>Material:<\/strong> Aleaci\u00f3n de aluminio.<\/li>\n<li style='margin-bottom: 5px;'><strong>Dimensiones:<\/strong> 132 x 183.5 x 228.5mm<\/li>\n<li style='margin-bottom: 5px;'><strong>Peso:<\/strong> 690g<\/li>\n<\/ul><\/div>\n<\/p><\/div>\n<div style='margin: 30px 0;'>\n<h3 style='font-size: 22px; border-bottom: 2px solid currentColor; padding-bottom: 5px; margin-top: 0; color: inherit; opacity: 0.8;'>Compatibilidad de c\u00e1maras<\/h3>\n<div style='display: grid; grid-template-columns: repeat(auto-fill&comma; minmax(200px&comma; 1fr)); gap: 15px; margin-top: 15px;'>\n<div style='border: 1px solid rgba(150&comma; 150&comma; 150&comma; 0.4); border-radius: 8px; padding: 10px; background-color: rgba(255&comma;255&comma;255&comma;0.02);'> <a style='color: inherit; text-decoration: none; font-weight: 600; font-size: 14px;' href='https:\/\/www.syscom.mx\/principal\/searchcont?route=DS-2CD4332FWD-I-HIKVISION-71358&#038;autodetect=DS2CD4332FWDI'>DS-2CD4332FWD-I<\/a> <\/div>\n<div style='border: 1px solid rgba(150&comma; 150&comma; 150&comma; 0.4); border-radius: 8px; padding: 10px; background-color: rgba(255&comma;255&comma;255&comma;0.02);'> <a style='color: inherit; text-decoration: none; font-weight: 600; font-size: 14px;' href='https:\/\/www.syscom.mx\/principal\/searchcont?route=DS-2CE56H0T-VPIT3ZF-HIKVISION-159928&#038;autodetect=DS2CE56H0TVPIT3'>DS-2CE56H0T-VPIT3ZF<\/a> <\/div>\n<div style='border: 1px solid rgba(150&comma; 150&comma; 150&comma; 0.4); border-radius: 8px; padding: 10px; background-color: rgba(255&comma;255&comma;255&comma;0.02);'> <a style='color: inherit; text-decoration: none; font-weight: 600; font-size: 14px;' href='https:\/\/www.syscom.mx\/principal\/searchcont?route=D50-TURBO-ZW-EPCOM-157682&#038;autodetect=DS2CE56H0TVPIT3'>D50-TURBO-ZW<\/a> <\/div>\n<div style='border: 1px solid rgba(150&comma; 150&comma; 150&comma; 0.4); border-radius: 8px; padding: 10px; background-color: rgba(255&comma;255&comma;255&comma;0.02);'> <a style='color: inherit; text-decoration: none; font-weight: 600; font-size: 14px;' href='https:\/\/www.syscom.mx\/principal\/searchcont?route=DS-2CE56F7T-VPIT3Z-HIKVISION-87389&#038;autodetect=DS2CE56F7TVPIT3Z'>DS-2CE56F7T-VPIT3Z<\/a> <\/div>\n<div style='border: 1px solid rgba(150&comma; 150&comma; 150&comma; 0.4); border-radius: 8px; padding: 10px; background-color: rgba(255&comma;255&comma;255&comma;0.02);'> <a style='color: inherit; text-decoration: none; font-weight: 600; font-size: 14px;' href='https:\/\/www.syscom.mx\/principal\/searchcont?route=DS-2CD2723G0-IZS-HIKVISION-143091&#038;autodetect=ds2cd2723'>DS-2CD2723G0-IZS<\/a> <\/div>\n<div style='border: 1px solid rgba(150&comma; 150&comma; 150&comma; 0.4); border-radius: 8px; padding: 10px; background-color: rgba(255&comma;255&comma;255&comma;0.02);'> <a style='color: inherit; text-decoration: none; font-weight: 600; font-size: 14px;' href='https:\/\/www.syscom.mx\/principal\/searchcont?route=DS-2CD2743G0-IZS-HIKVISION-143099&#038;autodetect=ds2cd2743'>DS-2CD2743G0-IZS<\/a> <\/div>\n<div style='border: 1px solid rgba(150&comma; 150&comma; 150&comma; 0.4); border-radius: 8px; padding: 10px; background-color: rgba(255&comma;255&comma;255&comma;0.02);'> <a style='color: inherit; text-decoration: none; font-weight: 600; font-size: 14px;' href='https:\/\/www.syscom.mx\/principal\/searchcont?route=DS-2CD2763G0-IZS-HIKVISION-153614&#038;autodetect=ds2cd2743'>DS-2CD2763G0-IZS<\/a> <\/div>\n<div style='border: 1px solid rgba(150&comma; 150&comma; 150&comma; 0.4); border-radius: 8px; padding: 10px; background-color: rgba(255&comma;255&comma;255&comma;0.02);'> <a style='color: inherit; text-decoration: none; font-weight: 600; font-size: 14px;' href='https:\/\/www.syscom.mx\/principal\/searchcont?route=DS-2CD2783G0-IZS-HIKVISION-153615&#038;autodetect=ds2cd2743'>DS-2CD2783G0-IZS<\/a> <\/div>\n<div style='border: 1px solid rgba(150&comma; 150&comma; 150&comma; 0.4); border-radius: 8px; padding: 10px; background-color: rgba(255&comma;255&comma;255&comma;0.02);'> <a style='color: inherit; text-decoration: none; font-weight: 600; font-size: 14px;' href='https:\/\/www.syscom.mx\/principal\/searchcont?route=DS-2CD2725FWD-IZS-HIKVISION-151296&#038;autodetect=ds2cd2725'>DS-2CD2725FWD-IZS<\/a> <\/div>\n<div style='border: 1px solid rgba(150&comma; 150&comma; 150&comma; 0.4); border-radius: 8px; padding: 10px; background-color: rgba(255&comma;255&comma;255&comma;0.02);'> <a style='color: inherit; text-decoration: none; font-weight: 600; font-size: 14px;' href='https:\/\/www.syscom.mx\/principal\/searchcont?route=DS-2CD2755FWD-IZS-HIKVISION-95624&#038;autodetect=ds2cd2755'>DS-2CD2755FWD-IZS<\/a> <\/div>\n<div style='border: 1px solid rgba(150&comma; 150&comma; 150&comma; 0.4); border-radius: 8px; padding: 10px; background-color: rgba(255&comma;255&comma;255&comma;0.02);'> <a style='color: inherit; text-decoration: none; font-weight: 600; font-size: 14px;' href='https:\/\/www.syscom.mx\/principal\/searchcont?route=DS-2CD2785FWD-IZS-HIKVISION-95683&#038;autodetect=ds2cd2785'>DS-2CD2785FWD-IZS<\/a> <\/div>\n<\/p><\/div>\n<\/p><\/div>\n<\/p><\/div>\n","protected":false},"excerpt":{"rendered":"<p>Montaje de pared para Domos DS-2CE56H0T-VPIT3ZF \/ DS-2CD27X3 \/ DS-2CD27X5 \/ DS-2CD4332FWD-I \/ Material de Metal \/ Uso en Interior<\/p>\n","protected":false},"featured_media":109469,"comment_status":"open","ping_status":"closed","template":"","meta":[],"product_brand":[],"product_cat":[416],"product_tag":[417,54,418],"class_list":{"0":"post-109470","1":"product","2":"type-product","3":"status-publish","4":"has-post-thumbnail","6":"product_cat-montajes-y-brackets-para-camaras","7":"product_tag-accesorios-generales","8":"product_tag-hikvision","9":"product_tag-montajes-y-brackets-para-camaras","11":"first","12":"instock","13":"sale","14":"shipping-taxable","15":"purchasable","16":"product-type-simple"},"_links":{"self":[{"href":"https:\/\/soydeaqui.ddns.net\/pachuca\/index.php\/wp-json\/wp\/v2\/product\/109470","targetHints":{"allow":["GET"]}}],"collection":[{"href":"https:\/\/soydeaqui.ddns.net\/pachuca\/index.php\/wp-json\/wp\/v2\/product"}],"about":[{"href":"https:\/\/soydeaqui.ddns.net\/pachuca\/index.php\/wp-json\/wp\/v2\/types\/product"}],"replies":[{"embeddable":true,"href":"https:\/\/soydeaqui.ddns.net\/pachuca\/index.php\/wp-json\/wp\/v2\/comments?post=109470"}],"wp:featuredmedia":[{"embeddable":true,"href":"https:\/\/soydeaqui.ddns.net\/pachuca\/index.php\/wp-json\/wp\/v2\/media\/109469"}],"wp:attachment":[{"href":"https:\/\/soydeaqui.ddns.net\/pachuca\/index.php\/wp-json\/wp\/v2\/media?parent=109470"}],"wp:term":[{"taxonomy":"product_brand","embeddable":true,"href":"https:\/\/soydeaqui.ddns.net\/pachuca\/index.php\/wp-json\/wp\/v2\/product_brand?post=109470"},{"taxonomy":"product_cat","embeddable":true,"href":"https:\/\/soydeaqui.ddns.net\/pachuca\/index.php\/wp-json\/wp\/v2\/product_cat?post=109470"},{"taxonomy":"product_tag","embeddable":true,"href":"https:\/\/soydeaqui.ddns.net\/pachuca\/index.php\/wp-json\/wp\/v2\/product_tag?post=109470"}],"curies":[{"name":"wp","href":"https:\/\/api.w.org\/{rel}","templated":true}]}}